{"id":793,"date":"2026-01-19T13:53:09","date_gmt":"2026-01-19T13:53:09","guid":{"rendered":"https:\/\/sportac.cl\/?post_type=product&#038;p=793"},"modified":"2026-03-03T18:45:25","modified_gmt":"2026-03-03T18:45:25","slug":"senielo-yokozuna-heavy-killer-36gr-106mm","status":"publish","type":"product","link":"https:\/\/sportac.cl\/index.php\/producto\/senielo-yokozuna-heavy-killer-36gr-106mm\/","title":{"rendered":"Se\u00f1ielo Yokozuna HEAVY KILLER 36gr 106mm"},"content":{"rendered":"<h5>Se\u00f1uelo\u00a0Yokozuna Heavy Killer\u00a0hundido de gran peso espec\u00edfico y babero potente. Pez artificial perfecto para\u00a0pescar a spinning desde las rocas\u00a0y a\u00a0curric\u00e1n desde barco\u00a0o kayak ya que su agarre al agua es muy fuerte. Este pez es ideal cuando los peces est\u00e1n activos, en plenas\u00a0pajareras. En recogidas r\u00e1pidas su marcado bamboleo incluir\u00e1 repentinos derrapes de descarga de presi\u00f3n enloqueciendo a los\u00a0depredadores.<\/h5>\n","protected":false},"excerpt":{"rendered":"<p>Se\u00f1uelo\u00a0Yokozuna Heavy Killer\u00a0hundido de gran peso espec\u00edfico y babero potente. Pez artificial perfecto para\u00a0pescar a spinning desde las rocas\u00a0y a\u00a0curric\u00e1n desde barco\u00a0o kayak ya que su agarre al agua es muy fuerte. Este pez es ideal cuando los peces est\u00e1n activos, en plenas\u00a0pajareras. En recogidas r\u00e1pidas su marcado bamboleo incluir\u00e1 repentinos derrapes de descarga de [&hellip;]<\/p>\n","protected":false},"featured_media":794,"comment_status":"open","ping_status":"closed","template":"","meta":[],"product_brand":[],"product_cat":[24,78],"product_tag":[239,188,184,238],"class_list":{"0":"post-793","1":"product","2":"type-product","3":"status-publish","4":"has-post-thumbnail","6":"product_cat-equipos-de-pesca","7":"product_cat-senuelos","8":"product_tag-heavy-killer-senuelo","9":"product_tag-pesca-con-senuelos","10":"product_tag-senuelo-de-pesca","11":"product_tag-yokozuna","13":"first","14":"instock","15":"taxable","16":"shipping-taxable","17":"purchasable","18":"product-type-simple"},"yoast_head":"<!-- This site is optimized with the Yoast SEO plugin v26.1.1 - https:\/\/yoast.com\/wordpress\/plugins\/seo\/ -->\n<title>Se\u00f1ielo Yokozuna HEAVY KILLER 36gr 106mm - Sportac.cl<\/title>\n<meta name=\"description\" content=\"Se\u00f1ielo Yokozuna HEAVY KILLER 36gr 106mm Se\u00f1uelo\u00a0Yokozuna Heavy Killer\u00a0hundido de gran peso espec\u00edfico y babero potente. Pez artificial perfecto para\u00a0pescar\" \/>\n<meta name=\"robots\" content=\"index, follow, max-snippet:-1, max-image-preview:large, max-video-preview:-1\" \/>\n<link rel=\"canonical\" href=\"https:\/\/sportac.cl\/index.php\/producto\/senielo-yokozuna-heavy-killer-36gr-106mm\/\" \/>\n<meta property=\"og:locale\" content=\"es_ES\" \/>\n<meta property=\"og:type\" content=\"article\" \/>\n<meta property=\"og:title\" content=\"Se\u00f1ielo Yokozuna HEAVY KILLER 36gr 106mm - Sportac.cl\" \/>\n<meta property=\"og:description\" content=\"Se\u00f1ielo Yokozuna HEAVY KILLER 36gr 106mm Se\u00f1uelo\u00a0Yokozuna Heavy Killer\u00a0hundido de gran peso espec\u00edfico y babero potente. Pez artificial perfecto para\u00a0pescar\" \/>\n<meta property=\"og:url\" content=\"https:\/\/sportac.cl\/index.php\/producto\/senielo-yokozuna-heavy-killer-36gr-106mm\/\" \/>\n<meta property=\"og:site_name\" content=\"Sportac.cl\" \/>\n<meta property=\"article:publisher\" content=\"https:\/\/www.facebook.com\/profile.php?id=100064005011199&amp;locale=bn_IN#\" \/>\n<meta property=\"article:modified_time\" content=\"2026-03-03T18:45:25+00:00\" \/>\n<meta property=\"og:image\" content=\"https:\/\/sportac.cl\/wp-content\/uploads\/2026\/01\/senuelo-heavy-killer-yokozuna-mercado-libre.jpg\" \/>\n\t<meta property=\"og:image:width\" content=\"1082\" \/>\n\t<meta property=\"og:image:height\" content=\"1082\" \/>\n\t<meta property=\"og:image:type\" content=\"image\/jpeg\" \/>\n<meta name=\"twitter:card\" content=\"summary_large_image\" \/>\n<meta name=\"twitter:label1\" content=\"Tiempo de lectura\" \/>\n\t<meta name=\"twitter:data1\" content=\"1 minuto\" \/>\n<script type=\"application\/ld+json\" class=\"yoast-schema-graph\">{\"@context\":\"https:\/\/schema.org\",\"@graph\":[{\"@type\":\"WebPage\",\"@id\":\"https:\/\/sportac.cl\/index.php\/producto\/senielo-yokozuna-heavy-killer-36gr-106mm\/\",\"url\":\"https:\/\/sportac.cl\/index.php\/producto\/senielo-yokozuna-heavy-killer-36gr-106mm\/\",\"name\":\"Se\u00f1ielo Yokozuna HEAVY KILLER 36gr 106mm - Sportac.cl\",\"isPartOf\":{\"@id\":\"https:\/\/sportac.cl\/#website\"},\"primaryImageOfPage\":{\"@id\":\"https:\/\/sportac.cl\/index.php\/producto\/senielo-yokozuna-heavy-killer-36gr-106mm\/#primaryimage\"},\"image\":{\"@id\":\"https:\/\/sportac.cl\/index.php\/producto\/senielo-yokozuna-heavy-killer-36gr-106mm\/#primaryimage\"},\"thumbnailUrl\":\"https:\/\/sportac.cl\/wp-content\/uploads\/2026\/01\/senuelo-heavy-killer-yokozuna-mercado-libre.jpg\",\"datePublished\":\"2026-01-19T13:53:09+00:00\",\"dateModified\":\"2026-03-03T18:45:25+00:00\",\"description\":\"Se\u00f1ielo Yokozuna HEAVY KILLER 36gr 106mm Se\u00f1uelo\u00a0Yokozuna Heavy Killer\u00a0hundido de gran peso espec\u00edfico y babero potente. Pez artificial perfecto para\u00a0pescar\",\"breadcrumb\":{\"@id\":\"https:\/\/sportac.cl\/index.php\/producto\/senielo-yokozuna-heavy-killer-36gr-106mm\/#breadcrumb\"},\"inLanguage\":\"es\",\"potentialAction\":[{\"@type\":\"ReadAction\",\"target\":[\"https:\/\/sportac.cl\/index.php\/producto\/senielo-yokozuna-heavy-killer-36gr-106mm\/\"]}]},{\"@type\":\"ImageObject\",\"inLanguage\":\"es\",\"@id\":\"https:\/\/sportac.cl\/index.php\/producto\/senielo-yokozuna-heavy-killer-36gr-106mm\/#primaryimage\",\"url\":\"https:\/\/sportac.cl\/wp-content\/uploads\/2026\/01\/senuelo-heavy-killer-yokozuna-mercado-libre.jpg\",\"contentUrl\":\"https:\/\/sportac.cl\/wp-content\/uploads\/2026\/01\/senuelo-heavy-killer-yokozuna-mercado-libre.jpg\",\"width\":1082,\"height\":1082},{\"@type\":\"BreadcrumbList\",\"@id\":\"https:\/\/sportac.cl\/index.php\/producto\/senielo-yokozuna-heavy-killer-36gr-106mm\/#breadcrumb\",\"itemListElement\":[{\"@type\":\"ListItem\",\"position\":1,\"name\":\"Portada\",\"item\":\"https:\/\/sportac.cl\/index.php\/home\/\"},{\"@type\":\"ListItem\",\"position\":2,\"name\":\"Tienda\",\"item\":\"https:\/\/sportac.cl\/index.php\/tienda\/\"},{\"@type\":\"ListItem\",\"position\":3,\"name\":\"Se\u00f1ielo Yokozuna HEAVY KILLER 36gr 106mm\"}]},{\"@type\":\"WebSite\",\"@id\":\"https:\/\/sportac.cl\/#website\",\"url\":\"https:\/\/sportac.cl\/\",\"name\":\"Sportac Linternas Caza y Pesca Camping\",\"description\":\"Sportac.cl, tienda dedicada a venta de linternas profesionales y de alta calidad orientadas a deporte, industria y aplicaciones t\u00e1cticas Caza y Pesca\",\"publisher\":{\"@id\":\"https:\/\/sportac.cl\/#organization\"},\"alternateName\":\"Tienda de Equipos - Linternas - Caza - Pesca - Camping\",\"potentialAction\":[{\"@type\":\"SearchAction\",\"target\":{\"@type\":\"EntryPoint\",\"urlTemplate\":\"https:\/\/sportac.cl\/?s={search_term_string}\"},\"query-input\":{\"@type\":\"PropertyValueSpecification\",\"valueRequired\":true,\"valueName\":\"search_term_string\"}}],\"inLanguage\":\"es\"},{\"@type\":\"Organization\",\"@id\":\"https:\/\/sportac.cl\/#organization\",\"name\":\"Sportac Tienda de Equipos de Caza y Pesca\",\"alternateName\":\"Fenixligth, Fenix, linternas tacticas, led, iluminacion, mineria, Sportac, linternas Fenix, linterna C7, linterna HM71R, Linterna TK20R, iluminacion industrial, lantern,\u00a0flashlight Rifle pcp, Beeman, Glock, umarex, pistola traumatica, rifle nitropiston, pistola balines,\u00a0postones,\u00a0co2\",\"url\":\"https:\/\/sportac.cl\/\",\"logo\":{\"@type\":\"ImageObject\",\"inLanguage\":\"es\",\"@id\":\"https:\/\/sportac.cl\/#\/schema\/logo\/image\/\",\"url\":\"https:\/\/sportac.cl\/wp-content\/uploads\/2025\/10\/cropped-Logo-Sportac-_-blanco.png\",\"contentUrl\":\"https:\/\/sportac.cl\/wp-content\/uploads\/2025\/10\/cropped-Logo-Sportac-_-blanco.png\",\"width\":240,\"height\":259,\"caption\":\"Sportac Tienda de Equipos de Caza y Pesca\"},\"image\":{\"@id\":\"https:\/\/sportac.cl\/#\/schema\/logo\/image\/\"},\"sameAs\":[\"https:\/\/www.facebook.com\/profile.php?id=100064005011199&locale=bn_IN#\",\"https:\/\/www.instagram.com\/sportac_fenix?igsh=cXBnb25jMzdwYzIw\",\"https:\/\/www.tiktok.com\/@sportac73?_t=ZM-90r8HiYyUNk&_r=1\"]}]}<\/script>\n<!-- \/ Yoast SEO plugin. -->","yoast_head_json":{"title":"Se\u00f1ielo Yokozuna HEAVY KILLER 36gr 106mm - Sportac.cl","description":"Se\u00f1ielo Yokozuna HEAVY KILLER 36gr 106mm Se\u00f1uelo\u00a0Yokozuna Heavy Killer\u00a0hundido de gran peso espec\u00edfico y babero potente. Pez artificial perfecto para\u00a0pescar","robots":{"index":"index","follow":"follow","max-snippet":"max-snippet:-1","max-image-preview":"max-image-preview:large","max-video-preview":"max-video-preview:-1"},"canonical":"https:\/\/sportac.cl\/index.php\/producto\/senielo-yokozuna-heavy-killer-36gr-106mm\/","og_locale":"es_ES","og_type":"article","og_title":"Se\u00f1ielo Yokozuna HEAVY KILLER 36gr 106mm - Sportac.cl","og_description":"Se\u00f1ielo Yokozuna HEAVY KILLER 36gr 106mm Se\u00f1uelo\u00a0Yokozuna Heavy Killer\u00a0hundido de gran peso espec\u00edfico y babero potente. Pez artificial perfecto para\u00a0pescar","og_url":"https:\/\/sportac.cl\/index.php\/producto\/senielo-yokozuna-heavy-killer-36gr-106mm\/","og_site_name":"Sportac.cl","article_publisher":"https:\/\/www.facebook.com\/profile.php?id=100064005011199&locale=bn_IN#","article_modified_time":"2026-03-03T18:45:25+00:00","og_image":[{"width":1082,"height":1082,"url":"https:\/\/sportac.cl\/wp-content\/uploads\/2026\/01\/senuelo-heavy-killer-yokozuna-mercado-libre.jpg","type":"image\/jpeg"}],"twitter_card":"summary_large_image","twitter_misc":{"Tiempo de lectura":"1 minuto"},"schema":{"@context":"https:\/\/schema.org","@graph":[{"@type":"WebPage","@id":"https:\/\/sportac.cl\/index.php\/producto\/senielo-yokozuna-heavy-killer-36gr-106mm\/","url":"https:\/\/sportac.cl\/index.php\/producto\/senielo-yokozuna-heavy-killer-36gr-106mm\/","name":"Se\u00f1ielo Yokozuna HEAVY KILLER 36gr 106mm - Sportac.cl","isPartOf":{"@id":"https:\/\/sportac.cl\/#website"},"primaryImageOfPage":{"@id":"https:\/\/sportac.cl\/index.php\/producto\/senielo-yokozuna-heavy-killer-36gr-106mm\/#primaryimage"},"image":{"@id":"https:\/\/sportac.cl\/index.php\/producto\/senielo-yokozuna-heavy-killer-36gr-106mm\/#primaryimage"},"thumbnailUrl":"https:\/\/sportac.cl\/wp-content\/uploads\/2026\/01\/senuelo-heavy-killer-yokozuna-mercado-libre.jpg","datePublished":"2026-01-19T13:53:09+00:00","dateModified":"2026-03-03T18:45:25+00:00","description":"Se\u00f1ielo Yokozuna HEAVY KILLER 36gr 106mm Se\u00f1uelo\u00a0Yokozuna Heavy Killer\u00a0hundido de gran peso espec\u00edfico y babero potente. Pez artificial perfecto para\u00a0pescar","breadcrumb":{"@id":"https:\/\/sportac.cl\/index.php\/producto\/senielo-yokozuna-heavy-killer-36gr-106mm\/#breadcrumb"},"inLanguage":"es","potentialAction":[{"@type":"ReadAction","target":["https:\/\/sportac.cl\/index.php\/producto\/senielo-yokozuna-heavy-killer-36gr-106mm\/"]}]},{"@type":"ImageObject","inLanguage":"es","@id":"https:\/\/sportac.cl\/index.php\/producto\/senielo-yokozuna-heavy-killer-36gr-106mm\/#primaryimage","url":"https:\/\/sportac.cl\/wp-content\/uploads\/2026\/01\/senuelo-heavy-killer-yokozuna-mercado-libre.jpg","contentUrl":"https:\/\/sportac.cl\/wp-content\/uploads\/2026\/01\/senuelo-heavy-killer-yokozuna-mercado-libre.jpg","width":1082,"height":1082},{"@type":"BreadcrumbList","@id":"https:\/\/sportac.cl\/index.php\/producto\/senielo-yokozuna-heavy-killer-36gr-106mm\/#breadcrumb","itemListElement":[{"@type":"ListItem","position":1,"name":"Portada","item":"https:\/\/sportac.cl\/index.php\/home\/"},{"@type":"ListItem","position":2,"name":"Tienda","item":"https:\/\/sportac.cl\/index.php\/tienda\/"},{"@type":"ListItem","position":3,"name":"Se\u00f1ielo Yokozuna HEAVY KILLER 36gr 106mm"}]},{"@type":"WebSite","@id":"https:\/\/sportac.cl\/#website","url":"https:\/\/sportac.cl\/","name":"Sportac Linternas Caza y Pesca Camping","description":"Sportac.cl, tienda dedicada a venta de linternas profesionales y de alta calidad orientadas a deporte, industria y aplicaciones t\u00e1cticas Caza y Pesca","publisher":{"@id":"https:\/\/sportac.cl\/#organization"},"alternateName":"Tienda de Equipos - Linternas - Caza - Pesca - Camping","potentialAction":[{"@type":"SearchAction","target":{"@type":"EntryPoint","urlTemplate":"https:\/\/sportac.cl\/?s={search_term_string}"},"query-input":{"@type":"PropertyValueSpecification","valueRequired":true,"valueName":"search_term_string"}}],"inLanguage":"es"},{"@type":"Organization","@id":"https:\/\/sportac.cl\/#organization","name":"Sportac Tienda de Equipos de Caza y Pesca","alternateName":"Fenixligth, Fenix, linternas tacticas, led, iluminacion, mineria, Sportac, linternas Fenix, linterna C7, linterna HM71R, Linterna TK20R, iluminacion industrial, lantern,\u00a0flashlight Rifle pcp, Beeman, Glock, umarex, pistola traumatica, rifle nitropiston, pistola balines,\u00a0postones,\u00a0co2","url":"https:\/\/sportac.cl\/","logo":{"@type":"ImageObject","inLanguage":"es","@id":"https:\/\/sportac.cl\/#\/schema\/logo\/image\/","url":"https:\/\/sportac.cl\/wp-content\/uploads\/2025\/10\/cropped-Logo-Sportac-_-blanco.png","contentUrl":"https:\/\/sportac.cl\/wp-content\/uploads\/2025\/10\/cropped-Logo-Sportac-_-blanco.png","width":240,"height":259,"caption":"Sportac Tienda de Equipos de Caza y Pesca"},"image":{"@id":"https:\/\/sportac.cl\/#\/schema\/logo\/image\/"},"sameAs":["https:\/\/www.facebook.com\/profile.php?id=100064005011199&locale=bn_IN#","https:\/\/www.instagram.com\/sportac_fenix?igsh=cXBnb25jMzdwYzIw","https:\/\/www.tiktok.com\/@sportac73?_t=ZM-90r8HiYyUNk&_r=1"]}]}},"_links":{"self":[{"href":"https:\/\/sportac.cl\/index.php\/wp-json\/wp\/v2\/product\/793","targetHints":{"allow":["GET"]}}],"collection":[{"href":"https:\/\/sportac.cl\/index.php\/wp-json\/wp\/v2\/product"}],"about":[{"href":"https:\/\/sportac.cl\/index.php\/wp-json\/wp\/v2\/types\/product"}],"replies":[{"embeddable":true,"href":"https:\/\/sportac.cl\/index.php\/wp-json\/wp\/v2\/comments?post=793"}],"version-history":[{"count":2,"href":"https:\/\/sportac.cl\/index.php\/wp-json\/wp\/v2\/product\/793\/revisions"}],"predecessor-version":[{"id":796,"href":"https:\/\/sportac.cl\/index.php\/wp-json\/wp\/v2\/product\/793\/revisions\/796"}],"wp:featuredmedia":[{"embeddable":true,"href":"https:\/\/sportac.cl\/index.php\/wp-json\/wp\/v2\/media\/794"}],"wp:attachment":[{"href":"https:\/\/sportac.cl\/index.php\/wp-json\/wp\/v2\/media?parent=793"}],"wp:term":[{"taxonomy":"product_brand","embeddable":true,"href":"https:\/\/sportac.cl\/index.php\/wp-json\/wp\/v2\/product_brand?post=793"},{"taxonomy":"product_cat","embeddable":true,"href":"https:\/\/sportac.cl\/index.php\/wp-json\/wp\/v2\/product_cat?post=793"},{"taxonomy":"product_tag","embeddable":true,"href":"https:\/\/sportac.cl\/index.php\/wp-json\/wp\/v2\/product_tag?post=793"}],"curies":[{"name":"wp","href":"https:\/\/api.w.org\/{rel}","templated":true}]}}