{"id":751,"date":"2026-01-13T12:33:51","date_gmt":"2026-01-13T12:33:51","guid":{"rendered":"https:\/\/sportac.cl\/?post_type=product&#038;p=751"},"modified":"2026-01-13T13:20:51","modified_gmt":"2026-01-13T13:20:51","slug":"mira-discoveryopt-telescopica-ms-3-9x50ir","status":"publish","type":"product","link":"https:\/\/sportac.cl\/index.php\/producto\/mira-discoveryopt-telescopica-ms-3-9x50ir\/","title":{"rendered":"MIRA TELESC\u00d3PICA DISCOVERYOPT MS 3-9X50IR"},"content":{"rendered":"<p>Aumento: 3-9X<br \/>\nDi\u00e1metro del objetivo: 50 mm<br \/>\nDi\u00e1metro del tubo: 25.4 mm (1 pulgada)<br \/>\nLongitud: 313 mm (12.3 pulgadas)<br \/>\nPeso: 450 g (15.9 oz)<\/p>\n<p>Plano focal: Segundo plano focal<br \/>\nIluminaci\u00f3n: S\u00ed<br \/>\nValor de ajuste por clic: 1\/4 MOA<br \/>\nRango de ajuste en elevaci\u00f3n: 70 MOA<br \/>\nRango de ajuste en deriva (viento): 70 MOA<\/p>\n<p>Recubrimiento: Lentes completamente multi-revestidas<br \/>\nRelleno de nitr\u00f3geno: S\u00ed<br \/>\nA prueba de golpes: S\u00ed<br \/>\nImpermeable: S\u00ed<br \/>\nA prueba de niebla: S\u00ed<\/p>\n","protected":false},"excerpt":{"rendered":"<p>Aumento: 3-9X Di\u00e1metro del objetivo: 50 mm Di\u00e1metro del tubo: 25.4 mm (1 pulgada) Longitud: 313 mm (12.3 pulgadas) Peso: 450 g (15.9 oz) Plano focal: Segundo plano focal Iluminaci\u00f3n: S\u00ed Valor de ajuste por clic: 1\/4 MOA Rango de ajuste en elevaci\u00f3n: 70 MOA Rango de ajuste en deriva (viento): 70 MOA Recubrimiento: Lentes [&hellip;]<\/p>\n","protected":false},"featured_media":752,"comment_status":"open","ping_status":"closed","template":"","meta":[],"product_brand":[],"product_cat":[94,20],"product_tag":[228,229,227],"class_list":{"0":"post-751","1":"product","2":"type-product","3":"status-publish","4":"has-post-thumbnail","6":"product_cat-mirasdiscoveryopt","7":"product_cat-optica","8":"product_tag-mira","9":"product_tag-mira-discoveryopt","10":"product_tag-mira-telescopica","12":"first","13":"instock","14":"taxable","15":"shipping-taxable","16":"purchasable","17":"product-type-simple"},"yoast_head":"<!-- This site is optimized with the Yoast SEO plugin v26.1.1 - https:\/\/yoast.com\/wordpress\/plugins\/seo\/ -->\n<title>MIRA TELESC\u00d3PICA DISCOVERYOPT MS 3-9X50IR - Sportac.cl<\/title>\n<meta name=\"description\" content=\"MIRA TELESC\u00d3PICA DISCOVERYOPT MS 3-9X50IR Aumento: 3-9XDi\u00e1metro del objetivo: 50 mmDi\u00e1metro del tubo: 25.4 mm (1 pulgada)Longitud: 313 mm (12.3 pulgadas).\" \/>\n<meta name=\"robots\" content=\"index, follow, max-snippet:-1, max-image-preview:large, max-video-preview:-1\" \/>\n<link rel=\"canonical\" href=\"https:\/\/sportac.cl\/index.php\/producto\/mira-discoveryopt-telescopica-ms-3-9x50ir\/\" \/>\n<meta property=\"og:locale\" content=\"es_ES\" \/>\n<meta property=\"og:type\" content=\"article\" \/>\n<meta property=\"og:title\" content=\"MIRA TELESC\u00d3PICA DISCOVERYOPT MS 3-9X50IR - Sportac.cl\" \/>\n<meta property=\"og:description\" content=\"MIRA TELESC\u00d3PICA DISCOVERYOPT MS 3-9X50IR Aumento: 3-9XDi\u00e1metro del objetivo: 50 mmDi\u00e1metro del tubo: 25.4 mm (1 pulgada)Longitud: 313 mm (12.3 pulgadas).\" \/>\n<meta property=\"og:url\" content=\"https:\/\/sportac.cl\/index.php\/producto\/mira-discoveryopt-telescopica-ms-3-9x50ir\/\" \/>\n<meta property=\"og:site_name\" content=\"Sportac.cl\" \/>\n<meta property=\"article:publisher\" content=\"https:\/\/www.facebook.com\/profile.php?id=100064005011199&amp;locale=bn_IN#\" \/>\n<meta property=\"article:modified_time\" content=\"2026-01-13T13:20:51+00:00\" \/>\n<meta property=\"og:image\" content=\"https:\/\/sportac.cl\/wp-content\/uploads\/2026\/01\/mira-discoveryopt.jpg\" \/>\n\t<meta property=\"og:image:width\" content=\"1082\" \/>\n\t<meta property=\"og:image:height\" content=\"1082\" \/>\n\t<meta property=\"og:image:type\" content=\"image\/jpeg\" \/>\n<meta name=\"twitter:card\" content=\"summary_large_image\" \/>\n<meta name=\"twitter:label1\" content=\"Tiempo de lectura\" \/>\n\t<meta name=\"twitter:data1\" content=\"1 minuto\" \/>\n<script type=\"application\/ld+json\" class=\"yoast-schema-graph\">{\"@context\":\"https:\/\/schema.org\",\"@graph\":[{\"@type\":\"WebPage\",\"@id\":\"https:\/\/sportac.cl\/index.php\/producto\/mira-discoveryopt-telescopica-ms-3-9x50ir\/\",\"url\":\"https:\/\/sportac.cl\/index.php\/producto\/mira-discoveryopt-telescopica-ms-3-9x50ir\/\",\"name\":\"MIRA TELESC\u00d3PICA DISCOVERYOPT MS 3-9X50IR - Sportac.cl\",\"isPartOf\":{\"@id\":\"https:\/\/sportac.cl\/#website\"},\"primaryImageOfPage\":{\"@id\":\"https:\/\/sportac.cl\/index.php\/producto\/mira-discoveryopt-telescopica-ms-3-9x50ir\/#primaryimage\"},\"image\":{\"@id\":\"https:\/\/sportac.cl\/index.php\/producto\/mira-discoveryopt-telescopica-ms-3-9x50ir\/#primaryimage\"},\"thumbnailUrl\":\"https:\/\/sportac.cl\/wp-content\/uploads\/2026\/01\/mira-discoveryopt.jpg\",\"datePublished\":\"2026-01-13T12:33:51+00:00\",\"dateModified\":\"2026-01-13T13:20:51+00:00\",\"description\":\"MIRA TELESC\u00d3PICA DISCOVERYOPT MS 3-9X50IR Aumento: 3-9XDi\u00e1metro del objetivo: 50 mmDi\u00e1metro del tubo: 25.4 mm (1 pulgada)Longitud: 313 mm (12.3 pulgadas).\",\"breadcrumb\":{\"@id\":\"https:\/\/sportac.cl\/index.php\/producto\/mira-discoveryopt-telescopica-ms-3-9x50ir\/#breadcrumb\"},\"inLanguage\":\"es\",\"potentialAction\":[{\"@type\":\"ReadAction\",\"target\":[\"https:\/\/sportac.cl\/index.php\/producto\/mira-discoveryopt-telescopica-ms-3-9x50ir\/\"]}]},{\"@type\":\"ImageObject\",\"inLanguage\":\"es\",\"@id\":\"https:\/\/sportac.cl\/index.php\/producto\/mira-discoveryopt-telescopica-ms-3-9x50ir\/#primaryimage\",\"url\":\"https:\/\/sportac.cl\/wp-content\/uploads\/2026\/01\/mira-discoveryopt.jpg\",\"contentUrl\":\"https:\/\/sportac.cl\/wp-content\/uploads\/2026\/01\/mira-discoveryopt.jpg\",\"width\":1082,\"height\":1082},{\"@type\":\"BreadcrumbList\",\"@id\":\"https:\/\/sportac.cl\/index.php\/producto\/mira-discoveryopt-telescopica-ms-3-9x50ir\/#breadcrumb\",\"itemListElement\":[{\"@type\":\"ListItem\",\"position\":1,\"name\":\"Portada\",\"item\":\"https:\/\/sportac.cl\/index.php\/home\/\"},{\"@type\":\"ListItem\",\"position\":2,\"name\":\"Tienda\",\"item\":\"https:\/\/sportac.cl\/index.php\/tienda\/\"},{\"@type\":\"ListItem\",\"position\":3,\"name\":\"MIRA TELESC\u00d3PICA DISCOVERYOPT MS 3-9X50IR\"}]},{\"@type\":\"WebSite\",\"@id\":\"https:\/\/sportac.cl\/#website\",\"url\":\"https:\/\/sportac.cl\/\",\"name\":\"Sportac Linternas Caza y Pesca Camping\",\"description\":\"Sportac.cl, tienda dedicada a venta de linternas profesionales y de alta calidad orientadas a deporte, industria y aplicaciones t\u00e1cticas Caza y Pesca\",\"publisher\":{\"@id\":\"https:\/\/sportac.cl\/#organization\"},\"alternateName\":\"Tienda de Equipos - Linternas - Caza - Pesca - Camping\",\"potentialAction\":[{\"@type\":\"SearchAction\",\"target\":{\"@type\":\"EntryPoint\",\"urlTemplate\":\"https:\/\/sportac.cl\/?s={search_term_string}\"},\"query-input\":{\"@type\":\"PropertyValueSpecification\",\"valueRequired\":true,\"valueName\":\"search_term_string\"}}],\"inLanguage\":\"es\"},{\"@type\":\"Organization\",\"@id\":\"https:\/\/sportac.cl\/#organization\",\"name\":\"Sportac Tienda de Equipos de Caza y Pesca\",\"alternateName\":\"Fenixligth, Fenix, linternas tacticas, led, iluminacion, mineria, Sportac, linternas Fenix, linterna C7, linterna HM71R, Linterna TK20R, iluminacion industrial, lantern,\u00a0flashlight Rifle pcp, Beeman, Glock, umarex, pistola traumatica, rifle nitropiston, pistola balines,\u00a0postones,\u00a0co2\",\"url\":\"https:\/\/sportac.cl\/\",\"logo\":{\"@type\":\"ImageObject\",\"inLanguage\":\"es\",\"@id\":\"https:\/\/sportac.cl\/#\/schema\/logo\/image\/\",\"url\":\"https:\/\/sportac.cl\/wp-content\/uploads\/2025\/10\/cropped-Logo-Sportac-_-blanco.png\",\"contentUrl\":\"https:\/\/sportac.cl\/wp-content\/uploads\/2025\/10\/cropped-Logo-Sportac-_-blanco.png\",\"width\":240,\"height\":259,\"caption\":\"Sportac Tienda de Equipos de Caza y Pesca\"},\"image\":{\"@id\":\"https:\/\/sportac.cl\/#\/schema\/logo\/image\/\"},\"sameAs\":[\"https:\/\/www.facebook.com\/profile.php?id=100064005011199&locale=bn_IN#\",\"https:\/\/www.instagram.com\/sportac_fenix?igsh=cXBnb25jMzdwYzIw\",\"https:\/\/www.tiktok.com\/@sportac73?_t=ZM-90r8HiYyUNk&_r=1\"]}]}<\/script>\n<!-- \/ Yoast SEO plugin. -->","yoast_head_json":{"title":"MIRA TELESC\u00d3PICA DISCOVERYOPT MS 3-9X50IR - Sportac.cl","description":"MIRA TELESC\u00d3PICA DISCOVERYOPT MS 3-9X50IR Aumento: 3-9XDi\u00e1metro del objetivo: 50 mmDi\u00e1metro del tubo: 25.4 mm (1 pulgada)Longitud: 313 mm (12.3 pulgadas).","robots":{"index":"index","follow":"follow","max-snippet":"max-snippet:-1","max-image-preview":"max-image-preview:large","max-video-preview":"max-video-preview:-1"},"canonical":"https:\/\/sportac.cl\/index.php\/producto\/mira-discoveryopt-telescopica-ms-3-9x50ir\/","og_locale":"es_ES","og_type":"article","og_title":"MIRA TELESC\u00d3PICA DISCOVERYOPT MS 3-9X50IR - Sportac.cl","og_description":"MIRA TELESC\u00d3PICA DISCOVERYOPT MS 3-9X50IR Aumento: 3-9XDi\u00e1metro del objetivo: 50 mmDi\u00e1metro del tubo: 25.4 mm (1 pulgada)Longitud: 313 mm (12.3 pulgadas).","og_url":"https:\/\/sportac.cl\/index.php\/producto\/mira-discoveryopt-telescopica-ms-3-9x50ir\/","og_site_name":"Sportac.cl","article_publisher":"https:\/\/www.facebook.com\/profile.php?id=100064005011199&locale=bn_IN#","article_modified_time":"2026-01-13T13:20:51+00:00","og_image":[{"width":1082,"height":1082,"url":"https:\/\/sportac.cl\/wp-content\/uploads\/2026\/01\/mira-discoveryopt.jpg","type":"image\/jpeg"}],"twitter_card":"summary_large_image","twitter_misc":{"Tiempo de lectura":"1 minuto"},"schema":{"@context":"https:\/\/schema.org","@graph":[{"@type":"WebPage","@id":"https:\/\/sportac.cl\/index.php\/producto\/mira-discoveryopt-telescopica-ms-3-9x50ir\/","url":"https:\/\/sportac.cl\/index.php\/producto\/mira-discoveryopt-telescopica-ms-3-9x50ir\/","name":"MIRA TELESC\u00d3PICA DISCOVERYOPT MS 3-9X50IR - Sportac.cl","isPartOf":{"@id":"https:\/\/sportac.cl\/#website"},"primaryImageOfPage":{"@id":"https:\/\/sportac.cl\/index.php\/producto\/mira-discoveryopt-telescopica-ms-3-9x50ir\/#primaryimage"},"image":{"@id":"https:\/\/sportac.cl\/index.php\/producto\/mira-discoveryopt-telescopica-ms-3-9x50ir\/#primaryimage"},"thumbnailUrl":"https:\/\/sportac.cl\/wp-content\/uploads\/2026\/01\/mira-discoveryopt.jpg","datePublished":"2026-01-13T12:33:51+00:00","dateModified":"2026-01-13T13:20:51+00:00","description":"MIRA TELESC\u00d3PICA DISCOVERYOPT MS 3-9X50IR Aumento: 3-9XDi\u00e1metro del objetivo: 50 mmDi\u00e1metro del tubo: 25.4 mm (1 pulgada)Longitud: 313 mm (12.3 pulgadas).","breadcrumb":{"@id":"https:\/\/sportac.cl\/index.php\/producto\/mira-discoveryopt-telescopica-ms-3-9x50ir\/#breadcrumb"},"inLanguage":"es","potentialAction":[{"@type":"ReadAction","target":["https:\/\/sportac.cl\/index.php\/producto\/mira-discoveryopt-telescopica-ms-3-9x50ir\/"]}]},{"@type":"ImageObject","inLanguage":"es","@id":"https:\/\/sportac.cl\/index.php\/producto\/mira-discoveryopt-telescopica-ms-3-9x50ir\/#primaryimage","url":"https:\/\/sportac.cl\/wp-content\/uploads\/2026\/01\/mira-discoveryopt.jpg","contentUrl":"https:\/\/sportac.cl\/wp-content\/uploads\/2026\/01\/mira-discoveryopt.jpg","width":1082,"height":1082},{"@type":"BreadcrumbList","@id":"https:\/\/sportac.cl\/index.php\/producto\/mira-discoveryopt-telescopica-ms-3-9x50ir\/#breadcrumb","itemListElement":[{"@type":"ListItem","position":1,"name":"Portada","item":"https:\/\/sportac.cl\/index.php\/home\/"},{"@type":"ListItem","position":2,"name":"Tienda","item":"https:\/\/sportac.cl\/index.php\/tienda\/"},{"@type":"ListItem","position":3,"name":"MIRA TELESC\u00d3PICA DISCOVERYOPT MS 3-9X50IR"}]},{"@type":"WebSite","@id":"https:\/\/sportac.cl\/#website","url":"https:\/\/sportac.cl\/","name":"Sportac Linternas Caza y Pesca Camping","description":"Sportac.cl, tienda dedicada a venta de linternas profesionales y de alta calidad orientadas a deporte, industria y aplicaciones t\u00e1cticas Caza y Pesca","publisher":{"@id":"https:\/\/sportac.cl\/#organization"},"alternateName":"Tienda de Equipos - Linternas - Caza - Pesca - Camping","potentialAction":[{"@type":"SearchAction","target":{"@type":"EntryPoint","urlTemplate":"https:\/\/sportac.cl\/?s={search_term_string}"},"query-input":{"@type":"PropertyValueSpecification","valueRequired":true,"valueName":"search_term_string"}}],"inLanguage":"es"},{"@type":"Organization","@id":"https:\/\/sportac.cl\/#organization","name":"Sportac Tienda de Equipos de Caza y Pesca","alternateName":"Fenixligth, Fenix, linternas tacticas, led, iluminacion, mineria, Sportac, linternas Fenix, linterna C7, linterna HM71R, Linterna TK20R, iluminacion industrial, lantern,\u00a0flashlight Rifle pcp, Beeman, Glock, umarex, pistola traumatica, rifle nitropiston, pistola balines,\u00a0postones,\u00a0co2","url":"https:\/\/sportac.cl\/","logo":{"@type":"ImageObject","inLanguage":"es","@id":"https:\/\/sportac.cl\/#\/schema\/logo\/image\/","url":"https:\/\/sportac.cl\/wp-content\/uploads\/2025\/10\/cropped-Logo-Sportac-_-blanco.png","contentUrl":"https:\/\/sportac.cl\/wp-content\/uploads\/2025\/10\/cropped-Logo-Sportac-_-blanco.png","width":240,"height":259,"caption":"Sportac Tienda de Equipos de Caza y Pesca"},"image":{"@id":"https:\/\/sportac.cl\/#\/schema\/logo\/image\/"},"sameAs":["https:\/\/www.facebook.com\/profile.php?id=100064005011199&locale=bn_IN#","https:\/\/www.instagram.com\/sportac_fenix?igsh=cXBnb25jMzdwYzIw","https:\/\/www.tiktok.com\/@sportac73?_t=ZM-90r8HiYyUNk&_r=1"]}]}},"_links":{"self":[{"href":"https:\/\/sportac.cl\/index.php\/wp-json\/wp\/v2\/product\/751","targetHints":{"allow":["GET"]}}],"collection":[{"href":"https:\/\/sportac.cl\/index.php\/wp-json\/wp\/v2\/product"}],"about":[{"href":"https:\/\/sportac.cl\/index.php\/wp-json\/wp\/v2\/types\/product"}],"replies":[{"embeddable":true,"href":"https:\/\/sportac.cl\/index.php\/wp-json\/wp\/v2\/comments?post=751"}],"version-history":[{"count":2,"href":"https:\/\/sportac.cl\/index.php\/wp-json\/wp\/v2\/product\/751\/revisions"}],"predecessor-version":[{"id":770,"href":"https:\/\/sportac.cl\/index.php\/wp-json\/wp\/v2\/product\/751\/revisions\/770"}],"wp:featuredmedia":[{"embeddable":true,"href":"https:\/\/sportac.cl\/index.php\/wp-json\/wp\/v2\/media\/752"}],"wp:attachment":[{"href":"https:\/\/sportac.cl\/index.php\/wp-json\/wp\/v2\/media?parent=751"}],"wp:term":[{"taxonomy":"product_brand","embeddable":true,"href":"https:\/\/sportac.cl\/index.php\/wp-json\/wp\/v2\/product_brand?post=751"},{"taxonomy":"product_cat","embeddable":true,"href":"https:\/\/sportac.cl\/index.php\/wp-json\/wp\/v2\/product_cat?post=751"},{"taxonomy":"product_tag","embeddable":true,"href":"https:\/\/sportac.cl\/index.php\/wp-json\/wp\/v2\/product_tag?post=751"}],"curies":[{"name":"wp","href":"https:\/\/api.w.org\/{rel}","templated":true}]}}