{"id":743,"date":"2026-01-12T14:58:13","date_gmt":"2026-01-12T14:58:13","guid":{"rendered":"https:\/\/sportac.cl\/?post_type=product&#038;p=743"},"modified":"2026-01-12T14:58:16","modified_gmt":"2026-01-12T14:58:16","slug":"carrete-hart-purple-r-1000","status":"publish","type":"product","link":"https:\/\/sportac.cl\/index.php\/producto\/carrete-hart-purple-r-1000\/","title":{"rendered":"CARRETE HART PURPLE-R 1000"},"content":{"rendered":"<p>El\u00a0Hart Purple-R 1000\u00a0es un carrete de \u00faltima tecnolog\u00eda dise\u00f1ado para\u00a0rock-fishing y eging. Su\u00a0cuerpo de aluminio ligero\u00a0proporciona gran resistencia sin comprometer la comodidad. Incorpora un\u00a0rotor de grafito de dise\u00f1o liviano, lo que reduce el peso y mantiene la robustez necesaria en acci\u00f3n de pesca. Su\u00a0eje principal reforzado\u00a0evita torsiones en combate, mientras que su\u00a0bobina de aluminio multiperforada\u00a0garantiza mayor durabilidad.<\/p>\n<div class=\"alternativas-despacho\"><\/div>\n","protected":false},"excerpt":{"rendered":"<p>El\u00a0Hart Purple-R 1000\u00a0es un carrete de \u00faltima tecnolog\u00eda dise\u00f1ado para\u00a0rock-fishing y eging. Su\u00a0cuerpo de aluminio ligero\u00a0proporciona gran resistencia sin comprometer la comodidad. Incorpora un\u00a0rotor de grafito de dise\u00f1o liviano, lo que reduce el peso y mantiene la robustez necesaria en acci\u00f3n de pesca. Su\u00a0eje principal reforzado\u00a0evita torsiones en combate, mientras que su\u00a0bobina de aluminio multiperforada\u00a0garantiza [&hellip;]<\/p>\n","protected":false},"featured_media":746,"comment_status":"open","ping_status":"closed","template":"","meta":[],"product_brand":[],"product_cat":[79,24],"product_tag":[217,224,226,225,222],"class_list":{"0":"post-743","1":"product","2":"type-product","3":"status-publish","4":"has-post-thumbnail","6":"product_cat-carretes","7":"product_cat-equipos-de-pesca","8":"product_tag-carrete-de-pesca","9":"product_tag-carrete-hart","10":"product_tag-carrete-purple-r-1000","11":"product_tag-hart","12":"product_tag-pesca-en-carrete","14":"first","15":"instock","16":"taxable","17":"shipping-taxable","18":"purchasable","19":"product-type-simple"},"yoast_head":"<!-- This site is optimized with the Yoast SEO plugin v26.1.1 - https:\/\/yoast.com\/wordpress\/plugins\/seo\/ -->\n<title>CARRETE HART PURPLE-R 1000 - Sportac.cl<\/title>\n<meta name=\"description\" content=\"CARRETE HART PURPLE-R 1000 El\u00a0Hart Purple-R 1000\u00a0es un carrete de \u00faltima tecnolog\u00eda dise\u00f1ado para\u00a0rock-fishing y eging,\u00a0cuerpo de aluminio ligero.\" \/>\n<meta name=\"robots\" content=\"index, follow, max-snippet:-1, max-image-preview:large, max-video-preview:-1\" \/>\n<link rel=\"canonical\" href=\"https:\/\/sportac.cl\/index.php\/producto\/carrete-hart-purple-r-1000\/\" \/>\n<meta property=\"og:locale\" content=\"es_ES\" \/>\n<meta property=\"og:type\" content=\"article\" \/>\n<meta property=\"og:title\" content=\"CARRETE HART PURPLE-R 1000 - Sportac.cl\" \/>\n<meta property=\"og:description\" content=\"CARRETE HART PURPLE-R 1000 El\u00a0Hart Purple-R 1000\u00a0es un carrete de \u00faltima tecnolog\u00eda dise\u00f1ado para\u00a0rock-fishing y eging,\u00a0cuerpo de aluminio ligero.\" \/>\n<meta property=\"og:url\" content=\"https:\/\/sportac.cl\/index.php\/producto\/carrete-hart-purple-r-1000\/\" \/>\n<meta property=\"og:site_name\" content=\"Sportac.cl\" \/>\n<meta property=\"article:publisher\" content=\"https:\/\/www.facebook.com\/profile.php?id=100064005011199&amp;locale=bn_IN#\" \/>\n<meta property=\"article:modified_time\" content=\"2026-01-12T14:58:16+00:00\" \/>\n<meta property=\"og:image\" content=\"https:\/\/sportac.cl\/wp-content\/uploads\/2026\/01\/carrete-hart-purple-r-1000.jpg\" \/>\n\t<meta property=\"og:image:width\" content=\"1082\" \/>\n\t<meta property=\"og:image:height\" content=\"1082\" \/>\n\t<meta property=\"og:image:type\" content=\"image\/jpeg\" \/>\n<meta name=\"twitter:card\" content=\"summary_large_image\" \/>\n<meta name=\"twitter:label1\" content=\"Tiempo de lectura\" \/>\n\t<meta name=\"twitter:data1\" content=\"1 minuto\" \/>\n<script type=\"application\/ld+json\" class=\"yoast-schema-graph\">{\"@context\":\"https:\/\/schema.org\",\"@graph\":[{\"@type\":\"WebPage\",\"@id\":\"https:\/\/sportac.cl\/index.php\/producto\/carrete-hart-purple-r-1000\/\",\"url\":\"https:\/\/sportac.cl\/index.php\/producto\/carrete-hart-purple-r-1000\/\",\"name\":\"CARRETE HART PURPLE-R 1000 - Sportac.cl\",\"isPartOf\":{\"@id\":\"https:\/\/sportac.cl\/#website\"},\"primaryImageOfPage\":{\"@id\":\"https:\/\/sportac.cl\/index.php\/producto\/carrete-hart-purple-r-1000\/#primaryimage\"},\"image\":{\"@id\":\"https:\/\/sportac.cl\/index.php\/producto\/carrete-hart-purple-r-1000\/#primaryimage\"},\"thumbnailUrl\":\"https:\/\/sportac.cl\/wp-content\/uploads\/2026\/01\/carrete-hart-purple-r-1000.jpg\",\"datePublished\":\"2026-01-12T14:58:13+00:00\",\"dateModified\":\"2026-01-12T14:58:16+00:00\",\"description\":\"CARRETE HART PURPLE-R 1000 El\u00a0Hart Purple-R 1000\u00a0es un carrete de \u00faltima tecnolog\u00eda dise\u00f1ado para\u00a0rock-fishing y eging,\u00a0cuerpo de aluminio ligero.\",\"breadcrumb\":{\"@id\":\"https:\/\/sportac.cl\/index.php\/producto\/carrete-hart-purple-r-1000\/#breadcrumb\"},\"inLanguage\":\"es\",\"potentialAction\":[{\"@type\":\"ReadAction\",\"target\":[\"https:\/\/sportac.cl\/index.php\/producto\/carrete-hart-purple-r-1000\/\"]}]},{\"@type\":\"ImageObject\",\"inLanguage\":\"es\",\"@id\":\"https:\/\/sportac.cl\/index.php\/producto\/carrete-hart-purple-r-1000\/#primaryimage\",\"url\":\"https:\/\/sportac.cl\/wp-content\/uploads\/2026\/01\/carrete-hart-purple-r-1000.jpg\",\"contentUrl\":\"https:\/\/sportac.cl\/wp-content\/uploads\/2026\/01\/carrete-hart-purple-r-1000.jpg\",\"width\":1082,\"height\":1082},{\"@type\":\"BreadcrumbList\",\"@id\":\"https:\/\/sportac.cl\/index.php\/producto\/carrete-hart-purple-r-1000\/#breadcrumb\",\"itemListElement\":[{\"@type\":\"ListItem\",\"position\":1,\"name\":\"Portada\",\"item\":\"https:\/\/sportac.cl\/index.php\/home\/\"},{\"@type\":\"ListItem\",\"position\":2,\"name\":\"Tienda\",\"item\":\"https:\/\/sportac.cl\/index.php\/tienda\/\"},{\"@type\":\"ListItem\",\"position\":3,\"name\":\"CARRETE HART PURPLE-R 1000\"}]},{\"@type\":\"WebSite\",\"@id\":\"https:\/\/sportac.cl\/#website\",\"url\":\"https:\/\/sportac.cl\/\",\"name\":\"Sportac Linternas Caza y Pesca Camping\",\"description\":\"Sportac.cl, tienda dedicada a venta de linternas profesionales y de alta calidad orientadas a deporte, industria y aplicaciones t\u00e1cticas Caza y Pesca\",\"publisher\":{\"@id\":\"https:\/\/sportac.cl\/#organization\"},\"alternateName\":\"Tienda de Equipos - Linternas - Caza - Pesca - Camping\",\"potentialAction\":[{\"@type\":\"SearchAction\",\"target\":{\"@type\":\"EntryPoint\",\"urlTemplate\":\"https:\/\/sportac.cl\/?s={search_term_string}\"},\"query-input\":{\"@type\":\"PropertyValueSpecification\",\"valueRequired\":true,\"valueName\":\"search_term_string\"}}],\"inLanguage\":\"es\"},{\"@type\":\"Organization\",\"@id\":\"https:\/\/sportac.cl\/#organization\",\"name\":\"Sportac Tienda de Equipos de Caza y Pesca\",\"alternateName\":\"Fenixligth, Fenix, linternas tacticas, led, iluminacion, mineria, Sportac, linternas Fenix, linterna C7, linterna HM71R, Linterna TK20R, iluminacion industrial, lantern,\u00a0flashlight Rifle pcp, Beeman, Glock, umarex, pistola traumatica, rifle nitropiston, pistola balines,\u00a0postones,\u00a0co2\",\"url\":\"https:\/\/sportac.cl\/\",\"logo\":{\"@type\":\"ImageObject\",\"inLanguage\":\"es\",\"@id\":\"https:\/\/sportac.cl\/#\/schema\/logo\/image\/\",\"url\":\"https:\/\/sportac.cl\/wp-content\/uploads\/2025\/10\/cropped-Logo-Sportac-_-blanco.png\",\"contentUrl\":\"https:\/\/sportac.cl\/wp-content\/uploads\/2025\/10\/cropped-Logo-Sportac-_-blanco.png\",\"width\":240,\"height\":259,\"caption\":\"Sportac Tienda de Equipos de Caza y Pesca\"},\"image\":{\"@id\":\"https:\/\/sportac.cl\/#\/schema\/logo\/image\/\"},\"sameAs\":[\"https:\/\/www.facebook.com\/profile.php?id=100064005011199&locale=bn_IN#\",\"https:\/\/www.instagram.com\/sportac_fenix?igsh=cXBnb25jMzdwYzIw\",\"https:\/\/www.tiktok.com\/@sportac73?_t=ZM-90r8HiYyUNk&_r=1\"]}]}<\/script>\n<!-- \/ Yoast SEO plugin. -->","yoast_head_json":{"title":"CARRETE HART PURPLE-R 1000 - Sportac.cl","description":"CARRETE HART PURPLE-R 1000 El\u00a0Hart Purple-R 1000\u00a0es un carrete de \u00faltima tecnolog\u00eda dise\u00f1ado para\u00a0rock-fishing y eging,\u00a0cuerpo de aluminio ligero.","robots":{"index":"index","follow":"follow","max-snippet":"max-snippet:-1","max-image-preview":"max-image-preview:large","max-video-preview":"max-video-preview:-1"},"canonical":"https:\/\/sportac.cl\/index.php\/producto\/carrete-hart-purple-r-1000\/","og_locale":"es_ES","og_type":"article","og_title":"CARRETE HART PURPLE-R 1000 - Sportac.cl","og_description":"CARRETE HART PURPLE-R 1000 El\u00a0Hart Purple-R 1000\u00a0es un carrete de \u00faltima tecnolog\u00eda dise\u00f1ado para\u00a0rock-fishing y eging,\u00a0cuerpo de aluminio ligero.","og_url":"https:\/\/sportac.cl\/index.php\/producto\/carrete-hart-purple-r-1000\/","og_site_name":"Sportac.cl","article_publisher":"https:\/\/www.facebook.com\/profile.php?id=100064005011199&locale=bn_IN#","article_modified_time":"2026-01-12T14:58:16+00:00","og_image":[{"width":1082,"height":1082,"url":"https:\/\/sportac.cl\/wp-content\/uploads\/2026\/01\/carrete-hart-purple-r-1000.jpg","type":"image\/jpeg"}],"twitter_card":"summary_large_image","twitter_misc":{"Tiempo de lectura":"1 minuto"},"schema":{"@context":"https:\/\/schema.org","@graph":[{"@type":"WebPage","@id":"https:\/\/sportac.cl\/index.php\/producto\/carrete-hart-purple-r-1000\/","url":"https:\/\/sportac.cl\/index.php\/producto\/carrete-hart-purple-r-1000\/","name":"CARRETE HART PURPLE-R 1000 - Sportac.cl","isPartOf":{"@id":"https:\/\/sportac.cl\/#website"},"primaryImageOfPage":{"@id":"https:\/\/sportac.cl\/index.php\/producto\/carrete-hart-purple-r-1000\/#primaryimage"},"image":{"@id":"https:\/\/sportac.cl\/index.php\/producto\/carrete-hart-purple-r-1000\/#primaryimage"},"thumbnailUrl":"https:\/\/sportac.cl\/wp-content\/uploads\/2026\/01\/carrete-hart-purple-r-1000.jpg","datePublished":"2026-01-12T14:58:13+00:00","dateModified":"2026-01-12T14:58:16+00:00","description":"CARRETE HART PURPLE-R 1000 El\u00a0Hart Purple-R 1000\u00a0es un carrete de \u00faltima tecnolog\u00eda dise\u00f1ado para\u00a0rock-fishing y eging,\u00a0cuerpo de aluminio ligero.","breadcrumb":{"@id":"https:\/\/sportac.cl\/index.php\/producto\/carrete-hart-purple-r-1000\/#breadcrumb"},"inLanguage":"es","potentialAction":[{"@type":"ReadAction","target":["https:\/\/sportac.cl\/index.php\/producto\/carrete-hart-purple-r-1000\/"]}]},{"@type":"ImageObject","inLanguage":"es","@id":"https:\/\/sportac.cl\/index.php\/producto\/carrete-hart-purple-r-1000\/#primaryimage","url":"https:\/\/sportac.cl\/wp-content\/uploads\/2026\/01\/carrete-hart-purple-r-1000.jpg","contentUrl":"https:\/\/sportac.cl\/wp-content\/uploads\/2026\/01\/carrete-hart-purple-r-1000.jpg","width":1082,"height":1082},{"@type":"BreadcrumbList","@id":"https:\/\/sportac.cl\/index.php\/producto\/carrete-hart-purple-r-1000\/#breadcrumb","itemListElement":[{"@type":"ListItem","position":1,"name":"Portada","item":"https:\/\/sportac.cl\/index.php\/home\/"},{"@type":"ListItem","position":2,"name":"Tienda","item":"https:\/\/sportac.cl\/index.php\/tienda\/"},{"@type":"ListItem","position":3,"name":"CARRETE HART PURPLE-R 1000"}]},{"@type":"WebSite","@id":"https:\/\/sportac.cl\/#website","url":"https:\/\/sportac.cl\/","name":"Sportac Linternas Caza y Pesca Camping","description":"Sportac.cl, tienda dedicada a venta de linternas profesionales y de alta calidad orientadas a deporte, industria y aplicaciones t\u00e1cticas Caza y Pesca","publisher":{"@id":"https:\/\/sportac.cl\/#organization"},"alternateName":"Tienda de Equipos - Linternas - Caza - Pesca - Camping","potentialAction":[{"@type":"SearchAction","target":{"@type":"EntryPoint","urlTemplate":"https:\/\/sportac.cl\/?s={search_term_string}"},"query-input":{"@type":"PropertyValueSpecification","valueRequired":true,"valueName":"search_term_string"}}],"inLanguage":"es"},{"@type":"Organization","@id":"https:\/\/sportac.cl\/#organization","name":"Sportac Tienda de Equipos de Caza y Pesca","alternateName":"Fenixligth, Fenix, linternas tacticas, led, iluminacion, mineria, Sportac, linternas Fenix, linterna C7, linterna HM71R, Linterna TK20R, iluminacion industrial, lantern,\u00a0flashlight Rifle pcp, Beeman, Glock, umarex, pistola traumatica, rifle nitropiston, pistola balines,\u00a0postones,\u00a0co2","url":"https:\/\/sportac.cl\/","logo":{"@type":"ImageObject","inLanguage":"es","@id":"https:\/\/sportac.cl\/#\/schema\/logo\/image\/","url":"https:\/\/sportac.cl\/wp-content\/uploads\/2025\/10\/cropped-Logo-Sportac-_-blanco.png","contentUrl":"https:\/\/sportac.cl\/wp-content\/uploads\/2025\/10\/cropped-Logo-Sportac-_-blanco.png","width":240,"height":259,"caption":"Sportac Tienda de Equipos de Caza y Pesca"},"image":{"@id":"https:\/\/sportac.cl\/#\/schema\/logo\/image\/"},"sameAs":["https:\/\/www.facebook.com\/profile.php?id=100064005011199&locale=bn_IN#","https:\/\/www.instagram.com\/sportac_fenix?igsh=cXBnb25jMzdwYzIw","https:\/\/www.tiktok.com\/@sportac73?_t=ZM-90r8HiYyUNk&_r=1"]}]}},"_links":{"self":[{"href":"https:\/\/sportac.cl\/index.php\/wp-json\/wp\/v2\/product\/743","targetHints":{"allow":["GET"]}}],"collection":[{"href":"https:\/\/sportac.cl\/index.php\/wp-json\/wp\/v2\/product"}],"about":[{"href":"https:\/\/sportac.cl\/index.php\/wp-json\/wp\/v2\/types\/product"}],"replies":[{"embeddable":true,"href":"https:\/\/sportac.cl\/index.php\/wp-json\/wp\/v2\/comments?post=743"}],"version-history":[{"count":1,"href":"https:\/\/sportac.cl\/index.php\/wp-json\/wp\/v2\/product\/743\/revisions"}],"predecessor-version":[{"id":749,"href":"https:\/\/sportac.cl\/index.php\/wp-json\/wp\/v2\/product\/743\/revisions\/749"}],"wp:featuredmedia":[{"embeddable":true,"href":"https:\/\/sportac.cl\/index.php\/wp-json\/wp\/v2\/media\/746"}],"wp:attachment":[{"href":"https:\/\/sportac.cl\/index.php\/wp-json\/wp\/v2\/media?parent=743"}],"wp:term":[{"taxonomy":"product_brand","embeddable":true,"href":"https:\/\/sportac.cl\/index.php\/wp-json\/wp\/v2\/product_brand?post=743"},{"taxonomy":"product_cat","embeddable":true,"href":"https:\/\/sportac.cl\/index.php\/wp-json\/wp\/v2\/product_cat?post=743"},{"taxonomy":"product_tag","embeddable":true,"href":"https:\/\/sportac.cl\/index.php\/wp-json\/wp\/v2\/product_tag?post=743"}],"curies":[{"name":"wp","href":"https:\/\/api.w.org\/{rel}","templated":true}]}}