{"id":704,"date":"2026-01-09T14:24:21","date_gmt":"2026-01-09T14:24:21","guid":{"rendered":"https:\/\/sportac.cl\/?post_type=product&#038;p=704"},"modified":"2026-01-09T15:00:29","modified_gmt":"2026-01-09T15:00:29","slug":"pistola-co2-stinger-17-polimero-4-5mm","status":"publish","type":"product","link":"https:\/\/sportac.cl\/index.php\/producto\/pistola-co2-stinger-17-polimero-4-5mm\/","title":{"rendered":"PISTOLA CO2 STINGER 17 POLIMERO 4.5mm"},"content":{"rendered":"<p data-start=\"109\" data-end=\"245\">Esta pistola Stinger 17 es una r\u00e9plica inspirada en la Glock 17, una de las armas m\u00e1s reconocidas y utilizadas en la actualidad.<\/p>\n<p data-start=\"247\" data-end=\"540\">Funciona mediante sistema CO\u2082 y dispara balines de acero calibre 4.5 mm (.177 BBs). Est\u00e1 fabricada en pol\u00edmero de alta resistencia, lo que la hace ligera y duradera. Su cargador tiene una capacidad de 20 BBs y permite realizar hasta 40 disparos con una sola bombona de CO\u2082.<\/p>\n<p data-start=\"542\" data-end=\"714\">Cuenta con ca\u00f1\u00f3n interno de acero liso, empu\u00f1adura anat\u00f3mica para un agarre c\u00f3modo y seguro, y miras abiertas que facilitan una r\u00e1pida adquisici\u00f3n del objetivo.<\/p>\n<p data-start=\"716\" data-end=\"859\">Alcanza una velocidad de salida de 115 m\/s, con una potencia aproximada de 3 joules, ideal para tiro recreativo y entrenamiento b\u00e1sico.<\/p>\n<h3 data-start=\"861\" data-end=\"881\">Caracter\u00edsticas:<\/h3>\n<ul data-start=\"882\" data-end=\"1182\">\n<li data-start=\"882\" data-end=\"918\">\n<p data-start=\"884\" data-end=\"918\">Calibre: 4.5 mm BBs de acero<\/p>\n<\/li>\n<li data-start=\"919\" data-end=\"945\">\n<p data-start=\"921\" data-end=\"945\">Velocidad: 115 m\/s<\/p>\n<\/li>\n<li data-start=\"946\" data-end=\"984\">\n<p data-start=\"948\" data-end=\"984\">Capacidad del cargador: 20 BBs<\/p>\n<\/li>\n<li data-start=\"985\" data-end=\"1016\">\n<p data-start=\"987\" data-end=\"1016\">Longitud total: 20,5 cm<\/p>\n<\/li>\n<li data-start=\"1017\" data-end=\"1052\">\n<p data-start=\"1019\" data-end=\"1052\">Longitud del ca\u00f1\u00f3n: 18,5 cm<\/p>\n<\/li>\n<li data-start=\"1053\" data-end=\"1076\">\n<p data-start=\"1055\" data-end=\"1076\">Corredera: Fija<\/p>\n<\/li>\n<li data-start=\"1077\" data-end=\"1096\">\n<p data-start=\"1079\" data-end=\"1096\">Peso: 450 g<\/p>\n<\/li>\n<li data-start=\"1097\" data-end=\"1159\">\n<p data-start=\"1099\" data-end=\"1159\">Material de construcci\u00f3n: Pol\u00edmero de alta resistencia<\/p>\n<\/li>\n<li data-start=\"1160\" data-end=\"1182\">\n<p data-start=\"1162\" data-end=\"1182\">Marca: Stinger<\/p>\n<\/li>\n<\/ul>\n","protected":false},"excerpt":{"rendered":"<p data-start=\"884\" data-end=\"918\">Calibre: 4.5 mm BBs de acero<\/p>\n<p data-start=\"921\" data-end=\"945\">Velocidad: 115 m\/s<\/p>\n<p data-start=\"948\" data-end=\"984\">Capacidad del cargador: 20 BBs<\/p>\n<p data-start=\"987\" data-end=\"1016\">Longitud total: 20,5 cm<\/p>\n<p data-start=\"1019\" data-end=\"1052\">Longitud del ca\u00f1\u00f3n: 18,5 cm<\/p>\n<p data-start=\"1055\" data-end=\"1076\">Corredera: Fija<\/p>\n<p data-start=\"1079\" data-end=\"1096\">Peso: 450 g<\/p>\n<p data-start=\"1099\" data-end=\"1159\">Material de construcci\u00f3n: Pol\u00edmero de alta resistencia<\/p>\n<p data-start=\"1162\" data-end=\"1182\">Marca: Stinger<\/p>\n","protected":false},"featured_media":708,"comment_status":"open","ping_status":"closed","template":"","meta":[],"product_brand":[],"product_cat":[83,23],"product_tag":[116,208,216,215],"class_list":{"0":"post-704","1":"product","2":"type-product","3":"status-publish","4":"has-post-thumbnail","6":"product_cat-pistola-balin","7":"product_cat-pistolas-co2","8":"product_tag-pistola-co2","9":"product_tag-pistola-de-aire-comprimido","10":"product_tag-pistola-polimero","11":"product_tag-stinger-17","13":"first","14":"instock","15":"taxable","16":"shipping-taxable","17":"purchasable","18":"product-type-simple"},"yoast_head":"<!-- This site is optimized with the Yoast SEO plugin v26.1.1 - https:\/\/yoast.com\/wordpress\/plugins\/seo\/ -->\n<title>PISTOLA CO2 STINGER 17 POLIMERO 4.5mm - Sportac.cl<\/title>\n<meta name=\"description\" content=\"PISTOLA CO2 STINGER 17 POLIMERO 4.5mm Calibre: 4.5 mm BBs de aceroVelocidad: 115 m\/sCapacidad del cargador: 20 BBsLongitud total: 20,5 cmLongitud del ca\u00f1\u00f3n: 18,5 cmCorredera: FijaPeso: 450 gMaterial de construcci\u00f3n: Pol\u00edmero de alta resistenciaMarca: Stinger\" \/>\n<meta name=\"robots\" content=\"index, follow, max-snippet:-1, max-image-preview:large, max-video-preview:-1\" \/>\n<link rel=\"canonical\" href=\"https:\/\/sportac.cl\/index.php\/producto\/pistola-co2-stinger-17-polimero-4-5mm\/\" \/>\n<meta property=\"og:locale\" content=\"es_ES\" \/>\n<meta property=\"og:type\" content=\"article\" \/>\n<meta property=\"og:title\" content=\"PISTOLA CO2 STINGER 17 POLIMERO 4.5mm - Sportac.cl\" \/>\n<meta property=\"og:description\" content=\"PISTOLA CO2 STINGER 17 POLIMERO 4.5mm Calibre: 4.5 mm BBs de aceroVelocidad: 115 m\/sCapacidad del cargador: 20 BBsLongitud total: 20,5 cmLongitud del ca\u00f1\u00f3n: 18,5 cmCorredera: FijaPeso: 450 gMaterial de construcci\u00f3n: Pol\u00edmero de alta resistenciaMarca: Stinger\" \/>\n<meta property=\"og:url\" content=\"https:\/\/sportac.cl\/index.php\/producto\/pistola-co2-stinger-17-polimero-4-5mm\/\" \/>\n<meta property=\"og:site_name\" content=\"Sportac.cl\" \/>\n<meta property=\"article:publisher\" content=\"https:\/\/www.facebook.com\/profile.php?id=100064005011199&amp;locale=bn_IN#\" \/>\n<meta property=\"article:modified_time\" content=\"2026-01-09T15:00:29+00:00\" \/>\n<meta property=\"og:image\" content=\"https:\/\/sportac.cl\/wp-content\/uploads\/2026\/01\/pistola-stinger-17.jpg\" \/>\n\t<meta property=\"og:image:width\" content=\"1082\" \/>\n\t<meta property=\"og:image:height\" content=\"1082\" \/>\n\t<meta property=\"og:image:type\" content=\"image\/jpeg\" \/>\n<meta name=\"twitter:card\" content=\"summary_large_image\" \/>\n<meta name=\"twitter:label1\" content=\"Tiempo de lectura\" \/>\n\t<meta name=\"twitter:data1\" content=\"1 minuto\" \/>\n<script type=\"application\/ld+json\" class=\"yoast-schema-graph\">{\"@context\":\"https:\/\/schema.org\",\"@graph\":[{\"@type\":\"WebPage\",\"@id\":\"https:\/\/sportac.cl\/index.php\/producto\/pistola-co2-stinger-17-polimero-4-5mm\/\",\"url\":\"https:\/\/sportac.cl\/index.php\/producto\/pistola-co2-stinger-17-polimero-4-5mm\/\",\"name\":\"PISTOLA CO2 STINGER 17 POLIMERO 4.5mm - Sportac.cl\",\"isPartOf\":{\"@id\":\"https:\/\/sportac.cl\/#website\"},\"primaryImageOfPage\":{\"@id\":\"https:\/\/sportac.cl\/index.php\/producto\/pistola-co2-stinger-17-polimero-4-5mm\/#primaryimage\"},\"image\":{\"@id\":\"https:\/\/sportac.cl\/index.php\/producto\/pistola-co2-stinger-17-polimero-4-5mm\/#primaryimage\"},\"thumbnailUrl\":\"https:\/\/sportac.cl\/wp-content\/uploads\/2026\/01\/pistola-stinger-17.jpg\",\"datePublished\":\"2026-01-09T14:24:21+00:00\",\"dateModified\":\"2026-01-09T15:00:29+00:00\",\"description\":\"PISTOLA CO2 STINGER 17 POLIMERO 4.5mm Calibre: 4.5 mm BBs de aceroVelocidad: 115 m\/sCapacidad del cargador: 20 BBsLongitud total: 20,5 cmLongitud del ca\u00f1\u00f3n: 18,5 cmCorredera: FijaPeso: 450 gMaterial de construcci\u00f3n: Pol\u00edmero de alta resistenciaMarca: Stinger\",\"breadcrumb\":{\"@id\":\"https:\/\/sportac.cl\/index.php\/producto\/pistola-co2-stinger-17-polimero-4-5mm\/#breadcrumb\"},\"inLanguage\":\"es\",\"potentialAction\":[{\"@type\":\"ReadAction\",\"target\":[\"https:\/\/sportac.cl\/index.php\/producto\/pistola-co2-stinger-17-polimero-4-5mm\/\"]}]},{\"@type\":\"ImageObject\",\"inLanguage\":\"es\",\"@id\":\"https:\/\/sportac.cl\/index.php\/producto\/pistola-co2-stinger-17-polimero-4-5mm\/#primaryimage\",\"url\":\"https:\/\/sportac.cl\/wp-content\/uploads\/2026\/01\/pistola-stinger-17.jpg\",\"contentUrl\":\"https:\/\/sportac.cl\/wp-content\/uploads\/2026\/01\/pistola-stinger-17.jpg\",\"width\":1082,\"height\":1082},{\"@type\":\"BreadcrumbList\",\"@id\":\"https:\/\/sportac.cl\/index.php\/producto\/pistola-co2-stinger-17-polimero-4-5mm\/#breadcrumb\",\"itemListElement\":[{\"@type\":\"ListItem\",\"position\":1,\"name\":\"Portada\",\"item\":\"https:\/\/sportac.cl\/index.php\/home\/\"},{\"@type\":\"ListItem\",\"position\":2,\"name\":\"Tienda\",\"item\":\"https:\/\/sportac.cl\/index.php\/tienda\/\"},{\"@type\":\"ListItem\",\"position\":3,\"name\":\"PISTOLA CO2 STINGER 17 POLIMERO 4.5mm\"}]},{\"@type\":\"WebSite\",\"@id\":\"https:\/\/sportac.cl\/#website\",\"url\":\"https:\/\/sportac.cl\/\",\"name\":\"Sportac Linternas Caza y Pesca Camping\",\"description\":\"Sportac.cl, tienda dedicada a venta de linternas profesionales y de alta calidad orientadas a deporte, industria y aplicaciones t\u00e1cticas Caza y Pesca\",\"publisher\":{\"@id\":\"https:\/\/sportac.cl\/#organization\"},\"alternateName\":\"Tienda de Equipos - Linternas - Caza - Pesca - Camping\",\"potentialAction\":[{\"@type\":\"SearchAction\",\"target\":{\"@type\":\"EntryPoint\",\"urlTemplate\":\"https:\/\/sportac.cl\/?s={search_term_string}\"},\"query-input\":{\"@type\":\"PropertyValueSpecification\",\"valueRequired\":true,\"valueName\":\"search_term_string\"}}],\"inLanguage\":\"es\"},{\"@type\":\"Organization\",\"@id\":\"https:\/\/sportac.cl\/#organization\",\"name\":\"Sportac Tienda de Equipos de Caza y Pesca\",\"alternateName\":\"Fenixligth, Fenix, linternas tacticas, led, iluminacion, mineria, Sportac, linternas Fenix, linterna C7, linterna HM71R, Linterna TK20R, iluminacion industrial, lantern,\u00a0flashlight Rifle pcp, Beeman, Glock, umarex, pistola traumatica, rifle nitropiston, pistola balines,\u00a0postones,\u00a0co2\",\"url\":\"https:\/\/sportac.cl\/\",\"logo\":{\"@type\":\"ImageObject\",\"inLanguage\":\"es\",\"@id\":\"https:\/\/sportac.cl\/#\/schema\/logo\/image\/\",\"url\":\"https:\/\/sportac.cl\/wp-content\/uploads\/2025\/10\/cropped-Logo-Sportac-_-blanco.png\",\"contentUrl\":\"https:\/\/sportac.cl\/wp-content\/uploads\/2025\/10\/cropped-Logo-Sportac-_-blanco.png\",\"width\":240,\"height\":259,\"caption\":\"Sportac Tienda de Equipos de Caza y Pesca\"},\"image\":{\"@id\":\"https:\/\/sportac.cl\/#\/schema\/logo\/image\/\"},\"sameAs\":[\"https:\/\/www.facebook.com\/profile.php?id=100064005011199&locale=bn_IN#\",\"https:\/\/www.instagram.com\/sportac_fenix?igsh=cXBnb25jMzdwYzIw\",\"https:\/\/www.tiktok.com\/@sportac73?_t=ZM-90r8HiYyUNk&_r=1\"]}]}<\/script>\n<!-- \/ Yoast SEO plugin. -->","yoast_head_json":{"title":"PISTOLA CO2 STINGER 17 POLIMERO 4.5mm - Sportac.cl","description":"PISTOLA CO2 STINGER 17 POLIMERO 4.5mm Calibre: 4.5 mm BBs de aceroVelocidad: 115 m\/sCapacidad del cargador: 20 BBsLongitud total: 20,5 cmLongitud del ca\u00f1\u00f3n: 18,5 cmCorredera: FijaPeso: 450 gMaterial de construcci\u00f3n: Pol\u00edmero de alta resistenciaMarca: Stinger","robots":{"index":"index","follow":"follow","max-snippet":"max-snippet:-1","max-image-preview":"max-image-preview:large","max-video-preview":"max-video-preview:-1"},"canonical":"https:\/\/sportac.cl\/index.php\/producto\/pistola-co2-stinger-17-polimero-4-5mm\/","og_locale":"es_ES","og_type":"article","og_title":"PISTOLA CO2 STINGER 17 POLIMERO 4.5mm - Sportac.cl","og_description":"PISTOLA CO2 STINGER 17 POLIMERO 4.5mm Calibre: 4.5 mm BBs de aceroVelocidad: 115 m\/sCapacidad del cargador: 20 BBsLongitud total: 20,5 cmLongitud del ca\u00f1\u00f3n: 18,5 cmCorredera: FijaPeso: 450 gMaterial de construcci\u00f3n: Pol\u00edmero de alta resistenciaMarca: Stinger","og_url":"https:\/\/sportac.cl\/index.php\/producto\/pistola-co2-stinger-17-polimero-4-5mm\/","og_site_name":"Sportac.cl","article_publisher":"https:\/\/www.facebook.com\/profile.php?id=100064005011199&locale=bn_IN#","article_modified_time":"2026-01-09T15:00:29+00:00","og_image":[{"width":1082,"height":1082,"url":"https:\/\/sportac.cl\/wp-content\/uploads\/2026\/01\/pistola-stinger-17.jpg","type":"image\/jpeg"}],"twitter_card":"summary_large_image","twitter_misc":{"Tiempo de lectura":"1 minuto"},"schema":{"@context":"https:\/\/schema.org","@graph":[{"@type":"WebPage","@id":"https:\/\/sportac.cl\/index.php\/producto\/pistola-co2-stinger-17-polimero-4-5mm\/","url":"https:\/\/sportac.cl\/index.php\/producto\/pistola-co2-stinger-17-polimero-4-5mm\/","name":"PISTOLA CO2 STINGER 17 POLIMERO 4.5mm - Sportac.cl","isPartOf":{"@id":"https:\/\/sportac.cl\/#website"},"primaryImageOfPage":{"@id":"https:\/\/sportac.cl\/index.php\/producto\/pistola-co2-stinger-17-polimero-4-5mm\/#primaryimage"},"image":{"@id":"https:\/\/sportac.cl\/index.php\/producto\/pistola-co2-stinger-17-polimero-4-5mm\/#primaryimage"},"thumbnailUrl":"https:\/\/sportac.cl\/wp-content\/uploads\/2026\/01\/pistola-stinger-17.jpg","datePublished":"2026-01-09T14:24:21+00:00","dateModified":"2026-01-09T15:00:29+00:00","description":"PISTOLA CO2 STINGER 17 POLIMERO 4.5mm Calibre: 4.5 mm BBs de aceroVelocidad: 115 m\/sCapacidad del cargador: 20 BBsLongitud total: 20,5 cmLongitud del ca\u00f1\u00f3n: 18,5 cmCorredera: FijaPeso: 450 gMaterial de construcci\u00f3n: Pol\u00edmero de alta resistenciaMarca: Stinger","breadcrumb":{"@id":"https:\/\/sportac.cl\/index.php\/producto\/pistola-co2-stinger-17-polimero-4-5mm\/#breadcrumb"},"inLanguage":"es","potentialAction":[{"@type":"ReadAction","target":["https:\/\/sportac.cl\/index.php\/producto\/pistola-co2-stinger-17-polimero-4-5mm\/"]}]},{"@type":"ImageObject","inLanguage":"es","@id":"https:\/\/sportac.cl\/index.php\/producto\/pistola-co2-stinger-17-polimero-4-5mm\/#primaryimage","url":"https:\/\/sportac.cl\/wp-content\/uploads\/2026\/01\/pistola-stinger-17.jpg","contentUrl":"https:\/\/sportac.cl\/wp-content\/uploads\/2026\/01\/pistola-stinger-17.jpg","width":1082,"height":1082},{"@type":"BreadcrumbList","@id":"https:\/\/sportac.cl\/index.php\/producto\/pistola-co2-stinger-17-polimero-4-5mm\/#breadcrumb","itemListElement":[{"@type":"ListItem","position":1,"name":"Portada","item":"https:\/\/sportac.cl\/index.php\/home\/"},{"@type":"ListItem","position":2,"name":"Tienda","item":"https:\/\/sportac.cl\/index.php\/tienda\/"},{"@type":"ListItem","position":3,"name":"PISTOLA CO2 STINGER 17 POLIMERO 4.5mm"}]},{"@type":"WebSite","@id":"https:\/\/sportac.cl\/#website","url":"https:\/\/sportac.cl\/","name":"Sportac Linternas Caza y Pesca Camping","description":"Sportac.cl, tienda dedicada a venta de linternas profesionales y de alta calidad orientadas a deporte, industria y aplicaciones t\u00e1cticas Caza y Pesca","publisher":{"@id":"https:\/\/sportac.cl\/#organization"},"alternateName":"Tienda de Equipos - Linternas - Caza - Pesca - Camping","potentialAction":[{"@type":"SearchAction","target":{"@type":"EntryPoint","urlTemplate":"https:\/\/sportac.cl\/?s={search_term_string}"},"query-input":{"@type":"PropertyValueSpecification","valueRequired":true,"valueName":"search_term_string"}}],"inLanguage":"es"},{"@type":"Organization","@id":"https:\/\/sportac.cl\/#organization","name":"Sportac Tienda de Equipos de Caza y Pesca","alternateName":"Fenixligth, Fenix, linternas tacticas, led, iluminacion, mineria, Sportac, linternas Fenix, linterna C7, linterna HM71R, Linterna TK20R, iluminacion industrial, lantern,\u00a0flashlight Rifle pcp, Beeman, Glock, umarex, pistola traumatica, rifle nitropiston, pistola balines,\u00a0postones,\u00a0co2","url":"https:\/\/sportac.cl\/","logo":{"@type":"ImageObject","inLanguage":"es","@id":"https:\/\/sportac.cl\/#\/schema\/logo\/image\/","url":"https:\/\/sportac.cl\/wp-content\/uploads\/2025\/10\/cropped-Logo-Sportac-_-blanco.png","contentUrl":"https:\/\/sportac.cl\/wp-content\/uploads\/2025\/10\/cropped-Logo-Sportac-_-blanco.png","width":240,"height":259,"caption":"Sportac Tienda de Equipos de Caza y Pesca"},"image":{"@id":"https:\/\/sportac.cl\/#\/schema\/logo\/image\/"},"sameAs":["https:\/\/www.facebook.com\/profile.php?id=100064005011199&locale=bn_IN#","https:\/\/www.instagram.com\/sportac_fenix?igsh=cXBnb25jMzdwYzIw","https:\/\/www.tiktok.com\/@sportac73?_t=ZM-90r8HiYyUNk&_r=1"]}]}},"_links":{"self":[{"href":"https:\/\/sportac.cl\/index.php\/wp-json\/wp\/v2\/product\/704","targetHints":{"allow":["GET"]}}],"collection":[{"href":"https:\/\/sportac.cl\/index.php\/wp-json\/wp\/v2\/product"}],"about":[{"href":"https:\/\/sportac.cl\/index.php\/wp-json\/wp\/v2\/types\/product"}],"replies":[{"embeddable":true,"href":"https:\/\/sportac.cl\/index.php\/wp-json\/wp\/v2\/comments?post=704"}],"version-history":[{"count":2,"href":"https:\/\/sportac.cl\/index.php\/wp-json\/wp\/v2\/product\/704\/revisions"}],"predecessor-version":[{"id":710,"href":"https:\/\/sportac.cl\/index.php\/wp-json\/wp\/v2\/product\/704\/revisions\/710"}],"wp:featuredmedia":[{"embeddable":true,"href":"https:\/\/sportac.cl\/index.php\/wp-json\/wp\/v2\/media\/708"}],"wp:attachment":[{"href":"https:\/\/sportac.cl\/index.php\/wp-json\/wp\/v2\/media?parent=704"}],"wp:term":[{"taxonomy":"product_brand","embeddable":true,"href":"https:\/\/sportac.cl\/index.php\/wp-json\/wp\/v2\/product_brand?post=704"},{"taxonomy":"product_cat","embeddable":true,"href":"https:\/\/sportac.cl\/index.php\/wp-json\/wp\/v2\/product_cat?post=704"},{"taxonomy":"product_tag","embeddable":true,"href":"https:\/\/sportac.cl\/index.php\/wp-json\/wp\/v2\/product_tag?post=704"}],"curies":[{"name":"wp","href":"https:\/\/api.w.org\/{rel}","templated":true}]}}