{"id":65,"date":"2025-10-18T01:35:45","date_gmt":"2025-10-18T01:35:45","guid":{"rendered":"https:\/\/sportac.cl\/index.php\/producto\/sports-multi-function-electronic-watch\/"},"modified":"2025-11-04T15:58:36","modified_gmt":"2025-11-04T15:58:36","slug":"fenix-c7","status":"publish","type":"product","link":"https:\/\/sportac.cl\/index.php\/producto\/fenix-c7\/","title":{"rendered":"Linterna Fenix C7"},"content":{"rendered":"<p>En Sportac tenemos la linterna Fenix C7, es recargable de alto rendimiento para operaciones y mantenimiento industrial. Cuenta con carga USB tipo C con la bater\u00eda de iones de litio recargable de 5000 mAh incluida. Ofrece una potencia de hasta 3000 l\u00famenes en potencia turbo mientras con una distancia de hasta 470 metros, y el tiempo de ejecuci\u00f3n alcanza las 68 horas cuando se usa en potencia Eco. La base magn\u00e9tica es perfecta para usar con las manos libres, para sujetar la linterna a una superficie met\u00e1lica cercana. La linterna LED Fenix C7 es una excelente herramienta que no te puedes perder, para ser un buen compa\u00f1ero en tipos de actividades al aire libre o para usar en tipos de lugares de trabajo industriales.<\/p>\n<ul>\n<li>Tama\u00f1o: 149 x 40 x 27 mm<\/li>\n<li>Peso: 172 g (sin bater\u00eda)<\/li>\n<li>Tipo de bater\u00eda: incluida una bater\u00eda recargable de iones de litio 21700<\/li>\n<li>Potencia m\u00e1xima de 3000 l\u00famenes, distancia m\u00e1xima de 470 metros.<\/li>\n<li>Un LED Luminus SST70 con una vida \u00fatil de 50.000 horas.<\/li>\n<li>Incluye una bater\u00eda de iones de litio recargable de 5000 mAh.<\/li>\n<li>Encendido \/ apagado, selecci\u00f3n de salida con el interruptor lateral.<\/li>\n<li>USB tipo C recargable, 3 horas para carga completa.<\/li>\n<li>Base magn\u00e9tica para uso manos libres.<\/li>\n<li>Indicaci\u00f3n de nivel de bater\u00eda.<\/li>\n<li>Hecho de aluminio duradero A6061-T6.<\/li>\n<li>Acabado antiabrasivo anodizado duro tipo HAIII de primera calidad.<\/li>\n<\/ul>\n","protected":false},"excerpt":{"rendered":"<p>La linterna Fenix C7 es recargable de alto rendimiento para operaciones y mantenimiento industrial. Cuenta con carga USB tipo C con la bater\u00eda de iones de litio recargable de 5000 mAh incluida. Ofrece una potencia de hasta 3000 l\u00famenes en potencia turbo mientras con una distancia de hasta 470 metros.<\/p>\n","protected":false},"featured_media":91,"comment_status":"open","ping_status":"closed","template":"","meta":[],"product_brand":[],"product_cat":[17,106],"product_tag":[],"class_list":{"0":"post-65","1":"product","2":"type-product","3":"status-publish","4":"has-post-thumbnail","6":"product_cat-linternas-fenix","7":"product_cat-linternastrabajoindustrial","9":"first","10":"instock","11":"taxable","12":"shipping-taxable","13":"purchasable","14":"product-type-simple"},"yoast_head":"<!-- This site is optimized with the Yoast SEO plugin v26.1.1 - https:\/\/yoast.com\/wordpress\/plugins\/seo\/ -->\n<title>Linterna Fenix C7 - Sportac.cl<\/title>\n<meta name=\"description\" content=\"fenix linternas led tacticas c7 tk20r ht18r caza seguridad hogar iluminacion\" \/>\n<meta name=\"robots\" content=\"index, follow, max-snippet:-1, max-image-preview:large, max-video-preview:-1\" \/>\n<link rel=\"canonical\" href=\"https:\/\/sportac.cl\/index.php\/producto\/fenix-c7\/\" \/>\n<meta property=\"og:locale\" content=\"es_ES\" \/>\n<meta property=\"og:type\" content=\"article\" \/>\n<meta property=\"og:title\" content=\"Linterna Fenix C7 - Sportac.cl\" \/>\n<meta property=\"og:description\" content=\"fenix linternas led tacticas c7 tk20r ht18r caza seguridad hogar iluminacion\" \/>\n<meta property=\"og:url\" content=\"https:\/\/sportac.cl\/index.php\/producto\/fenix-c7\/\" \/>\n<meta property=\"og:site_name\" content=\"Sportac.cl\" \/>\n<meta property=\"article:publisher\" content=\"https:\/\/www.facebook.com\/profile.php?id=100064005011199&amp;locale=bn_IN#\" \/>\n<meta property=\"article:modified_time\" content=\"2025-11-04T15:58:36+00:00\" \/>\n<meta property=\"og:image\" content=\"https:\/\/sportac.cl\/wp-content\/uploads\/2025\/10\/C7.jpg\" \/>\n\t<meta property=\"og:image:width\" content=\"1595\" \/>\n\t<meta property=\"og:image:height\" content=\"1245\" \/>\n\t<meta property=\"og:image:type\" content=\"image\/jpeg\" \/>\n<meta name=\"twitter:card\" content=\"summary_large_image\" \/>\n<meta name=\"twitter:label1\" content=\"Tiempo de lectura\" \/>\n\t<meta name=\"twitter:data1\" content=\"2 minutos\" \/>\n<script type=\"application\/ld+json\" class=\"yoast-schema-graph\">{\"@context\":\"https:\/\/schema.org\",\"@graph\":[{\"@type\":\"WebPage\",\"@id\":\"https:\/\/sportac.cl\/index.php\/producto\/fenix-c7\/\",\"url\":\"https:\/\/sportac.cl\/index.php\/producto\/fenix-c7\/\",\"name\":\"Linterna Fenix C7 - Sportac.cl\",\"isPartOf\":{\"@id\":\"https:\/\/sportac.cl\/#website\"},\"primaryImageOfPage\":{\"@id\":\"https:\/\/sportac.cl\/index.php\/producto\/fenix-c7\/#primaryimage\"},\"image\":{\"@id\":\"https:\/\/sportac.cl\/index.php\/producto\/fenix-c7\/#primaryimage\"},\"thumbnailUrl\":\"https:\/\/sportac.cl\/wp-content\/uploads\/2025\/10\/C7.jpg\",\"datePublished\":\"2025-10-18T01:35:45+00:00\",\"dateModified\":\"2025-11-04T15:58:36+00:00\",\"description\":\"fenix linternas led tacticas c7 tk20r ht18r caza seguridad hogar iluminacion\",\"breadcrumb\":{\"@id\":\"https:\/\/sportac.cl\/index.php\/producto\/fenix-c7\/#breadcrumb\"},\"inLanguage\":\"es\",\"potentialAction\":[{\"@type\":\"ReadAction\",\"target\":[\"https:\/\/sportac.cl\/index.php\/producto\/fenix-c7\/\"]}]},{\"@type\":\"ImageObject\",\"inLanguage\":\"es\",\"@id\":\"https:\/\/sportac.cl\/index.php\/producto\/fenix-c7\/#primaryimage\",\"url\":\"https:\/\/sportac.cl\/wp-content\/uploads\/2025\/10\/C7.jpg\",\"contentUrl\":\"https:\/\/sportac.cl\/wp-content\/uploads\/2025\/10\/C7.jpg\",\"width\":1595,\"height\":1245},{\"@type\":\"BreadcrumbList\",\"@id\":\"https:\/\/sportac.cl\/index.php\/producto\/fenix-c7\/#breadcrumb\",\"itemListElement\":[{\"@type\":\"ListItem\",\"position\":1,\"name\":\"Portada\",\"item\":\"https:\/\/sportac.cl\/index.php\/home\/\"},{\"@type\":\"ListItem\",\"position\":2,\"name\":\"Tienda\",\"item\":\"https:\/\/sportac.cl\/index.php\/tienda\/\"},{\"@type\":\"ListItem\",\"position\":3,\"name\":\"Linterna Fenix C7\"}]},{\"@type\":\"WebSite\",\"@id\":\"https:\/\/sportac.cl\/#website\",\"url\":\"https:\/\/sportac.cl\/\",\"name\":\"Sportac Linternas Caza y Pesca Camping\",\"description\":\"Sportac.cl, tienda dedicada a venta de linternas profesionales y de alta calidad orientadas a deporte, industria y aplicaciones t\u00e1cticas Caza y Pesca\",\"publisher\":{\"@id\":\"https:\/\/sportac.cl\/#organization\"},\"alternateName\":\"Tienda de Equipos - Linternas - Caza - Pesca - Camping\",\"potentialAction\":[{\"@type\":\"SearchAction\",\"target\":{\"@type\":\"EntryPoint\",\"urlTemplate\":\"https:\/\/sportac.cl\/?s={search_term_string}\"},\"query-input\":{\"@type\":\"PropertyValueSpecification\",\"valueRequired\":true,\"valueName\":\"search_term_string\"}}],\"inLanguage\":\"es\"},{\"@type\":\"Organization\",\"@id\":\"https:\/\/sportac.cl\/#organization\",\"name\":\"Sportac Tienda de Equipos de Caza y Pesca\",\"alternateName\":\"Fenixligth, Fenix, linternas tacticas, led, iluminacion, mineria, Sportac, linternas Fenix, linterna C7, linterna HM71R, Linterna TK20R, iluminacion industrial, lantern,\u00a0flashlight Rifle pcp, Beeman, Glock, umarex, pistola traumatica, rifle nitropiston, pistola balines,\u00a0postones,\u00a0co2\",\"url\":\"https:\/\/sportac.cl\/\",\"logo\":{\"@type\":\"ImageObject\",\"inLanguage\":\"es\",\"@id\":\"https:\/\/sportac.cl\/#\/schema\/logo\/image\/\",\"url\":\"https:\/\/sportac.cl\/wp-content\/uploads\/2025\/10\/cropped-Logo-Sportac-_-blanco.png\",\"contentUrl\":\"https:\/\/sportac.cl\/wp-content\/uploads\/2025\/10\/cropped-Logo-Sportac-_-blanco.png\",\"width\":240,\"height\":259,\"caption\":\"Sportac Tienda de Equipos de Caza y Pesca\"},\"image\":{\"@id\":\"https:\/\/sportac.cl\/#\/schema\/logo\/image\/\"},\"sameAs\":[\"https:\/\/www.facebook.com\/profile.php?id=100064005011199&locale=bn_IN#\",\"https:\/\/www.instagram.com\/sportac_fenix?igsh=cXBnb25jMzdwYzIw\",\"https:\/\/www.tiktok.com\/@sportac73?_t=ZM-90r8HiYyUNk&_r=1\"]}]}<\/script>\n<!-- \/ Yoast SEO plugin. -->","yoast_head_json":{"title":"Linterna Fenix C7 - Sportac.cl","description":"fenix linternas led tacticas c7 tk20r ht18r caza seguridad hogar iluminacion","robots":{"index":"index","follow":"follow","max-snippet":"max-snippet:-1","max-image-preview":"max-image-preview:large","max-video-preview":"max-video-preview:-1"},"canonical":"https:\/\/sportac.cl\/index.php\/producto\/fenix-c7\/","og_locale":"es_ES","og_type":"article","og_title":"Linterna Fenix C7 - Sportac.cl","og_description":"fenix linternas led tacticas c7 tk20r ht18r caza seguridad hogar iluminacion","og_url":"https:\/\/sportac.cl\/index.php\/producto\/fenix-c7\/","og_site_name":"Sportac.cl","article_publisher":"https:\/\/www.facebook.com\/profile.php?id=100064005011199&locale=bn_IN#","article_modified_time":"2025-11-04T15:58:36+00:00","og_image":[{"width":1595,"height":1245,"url":"https:\/\/sportac.cl\/wp-content\/uploads\/2025\/10\/C7.jpg","type":"image\/jpeg"}],"twitter_card":"summary_large_image","twitter_misc":{"Tiempo de lectura":"2 minutos"},"schema":{"@context":"https:\/\/schema.org","@graph":[{"@type":"WebPage","@id":"https:\/\/sportac.cl\/index.php\/producto\/fenix-c7\/","url":"https:\/\/sportac.cl\/index.php\/producto\/fenix-c7\/","name":"Linterna Fenix C7 - Sportac.cl","isPartOf":{"@id":"https:\/\/sportac.cl\/#website"},"primaryImageOfPage":{"@id":"https:\/\/sportac.cl\/index.php\/producto\/fenix-c7\/#primaryimage"},"image":{"@id":"https:\/\/sportac.cl\/index.php\/producto\/fenix-c7\/#primaryimage"},"thumbnailUrl":"https:\/\/sportac.cl\/wp-content\/uploads\/2025\/10\/C7.jpg","datePublished":"2025-10-18T01:35:45+00:00","dateModified":"2025-11-04T15:58:36+00:00","description":"fenix linternas led tacticas c7 tk20r ht18r caza seguridad hogar iluminacion","breadcrumb":{"@id":"https:\/\/sportac.cl\/index.php\/producto\/fenix-c7\/#breadcrumb"},"inLanguage":"es","potentialAction":[{"@type":"ReadAction","target":["https:\/\/sportac.cl\/index.php\/producto\/fenix-c7\/"]}]},{"@type":"ImageObject","inLanguage":"es","@id":"https:\/\/sportac.cl\/index.php\/producto\/fenix-c7\/#primaryimage","url":"https:\/\/sportac.cl\/wp-content\/uploads\/2025\/10\/C7.jpg","contentUrl":"https:\/\/sportac.cl\/wp-content\/uploads\/2025\/10\/C7.jpg","width":1595,"height":1245},{"@type":"BreadcrumbList","@id":"https:\/\/sportac.cl\/index.php\/producto\/fenix-c7\/#breadcrumb","itemListElement":[{"@type":"ListItem","position":1,"name":"Portada","item":"https:\/\/sportac.cl\/index.php\/home\/"},{"@type":"ListItem","position":2,"name":"Tienda","item":"https:\/\/sportac.cl\/index.php\/tienda\/"},{"@type":"ListItem","position":3,"name":"Linterna Fenix C7"}]},{"@type":"WebSite","@id":"https:\/\/sportac.cl\/#website","url":"https:\/\/sportac.cl\/","name":"Sportac Linternas Caza y Pesca Camping","description":"Sportac.cl, tienda dedicada a venta de linternas profesionales y de alta calidad orientadas a deporte, industria y aplicaciones t\u00e1cticas Caza y Pesca","publisher":{"@id":"https:\/\/sportac.cl\/#organization"},"alternateName":"Tienda de Equipos - Linternas - Caza - Pesca - Camping","potentialAction":[{"@type":"SearchAction","target":{"@type":"EntryPoint","urlTemplate":"https:\/\/sportac.cl\/?s={search_term_string}"},"query-input":{"@type":"PropertyValueSpecification","valueRequired":true,"valueName":"search_term_string"}}],"inLanguage":"es"},{"@type":"Organization","@id":"https:\/\/sportac.cl\/#organization","name":"Sportac Tienda de Equipos de Caza y Pesca","alternateName":"Fenixligth, Fenix, linternas tacticas, led, iluminacion, mineria, Sportac, linternas Fenix, linterna C7, linterna HM71R, Linterna TK20R, iluminacion industrial, lantern,\u00a0flashlight Rifle pcp, Beeman, Glock, umarex, pistola traumatica, rifle nitropiston, pistola balines,\u00a0postones,\u00a0co2","url":"https:\/\/sportac.cl\/","logo":{"@type":"ImageObject","inLanguage":"es","@id":"https:\/\/sportac.cl\/#\/schema\/logo\/image\/","url":"https:\/\/sportac.cl\/wp-content\/uploads\/2025\/10\/cropped-Logo-Sportac-_-blanco.png","contentUrl":"https:\/\/sportac.cl\/wp-content\/uploads\/2025\/10\/cropped-Logo-Sportac-_-blanco.png","width":240,"height":259,"caption":"Sportac Tienda de Equipos de Caza y Pesca"},"image":{"@id":"https:\/\/sportac.cl\/#\/schema\/logo\/image\/"},"sameAs":["https:\/\/www.facebook.com\/profile.php?id=100064005011199&locale=bn_IN#","https:\/\/www.instagram.com\/sportac_fenix?igsh=cXBnb25jMzdwYzIw","https:\/\/www.tiktok.com\/@sportac73?_t=ZM-90r8HiYyUNk&_r=1"]}]}},"_links":{"self":[{"href":"https:\/\/sportac.cl\/index.php\/wp-json\/wp\/v2\/product\/65","targetHints":{"allow":["GET"]}}],"collection":[{"href":"https:\/\/sportac.cl\/index.php\/wp-json\/wp\/v2\/product"}],"about":[{"href":"https:\/\/sportac.cl\/index.php\/wp-json\/wp\/v2\/types\/product"}],"replies":[{"embeddable":true,"href":"https:\/\/sportac.cl\/index.php\/wp-json\/wp\/v2\/comments?post=65"}],"version-history":[{"count":1,"href":"https:\/\/sportac.cl\/index.php\/wp-json\/wp\/v2\/product\/65\/revisions"}],"predecessor-version":[{"id":462,"href":"https:\/\/sportac.cl\/index.php\/wp-json\/wp\/v2\/product\/65\/revisions\/462"}],"wp:featuredmedia":[{"embeddable":true,"href":"https:\/\/sportac.cl\/index.php\/wp-json\/wp\/v2\/media\/91"}],"wp:attachment":[{"href":"https:\/\/sportac.cl\/index.php\/wp-json\/wp\/v2\/media?parent=65"}],"wp:term":[{"taxonomy":"product_brand","embeddable":true,"href":"https:\/\/sportac.cl\/index.php\/wp-json\/wp\/v2\/product_brand?post=65"},{"taxonomy":"product_cat","embeddable":true,"href":"https:\/\/sportac.cl\/index.php\/wp-json\/wp\/v2\/product_cat?post=65"},{"taxonomy":"product_tag","embeddable":true,"href":"https:\/\/sportac.cl\/index.php\/wp-json\/wp\/v2\/product_tag?post=65"}],"curies":[{"name":"wp","href":"https:\/\/api.w.org\/{rel}","templated":true}]}}