{"id":637,"date":"2025-12-26T14:02:42","date_gmt":"2025-12-26T14:02:42","guid":{"rendered":"https:\/\/sportac.cl\/?post_type=product&#038;p=637"},"modified":"2025-12-26T14:59:45","modified_gmt":"2025-12-26T14:59:45","slug":"senuelo-hart-shl-925-31gr","status":"publish","type":"product","link":"https:\/\/sportac.cl\/index.php\/producto\/senuelo-hart-shl-925-31gr\/","title":{"rendered":"Se\u00f1uelo HART SHL 92S 31GR 92mm"},"content":{"rendered":"<p>Peso 31 gr<\/p>\n<p>Longitud 92mm<\/p>\n<p>Este peque\u00f1o jig-minnow tiene excepcional peso para su peque\u00f1o tama\u00f1o. Se lanza como un plomo y su velocidad de hundimiento es extra-fast. Perfecto para rascar los fondos arenosos desde la embarcaci\u00f3n y para pescar desde rocas y escolleras en d\u00edas de mares bravas.<\/p>\n","protected":false},"excerpt":{"rendered":"<p>Peso 31 gr<\/p>\n<p>Longitud 92mm<\/p>\n<p>Este peque\u00f1o jig-minnow tiene excepcional peso para su peque\u00f1o tama\u00f1o. Se lanza como un plomo y su velocidad de hundimiento es extra-fast. Perfecto para rascar los fondos arenosos desde la embarcaci\u00f3n y para pescar desde rocas y escolleras en d\u00edas de mares bravas.<\/p>\n","protected":false},"featured_media":638,"comment_status":"open","ping_status":"closed","template":"","meta":[],"product_brand":[],"product_cat":[15,78],"product_tag":[193,195,192,194,191],"class_list":{"0":"post-637","1":"product","2":"type-product","3":"status-publish","4":"has-post-thumbnail","6":"product_cat-sin-categorizar","7":"product_cat-senuelos","8":"product_tag-pesca-en-roca","9":"product_tag-senuelo-lance-largo","10":"product_tag-senuelo-para-fondo-arenoso","11":"product_tag-senuelo-para-mar","12":"product_tag-senuelo-sinking-senuelo-pesca-en-profundidad","14":"first","15":"instock","16":"taxable","17":"shipping-taxable","18":"purchasable","19":"product-type-simple"},"yoast_head":"<!-- This site is optimized with the Yoast SEO plugin v26.1.1 - https:\/\/yoast.com\/wordpress\/plugins\/seo\/ -->\n<title>Se\u00f1uelo HART SHL 92S 31GR 92mm - Sportac.cl<\/title>\n<meta name=\"description\" content=\"Se\u00f1uelo HART SHL 92S 31GR 92mm -Este peque\u00f1o jig-minnow tiene excepcional peso para su peque\u00f1o tama\u00f1o. Se lanza como un plomo y su velocidad de hundimiento.\" \/>\n<meta name=\"robots\" content=\"index, follow, max-snippet:-1, max-image-preview:large, max-video-preview:-1\" \/>\n<link rel=\"canonical\" href=\"https:\/\/sportac.cl\/index.php\/producto\/senuelo-hart-shl-925-31gr\/\" \/>\n<meta property=\"og:locale\" content=\"es_ES\" \/>\n<meta property=\"og:type\" content=\"article\" \/>\n<meta property=\"og:title\" content=\"Se\u00f1uelo HART SHL 92S 31GR 92mm - Sportac.cl\" \/>\n<meta property=\"og:description\" content=\"Se\u00f1uelo HART SHL 92S 31GR 92mm -Este peque\u00f1o jig-minnow tiene excepcional peso para su peque\u00f1o tama\u00f1o. Se lanza como un plomo y su velocidad de hundimiento.\" \/>\n<meta property=\"og:url\" content=\"https:\/\/sportac.cl\/index.php\/producto\/senuelo-hart-shl-925-31gr\/\" \/>\n<meta property=\"og:site_name\" content=\"Sportac.cl\" \/>\n<meta property=\"article:publisher\" content=\"https:\/\/www.facebook.com\/profile.php?id=100064005011199&amp;locale=bn_IN#\" \/>\n<meta property=\"article:modified_time\" content=\"2025-12-26T14:59:45+00:00\" \/>\n<meta property=\"og:image\" content=\"https:\/\/sportac.cl\/wp-content\/uploads\/2025\/12\/SHL-925-FONDO-BLANCO.jpg\" \/>\n\t<meta property=\"og:image:width\" content=\"2250\" \/>\n\t<meta property=\"og:image:height\" content=\"2250\" \/>\n\t<meta property=\"og:image:type\" content=\"image\/jpeg\" \/>\n<meta name=\"twitter:card\" content=\"summary_large_image\" \/>\n<meta name=\"twitter:label1\" content=\"Tiempo de lectura\" \/>\n\t<meta name=\"twitter:data1\" content=\"1 minuto\" \/>\n<script type=\"application\/ld+json\" class=\"yoast-schema-graph\">{\"@context\":\"https:\/\/schema.org\",\"@graph\":[{\"@type\":\"WebPage\",\"@id\":\"https:\/\/sportac.cl\/index.php\/producto\/senuelo-hart-shl-925-31gr\/\",\"url\":\"https:\/\/sportac.cl\/index.php\/producto\/senuelo-hart-shl-925-31gr\/\",\"name\":\"Se\u00f1uelo HART SHL 92S 31GR 92mm - Sportac.cl\",\"isPartOf\":{\"@id\":\"https:\/\/sportac.cl\/#website\"},\"primaryImageOfPage\":{\"@id\":\"https:\/\/sportac.cl\/index.php\/producto\/senuelo-hart-shl-925-31gr\/#primaryimage\"},\"image\":{\"@id\":\"https:\/\/sportac.cl\/index.php\/producto\/senuelo-hart-shl-925-31gr\/#primaryimage\"},\"thumbnailUrl\":\"https:\/\/sportac.cl\/wp-content\/uploads\/2025\/12\/SHL-925-FONDO-BLANCO.jpg\",\"datePublished\":\"2025-12-26T14:02:42+00:00\",\"dateModified\":\"2025-12-26T14:59:45+00:00\",\"description\":\"Se\u00f1uelo HART SHL 92S 31GR 92mm -Este peque\u00f1o jig-minnow tiene excepcional peso para su peque\u00f1o tama\u00f1o. Se lanza como un plomo y su velocidad de hundimiento.\",\"breadcrumb\":{\"@id\":\"https:\/\/sportac.cl\/index.php\/producto\/senuelo-hart-shl-925-31gr\/#breadcrumb\"},\"inLanguage\":\"es\",\"potentialAction\":[{\"@type\":\"ReadAction\",\"target\":[\"https:\/\/sportac.cl\/index.php\/producto\/senuelo-hart-shl-925-31gr\/\"]}]},{\"@type\":\"ImageObject\",\"inLanguage\":\"es\",\"@id\":\"https:\/\/sportac.cl\/index.php\/producto\/senuelo-hart-shl-925-31gr\/#primaryimage\",\"url\":\"https:\/\/sportac.cl\/wp-content\/uploads\/2025\/12\/SHL-925-FONDO-BLANCO.jpg\",\"contentUrl\":\"https:\/\/sportac.cl\/wp-content\/uploads\/2025\/12\/SHL-925-FONDO-BLANCO.jpg\",\"width\":2250,\"height\":2250},{\"@type\":\"BreadcrumbList\",\"@id\":\"https:\/\/sportac.cl\/index.php\/producto\/senuelo-hart-shl-925-31gr\/#breadcrumb\",\"itemListElement\":[{\"@type\":\"ListItem\",\"position\":1,\"name\":\"Portada\",\"item\":\"https:\/\/sportac.cl\/index.php\/home\/\"},{\"@type\":\"ListItem\",\"position\":2,\"name\":\"Tienda\",\"item\":\"https:\/\/sportac.cl\/index.php\/tienda\/\"},{\"@type\":\"ListItem\",\"position\":3,\"name\":\"Se\u00f1uelo HART SHL 92S 31GR 92mm\"}]},{\"@type\":\"WebSite\",\"@id\":\"https:\/\/sportac.cl\/#website\",\"url\":\"https:\/\/sportac.cl\/\",\"name\":\"Sportac Linternas Caza y Pesca Camping\",\"description\":\"Sportac.cl, tienda dedicada a venta de linternas profesionales y de alta calidad orientadas a deporte, industria y aplicaciones t\u00e1cticas Caza y Pesca\",\"publisher\":{\"@id\":\"https:\/\/sportac.cl\/#organization\"},\"alternateName\":\"Tienda de Equipos - Linternas - Caza - Pesca - Camping\",\"potentialAction\":[{\"@type\":\"SearchAction\",\"target\":{\"@type\":\"EntryPoint\",\"urlTemplate\":\"https:\/\/sportac.cl\/?s={search_term_string}\"},\"query-input\":{\"@type\":\"PropertyValueSpecification\",\"valueRequired\":true,\"valueName\":\"search_term_string\"}}],\"inLanguage\":\"es\"},{\"@type\":\"Organization\",\"@id\":\"https:\/\/sportac.cl\/#organization\",\"name\":\"Sportac Tienda de Equipos de Caza y Pesca\",\"alternateName\":\"Fenixligth, Fenix, linternas tacticas, led, iluminacion, mineria, Sportac, linternas Fenix, linterna C7, linterna HM71R, Linterna TK20R, iluminacion industrial, lantern,\u00a0flashlight Rifle pcp, Beeman, Glock, umarex, pistola traumatica, rifle nitropiston, pistola balines,\u00a0postones,\u00a0co2\",\"url\":\"https:\/\/sportac.cl\/\",\"logo\":{\"@type\":\"ImageObject\",\"inLanguage\":\"es\",\"@id\":\"https:\/\/sportac.cl\/#\/schema\/logo\/image\/\",\"url\":\"https:\/\/sportac.cl\/wp-content\/uploads\/2025\/10\/cropped-Logo-Sportac-_-blanco.png\",\"contentUrl\":\"https:\/\/sportac.cl\/wp-content\/uploads\/2025\/10\/cropped-Logo-Sportac-_-blanco.png\",\"width\":240,\"height\":259,\"caption\":\"Sportac Tienda de Equipos de Caza y Pesca\"},\"image\":{\"@id\":\"https:\/\/sportac.cl\/#\/schema\/logo\/image\/\"},\"sameAs\":[\"https:\/\/www.facebook.com\/profile.php?id=100064005011199&locale=bn_IN#\",\"https:\/\/www.instagram.com\/sportac_fenix?igsh=cXBnb25jMzdwYzIw\",\"https:\/\/www.tiktok.com\/@sportac73?_t=ZM-90r8HiYyUNk&_r=1\"]}]}<\/script>\n<!-- \/ Yoast SEO plugin. -->","yoast_head_json":{"title":"Se\u00f1uelo HART SHL 92S 31GR 92mm - Sportac.cl","description":"Se\u00f1uelo HART SHL 92S 31GR 92mm -Este peque\u00f1o jig-minnow tiene excepcional peso para su peque\u00f1o tama\u00f1o. Se lanza como un plomo y su velocidad de hundimiento.","robots":{"index":"index","follow":"follow","max-snippet":"max-snippet:-1","max-image-preview":"max-image-preview:large","max-video-preview":"max-video-preview:-1"},"canonical":"https:\/\/sportac.cl\/index.php\/producto\/senuelo-hart-shl-925-31gr\/","og_locale":"es_ES","og_type":"article","og_title":"Se\u00f1uelo HART SHL 92S 31GR 92mm - Sportac.cl","og_description":"Se\u00f1uelo HART SHL 92S 31GR 92mm -Este peque\u00f1o jig-minnow tiene excepcional peso para su peque\u00f1o tama\u00f1o. Se lanza como un plomo y su velocidad de hundimiento.","og_url":"https:\/\/sportac.cl\/index.php\/producto\/senuelo-hart-shl-925-31gr\/","og_site_name":"Sportac.cl","article_publisher":"https:\/\/www.facebook.com\/profile.php?id=100064005011199&locale=bn_IN#","article_modified_time":"2025-12-26T14:59:45+00:00","og_image":[{"width":2250,"height":2250,"url":"https:\/\/sportac.cl\/wp-content\/uploads\/2025\/12\/SHL-925-FONDO-BLANCO.jpg","type":"image\/jpeg"}],"twitter_card":"summary_large_image","twitter_misc":{"Tiempo de lectura":"1 minuto"},"schema":{"@context":"https:\/\/schema.org","@graph":[{"@type":"WebPage","@id":"https:\/\/sportac.cl\/index.php\/producto\/senuelo-hart-shl-925-31gr\/","url":"https:\/\/sportac.cl\/index.php\/producto\/senuelo-hart-shl-925-31gr\/","name":"Se\u00f1uelo HART SHL 92S 31GR 92mm - Sportac.cl","isPartOf":{"@id":"https:\/\/sportac.cl\/#website"},"primaryImageOfPage":{"@id":"https:\/\/sportac.cl\/index.php\/producto\/senuelo-hart-shl-925-31gr\/#primaryimage"},"image":{"@id":"https:\/\/sportac.cl\/index.php\/producto\/senuelo-hart-shl-925-31gr\/#primaryimage"},"thumbnailUrl":"https:\/\/sportac.cl\/wp-content\/uploads\/2025\/12\/SHL-925-FONDO-BLANCO.jpg","datePublished":"2025-12-26T14:02:42+00:00","dateModified":"2025-12-26T14:59:45+00:00","description":"Se\u00f1uelo HART SHL 92S 31GR 92mm -Este peque\u00f1o jig-minnow tiene excepcional peso para su peque\u00f1o tama\u00f1o. Se lanza como un plomo y su velocidad de hundimiento.","breadcrumb":{"@id":"https:\/\/sportac.cl\/index.php\/producto\/senuelo-hart-shl-925-31gr\/#breadcrumb"},"inLanguage":"es","potentialAction":[{"@type":"ReadAction","target":["https:\/\/sportac.cl\/index.php\/producto\/senuelo-hart-shl-925-31gr\/"]}]},{"@type":"ImageObject","inLanguage":"es","@id":"https:\/\/sportac.cl\/index.php\/producto\/senuelo-hart-shl-925-31gr\/#primaryimage","url":"https:\/\/sportac.cl\/wp-content\/uploads\/2025\/12\/SHL-925-FONDO-BLANCO.jpg","contentUrl":"https:\/\/sportac.cl\/wp-content\/uploads\/2025\/12\/SHL-925-FONDO-BLANCO.jpg","width":2250,"height":2250},{"@type":"BreadcrumbList","@id":"https:\/\/sportac.cl\/index.php\/producto\/senuelo-hart-shl-925-31gr\/#breadcrumb","itemListElement":[{"@type":"ListItem","position":1,"name":"Portada","item":"https:\/\/sportac.cl\/index.php\/home\/"},{"@type":"ListItem","position":2,"name":"Tienda","item":"https:\/\/sportac.cl\/index.php\/tienda\/"},{"@type":"ListItem","position":3,"name":"Se\u00f1uelo HART SHL 92S 31GR 92mm"}]},{"@type":"WebSite","@id":"https:\/\/sportac.cl\/#website","url":"https:\/\/sportac.cl\/","name":"Sportac Linternas Caza y Pesca Camping","description":"Sportac.cl, tienda dedicada a venta de linternas profesionales y de alta calidad orientadas a deporte, industria y aplicaciones t\u00e1cticas Caza y Pesca","publisher":{"@id":"https:\/\/sportac.cl\/#organization"},"alternateName":"Tienda de Equipos - Linternas - Caza - Pesca - Camping","potentialAction":[{"@type":"SearchAction","target":{"@type":"EntryPoint","urlTemplate":"https:\/\/sportac.cl\/?s={search_term_string}"},"query-input":{"@type":"PropertyValueSpecification","valueRequired":true,"valueName":"search_term_string"}}],"inLanguage":"es"},{"@type":"Organization","@id":"https:\/\/sportac.cl\/#organization","name":"Sportac Tienda de Equipos de Caza y Pesca","alternateName":"Fenixligth, Fenix, linternas tacticas, led, iluminacion, mineria, Sportac, linternas Fenix, linterna C7, linterna HM71R, Linterna TK20R, iluminacion industrial, lantern,\u00a0flashlight Rifle pcp, Beeman, Glock, umarex, pistola traumatica, rifle nitropiston, pistola balines,\u00a0postones,\u00a0co2","url":"https:\/\/sportac.cl\/","logo":{"@type":"ImageObject","inLanguage":"es","@id":"https:\/\/sportac.cl\/#\/schema\/logo\/image\/","url":"https:\/\/sportac.cl\/wp-content\/uploads\/2025\/10\/cropped-Logo-Sportac-_-blanco.png","contentUrl":"https:\/\/sportac.cl\/wp-content\/uploads\/2025\/10\/cropped-Logo-Sportac-_-blanco.png","width":240,"height":259,"caption":"Sportac Tienda de Equipos de Caza y Pesca"},"image":{"@id":"https:\/\/sportac.cl\/#\/schema\/logo\/image\/"},"sameAs":["https:\/\/www.facebook.com\/profile.php?id=100064005011199&locale=bn_IN#","https:\/\/www.instagram.com\/sportac_fenix?igsh=cXBnb25jMzdwYzIw","https:\/\/www.tiktok.com\/@sportac73?_t=ZM-90r8HiYyUNk&_r=1"]}]}},"_links":{"self":[{"href":"https:\/\/sportac.cl\/index.php\/wp-json\/wp\/v2\/product\/637","targetHints":{"allow":["GET"]}}],"collection":[{"href":"https:\/\/sportac.cl\/index.php\/wp-json\/wp\/v2\/product"}],"about":[{"href":"https:\/\/sportac.cl\/index.php\/wp-json\/wp\/v2\/types\/product"}],"replies":[{"embeddable":true,"href":"https:\/\/sportac.cl\/index.php\/wp-json\/wp\/v2\/comments?post=637"}],"version-history":[{"count":3,"href":"https:\/\/sportac.cl\/index.php\/wp-json\/wp\/v2\/product\/637\/revisions"}],"predecessor-version":[{"id":675,"href":"https:\/\/sportac.cl\/index.php\/wp-json\/wp\/v2\/product\/637\/revisions\/675"}],"wp:featuredmedia":[{"embeddable":true,"href":"https:\/\/sportac.cl\/index.php\/wp-json\/wp\/v2\/media\/638"}],"wp:attachment":[{"href":"https:\/\/sportac.cl\/index.php\/wp-json\/wp\/v2\/media?parent=637"}],"wp:term":[{"taxonomy":"product_brand","embeddable":true,"href":"https:\/\/sportac.cl\/index.php\/wp-json\/wp\/v2\/product_brand?post=637"},{"taxonomy":"product_cat","embeddable":true,"href":"https:\/\/sportac.cl\/index.php\/wp-json\/wp\/v2\/product_cat?post=637"},{"taxonomy":"product_tag","embeddable":true,"href":"https:\/\/sportac.cl\/index.php\/wp-json\/wp\/v2\/product_tag?post=637"}],"curies":[{"name":"wp","href":"https:\/\/api.w.org\/{rel}","templated":true}]}}