{"id":624,"date":"2025-12-24T13:41:45","date_gmt":"2025-12-24T13:41:45","guid":{"rendered":"https:\/\/sportac.cl\/?post_type=product&#038;p=624"},"modified":"2025-12-24T13:54:04","modified_gmt":"2025-12-24T13:54:04","slug":"senuelo-hart-peje-1135-50gr-113mm-senuelo-de-pesca-senuelo-peje","status":"publish","type":"product","link":"https:\/\/sportac.cl\/index.php\/producto\/senuelo-hart-peje-1135-50gr-113mm-senuelo-de-pesca-senuelo-peje\/","title":{"rendered":"Se\u00f1uelo HART PEJE 1135 50gr 113mm"},"content":{"rendered":"<p>Peso 50 gr.<\/p>\n<p>Longitud 113 mm.<\/p>\n<p>Este poderoso jerk de acci\u00f3n extra fast sinking se convertir\u00e1 en nuestro mejor aliado cuando busquemos el pescado en zonas lejanas de cierta profundidad. Sus 50 gramos perfectamente equilibrados con su contrapeso fijos intermos nos ayudan a catapultarlo como un cohete. Perfecto para recogidas lineales acompa\u00f1adas de peque\u00f1as pausas.<\/p>\n","protected":false},"excerpt":{"rendered":"<p>Peso 50 gr.<\/p>\n<p>Longitud 113 mm.<\/p>\n<p>Este producto jerk de acci\u00f3n extra fast sinking se convertir\u00e1 en nuestro mejor aliado cuando busquemos el pescado en zonas lejanas de cierta profundidad. Sus 50 gramos perfectamente equilibrados con su contrapeso fijos intermos nos ayudan a catapultarlo como un cohete. Perfecto para recogidas lineales acompa\u00f1adas de peque\u00f1as pausas.<\/p>\n","protected":false},"featured_media":625,"comment_status":"open","ping_status":"closed","template":"","meta":[],"product_brand":[],"product_cat":[78],"product_tag":[189,188,187,185,186],"class_list":{"0":"post-624","1":"product","2":"type-product","3":"status-publish","4":"has-post-thumbnail","6":"product_cat-senuelos","7":"product_tag-lanzado-largo","8":"product_tag-pesca-con-senuelos","9":"product_tag-pesca-deportiva","10":"product_tag-senuelos-de-pesca","11":"product_tag-senuelos-hart","13":"first","14":"instock","15":"taxable","16":"shipping-taxable","17":"purchasable","18":"product-type-simple"},"yoast_head":"<!-- This site is optimized with the Yoast SEO plugin v26.1.1 - https:\/\/yoast.com\/wordpress\/plugins\/seo\/ -->\n<title>Se\u00f1uelo HART PEJE 1135 50gr 113mm - Sportac.cl<\/title>\n<meta name=\"description\" content=\"Se\u00f1uelo HART PEJE 1135 50gr 113mm se\u00f1uelos para pesca- se\u00f1uelo peje, se\u00f1uelos de 50 gramos, se\u00f1uelos de 113 milimetros, pesca deportiva, se\u00f1uelos,\" \/>\n<meta name=\"robots\" content=\"index, follow, max-snippet:-1, max-image-preview:large, max-video-preview:-1\" \/>\n<link rel=\"canonical\" href=\"https:\/\/sportac.cl\/index.php\/producto\/senuelo-hart-peje-1135-50gr-113mm-senuelo-de-pesca-senuelo-peje\/\" \/>\n<meta property=\"og:locale\" content=\"es_ES\" \/>\n<meta property=\"og:type\" content=\"article\" \/>\n<meta property=\"og:title\" content=\"Se\u00f1uelo HART PEJE 1135 50gr 113mm - Sportac.cl\" \/>\n<meta property=\"og:description\" content=\"Se\u00f1uelo HART PEJE 1135 50gr 113mm se\u00f1uelos para pesca- se\u00f1uelo peje, se\u00f1uelos de 50 gramos, se\u00f1uelos de 113 milimetros, pesca deportiva, se\u00f1uelos,\" \/>\n<meta property=\"og:url\" content=\"https:\/\/sportac.cl\/index.php\/producto\/senuelo-hart-peje-1135-50gr-113mm-senuelo-de-pesca-senuelo-peje\/\" \/>\n<meta property=\"og:site_name\" content=\"Sportac.cl\" \/>\n<meta property=\"article:publisher\" content=\"https:\/\/www.facebook.com\/profile.php?id=100064005011199&amp;locale=bn_IN#\" \/>\n<meta property=\"article:modified_time\" content=\"2025-12-24T13:54:04+00:00\" \/>\n<meta property=\"og:image\" content=\"https:\/\/sportac.cl\/wp-content\/uploads\/2025\/12\/PEJE-1135-FONDO-BLANCO.jpg\" \/>\n\t<meta property=\"og:image:width\" content=\"2250\" \/>\n\t<meta property=\"og:image:height\" content=\"2250\" \/>\n\t<meta property=\"og:image:type\" content=\"image\/jpeg\" \/>\n<meta name=\"twitter:card\" content=\"summary_large_image\" \/>\n<meta name=\"twitter:label1\" content=\"Tiempo de lectura\" \/>\n\t<meta name=\"twitter:data1\" content=\"1 minuto\" \/>\n<script type=\"application\/ld+json\" class=\"yoast-schema-graph\">{\"@context\":\"https:\/\/schema.org\",\"@graph\":[{\"@type\":\"WebPage\",\"@id\":\"https:\/\/sportac.cl\/index.php\/producto\/senuelo-hart-peje-1135-50gr-113mm-senuelo-de-pesca-senuelo-peje\/\",\"url\":\"https:\/\/sportac.cl\/index.php\/producto\/senuelo-hart-peje-1135-50gr-113mm-senuelo-de-pesca-senuelo-peje\/\",\"name\":\"Se\u00f1uelo HART PEJE 1135 50gr 113mm - Sportac.cl\",\"isPartOf\":{\"@id\":\"https:\/\/sportac.cl\/#website\"},\"primaryImageOfPage\":{\"@id\":\"https:\/\/sportac.cl\/index.php\/producto\/senuelo-hart-peje-1135-50gr-113mm-senuelo-de-pesca-senuelo-peje\/#primaryimage\"},\"image\":{\"@id\":\"https:\/\/sportac.cl\/index.php\/producto\/senuelo-hart-peje-1135-50gr-113mm-senuelo-de-pesca-senuelo-peje\/#primaryimage\"},\"thumbnailUrl\":\"https:\/\/sportac.cl\/wp-content\/uploads\/2025\/12\/PEJE-1135-FONDO-BLANCO.jpg\",\"datePublished\":\"2025-12-24T13:41:45+00:00\",\"dateModified\":\"2025-12-24T13:54:04+00:00\",\"description\":\"Se\u00f1uelo HART PEJE 1135 50gr 113mm se\u00f1uelos para pesca- se\u00f1uelo peje, se\u00f1uelos de 50 gramos, se\u00f1uelos de 113 milimetros, pesca deportiva, se\u00f1uelos,\",\"breadcrumb\":{\"@id\":\"https:\/\/sportac.cl\/index.php\/producto\/senuelo-hart-peje-1135-50gr-113mm-senuelo-de-pesca-senuelo-peje\/#breadcrumb\"},\"inLanguage\":\"es\",\"potentialAction\":[{\"@type\":\"ReadAction\",\"target\":[\"https:\/\/sportac.cl\/index.php\/producto\/senuelo-hart-peje-1135-50gr-113mm-senuelo-de-pesca-senuelo-peje\/\"]}]},{\"@type\":\"ImageObject\",\"inLanguage\":\"es\",\"@id\":\"https:\/\/sportac.cl\/index.php\/producto\/senuelo-hart-peje-1135-50gr-113mm-senuelo-de-pesca-senuelo-peje\/#primaryimage\",\"url\":\"https:\/\/sportac.cl\/wp-content\/uploads\/2025\/12\/PEJE-1135-FONDO-BLANCO.jpg\",\"contentUrl\":\"https:\/\/sportac.cl\/wp-content\/uploads\/2025\/12\/PEJE-1135-FONDO-BLANCO.jpg\",\"width\":2250,\"height\":2250},{\"@type\":\"BreadcrumbList\",\"@id\":\"https:\/\/sportac.cl\/index.php\/producto\/senuelo-hart-peje-1135-50gr-113mm-senuelo-de-pesca-senuelo-peje\/#breadcrumb\",\"itemListElement\":[{\"@type\":\"ListItem\",\"position\":1,\"name\":\"Portada\",\"item\":\"https:\/\/sportac.cl\/index.php\/home\/\"},{\"@type\":\"ListItem\",\"position\":2,\"name\":\"Tienda\",\"item\":\"https:\/\/sportac.cl\/index.php\/tienda\/\"},{\"@type\":\"ListItem\",\"position\":3,\"name\":\"Se\u00f1uelo HART PEJE 1135 50gr 113mm\"}]},{\"@type\":\"WebSite\",\"@id\":\"https:\/\/sportac.cl\/#website\",\"url\":\"https:\/\/sportac.cl\/\",\"name\":\"Sportac Linternas Caza y Pesca Camping\",\"description\":\"Sportac.cl, tienda dedicada a venta de linternas profesionales y de alta calidad orientadas a deporte, industria y aplicaciones t\u00e1cticas Caza y Pesca\",\"publisher\":{\"@id\":\"https:\/\/sportac.cl\/#organization\"},\"alternateName\":\"Tienda de Equipos - Linternas - Caza - Pesca - Camping\",\"potentialAction\":[{\"@type\":\"SearchAction\",\"target\":{\"@type\":\"EntryPoint\",\"urlTemplate\":\"https:\/\/sportac.cl\/?s={search_term_string}\"},\"query-input\":{\"@type\":\"PropertyValueSpecification\",\"valueRequired\":true,\"valueName\":\"search_term_string\"}}],\"inLanguage\":\"es\"},{\"@type\":\"Organization\",\"@id\":\"https:\/\/sportac.cl\/#organization\",\"name\":\"Sportac Tienda de Equipos de Caza y Pesca\",\"alternateName\":\"Fenixligth, Fenix, linternas tacticas, led, iluminacion, mineria, Sportac, linternas Fenix, linterna C7, linterna HM71R, Linterna TK20R, iluminacion industrial, lantern,\u00a0flashlight Rifle pcp, Beeman, Glock, umarex, pistola traumatica, rifle nitropiston, pistola balines,\u00a0postones,\u00a0co2\",\"url\":\"https:\/\/sportac.cl\/\",\"logo\":{\"@type\":\"ImageObject\",\"inLanguage\":\"es\",\"@id\":\"https:\/\/sportac.cl\/#\/schema\/logo\/image\/\",\"url\":\"https:\/\/sportac.cl\/wp-content\/uploads\/2025\/10\/cropped-Logo-Sportac-_-blanco.png\",\"contentUrl\":\"https:\/\/sportac.cl\/wp-content\/uploads\/2025\/10\/cropped-Logo-Sportac-_-blanco.png\",\"width\":240,\"height\":259,\"caption\":\"Sportac Tienda de Equipos de Caza y Pesca\"},\"image\":{\"@id\":\"https:\/\/sportac.cl\/#\/schema\/logo\/image\/\"},\"sameAs\":[\"https:\/\/www.facebook.com\/profile.php?id=100064005011199&locale=bn_IN#\",\"https:\/\/www.instagram.com\/sportac_fenix?igsh=cXBnb25jMzdwYzIw\",\"https:\/\/www.tiktok.com\/@sportac73?_t=ZM-90r8HiYyUNk&_r=1\"]}]}<\/script>\n<!-- \/ Yoast SEO plugin. -->","yoast_head_json":{"title":"Se\u00f1uelo HART PEJE 1135 50gr 113mm - Sportac.cl","description":"Se\u00f1uelo HART PEJE 1135 50gr 113mm se\u00f1uelos para pesca- se\u00f1uelo peje, se\u00f1uelos de 50 gramos, se\u00f1uelos de 113 milimetros, pesca deportiva, se\u00f1uelos,","robots":{"index":"index","follow":"follow","max-snippet":"max-snippet:-1","max-image-preview":"max-image-preview:large","max-video-preview":"max-video-preview:-1"},"canonical":"https:\/\/sportac.cl\/index.php\/producto\/senuelo-hart-peje-1135-50gr-113mm-senuelo-de-pesca-senuelo-peje\/","og_locale":"es_ES","og_type":"article","og_title":"Se\u00f1uelo HART PEJE 1135 50gr 113mm - Sportac.cl","og_description":"Se\u00f1uelo HART PEJE 1135 50gr 113mm se\u00f1uelos para pesca- se\u00f1uelo peje, se\u00f1uelos de 50 gramos, se\u00f1uelos de 113 milimetros, pesca deportiva, se\u00f1uelos,","og_url":"https:\/\/sportac.cl\/index.php\/producto\/senuelo-hart-peje-1135-50gr-113mm-senuelo-de-pesca-senuelo-peje\/","og_site_name":"Sportac.cl","article_publisher":"https:\/\/www.facebook.com\/profile.php?id=100064005011199&locale=bn_IN#","article_modified_time":"2025-12-24T13:54:04+00:00","og_image":[{"width":2250,"height":2250,"url":"https:\/\/sportac.cl\/wp-content\/uploads\/2025\/12\/PEJE-1135-FONDO-BLANCO.jpg","type":"image\/jpeg"}],"twitter_card":"summary_large_image","twitter_misc":{"Tiempo de lectura":"1 minuto"},"schema":{"@context":"https:\/\/schema.org","@graph":[{"@type":"WebPage","@id":"https:\/\/sportac.cl\/index.php\/producto\/senuelo-hart-peje-1135-50gr-113mm-senuelo-de-pesca-senuelo-peje\/","url":"https:\/\/sportac.cl\/index.php\/producto\/senuelo-hart-peje-1135-50gr-113mm-senuelo-de-pesca-senuelo-peje\/","name":"Se\u00f1uelo HART PEJE 1135 50gr 113mm - Sportac.cl","isPartOf":{"@id":"https:\/\/sportac.cl\/#website"},"primaryImageOfPage":{"@id":"https:\/\/sportac.cl\/index.php\/producto\/senuelo-hart-peje-1135-50gr-113mm-senuelo-de-pesca-senuelo-peje\/#primaryimage"},"image":{"@id":"https:\/\/sportac.cl\/index.php\/producto\/senuelo-hart-peje-1135-50gr-113mm-senuelo-de-pesca-senuelo-peje\/#primaryimage"},"thumbnailUrl":"https:\/\/sportac.cl\/wp-content\/uploads\/2025\/12\/PEJE-1135-FONDO-BLANCO.jpg","datePublished":"2025-12-24T13:41:45+00:00","dateModified":"2025-12-24T13:54:04+00:00","description":"Se\u00f1uelo HART PEJE 1135 50gr 113mm se\u00f1uelos para pesca- se\u00f1uelo peje, se\u00f1uelos de 50 gramos, se\u00f1uelos de 113 milimetros, pesca deportiva, se\u00f1uelos,","breadcrumb":{"@id":"https:\/\/sportac.cl\/index.php\/producto\/senuelo-hart-peje-1135-50gr-113mm-senuelo-de-pesca-senuelo-peje\/#breadcrumb"},"inLanguage":"es","potentialAction":[{"@type":"ReadAction","target":["https:\/\/sportac.cl\/index.php\/producto\/senuelo-hart-peje-1135-50gr-113mm-senuelo-de-pesca-senuelo-peje\/"]}]},{"@type":"ImageObject","inLanguage":"es","@id":"https:\/\/sportac.cl\/index.php\/producto\/senuelo-hart-peje-1135-50gr-113mm-senuelo-de-pesca-senuelo-peje\/#primaryimage","url":"https:\/\/sportac.cl\/wp-content\/uploads\/2025\/12\/PEJE-1135-FONDO-BLANCO.jpg","contentUrl":"https:\/\/sportac.cl\/wp-content\/uploads\/2025\/12\/PEJE-1135-FONDO-BLANCO.jpg","width":2250,"height":2250},{"@type":"BreadcrumbList","@id":"https:\/\/sportac.cl\/index.php\/producto\/senuelo-hart-peje-1135-50gr-113mm-senuelo-de-pesca-senuelo-peje\/#breadcrumb","itemListElement":[{"@type":"ListItem","position":1,"name":"Portada","item":"https:\/\/sportac.cl\/index.php\/home\/"},{"@type":"ListItem","position":2,"name":"Tienda","item":"https:\/\/sportac.cl\/index.php\/tienda\/"},{"@type":"ListItem","position":3,"name":"Se\u00f1uelo HART PEJE 1135 50gr 113mm"}]},{"@type":"WebSite","@id":"https:\/\/sportac.cl\/#website","url":"https:\/\/sportac.cl\/","name":"Sportac Linternas Caza y Pesca Camping","description":"Sportac.cl, tienda dedicada a venta de linternas profesionales y de alta calidad orientadas a deporte, industria y aplicaciones t\u00e1cticas Caza y Pesca","publisher":{"@id":"https:\/\/sportac.cl\/#organization"},"alternateName":"Tienda de Equipos - Linternas - Caza - Pesca - Camping","potentialAction":[{"@type":"SearchAction","target":{"@type":"EntryPoint","urlTemplate":"https:\/\/sportac.cl\/?s={search_term_string}"},"query-input":{"@type":"PropertyValueSpecification","valueRequired":true,"valueName":"search_term_string"}}],"inLanguage":"es"},{"@type":"Organization","@id":"https:\/\/sportac.cl\/#organization","name":"Sportac Tienda de Equipos de Caza y Pesca","alternateName":"Fenixligth, Fenix, linternas tacticas, led, iluminacion, mineria, Sportac, linternas Fenix, linterna C7, linterna HM71R, Linterna TK20R, iluminacion industrial, lantern,\u00a0flashlight Rifle pcp, Beeman, Glock, umarex, pistola traumatica, rifle nitropiston, pistola balines,\u00a0postones,\u00a0co2","url":"https:\/\/sportac.cl\/","logo":{"@type":"ImageObject","inLanguage":"es","@id":"https:\/\/sportac.cl\/#\/schema\/logo\/image\/","url":"https:\/\/sportac.cl\/wp-content\/uploads\/2025\/10\/cropped-Logo-Sportac-_-blanco.png","contentUrl":"https:\/\/sportac.cl\/wp-content\/uploads\/2025\/10\/cropped-Logo-Sportac-_-blanco.png","width":240,"height":259,"caption":"Sportac Tienda de Equipos de Caza y Pesca"},"image":{"@id":"https:\/\/sportac.cl\/#\/schema\/logo\/image\/"},"sameAs":["https:\/\/www.facebook.com\/profile.php?id=100064005011199&locale=bn_IN#","https:\/\/www.instagram.com\/sportac_fenix?igsh=cXBnb25jMzdwYzIw","https:\/\/www.tiktok.com\/@sportac73?_t=ZM-90r8HiYyUNk&_r=1"]}]}},"_links":{"self":[{"href":"https:\/\/sportac.cl\/index.php\/wp-json\/wp\/v2\/product\/624","targetHints":{"allow":["GET"]}}],"collection":[{"href":"https:\/\/sportac.cl\/index.php\/wp-json\/wp\/v2\/product"}],"about":[{"href":"https:\/\/sportac.cl\/index.php\/wp-json\/wp\/v2\/types\/product"}],"replies":[{"embeddable":true,"href":"https:\/\/sportac.cl\/index.php\/wp-json\/wp\/v2\/comments?post=624"}],"version-history":[{"count":2,"href":"https:\/\/sportac.cl\/index.php\/wp-json\/wp\/v2\/product\/624\/revisions"}],"predecessor-version":[{"id":630,"href":"https:\/\/sportac.cl\/index.php\/wp-json\/wp\/v2\/product\/624\/revisions\/630"}],"wp:featuredmedia":[{"embeddable":true,"href":"https:\/\/sportac.cl\/index.php\/wp-json\/wp\/v2\/media\/625"}],"wp:attachment":[{"href":"https:\/\/sportac.cl\/index.php\/wp-json\/wp\/v2\/media?parent=624"}],"wp:term":[{"taxonomy":"product_brand","embeddable":true,"href":"https:\/\/sportac.cl\/index.php\/wp-json\/wp\/v2\/product_brand?post=624"},{"taxonomy":"product_cat","embeddable":true,"href":"https:\/\/sportac.cl\/index.php\/wp-json\/wp\/v2\/product_cat?post=624"},{"taxonomy":"product_tag","embeddable":true,"href":"https:\/\/sportac.cl\/index.php\/wp-json\/wp\/v2\/product_tag?post=624"}],"curies":[{"name":"wp","href":"https:\/\/api.w.org\/{rel}","templated":true}]}}