{"id":598,"date":"2025-11-12T00:11:06","date_gmt":"2025-11-12T00:11:06","guid":{"rendered":"https:\/\/sportac.cl\/?post_type=product&#038;p=598"},"modified":"2025-11-12T00:11:06","modified_gmt":"2025-11-12T00:11:06","slug":"rifle-pcp-beeman-chief-3-plus-regulado-cal-55","status":"publish","type":"product","link":"https:\/\/sportac.cl\/index.php\/producto\/rifle-pcp-beeman-chief-3-plus-regulado-cal-55\/","title":{"rendered":"RIFLE PCP BEEMAN CHIEF 3 PLUS REGULADO CAL. 5,5"},"content":{"rendered":"<h2 class=\"ui-pdp-description__title\" data-testid=\"title\">Descripci\u00f3n<\/h2>\n<p class=\"ui-pdp-description__content\" data-testid=\"content\">NUEVO RIFLE CHIEF 3 PLUS REGULADO SIDE LEVEL<br \/>\nVERSI\u00d3N MEJORADA<\/p>\n<p>PACK RIFLE + LATA DE POSTONES APOLO 16 GRAINS 250U + ABRAZADERA PARA BIPODE O LINTERNA + 2 CARGADORES 10 TIROS + 2 CUNAS DE MONOTIRO<\/p>\n<p>El rifle de aire comprimido PCP con palanca lateral sint\u00e9tica Beeman Chief III Plus toma los modelos efectivos y bien considerados de la l\u00ednea y agrega una mejora significativa en forma de amartillado con palanca lateral. Esta versi\u00f3n del rifle de aire comprimido tiene una culata sint\u00e9tica negra y puede alcanzar velocidades de hasta 1100 FPS en .177 y 1050 FPS en .22, lo que lo convierte en una opci\u00f3n conveniente y asequible para el control de plagas, la caza menor y el tiro al blanco.<\/p>\n<p>Este modelo de rifle de aire comprimido tiene una culata sint\u00e9tica con ranuras en el guardamanos y la empu\u00f1adura para ofrecer un agarre estable, y una cantonera de goma para un control c\u00f3modo. Esta pistola de aire comprimido cuenta con un moderador integrado que produce disparos m\u00e1s silenciosos que los rifles de aire comprimido de la competencia sin tecnolog\u00eda de reducci\u00f3n de sonido, y un cilindro de aire comprimido de 3500 PSI (241 BAR) que puede ofrecer una gran cantidad de disparos por carga.<\/p>\n<p>El Beeman Chief III Plus Sidelever ofrece un gatillo ajustable de dos etapas que ayuda a los tiradores a obtener un disparo preciso y n\u00edtido. Adem\u00e1s, la culata tiene orificios para el montaje de la correa en el guardamanos y la culata para mayor comodidad, y el man\u00f3metro en la parte inferior del guardamanos facilita el control de la presi\u00f3n de llenado.<\/p>\n<p>Para apuntar con precisi\u00f3n sin equipo adicional, este rifle de aire viene con una mira frontal fija de fibra \u00f3ptica y una mira trasera de fibra \u00f3ptica de dos puntos que se ajusta tanto a la deriva como a la elevaci\u00f3n, y tiene un riel \u00f3ptico de cola de milano de 11 mm para agregar una mira.<\/p>\n<p>Accion PCP<br \/>\nAcci\u00f3n de palanca lateral<br \/>\nCulata sint\u00e9tica negra<br \/>\nModerador integrado NO EXTRAIBLE<br \/>\nPresi\u00f3n de llenado: 3500 PSI (241 BAR)<br \/>\nMan\u00f3metro de presi\u00f3n incorporado<br \/>\nCargador de 10 disparos (.22)<br \/>\nVelocidad m\u00e1xima: 1000 FPS (.22)<br \/>\nGatillo ajustable de 2 etapas<br \/>\nEmpu\u00f1adura y antebrazo cuadriculados<br \/>\nMira frontal fija de fibra \u00f3ptica<br \/>\nMira trasera ajustable de dos puntos<br \/>\nRiel \u00f3ptico de cola de milano de 11 mm<br \/>\nOrificios para eslabones giratorios en el guardamanos y la culata<br \/>\nAlmohadilla de goma para el trasero<br \/>\nLongitud total: 43 pulgadas<br \/>\nPeso: 7,1 libras.<\/p>\n","protected":false},"excerpt":{"rendered":"<p>NUEVO RIFLE CHIEF 3 PLUS REGULADO SIDE LEVEL<br \/>\nVERSI\u00d3N MEJORADA<\/p>\n<p>PACK RIFLE + LATA DE POSTONES APOLO 16 GRAINS 250U + ABRAZADERA PARA BIPODE O LINTERNA + 2 CARGADORES 10 TIROS + 2 CUNAS DE MONOTIRO<\/p>\n","protected":false},"featured_media":599,"comment_status":"open","ping_status":"closed","template":"","meta":[],"product_brand":[],"product_cat":[99],"product_tag":[147,181,182,148,144],"class_list":{"0":"post-598","1":"product","2":"type-product","3":"status-publish","4":"has-post-thumbnail","6":"product_cat-riflespcp","7":"product_tag-caceria","8":"product_tag-chief-2-plus","9":"product_tag-chief-3-plus","10":"product_tag-rifle-beeman","11":"product_tag-rifle-pcp","13":"first","14":"instock","15":"taxable","16":"shipping-taxable","17":"purchasable","18":"product-type-simple"},"yoast_head":"<!-- This site is optimized with the Yoast SEO plugin v26.1.1 - https:\/\/yoast.com\/wordpress\/plugins\/seo\/ -->\n<title>RIFLE PCP BEEMAN CHIEF 3 PLUS REGULADO CAL. 5,5 - Sportac.cl<\/title>\n<meta name=\"description\" content=\"rifle beeman- rifle pcp- rifle chief 3 plus- rifle caza- caceria- cal 5,5- beeman- rifle potente- sportac- postones- disparos\" \/>\n<meta name=\"robots\" content=\"index, follow, max-snippet:-1, max-image-preview:large, max-video-preview:-1\" \/>\n<link rel=\"canonical\" href=\"https:\/\/sportac.cl\/index.php\/producto\/rifle-pcp-beeman-chief-3-plus-regulado-cal-55\/\" \/>\n<meta property=\"og:locale\" content=\"es_ES\" \/>\n<meta property=\"og:type\" content=\"article\" \/>\n<meta property=\"og:title\" content=\"RIFLE PCP BEEMAN CHIEF 3 PLUS REGULADO CAL. 5,5 - Sportac.cl\" \/>\n<meta property=\"og:description\" content=\"rifle beeman- rifle pcp- rifle chief 3 plus- rifle caza- caceria- cal 5,5- beeman- rifle potente- sportac- postones- disparos\" \/>\n<meta property=\"og:url\" content=\"https:\/\/sportac.cl\/index.php\/producto\/rifle-pcp-beeman-chief-3-plus-regulado-cal-55\/\" \/>\n<meta property=\"og:site_name\" content=\"Sportac.cl\" \/>\n<meta property=\"article:publisher\" content=\"https:\/\/www.facebook.com\/profile.php?id=100064005011199&amp;locale=bn_IN#\" \/>\n<meta property=\"og:image\" content=\"https:\/\/sportac.cl\/wp-content\/uploads\/2025\/11\/sportac-chief3plus2-scaled.jpg\" \/>\n\t<meta property=\"og:image:width\" content=\"2435\" \/>\n\t<meta property=\"og:image:height\" content=\"2560\" \/>\n\t<meta property=\"og:image:type\" content=\"image\/jpeg\" \/>\n<meta name=\"twitter:card\" content=\"summary_large_image\" \/>\n<meta name=\"twitter:label1\" content=\"Tiempo de lectura\" \/>\n\t<meta name=\"twitter:data1\" content=\"3 minutos\" \/>\n<script type=\"application\/ld+json\" class=\"yoast-schema-graph\">{\"@context\":\"https:\/\/schema.org\",\"@graph\":[{\"@type\":\"WebPage\",\"@id\":\"https:\/\/sportac.cl\/index.php\/producto\/rifle-pcp-beeman-chief-3-plus-regulado-cal-55\/\",\"url\":\"https:\/\/sportac.cl\/index.php\/producto\/rifle-pcp-beeman-chief-3-plus-regulado-cal-55\/\",\"name\":\"RIFLE PCP BEEMAN CHIEF 3 PLUS REGULADO CAL. 5,5 - Sportac.cl\",\"isPartOf\":{\"@id\":\"https:\/\/sportac.cl\/#website\"},\"primaryImageOfPage\":{\"@id\":\"https:\/\/sportac.cl\/index.php\/producto\/rifle-pcp-beeman-chief-3-plus-regulado-cal-55\/#primaryimage\"},\"image\":{\"@id\":\"https:\/\/sportac.cl\/index.php\/producto\/rifle-pcp-beeman-chief-3-plus-regulado-cal-55\/#primaryimage\"},\"thumbnailUrl\":\"https:\/\/sportac.cl\/wp-content\/uploads\/2025\/11\/sportac-chief3plus2-scaled.jpg\",\"datePublished\":\"2025-11-12T00:11:06+00:00\",\"description\":\"rifle beeman- rifle pcp- rifle chief 3 plus- rifle caza- caceria- cal 5,5- beeman- rifle potente- sportac- postones- disparos\",\"breadcrumb\":{\"@id\":\"https:\/\/sportac.cl\/index.php\/producto\/rifle-pcp-beeman-chief-3-plus-regulado-cal-55\/#breadcrumb\"},\"inLanguage\":\"es\",\"potentialAction\":[{\"@type\":\"ReadAction\",\"target\":[\"https:\/\/sportac.cl\/index.php\/producto\/rifle-pcp-beeman-chief-3-plus-regulado-cal-55\/\"]}]},{\"@type\":\"ImageObject\",\"inLanguage\":\"es\",\"@id\":\"https:\/\/sportac.cl\/index.php\/producto\/rifle-pcp-beeman-chief-3-plus-regulado-cal-55\/#primaryimage\",\"url\":\"https:\/\/sportac.cl\/wp-content\/uploads\/2025\/11\/sportac-chief3plus2-scaled.jpg\",\"contentUrl\":\"https:\/\/sportac.cl\/wp-content\/uploads\/2025\/11\/sportac-chief3plus2-scaled.jpg\",\"width\":2435,\"height\":2560},{\"@type\":\"BreadcrumbList\",\"@id\":\"https:\/\/sportac.cl\/index.php\/producto\/rifle-pcp-beeman-chief-3-plus-regulado-cal-55\/#breadcrumb\",\"itemListElement\":[{\"@type\":\"ListItem\",\"position\":1,\"name\":\"Portada\",\"item\":\"https:\/\/sportac.cl\/index.php\/home\/\"},{\"@type\":\"ListItem\",\"position\":2,\"name\":\"Tienda\",\"item\":\"https:\/\/sportac.cl\/index.php\/tienda\/\"},{\"@type\":\"ListItem\",\"position\":3,\"name\":\"RIFLE PCP BEEMAN CHIEF 3 PLUS REGULADO CAL. 5,5\"}]},{\"@type\":\"WebSite\",\"@id\":\"https:\/\/sportac.cl\/#website\",\"url\":\"https:\/\/sportac.cl\/\",\"name\":\"Sportac Linternas Caza y Pesca Camping\",\"description\":\"Sportac.cl, tienda dedicada a venta de linternas profesionales y de alta calidad orientadas a deporte, industria y aplicaciones t\u00e1cticas Caza y Pesca\",\"publisher\":{\"@id\":\"https:\/\/sportac.cl\/#organization\"},\"alternateName\":\"Tienda de Equipos - Linternas - Caza - Pesca - Camping\",\"potentialAction\":[{\"@type\":\"SearchAction\",\"target\":{\"@type\":\"EntryPoint\",\"urlTemplate\":\"https:\/\/sportac.cl\/?s={search_term_string}\"},\"query-input\":{\"@type\":\"PropertyValueSpecification\",\"valueRequired\":true,\"valueName\":\"search_term_string\"}}],\"inLanguage\":\"es\"},{\"@type\":\"Organization\",\"@id\":\"https:\/\/sportac.cl\/#organization\",\"name\":\"Sportac Tienda de Equipos de Caza y Pesca\",\"alternateName\":\"Fenixligth, Fenix, linternas tacticas, led, iluminacion, mineria, Sportac, linternas Fenix, linterna C7, linterna HM71R, Linterna TK20R, iluminacion industrial, lantern,\u00a0flashlight Rifle pcp, Beeman, Glock, umarex, pistola traumatica, rifle nitropiston, pistola balines,\u00a0postones,\u00a0co2\",\"url\":\"https:\/\/sportac.cl\/\",\"logo\":{\"@type\":\"ImageObject\",\"inLanguage\":\"es\",\"@id\":\"https:\/\/sportac.cl\/#\/schema\/logo\/image\/\",\"url\":\"https:\/\/sportac.cl\/wp-content\/uploads\/2025\/10\/cropped-Logo-Sportac-_-blanco.png\",\"contentUrl\":\"https:\/\/sportac.cl\/wp-content\/uploads\/2025\/10\/cropped-Logo-Sportac-_-blanco.png\",\"width\":240,\"height\":259,\"caption\":\"Sportac Tienda de Equipos de Caza y Pesca\"},\"image\":{\"@id\":\"https:\/\/sportac.cl\/#\/schema\/logo\/image\/\"},\"sameAs\":[\"https:\/\/www.facebook.com\/profile.php?id=100064005011199&locale=bn_IN#\",\"https:\/\/www.instagram.com\/sportac_fenix?igsh=cXBnb25jMzdwYzIw\",\"https:\/\/www.tiktok.com\/@sportac73?_t=ZM-90r8HiYyUNk&_r=1\"]}]}<\/script>\n<!-- \/ Yoast SEO plugin. -->","yoast_head_json":{"title":"RIFLE PCP BEEMAN CHIEF 3 PLUS REGULADO CAL. 5,5 - Sportac.cl","description":"rifle beeman- rifle pcp- rifle chief 3 plus- rifle caza- caceria- cal 5,5- beeman- rifle potente- sportac- postones- disparos","robots":{"index":"index","follow":"follow","max-snippet":"max-snippet:-1","max-image-preview":"max-image-preview:large","max-video-preview":"max-video-preview:-1"},"canonical":"https:\/\/sportac.cl\/index.php\/producto\/rifle-pcp-beeman-chief-3-plus-regulado-cal-55\/","og_locale":"es_ES","og_type":"article","og_title":"RIFLE PCP BEEMAN CHIEF 3 PLUS REGULADO CAL. 5,5 - Sportac.cl","og_description":"rifle beeman- rifle pcp- rifle chief 3 plus- rifle caza- caceria- cal 5,5- beeman- rifle potente- sportac- postones- disparos","og_url":"https:\/\/sportac.cl\/index.php\/producto\/rifle-pcp-beeman-chief-3-plus-regulado-cal-55\/","og_site_name":"Sportac.cl","article_publisher":"https:\/\/www.facebook.com\/profile.php?id=100064005011199&locale=bn_IN#","og_image":[{"width":2435,"height":2560,"url":"https:\/\/sportac.cl\/wp-content\/uploads\/2025\/11\/sportac-chief3plus2-scaled.jpg","type":"image\/jpeg"}],"twitter_card":"summary_large_image","twitter_misc":{"Tiempo de lectura":"3 minutos"},"schema":{"@context":"https:\/\/schema.org","@graph":[{"@type":"WebPage","@id":"https:\/\/sportac.cl\/index.php\/producto\/rifle-pcp-beeman-chief-3-plus-regulado-cal-55\/","url":"https:\/\/sportac.cl\/index.php\/producto\/rifle-pcp-beeman-chief-3-plus-regulado-cal-55\/","name":"RIFLE PCP BEEMAN CHIEF 3 PLUS REGULADO CAL. 5,5 - Sportac.cl","isPartOf":{"@id":"https:\/\/sportac.cl\/#website"},"primaryImageOfPage":{"@id":"https:\/\/sportac.cl\/index.php\/producto\/rifle-pcp-beeman-chief-3-plus-regulado-cal-55\/#primaryimage"},"image":{"@id":"https:\/\/sportac.cl\/index.php\/producto\/rifle-pcp-beeman-chief-3-plus-regulado-cal-55\/#primaryimage"},"thumbnailUrl":"https:\/\/sportac.cl\/wp-content\/uploads\/2025\/11\/sportac-chief3plus2-scaled.jpg","datePublished":"2025-11-12T00:11:06+00:00","description":"rifle beeman- rifle pcp- rifle chief 3 plus- rifle caza- caceria- cal 5,5- beeman- rifle potente- sportac- postones- disparos","breadcrumb":{"@id":"https:\/\/sportac.cl\/index.php\/producto\/rifle-pcp-beeman-chief-3-plus-regulado-cal-55\/#breadcrumb"},"inLanguage":"es","potentialAction":[{"@type":"ReadAction","target":["https:\/\/sportac.cl\/index.php\/producto\/rifle-pcp-beeman-chief-3-plus-regulado-cal-55\/"]}]},{"@type":"ImageObject","inLanguage":"es","@id":"https:\/\/sportac.cl\/index.php\/producto\/rifle-pcp-beeman-chief-3-plus-regulado-cal-55\/#primaryimage","url":"https:\/\/sportac.cl\/wp-content\/uploads\/2025\/11\/sportac-chief3plus2-scaled.jpg","contentUrl":"https:\/\/sportac.cl\/wp-content\/uploads\/2025\/11\/sportac-chief3plus2-scaled.jpg","width":2435,"height":2560},{"@type":"BreadcrumbList","@id":"https:\/\/sportac.cl\/index.php\/producto\/rifle-pcp-beeman-chief-3-plus-regulado-cal-55\/#breadcrumb","itemListElement":[{"@type":"ListItem","position":1,"name":"Portada","item":"https:\/\/sportac.cl\/index.php\/home\/"},{"@type":"ListItem","position":2,"name":"Tienda","item":"https:\/\/sportac.cl\/index.php\/tienda\/"},{"@type":"ListItem","position":3,"name":"RIFLE PCP BEEMAN CHIEF 3 PLUS REGULADO CAL. 5,5"}]},{"@type":"WebSite","@id":"https:\/\/sportac.cl\/#website","url":"https:\/\/sportac.cl\/","name":"Sportac Linternas Caza y Pesca Camping","description":"Sportac.cl, tienda dedicada a venta de linternas profesionales y de alta calidad orientadas a deporte, industria y aplicaciones t\u00e1cticas Caza y Pesca","publisher":{"@id":"https:\/\/sportac.cl\/#organization"},"alternateName":"Tienda de Equipos - Linternas - Caza - Pesca - Camping","potentialAction":[{"@type":"SearchAction","target":{"@type":"EntryPoint","urlTemplate":"https:\/\/sportac.cl\/?s={search_term_string}"},"query-input":{"@type":"PropertyValueSpecification","valueRequired":true,"valueName":"search_term_string"}}],"inLanguage":"es"},{"@type":"Organization","@id":"https:\/\/sportac.cl\/#organization","name":"Sportac Tienda de Equipos de Caza y Pesca","alternateName":"Fenixligth, Fenix, linternas tacticas, led, iluminacion, mineria, Sportac, linternas Fenix, linterna C7, linterna HM71R, Linterna TK20R, iluminacion industrial, lantern,\u00a0flashlight Rifle pcp, Beeman, Glock, umarex, pistola traumatica, rifle nitropiston, pistola balines,\u00a0postones,\u00a0co2","url":"https:\/\/sportac.cl\/","logo":{"@type":"ImageObject","inLanguage":"es","@id":"https:\/\/sportac.cl\/#\/schema\/logo\/image\/","url":"https:\/\/sportac.cl\/wp-content\/uploads\/2025\/10\/cropped-Logo-Sportac-_-blanco.png","contentUrl":"https:\/\/sportac.cl\/wp-content\/uploads\/2025\/10\/cropped-Logo-Sportac-_-blanco.png","width":240,"height":259,"caption":"Sportac Tienda de Equipos de Caza y Pesca"},"image":{"@id":"https:\/\/sportac.cl\/#\/schema\/logo\/image\/"},"sameAs":["https:\/\/www.facebook.com\/profile.php?id=100064005011199&locale=bn_IN#","https:\/\/www.instagram.com\/sportac_fenix?igsh=cXBnb25jMzdwYzIw","https:\/\/www.tiktok.com\/@sportac73?_t=ZM-90r8HiYyUNk&_r=1"]}]}},"_links":{"self":[{"href":"https:\/\/sportac.cl\/index.php\/wp-json\/wp\/v2\/product\/598","targetHints":{"allow":["GET"]}}],"collection":[{"href":"https:\/\/sportac.cl\/index.php\/wp-json\/wp\/v2\/product"}],"about":[{"href":"https:\/\/sportac.cl\/index.php\/wp-json\/wp\/v2\/types\/product"}],"replies":[{"embeddable":true,"href":"https:\/\/sportac.cl\/index.php\/wp-json\/wp\/v2\/comments?post=598"}],"version-history":[{"count":2,"href":"https:\/\/sportac.cl\/index.php\/wp-json\/wp\/v2\/product\/598\/revisions"}],"predecessor-version":[{"id":609,"href":"https:\/\/sportac.cl\/index.php\/wp-json\/wp\/v2\/product\/598\/revisions\/609"}],"wp:featuredmedia":[{"embeddable":true,"href":"https:\/\/sportac.cl\/index.php\/wp-json\/wp\/v2\/media\/599"}],"wp:attachment":[{"href":"https:\/\/sportac.cl\/index.php\/wp-json\/wp\/v2\/media?parent=598"}],"wp:term":[{"taxonomy":"product_brand","embeddable":true,"href":"https:\/\/sportac.cl\/index.php\/wp-json\/wp\/v2\/product_brand?post=598"},{"taxonomy":"product_cat","embeddable":true,"href":"https:\/\/sportac.cl\/index.php\/wp-json\/wp\/v2\/product_cat?post=598"},{"taxonomy":"product_tag","embeddable":true,"href":"https:\/\/sportac.cl\/index.php\/wp-json\/wp\/v2\/product_tag?post=598"}],"curies":[{"name":"wp","href":"https:\/\/api.w.org\/{rel}","templated":true}]}}