{"id":567,"date":"2025-11-10T22:24:31","date_gmt":"2025-11-10T22:24:31","guid":{"rendered":"https:\/\/sportac.cl\/?post_type=product&#038;p=567"},"modified":"2025-11-10T22:24:35","modified_gmt":"2025-11-10T22:24:35","slug":"escopeta-traumatica-umarex-hdb68-cal-68-pack","status":"publish","type":"product","link":"https:\/\/sportac.cl\/index.php\/producto\/escopeta-traumatica-umarex-hdb68-cal-68-pack\/","title":{"rendered":"Escopeta traum\u00e1tica Umarex HDB68 Cal .68 PACK"},"content":{"rendered":"<h2 class=\"ui-pdp-description__title\" data-testid=\"title\">Descripci\u00f3n<\/h2>\n<p>&nbsp;<\/p>\n<p>PACK INCLUYE:<\/p>\n<ul>\n<li>ESCOPETA UMAREX HDB68 BLASTER 16 J<\/li>\n<li>5 CAPSULAS CO2 UMAREX<\/li>\n<li>50 MUNICIONES UMAREX ACERO RECUBIERTO EN CAUCHO RBI 68<\/li>\n<\/ul>\n<p class=\"ui-pdp-description__content\" data-testid=\"content\">UMAREX T4E TACTICAL BLASTER HDB 68 \u2013 LA VERSI\u00d3N AMERICANA DE 16 JOULES<br \/>\nEl UMAREX T4E Tactical Blaster TB 68 en calibre .68 es la opci\u00f3n definitiva para quienes buscan potencia, precisi\u00f3n y un manejo intuitivo. Con una energ\u00eda de 16 joules, esta versi\u00f3n americana ofrece un rendimiento superior en cualquier situaci\u00f3n.<\/p>\n<p>Su dise\u00f1o incorpora un cargador de tubos interno de alta capacidad, permitiendo disparar hasta 16 proyectiles calibre .68 en r\u00e1pida sucesi\u00f3n. Adem\u00e1s, el sistema Quick-Piercing permite perforar el cartucho de CO2 de 12 g con un ligero golpe en la empu\u00f1adura, asegurando que el arma est\u00e9 lista en el momento exacto que lo necesites.<\/p>\n<p>Caracter\u00edsticas Destacadas:<br \/>\n* Potencia de 16J: Mayor impacto y alcance.<br \/>\n* Cargador de 16 rondas: Disparos continuos sin recargar constantemente.<br \/>\n* Sistema Quick-Piercing: Activa el CO2 al instante con un simple golpe.<br \/>\n* Rieles Picatinny: Permite montar miras y accesorios adicionales.<br \/>\n*Radio de mira extendido: Mayor precisi\u00f3n con su ca\u00f1\u00f3n de 330 mm.<\/p>\n<p>Especificaciones T\u00e9cnicas:<br \/>\nCalibre: .68<br \/>\nEnerg\u00eda: 16 J<br \/>\nCapacidad del cargador: 16 rondas<br \/>\nFuente de alimentaci\u00f3n: 1x c\u00e1psula de CO2 de 12 g<br \/>\nSistema de disparo: Doble acci\u00f3n<br \/>\nSistema de seguridad: Pulsador de seguridad<br \/>\nLongitud total: 638 mm<br \/>\nPeso: 1600 g<br \/>\n\u00a1ADVERTENCIA! Nunca almacenes el arma con la c\u00e1psula de CO2<br \/>\nactivada.<\/p>\n<p>Encuentra el UMAREX T4E HDB 68 disponible en Sportac, donde la innovaci\u00f3n y la potencia se encuentran al servicio de los tiradores m\u00e1s exigentes.<\/p>\n","protected":false},"excerpt":{"rendered":"<p>UMAREX T4E TACTICAL BLASTER HDB 68 \u2013 LA VERSI\u00d3N AMERICANA DE 16 JOULES<br \/>\nEl UMAREX T4E Tactical Blaster TB 68 en calibre .68 es la opci\u00f3n definitiva para quienes buscan potencia, precisi\u00f3n y un manejo intuitivo. Con una energ\u00eda de 16 joules, esta versi\u00f3n americana ofrece un rendimiento superior en cualquier situaci\u00f3n.<\/p>\n","protected":false},"featured_media":568,"comment_status":"open","ping_status":"closed","template":"","meta":[],"product_brand":[],"product_cat":[91],"product_tag":[178,179,173],"class_list":{"0":"post-567","1":"product","2":"type-product","3":"status-publish","4":"has-post-thumbnail","6":"product_cat-armas","7":"product_tag-escopeta","8":"product_tag-escopeta-traumatica","9":"product_tag-umarex","11":"first","12":"instock","13":"sale","14":"taxable","15":"shipping-taxable","16":"purchasable","17":"product-type-simple"},"yoast_head":"<!-- This site is optimized with the Yoast SEO plugin v26.1.1 - https:\/\/yoast.com\/wordpress\/plugins\/seo\/ -->\n<title>Escopeta traum\u00e1tica Umarex HDB68 Cal .68 PACK - Sportac.cl<\/title>\n<meta name=\"description\" content=\"escopeta traumatica- escopeta umarex- escopeta hdb68- blaster- defensa personal- home defense- armas traumaticas- municiones cal. 68\" \/>\n<meta name=\"robots\" content=\"index, follow, max-snippet:-1, max-image-preview:large, max-video-preview:-1\" \/>\n<link rel=\"canonical\" href=\"https:\/\/sportac.cl\/index.php\/producto\/escopeta-traumatica-umarex-hdb68-cal-68-pack\/\" \/>\n<meta property=\"og:locale\" content=\"es_ES\" \/>\n<meta property=\"og:type\" content=\"article\" \/>\n<meta property=\"og:title\" content=\"Escopeta traum\u00e1tica Umarex HDB68 Cal .68 PACK - Sportac.cl\" \/>\n<meta property=\"og:description\" content=\"escopeta traumatica- escopeta umarex- escopeta hdb68- blaster- defensa personal- home defense- armas traumaticas- municiones cal. 68\" \/>\n<meta property=\"og:url\" content=\"https:\/\/sportac.cl\/index.php\/producto\/escopeta-traumatica-umarex-hdb68-cal-68-pack\/\" \/>\n<meta property=\"og:site_name\" content=\"Sportac.cl\" \/>\n<meta property=\"article:publisher\" content=\"https:\/\/www.facebook.com\/profile.php?id=100064005011199&amp;locale=bn_IN#\" \/>\n<meta property=\"article:modified_time\" content=\"2025-11-10T22:24:35+00:00\" \/>\n<meta property=\"og:image\" content=\"https:\/\/sportac.cl\/wp-content\/uploads\/2025\/11\/sportac-escopeta-1.jpg\" \/>\n\t<meta property=\"og:image:width\" content=\"1200\" \/>\n\t<meta property=\"og:image:height\" content=\"1035\" \/>\n\t<meta property=\"og:image:type\" content=\"image\/jpeg\" \/>\n<meta name=\"twitter:card\" content=\"summary_large_image\" \/>\n<meta name=\"twitter:label1\" content=\"Tiempo de lectura\" \/>\n\t<meta name=\"twitter:data1\" content=\"2 minutos\" \/>\n<script type=\"application\/ld+json\" class=\"yoast-schema-graph\">{\"@context\":\"https:\/\/schema.org\",\"@graph\":[{\"@type\":\"WebPage\",\"@id\":\"https:\/\/sportac.cl\/index.php\/producto\/escopeta-traumatica-umarex-hdb68-cal-68-pack\/\",\"url\":\"https:\/\/sportac.cl\/index.php\/producto\/escopeta-traumatica-umarex-hdb68-cal-68-pack\/\",\"name\":\"Escopeta traum\u00e1tica Umarex HDB68 Cal .68 PACK - Sportac.cl\",\"isPartOf\":{\"@id\":\"https:\/\/sportac.cl\/#website\"},\"primaryImageOfPage\":{\"@id\":\"https:\/\/sportac.cl\/index.php\/producto\/escopeta-traumatica-umarex-hdb68-cal-68-pack\/#primaryimage\"},\"image\":{\"@id\":\"https:\/\/sportac.cl\/index.php\/producto\/escopeta-traumatica-umarex-hdb68-cal-68-pack\/#primaryimage\"},\"thumbnailUrl\":\"https:\/\/sportac.cl\/wp-content\/uploads\/2025\/11\/sportac-escopeta-1.jpg\",\"datePublished\":\"2025-11-10T22:24:31+00:00\",\"dateModified\":\"2025-11-10T22:24:35+00:00\",\"description\":\"escopeta traumatica- escopeta umarex- escopeta hdb68- blaster- defensa personal- home defense- armas traumaticas- municiones cal. 68\",\"breadcrumb\":{\"@id\":\"https:\/\/sportac.cl\/index.php\/producto\/escopeta-traumatica-umarex-hdb68-cal-68-pack\/#breadcrumb\"},\"inLanguage\":\"es\",\"potentialAction\":[{\"@type\":\"ReadAction\",\"target\":[\"https:\/\/sportac.cl\/index.php\/producto\/escopeta-traumatica-umarex-hdb68-cal-68-pack\/\"]}]},{\"@type\":\"ImageObject\",\"inLanguage\":\"es\",\"@id\":\"https:\/\/sportac.cl\/index.php\/producto\/escopeta-traumatica-umarex-hdb68-cal-68-pack\/#primaryimage\",\"url\":\"https:\/\/sportac.cl\/wp-content\/uploads\/2025\/11\/sportac-escopeta-1.jpg\",\"contentUrl\":\"https:\/\/sportac.cl\/wp-content\/uploads\/2025\/11\/sportac-escopeta-1.jpg\",\"width\":1200,\"height\":1035},{\"@type\":\"BreadcrumbList\",\"@id\":\"https:\/\/sportac.cl\/index.php\/producto\/escopeta-traumatica-umarex-hdb68-cal-68-pack\/#breadcrumb\",\"itemListElement\":[{\"@type\":\"ListItem\",\"position\":1,\"name\":\"Portada\",\"item\":\"https:\/\/sportac.cl\/index.php\/home\/\"},{\"@type\":\"ListItem\",\"position\":2,\"name\":\"Tienda\",\"item\":\"https:\/\/sportac.cl\/index.php\/tienda\/\"},{\"@type\":\"ListItem\",\"position\":3,\"name\":\"Escopeta traum\u00e1tica Umarex HDB68 Cal .68 PACK\"}]},{\"@type\":\"WebSite\",\"@id\":\"https:\/\/sportac.cl\/#website\",\"url\":\"https:\/\/sportac.cl\/\",\"name\":\"Sportac Linternas Caza y Pesca Camping\",\"description\":\"Sportac.cl, tienda dedicada a venta de linternas profesionales y de alta calidad orientadas a deporte, industria y aplicaciones t\u00e1cticas Caza y Pesca\",\"publisher\":{\"@id\":\"https:\/\/sportac.cl\/#organization\"},\"alternateName\":\"Tienda de Equipos - Linternas - Caza - Pesca - Camping\",\"potentialAction\":[{\"@type\":\"SearchAction\",\"target\":{\"@type\":\"EntryPoint\",\"urlTemplate\":\"https:\/\/sportac.cl\/?s={search_term_string}\"},\"query-input\":{\"@type\":\"PropertyValueSpecification\",\"valueRequired\":true,\"valueName\":\"search_term_string\"}}],\"inLanguage\":\"es\"},{\"@type\":\"Organization\",\"@id\":\"https:\/\/sportac.cl\/#organization\",\"name\":\"Sportac Tienda de Equipos de Caza y Pesca\",\"alternateName\":\"Fenixligth, Fenix, linternas tacticas, led, iluminacion, mineria, Sportac, linternas Fenix, linterna C7, linterna HM71R, Linterna TK20R, iluminacion industrial, lantern,\u00a0flashlight Rifle pcp, Beeman, Glock, umarex, pistola traumatica, rifle nitropiston, pistola balines,\u00a0postones,\u00a0co2\",\"url\":\"https:\/\/sportac.cl\/\",\"logo\":{\"@type\":\"ImageObject\",\"inLanguage\":\"es\",\"@id\":\"https:\/\/sportac.cl\/#\/schema\/logo\/image\/\",\"url\":\"https:\/\/sportac.cl\/wp-content\/uploads\/2025\/10\/cropped-Logo-Sportac-_-blanco.png\",\"contentUrl\":\"https:\/\/sportac.cl\/wp-content\/uploads\/2025\/10\/cropped-Logo-Sportac-_-blanco.png\",\"width\":240,\"height\":259,\"caption\":\"Sportac Tienda de Equipos de Caza y Pesca\"},\"image\":{\"@id\":\"https:\/\/sportac.cl\/#\/schema\/logo\/image\/\"},\"sameAs\":[\"https:\/\/www.facebook.com\/profile.php?id=100064005011199&locale=bn_IN#\",\"https:\/\/www.instagram.com\/sportac_fenix?igsh=cXBnb25jMzdwYzIw\",\"https:\/\/www.tiktok.com\/@sportac73?_t=ZM-90r8HiYyUNk&_r=1\"]}]}<\/script>\n<!-- \/ Yoast SEO plugin. -->","yoast_head_json":{"title":"Escopeta traum\u00e1tica Umarex HDB68 Cal .68 PACK - Sportac.cl","description":"escopeta traumatica- escopeta umarex- escopeta hdb68- blaster- defensa personal- home defense- armas traumaticas- municiones cal. 68","robots":{"index":"index","follow":"follow","max-snippet":"max-snippet:-1","max-image-preview":"max-image-preview:large","max-video-preview":"max-video-preview:-1"},"canonical":"https:\/\/sportac.cl\/index.php\/producto\/escopeta-traumatica-umarex-hdb68-cal-68-pack\/","og_locale":"es_ES","og_type":"article","og_title":"Escopeta traum\u00e1tica Umarex HDB68 Cal .68 PACK - Sportac.cl","og_description":"escopeta traumatica- escopeta umarex- escopeta hdb68- blaster- defensa personal- home defense- armas traumaticas- municiones cal. 68","og_url":"https:\/\/sportac.cl\/index.php\/producto\/escopeta-traumatica-umarex-hdb68-cal-68-pack\/","og_site_name":"Sportac.cl","article_publisher":"https:\/\/www.facebook.com\/profile.php?id=100064005011199&locale=bn_IN#","article_modified_time":"2025-11-10T22:24:35+00:00","og_image":[{"width":1200,"height":1035,"url":"https:\/\/sportac.cl\/wp-content\/uploads\/2025\/11\/sportac-escopeta-1.jpg","type":"image\/jpeg"}],"twitter_card":"summary_large_image","twitter_misc":{"Tiempo de lectura":"2 minutos"},"schema":{"@context":"https:\/\/schema.org","@graph":[{"@type":"WebPage","@id":"https:\/\/sportac.cl\/index.php\/producto\/escopeta-traumatica-umarex-hdb68-cal-68-pack\/","url":"https:\/\/sportac.cl\/index.php\/producto\/escopeta-traumatica-umarex-hdb68-cal-68-pack\/","name":"Escopeta traum\u00e1tica Umarex HDB68 Cal .68 PACK - Sportac.cl","isPartOf":{"@id":"https:\/\/sportac.cl\/#website"},"primaryImageOfPage":{"@id":"https:\/\/sportac.cl\/index.php\/producto\/escopeta-traumatica-umarex-hdb68-cal-68-pack\/#primaryimage"},"image":{"@id":"https:\/\/sportac.cl\/index.php\/producto\/escopeta-traumatica-umarex-hdb68-cal-68-pack\/#primaryimage"},"thumbnailUrl":"https:\/\/sportac.cl\/wp-content\/uploads\/2025\/11\/sportac-escopeta-1.jpg","datePublished":"2025-11-10T22:24:31+00:00","dateModified":"2025-11-10T22:24:35+00:00","description":"escopeta traumatica- escopeta umarex- escopeta hdb68- blaster- defensa personal- home defense- armas traumaticas- municiones cal. 68","breadcrumb":{"@id":"https:\/\/sportac.cl\/index.php\/producto\/escopeta-traumatica-umarex-hdb68-cal-68-pack\/#breadcrumb"},"inLanguage":"es","potentialAction":[{"@type":"ReadAction","target":["https:\/\/sportac.cl\/index.php\/producto\/escopeta-traumatica-umarex-hdb68-cal-68-pack\/"]}]},{"@type":"ImageObject","inLanguage":"es","@id":"https:\/\/sportac.cl\/index.php\/producto\/escopeta-traumatica-umarex-hdb68-cal-68-pack\/#primaryimage","url":"https:\/\/sportac.cl\/wp-content\/uploads\/2025\/11\/sportac-escopeta-1.jpg","contentUrl":"https:\/\/sportac.cl\/wp-content\/uploads\/2025\/11\/sportac-escopeta-1.jpg","width":1200,"height":1035},{"@type":"BreadcrumbList","@id":"https:\/\/sportac.cl\/index.php\/producto\/escopeta-traumatica-umarex-hdb68-cal-68-pack\/#breadcrumb","itemListElement":[{"@type":"ListItem","position":1,"name":"Portada","item":"https:\/\/sportac.cl\/index.php\/home\/"},{"@type":"ListItem","position":2,"name":"Tienda","item":"https:\/\/sportac.cl\/index.php\/tienda\/"},{"@type":"ListItem","position":3,"name":"Escopeta traum\u00e1tica Umarex HDB68 Cal .68 PACK"}]},{"@type":"WebSite","@id":"https:\/\/sportac.cl\/#website","url":"https:\/\/sportac.cl\/","name":"Sportac Linternas Caza y Pesca Camping","description":"Sportac.cl, tienda dedicada a venta de linternas profesionales y de alta calidad orientadas a deporte, industria y aplicaciones t\u00e1cticas Caza y Pesca","publisher":{"@id":"https:\/\/sportac.cl\/#organization"},"alternateName":"Tienda de Equipos - Linternas - Caza - Pesca - Camping","potentialAction":[{"@type":"SearchAction","target":{"@type":"EntryPoint","urlTemplate":"https:\/\/sportac.cl\/?s={search_term_string}"},"query-input":{"@type":"PropertyValueSpecification","valueRequired":true,"valueName":"search_term_string"}}],"inLanguage":"es"},{"@type":"Organization","@id":"https:\/\/sportac.cl\/#organization","name":"Sportac Tienda de Equipos de Caza y Pesca","alternateName":"Fenixligth, Fenix, linternas tacticas, led, iluminacion, mineria, Sportac, linternas Fenix, linterna C7, linterna HM71R, Linterna TK20R, iluminacion industrial, lantern,\u00a0flashlight Rifle pcp, Beeman, Glock, umarex, pistola traumatica, rifle nitropiston, pistola balines,\u00a0postones,\u00a0co2","url":"https:\/\/sportac.cl\/","logo":{"@type":"ImageObject","inLanguage":"es","@id":"https:\/\/sportac.cl\/#\/schema\/logo\/image\/","url":"https:\/\/sportac.cl\/wp-content\/uploads\/2025\/10\/cropped-Logo-Sportac-_-blanco.png","contentUrl":"https:\/\/sportac.cl\/wp-content\/uploads\/2025\/10\/cropped-Logo-Sportac-_-blanco.png","width":240,"height":259,"caption":"Sportac Tienda de Equipos de Caza y Pesca"},"image":{"@id":"https:\/\/sportac.cl\/#\/schema\/logo\/image\/"},"sameAs":["https:\/\/www.facebook.com\/profile.php?id=100064005011199&locale=bn_IN#","https:\/\/www.instagram.com\/sportac_fenix?igsh=cXBnb25jMzdwYzIw","https:\/\/www.tiktok.com\/@sportac73?_t=ZM-90r8HiYyUNk&_r=1"]}]}},"_links":{"self":[{"href":"https:\/\/sportac.cl\/index.php\/wp-json\/wp\/v2\/product\/567","targetHints":{"allow":["GET"]}}],"collection":[{"href":"https:\/\/sportac.cl\/index.php\/wp-json\/wp\/v2\/product"}],"about":[{"href":"https:\/\/sportac.cl\/index.php\/wp-json\/wp\/v2\/types\/product"}],"replies":[{"embeddable":true,"href":"https:\/\/sportac.cl\/index.php\/wp-json\/wp\/v2\/comments?post=567"}],"version-history":[{"count":1,"href":"https:\/\/sportac.cl\/index.php\/wp-json\/wp\/v2\/product\/567\/revisions"}],"predecessor-version":[{"id":573,"href":"https:\/\/sportac.cl\/index.php\/wp-json\/wp\/v2\/product\/567\/revisions\/573"}],"wp:featuredmedia":[{"embeddable":true,"href":"https:\/\/sportac.cl\/index.php\/wp-json\/wp\/v2\/media\/568"}],"wp:attachment":[{"href":"https:\/\/sportac.cl\/index.php\/wp-json\/wp\/v2\/media?parent=567"}],"wp:term":[{"taxonomy":"product_brand","embeddable":true,"href":"https:\/\/sportac.cl\/index.php\/wp-json\/wp\/v2\/product_brand?post=567"},{"taxonomy":"product_cat","embeddable":true,"href":"https:\/\/sportac.cl\/index.php\/wp-json\/wp\/v2\/product_cat?post=567"},{"taxonomy":"product_tag","embeddable":true,"href":"https:\/\/sportac.cl\/index.php\/wp-json\/wp\/v2\/product_tag?post=567"}],"curies":[{"name":"wp","href":"https:\/\/api.w.org\/{rel}","templated":true}]}}