{"id":561,"date":"2025-11-10T22:10:00","date_gmt":"2025-11-10T22:10:00","guid":{"rendered":"https:\/\/sportac.cl\/?post_type=product&#038;p=561"},"modified":"2026-01-20T12:58:13","modified_gmt":"2026-01-20T12:58:13","slug":"pistola-traumatica-beeman-bp50-cal-5019-joules","status":"publish","type":"product","link":"https:\/\/sportac.cl\/index.php\/producto\/pistola-traumatica-beeman-bp50-cal-5019-joules\/","title":{"rendered":"Pistola Traum\u00e1tica Beeman BP50, Cal .50,19 Joules"},"content":{"rendered":"<h2 class=\"ui-pdp-description__title\" data-testid=\"title\">Descripci\u00f3n<\/h2>\n<p class=\"ui-pdp-description__content\" data-testid=\"content\">Pistola de autodefensa para balas de goma<br \/>\nPotencia 19 jouls<br \/>\nAlimentado por un cartucho de CO2<br \/>\nCalibre .50 (12,7 mm)<br \/>\nCargador con capacidad de 8 balines<br \/>\nMunici\u00f3n vers\u00e1til: balas de goma, balas de goma y metal, balas de pimienta.<br \/>\nLeng\u00fceta de doble gatillo que act\u00faa como seguridad<br \/>\nEquipado con riel de montaje RIS<br \/>\nDisponible sin permiso<\/p>\n<p data-testid=\"content\">La Pistola Traumatica Beeman BP50 ofrece seguridad inmediata y control firme en situaciones de autodefensa. Su potencia de 19 jouls y alimentaci\u00f3n por cartucho de CO2 impulsan munici\u00f3n calibre .50 (12,7 mm) con respuesta r\u00e1pida y consistente. El cargador de 8 balines y munici\u00f3n vers\u00e1til \u2014balas de goma, balas de goma y metal, y balas de pimienta\u2014 permiten adaptar la fuerza disuasiva; la leng\u00fceta de doble gatillo act\u00faa como seguridad, mientras el riel RIS facilita accesorios esenciales. Disponible sin permiso para una adquisici\u00f3n \u00e1gil y responsable; no incluye municiones.<\/p>\n","protected":false},"excerpt":{"rendered":"<p>La Pistola Traumatica Beeman BP50 ofrece seguridad inmediata y control firme en situaciones de autodefensa. Su potencia de 19 jouls y alimentaci\u00f3n por cartucho de CO2 impulsan munici\u00f3n calibre .50 (12,7 mm) con respuesta r\u00e1pida y consistente. El cargador de 8 balines y munici\u00f3n vers\u00e1til \u2014balas de goma, balas de goma y metal, y balas de pimienta\u2014 permiten adaptar la fuerza disuasiva; la leng\u00fceta de doble gatillo act\u00faa como seguridad, mientras el riel RIS facilita accesorios esenciales. Disponible sin permiso para una adquisici\u00f3n \u00e1gil y responsable.<\/p>\n","protected":false},"featured_media":562,"comment_status":"open","ping_status":"closed","template":"","meta":[],"product_brand":[],"product_cat":[91,83],"product_tag":[176,175,177,115],"class_list":{"0":"post-561","1":"product","2":"type-product","3":"status-publish","4":"has-post-thumbnail","6":"product_cat-armas","7":"product_cat-pistola-balin","8":"product_tag-beeman-bp50","9":"product_tag-pistola-beeman","10":"product_tag-pistola-potente","11":"product_tag-pistola-traumatica","13":"first","14":"instock","15":"sale","16":"taxable","17":"shipping-taxable","18":"purchasable","19":"product-type-simple"},"yoast_head":"<!-- This site is optimized with the Yoast SEO plugin v26.1.1 - https:\/\/yoast.com\/wordpress\/plugins\/seo\/ -->\n<title>Pistola Traum\u00e1tica Beeman BP50, Cal .50,19 Joules - Sportac.cl<\/title>\n<meta name=\"description\" content=\"pistola traumatica- pistola beeman- defensa personal- home defense- beeman- pistola potente- pistola co2- calibre .50- municiones .50\" \/>\n<meta name=\"robots\" content=\"index, follow, max-snippet:-1, max-image-preview:large, max-video-preview:-1\" \/>\n<link rel=\"canonical\" href=\"https:\/\/sportac.cl\/index.php\/producto\/pistola-traumatica-beeman-bp50-cal-5019-joules\/\" \/>\n<meta property=\"og:locale\" content=\"es_ES\" \/>\n<meta property=\"og:type\" content=\"article\" \/>\n<meta property=\"og:title\" content=\"Pistola Traum\u00e1tica Beeman BP50, Cal .50,19 Joules - Sportac.cl\" \/>\n<meta property=\"og:description\" content=\"pistola traumatica- pistola beeman- defensa personal- home defense- beeman- pistola potente- pistola co2- calibre .50- municiones .50\" \/>\n<meta property=\"og:url\" content=\"https:\/\/sportac.cl\/index.php\/producto\/pistola-traumatica-beeman-bp50-cal-5019-joules\/\" \/>\n<meta property=\"og:site_name\" content=\"Sportac.cl\" \/>\n<meta property=\"article:publisher\" content=\"https:\/\/www.facebook.com\/profile.php?id=100064005011199&amp;locale=bn_IN#\" \/>\n<meta property=\"article:modified_time\" content=\"2026-01-20T12:58:13+00:00\" \/>\n<meta property=\"og:image\" content=\"https:\/\/sportac.cl\/wp-content\/uploads\/2025\/11\/sportac-beemanbp50-1.jpg\" \/>\n\t<meta property=\"og:image:width\" content=\"651\" \/>\n\t<meta property=\"og:image:height\" content=\"651\" \/>\n\t<meta property=\"og:image:type\" content=\"image\/jpeg\" \/>\n<meta name=\"twitter:card\" content=\"summary_large_image\" \/>\n<meta name=\"twitter:label1\" content=\"Tiempo de lectura\" \/>\n\t<meta name=\"twitter:data1\" content=\"1 minuto\" \/>\n<script type=\"application\/ld+json\" class=\"yoast-schema-graph\">{\"@context\":\"https:\/\/schema.org\",\"@graph\":[{\"@type\":\"WebPage\",\"@id\":\"https:\/\/sportac.cl\/index.php\/producto\/pistola-traumatica-beeman-bp50-cal-5019-joules\/\",\"url\":\"https:\/\/sportac.cl\/index.php\/producto\/pistola-traumatica-beeman-bp50-cal-5019-joules\/\",\"name\":\"Pistola Traum\u00e1tica Beeman BP50, Cal .50,19 Joules - Sportac.cl\",\"isPartOf\":{\"@id\":\"https:\/\/sportac.cl\/#website\"},\"primaryImageOfPage\":{\"@id\":\"https:\/\/sportac.cl\/index.php\/producto\/pistola-traumatica-beeman-bp50-cal-5019-joules\/#primaryimage\"},\"image\":{\"@id\":\"https:\/\/sportac.cl\/index.php\/producto\/pistola-traumatica-beeman-bp50-cal-5019-joules\/#primaryimage\"},\"thumbnailUrl\":\"https:\/\/sportac.cl\/wp-content\/uploads\/2025\/11\/sportac-beemanbp50-1.jpg\",\"datePublished\":\"2025-11-10T22:10:00+00:00\",\"dateModified\":\"2026-01-20T12:58:13+00:00\",\"description\":\"pistola traumatica- pistola beeman- defensa personal- home defense- beeman- pistola potente- pistola co2- calibre .50- municiones .50\",\"breadcrumb\":{\"@id\":\"https:\/\/sportac.cl\/index.php\/producto\/pistola-traumatica-beeman-bp50-cal-5019-joules\/#breadcrumb\"},\"inLanguage\":\"es\",\"potentialAction\":[{\"@type\":\"ReadAction\",\"target\":[\"https:\/\/sportac.cl\/index.php\/producto\/pistola-traumatica-beeman-bp50-cal-5019-joules\/\"]}]},{\"@type\":\"ImageObject\",\"inLanguage\":\"es\",\"@id\":\"https:\/\/sportac.cl\/index.php\/producto\/pistola-traumatica-beeman-bp50-cal-5019-joules\/#primaryimage\",\"url\":\"https:\/\/sportac.cl\/wp-content\/uploads\/2025\/11\/sportac-beemanbp50-1.jpg\",\"contentUrl\":\"https:\/\/sportac.cl\/wp-content\/uploads\/2025\/11\/sportac-beemanbp50-1.jpg\",\"width\":651,\"height\":651},{\"@type\":\"BreadcrumbList\",\"@id\":\"https:\/\/sportac.cl\/index.php\/producto\/pistola-traumatica-beeman-bp50-cal-5019-joules\/#breadcrumb\",\"itemListElement\":[{\"@type\":\"ListItem\",\"position\":1,\"name\":\"Portada\",\"item\":\"https:\/\/sportac.cl\/index.php\/home\/\"},{\"@type\":\"ListItem\",\"position\":2,\"name\":\"Tienda\",\"item\":\"https:\/\/sportac.cl\/index.php\/tienda\/\"},{\"@type\":\"ListItem\",\"position\":3,\"name\":\"Pistola Traum\u00e1tica Beeman BP50, Cal .50,19 Joules\"}]},{\"@type\":\"WebSite\",\"@id\":\"https:\/\/sportac.cl\/#website\",\"url\":\"https:\/\/sportac.cl\/\",\"name\":\"Sportac Linternas Caza y Pesca Camping\",\"description\":\"Sportac.cl, tienda dedicada a venta de linternas profesionales y de alta calidad orientadas a deporte, industria y aplicaciones t\u00e1cticas Caza y Pesca\",\"publisher\":{\"@id\":\"https:\/\/sportac.cl\/#organization\"},\"alternateName\":\"Tienda de Equipos - Linternas - Caza - Pesca - Camping\",\"potentialAction\":[{\"@type\":\"SearchAction\",\"target\":{\"@type\":\"EntryPoint\",\"urlTemplate\":\"https:\/\/sportac.cl\/?s={search_term_string}\"},\"query-input\":{\"@type\":\"PropertyValueSpecification\",\"valueRequired\":true,\"valueName\":\"search_term_string\"}}],\"inLanguage\":\"es\"},{\"@type\":\"Organization\",\"@id\":\"https:\/\/sportac.cl\/#organization\",\"name\":\"Sportac Tienda de Equipos de Caza y Pesca\",\"alternateName\":\"Fenixligth, Fenix, linternas tacticas, led, iluminacion, mineria, Sportac, linternas Fenix, linterna C7, linterna HM71R, Linterna TK20R, iluminacion industrial, lantern,\u00a0flashlight Rifle pcp, Beeman, Glock, umarex, pistola traumatica, rifle nitropiston, pistola balines,\u00a0postones,\u00a0co2\",\"url\":\"https:\/\/sportac.cl\/\",\"logo\":{\"@type\":\"ImageObject\",\"inLanguage\":\"es\",\"@id\":\"https:\/\/sportac.cl\/#\/schema\/logo\/image\/\",\"url\":\"https:\/\/sportac.cl\/wp-content\/uploads\/2025\/10\/cropped-Logo-Sportac-_-blanco.png\",\"contentUrl\":\"https:\/\/sportac.cl\/wp-content\/uploads\/2025\/10\/cropped-Logo-Sportac-_-blanco.png\",\"width\":240,\"height\":259,\"caption\":\"Sportac Tienda de Equipos de Caza y Pesca\"},\"image\":{\"@id\":\"https:\/\/sportac.cl\/#\/schema\/logo\/image\/\"},\"sameAs\":[\"https:\/\/www.facebook.com\/profile.php?id=100064005011199&locale=bn_IN#\",\"https:\/\/www.instagram.com\/sportac_fenix?igsh=cXBnb25jMzdwYzIw\",\"https:\/\/www.tiktok.com\/@sportac73?_t=ZM-90r8HiYyUNk&_r=1\"]}]}<\/script>\n<!-- \/ Yoast SEO plugin. -->","yoast_head_json":{"title":"Pistola Traum\u00e1tica Beeman BP50, Cal .50,19 Joules - Sportac.cl","description":"pistola traumatica- pistola beeman- defensa personal- home defense- beeman- pistola potente- pistola co2- calibre .50- municiones .50","robots":{"index":"index","follow":"follow","max-snippet":"max-snippet:-1","max-image-preview":"max-image-preview:large","max-video-preview":"max-video-preview:-1"},"canonical":"https:\/\/sportac.cl\/index.php\/producto\/pistola-traumatica-beeman-bp50-cal-5019-joules\/","og_locale":"es_ES","og_type":"article","og_title":"Pistola Traum\u00e1tica Beeman BP50, Cal .50,19 Joules - Sportac.cl","og_description":"pistola traumatica- pistola beeman- defensa personal- home defense- beeman- pistola potente- pistola co2- calibre .50- municiones .50","og_url":"https:\/\/sportac.cl\/index.php\/producto\/pistola-traumatica-beeman-bp50-cal-5019-joules\/","og_site_name":"Sportac.cl","article_publisher":"https:\/\/www.facebook.com\/profile.php?id=100064005011199&locale=bn_IN#","article_modified_time":"2026-01-20T12:58:13+00:00","og_image":[{"width":651,"height":651,"url":"https:\/\/sportac.cl\/wp-content\/uploads\/2025\/11\/sportac-beemanbp50-1.jpg","type":"image\/jpeg"}],"twitter_card":"summary_large_image","twitter_misc":{"Tiempo de lectura":"1 minuto"},"schema":{"@context":"https:\/\/schema.org","@graph":[{"@type":"WebPage","@id":"https:\/\/sportac.cl\/index.php\/producto\/pistola-traumatica-beeman-bp50-cal-5019-joules\/","url":"https:\/\/sportac.cl\/index.php\/producto\/pistola-traumatica-beeman-bp50-cal-5019-joules\/","name":"Pistola Traum\u00e1tica Beeman BP50, Cal .50,19 Joules - Sportac.cl","isPartOf":{"@id":"https:\/\/sportac.cl\/#website"},"primaryImageOfPage":{"@id":"https:\/\/sportac.cl\/index.php\/producto\/pistola-traumatica-beeman-bp50-cal-5019-joules\/#primaryimage"},"image":{"@id":"https:\/\/sportac.cl\/index.php\/producto\/pistola-traumatica-beeman-bp50-cal-5019-joules\/#primaryimage"},"thumbnailUrl":"https:\/\/sportac.cl\/wp-content\/uploads\/2025\/11\/sportac-beemanbp50-1.jpg","datePublished":"2025-11-10T22:10:00+00:00","dateModified":"2026-01-20T12:58:13+00:00","description":"pistola traumatica- pistola beeman- defensa personal- home defense- beeman- pistola potente- pistola co2- calibre .50- municiones .50","breadcrumb":{"@id":"https:\/\/sportac.cl\/index.php\/producto\/pistola-traumatica-beeman-bp50-cal-5019-joules\/#breadcrumb"},"inLanguage":"es","potentialAction":[{"@type":"ReadAction","target":["https:\/\/sportac.cl\/index.php\/producto\/pistola-traumatica-beeman-bp50-cal-5019-joules\/"]}]},{"@type":"ImageObject","inLanguage":"es","@id":"https:\/\/sportac.cl\/index.php\/producto\/pistola-traumatica-beeman-bp50-cal-5019-joules\/#primaryimage","url":"https:\/\/sportac.cl\/wp-content\/uploads\/2025\/11\/sportac-beemanbp50-1.jpg","contentUrl":"https:\/\/sportac.cl\/wp-content\/uploads\/2025\/11\/sportac-beemanbp50-1.jpg","width":651,"height":651},{"@type":"BreadcrumbList","@id":"https:\/\/sportac.cl\/index.php\/producto\/pistola-traumatica-beeman-bp50-cal-5019-joules\/#breadcrumb","itemListElement":[{"@type":"ListItem","position":1,"name":"Portada","item":"https:\/\/sportac.cl\/index.php\/home\/"},{"@type":"ListItem","position":2,"name":"Tienda","item":"https:\/\/sportac.cl\/index.php\/tienda\/"},{"@type":"ListItem","position":3,"name":"Pistola Traum\u00e1tica Beeman BP50, Cal .50,19 Joules"}]},{"@type":"WebSite","@id":"https:\/\/sportac.cl\/#website","url":"https:\/\/sportac.cl\/","name":"Sportac Linternas Caza y Pesca Camping","description":"Sportac.cl, tienda dedicada a venta de linternas profesionales y de alta calidad orientadas a deporte, industria y aplicaciones t\u00e1cticas Caza y Pesca","publisher":{"@id":"https:\/\/sportac.cl\/#organization"},"alternateName":"Tienda de Equipos - Linternas - Caza - Pesca - Camping","potentialAction":[{"@type":"SearchAction","target":{"@type":"EntryPoint","urlTemplate":"https:\/\/sportac.cl\/?s={search_term_string}"},"query-input":{"@type":"PropertyValueSpecification","valueRequired":true,"valueName":"search_term_string"}}],"inLanguage":"es"},{"@type":"Organization","@id":"https:\/\/sportac.cl\/#organization","name":"Sportac Tienda de Equipos de Caza y Pesca","alternateName":"Fenixligth, Fenix, linternas tacticas, led, iluminacion, mineria, Sportac, linternas Fenix, linterna C7, linterna HM71R, Linterna TK20R, iluminacion industrial, lantern,\u00a0flashlight Rifle pcp, Beeman, Glock, umarex, pistola traumatica, rifle nitropiston, pistola balines,\u00a0postones,\u00a0co2","url":"https:\/\/sportac.cl\/","logo":{"@type":"ImageObject","inLanguage":"es","@id":"https:\/\/sportac.cl\/#\/schema\/logo\/image\/","url":"https:\/\/sportac.cl\/wp-content\/uploads\/2025\/10\/cropped-Logo-Sportac-_-blanco.png","contentUrl":"https:\/\/sportac.cl\/wp-content\/uploads\/2025\/10\/cropped-Logo-Sportac-_-blanco.png","width":240,"height":259,"caption":"Sportac Tienda de Equipos de Caza y Pesca"},"image":{"@id":"https:\/\/sportac.cl\/#\/schema\/logo\/image\/"},"sameAs":["https:\/\/www.facebook.com\/profile.php?id=100064005011199&locale=bn_IN#","https:\/\/www.instagram.com\/sportac_fenix?igsh=cXBnb25jMzdwYzIw","https:\/\/www.tiktok.com\/@sportac73?_t=ZM-90r8HiYyUNk&_r=1"]}]}},"_links":{"self":[{"href":"https:\/\/sportac.cl\/index.php\/wp-json\/wp\/v2\/product\/561","targetHints":{"allow":["GET"]}}],"collection":[{"href":"https:\/\/sportac.cl\/index.php\/wp-json\/wp\/v2\/product"}],"about":[{"href":"https:\/\/sportac.cl\/index.php\/wp-json\/wp\/v2\/types\/product"}],"replies":[{"embeddable":true,"href":"https:\/\/sportac.cl\/index.php\/wp-json\/wp\/v2\/comments?post=561"}],"version-history":[{"count":2,"href":"https:\/\/sportac.cl\/index.php\/wp-json\/wp\/v2\/product\/561\/revisions"}],"predecessor-version":[{"id":799,"href":"https:\/\/sportac.cl\/index.php\/wp-json\/wp\/v2\/product\/561\/revisions\/799"}],"wp:featuredmedia":[{"embeddable":true,"href":"https:\/\/sportac.cl\/index.php\/wp-json\/wp\/v2\/media\/562"}],"wp:attachment":[{"href":"https:\/\/sportac.cl\/index.php\/wp-json\/wp\/v2\/media?parent=561"}],"wp:term":[{"taxonomy":"product_brand","embeddable":true,"href":"https:\/\/sportac.cl\/index.php\/wp-json\/wp\/v2\/product_brand?post=561"},{"taxonomy":"product_cat","embeddable":true,"href":"https:\/\/sportac.cl\/index.php\/wp-json\/wp\/v2\/product_cat?post=561"},{"taxonomy":"product_tag","embeddable":true,"href":"https:\/\/sportac.cl\/index.php\/wp-json\/wp\/v2\/product_tag?post=561"}],"curies":[{"name":"wp","href":"https:\/\/api.w.org\/{rel}","templated":true}]}}