{"id":545,"date":"2025-11-10T21:20:35","date_gmt":"2025-11-10T21:20:35","guid":{"rendered":"https:\/\/sportac.cl\/?post_type=product&#038;p=545"},"modified":"2025-11-10T21:20:42","modified_gmt":"2025-11-10T21:20:42","slug":"revolver-traumatico-umarex-hdr68-pack-cal-68","status":"publish","type":"product","link":"https:\/\/sportac.cl\/index.php\/producto\/revolver-traumatico-umarex-hdr68-pack-cal-68\/","title":{"rendered":"Rev\u00f3lver traum\u00e1tico Umarex HDR68 PACK, Cal .68"},"content":{"rendered":"<h2 class=\"ui-pdp-description__title\" data-testid=\"title\">Descripci\u00f3n<\/h2>\n<p class=\"ui-pdp-description__content\" data-testid=\"content\">DATOS T\u00c9CNICOS<\/p>\n<p>El Tactical Rev\u00f3lver HDR 68 combina el mayor calibre de la serie T4E con tecnolog\u00eda confiable de CO2 en un poderoso rev\u00f3lver, a esto sumale la municion RBI68 que golpea mas duro incluida en este pack, hace de esta arma la mejor opci\u00f3n para defensa personal<\/p>\n<p>INCLUYE<\/p>\n<p>-1 REVOLVER HDR68<br \/>\n-5 C02<br \/>\n-50 poderosas municiones con nucleo de acero recubiertas en goma RBI 68 Umarex<\/p>\n<p>M\u00e1s grande y m\u00e1s fuerte, el Tactical Revolver 68 utiliza las caracter\u00edsticas probadas del HDR 68. Una c\u00e1psula de CO2 en la empu\u00f1adura proporciona un m\u00e1ximo de 16 julios. Un ligero golpe en la parte inferior es suficiente para perforarlo, y el indicador de presi\u00f3n \u00f3ptico y t\u00e1ctil le mostrar\u00e1 que est\u00e1 listo para disparar. Por lo tanto, el TR 68 est\u00e1 listo para usar en cualquier momento y tiene un cartucho lleno cuando lo necesite. Las superficies texturizadas del marco le brindan un agarre seguro, y la seguridad del gatillo autom\u00e1tico evita disparos accidentales si alguna vez deja caer el arma.<\/p>\n<p>Cuando se trata de calibre, el rev\u00f3lver no hace concesiones. El calibre .68, un cargador rotativo de cinco balas y toda la gama de municiones T4E garantizan un desempe\u00f1o exitoso. En t\u00e9rminos de precisi\u00f3n, el TR 68 se basa en un ca\u00f1\u00f3n de 170 mm de largo, una l\u00ednea de mira larga y rieles Picatinny para el montaje de accesorios como la \u00f3ptica.<\/p>\n<p>Calibre 68<br \/>\nNivel de energ\u00eda 16,0J<br \/>\nCapacidad del cargador 5 rondas<br \/>\nCapacidad de tiro 10 rondas<br \/>\nFuente de alimentaci\u00f3n 12g CO2<br \/>\nGenerar Solo doble acci\u00f3n<br \/>\nLa seguridad Seguridad de gatillo autom\u00e1tico<br \/>\nLongitud 331mm<br \/>\nPeso 773 gramos<\/p>\n","protected":false},"excerpt":{"rendered":"<p>Cuando se trata de calibre, el rev\u00f3lver no hace concesiones. El calibre .68, un cargador rotativo de cinco balas y toda la gama de municiones T4E garantizan un desempe\u00f1o exitoso. En t\u00e9rminos de precisi\u00f3n, el TR 68 se basa en un ca\u00f1\u00f3n de 170 mm de largo, una l\u00ednea de mira larga y rieles Picatinny para el montaje de accesorios como la \u00f3ptica.<\/p>\n","protected":false},"featured_media":546,"comment_status":"open","ping_status":"closed","template":"","meta":[],"product_brand":[],"product_cat":[91],"product_tag":[116,115,172,171,173],"class_list":{"0":"post-545","1":"product","2":"type-product","3":"status-publish","4":"has-post-thumbnail","6":"product_cat-armas","7":"product_tag-pistola-co2","8":"product_tag-pistola-traumatica","9":"product_tag-revolver-traumatico","10":"product_tag-revolver-umarex","11":"product_tag-umarex","13":"first","14":"instock","15":"sale","16":"taxable","17":"shipping-taxable","18":"purchasable","19":"product-type-simple"},"yoast_head":"<!-- This site is optimized with the Yoast SEO plugin v26.1.1 - https:\/\/yoast.com\/wordpress\/plugins\/seo\/ -->\n<title>Rev\u00f3lver traum\u00e1tico Umarex HDR68 PACK, Cal .68 - Sportac.cl<\/title>\n<meta name=\"description\" content=\"Rev\u00f3lver traum\u00e1tico Umarex HDR68 PACK, Cal .68 revolver umarex, hdr68, cal 68, co2, municiones .68, defensa personal, arma aire comprimido\" \/>\n<meta name=\"robots\" content=\"index, follow, max-snippet:-1, max-image-preview:large, max-video-preview:-1\" \/>\n<link rel=\"canonical\" href=\"https:\/\/sportac.cl\/index.php\/producto\/revolver-traumatico-umarex-hdr68-pack-cal-68\/\" \/>\n<meta property=\"og:locale\" content=\"es_ES\" \/>\n<meta property=\"og:type\" content=\"article\" \/>\n<meta property=\"og:title\" content=\"Rev\u00f3lver traum\u00e1tico Umarex HDR68 PACK, Cal .68 - Sportac.cl\" \/>\n<meta property=\"og:description\" content=\"Rev\u00f3lver traum\u00e1tico Umarex HDR68 PACK, Cal .68 revolver umarex, hdr68, cal 68, co2, municiones .68, defensa personal, arma aire comprimido\" \/>\n<meta property=\"og:url\" content=\"https:\/\/sportac.cl\/index.php\/producto\/revolver-traumatico-umarex-hdr68-pack-cal-68\/\" \/>\n<meta property=\"og:site_name\" content=\"Sportac.cl\" \/>\n<meta property=\"article:publisher\" content=\"https:\/\/www.facebook.com\/profile.php?id=100064005011199&amp;locale=bn_IN#\" \/>\n<meta property=\"article:modified_time\" content=\"2025-11-10T21:20:42+00:00\" \/>\n<meta property=\"og:image\" content=\"https:\/\/sportac.cl\/wp-content\/uploads\/2025\/11\/sportac-revolverhdr68.webp\" \/>\n\t<meta property=\"og:image:width\" content=\"1139\" \/>\n\t<meta property=\"og:image:height\" content=\"1200\" \/>\n\t<meta property=\"og:image:type\" content=\"image\/webp\" \/>\n<meta name=\"twitter:card\" content=\"summary_large_image\" \/>\n<meta name=\"twitter:label1\" content=\"Tiempo de lectura\" \/>\n\t<meta name=\"twitter:data1\" content=\"2 minutos\" \/>\n<script type=\"application\/ld+json\" class=\"yoast-schema-graph\">{\"@context\":\"https:\/\/schema.org\",\"@graph\":[{\"@type\":\"WebPage\",\"@id\":\"https:\/\/sportac.cl\/index.php\/producto\/revolver-traumatico-umarex-hdr68-pack-cal-68\/\",\"url\":\"https:\/\/sportac.cl\/index.php\/producto\/revolver-traumatico-umarex-hdr68-pack-cal-68\/\",\"name\":\"Rev\u00f3lver traum\u00e1tico Umarex HDR68 PACK, Cal .68 - Sportac.cl\",\"isPartOf\":{\"@id\":\"https:\/\/sportac.cl\/#website\"},\"primaryImageOfPage\":{\"@id\":\"https:\/\/sportac.cl\/index.php\/producto\/revolver-traumatico-umarex-hdr68-pack-cal-68\/#primaryimage\"},\"image\":{\"@id\":\"https:\/\/sportac.cl\/index.php\/producto\/revolver-traumatico-umarex-hdr68-pack-cal-68\/#primaryimage\"},\"thumbnailUrl\":\"https:\/\/sportac.cl\/wp-content\/uploads\/2025\/11\/sportac-revolverhdr68.webp\",\"datePublished\":\"2025-11-10T21:20:35+00:00\",\"dateModified\":\"2025-11-10T21:20:42+00:00\",\"description\":\"Rev\u00f3lver traum\u00e1tico Umarex HDR68 PACK, Cal .68 revolver umarex, hdr68, cal 68, co2, municiones .68, defensa personal, arma aire comprimido\",\"breadcrumb\":{\"@id\":\"https:\/\/sportac.cl\/index.php\/producto\/revolver-traumatico-umarex-hdr68-pack-cal-68\/#breadcrumb\"},\"inLanguage\":\"es\",\"potentialAction\":[{\"@type\":\"ReadAction\",\"target\":[\"https:\/\/sportac.cl\/index.php\/producto\/revolver-traumatico-umarex-hdr68-pack-cal-68\/\"]}]},{\"@type\":\"ImageObject\",\"inLanguage\":\"es\",\"@id\":\"https:\/\/sportac.cl\/index.php\/producto\/revolver-traumatico-umarex-hdr68-pack-cal-68\/#primaryimage\",\"url\":\"https:\/\/sportac.cl\/wp-content\/uploads\/2025\/11\/sportac-revolverhdr68.webp\",\"contentUrl\":\"https:\/\/sportac.cl\/wp-content\/uploads\/2025\/11\/sportac-revolverhdr68.webp\",\"width\":1139,\"height\":1200},{\"@type\":\"BreadcrumbList\",\"@id\":\"https:\/\/sportac.cl\/index.php\/producto\/revolver-traumatico-umarex-hdr68-pack-cal-68\/#breadcrumb\",\"itemListElement\":[{\"@type\":\"ListItem\",\"position\":1,\"name\":\"Portada\",\"item\":\"https:\/\/sportac.cl\/index.php\/home\/\"},{\"@type\":\"ListItem\",\"position\":2,\"name\":\"Tienda\",\"item\":\"https:\/\/sportac.cl\/index.php\/tienda\/\"},{\"@type\":\"ListItem\",\"position\":3,\"name\":\"Rev\u00f3lver traum\u00e1tico Umarex HDR68 PACK, Cal .68\"}]},{\"@type\":\"WebSite\",\"@id\":\"https:\/\/sportac.cl\/#website\",\"url\":\"https:\/\/sportac.cl\/\",\"name\":\"Sportac Linternas Caza y Pesca Camping\",\"description\":\"Sportac.cl, tienda dedicada a venta de linternas profesionales y de alta calidad orientadas a deporte, industria y aplicaciones t\u00e1cticas Caza y Pesca\",\"publisher\":{\"@id\":\"https:\/\/sportac.cl\/#organization\"},\"alternateName\":\"Tienda de Equipos - Linternas - Caza - Pesca - Camping\",\"potentialAction\":[{\"@type\":\"SearchAction\",\"target\":{\"@type\":\"EntryPoint\",\"urlTemplate\":\"https:\/\/sportac.cl\/?s={search_term_string}\"},\"query-input\":{\"@type\":\"PropertyValueSpecification\",\"valueRequired\":true,\"valueName\":\"search_term_string\"}}],\"inLanguage\":\"es\"},{\"@type\":\"Organization\",\"@id\":\"https:\/\/sportac.cl\/#organization\",\"name\":\"Sportac Tienda de Equipos de Caza y Pesca\",\"alternateName\":\"Fenixligth, Fenix, linternas tacticas, led, iluminacion, mineria, Sportac, linternas Fenix, linterna C7, linterna HM71R, Linterna TK20R, iluminacion industrial, lantern,\u00a0flashlight Rifle pcp, Beeman, Glock, umarex, pistola traumatica, rifle nitropiston, pistola balines,\u00a0postones,\u00a0co2\",\"url\":\"https:\/\/sportac.cl\/\",\"logo\":{\"@type\":\"ImageObject\",\"inLanguage\":\"es\",\"@id\":\"https:\/\/sportac.cl\/#\/schema\/logo\/image\/\",\"url\":\"https:\/\/sportac.cl\/wp-content\/uploads\/2025\/10\/cropped-Logo-Sportac-_-blanco.png\",\"contentUrl\":\"https:\/\/sportac.cl\/wp-content\/uploads\/2025\/10\/cropped-Logo-Sportac-_-blanco.png\",\"width\":240,\"height\":259,\"caption\":\"Sportac Tienda de Equipos de Caza y Pesca\"},\"image\":{\"@id\":\"https:\/\/sportac.cl\/#\/schema\/logo\/image\/\"},\"sameAs\":[\"https:\/\/www.facebook.com\/profile.php?id=100064005011199&locale=bn_IN#\",\"https:\/\/www.instagram.com\/sportac_fenix?igsh=cXBnb25jMzdwYzIw\",\"https:\/\/www.tiktok.com\/@sportac73?_t=ZM-90r8HiYyUNk&_r=1\"]}]}<\/script>\n<!-- \/ Yoast SEO plugin. -->","yoast_head_json":{"title":"Rev\u00f3lver traum\u00e1tico Umarex HDR68 PACK, Cal .68 - Sportac.cl","description":"Rev\u00f3lver traum\u00e1tico Umarex HDR68 PACK, Cal .68 revolver umarex, hdr68, cal 68, co2, municiones .68, defensa personal, arma aire comprimido","robots":{"index":"index","follow":"follow","max-snippet":"max-snippet:-1","max-image-preview":"max-image-preview:large","max-video-preview":"max-video-preview:-1"},"canonical":"https:\/\/sportac.cl\/index.php\/producto\/revolver-traumatico-umarex-hdr68-pack-cal-68\/","og_locale":"es_ES","og_type":"article","og_title":"Rev\u00f3lver traum\u00e1tico Umarex HDR68 PACK, Cal .68 - Sportac.cl","og_description":"Rev\u00f3lver traum\u00e1tico Umarex HDR68 PACK, Cal .68 revolver umarex, hdr68, cal 68, co2, municiones .68, defensa personal, arma aire comprimido","og_url":"https:\/\/sportac.cl\/index.php\/producto\/revolver-traumatico-umarex-hdr68-pack-cal-68\/","og_site_name":"Sportac.cl","article_publisher":"https:\/\/www.facebook.com\/profile.php?id=100064005011199&locale=bn_IN#","article_modified_time":"2025-11-10T21:20:42+00:00","og_image":[{"width":1139,"height":1200,"url":"https:\/\/sportac.cl\/wp-content\/uploads\/2025\/11\/sportac-revolverhdr68.webp","type":"image\/webp"}],"twitter_card":"summary_large_image","twitter_misc":{"Tiempo de lectura":"2 minutos"},"schema":{"@context":"https:\/\/schema.org","@graph":[{"@type":"WebPage","@id":"https:\/\/sportac.cl\/index.php\/producto\/revolver-traumatico-umarex-hdr68-pack-cal-68\/","url":"https:\/\/sportac.cl\/index.php\/producto\/revolver-traumatico-umarex-hdr68-pack-cal-68\/","name":"Rev\u00f3lver traum\u00e1tico Umarex HDR68 PACK, Cal .68 - Sportac.cl","isPartOf":{"@id":"https:\/\/sportac.cl\/#website"},"primaryImageOfPage":{"@id":"https:\/\/sportac.cl\/index.php\/producto\/revolver-traumatico-umarex-hdr68-pack-cal-68\/#primaryimage"},"image":{"@id":"https:\/\/sportac.cl\/index.php\/producto\/revolver-traumatico-umarex-hdr68-pack-cal-68\/#primaryimage"},"thumbnailUrl":"https:\/\/sportac.cl\/wp-content\/uploads\/2025\/11\/sportac-revolverhdr68.webp","datePublished":"2025-11-10T21:20:35+00:00","dateModified":"2025-11-10T21:20:42+00:00","description":"Rev\u00f3lver traum\u00e1tico Umarex HDR68 PACK, Cal .68 revolver umarex, hdr68, cal 68, co2, municiones .68, defensa personal, arma aire comprimido","breadcrumb":{"@id":"https:\/\/sportac.cl\/index.php\/producto\/revolver-traumatico-umarex-hdr68-pack-cal-68\/#breadcrumb"},"inLanguage":"es","potentialAction":[{"@type":"ReadAction","target":["https:\/\/sportac.cl\/index.php\/producto\/revolver-traumatico-umarex-hdr68-pack-cal-68\/"]}]},{"@type":"ImageObject","inLanguage":"es","@id":"https:\/\/sportac.cl\/index.php\/producto\/revolver-traumatico-umarex-hdr68-pack-cal-68\/#primaryimage","url":"https:\/\/sportac.cl\/wp-content\/uploads\/2025\/11\/sportac-revolverhdr68.webp","contentUrl":"https:\/\/sportac.cl\/wp-content\/uploads\/2025\/11\/sportac-revolverhdr68.webp","width":1139,"height":1200},{"@type":"BreadcrumbList","@id":"https:\/\/sportac.cl\/index.php\/producto\/revolver-traumatico-umarex-hdr68-pack-cal-68\/#breadcrumb","itemListElement":[{"@type":"ListItem","position":1,"name":"Portada","item":"https:\/\/sportac.cl\/index.php\/home\/"},{"@type":"ListItem","position":2,"name":"Tienda","item":"https:\/\/sportac.cl\/index.php\/tienda\/"},{"@type":"ListItem","position":3,"name":"Rev\u00f3lver traum\u00e1tico Umarex HDR68 PACK, Cal .68"}]},{"@type":"WebSite","@id":"https:\/\/sportac.cl\/#website","url":"https:\/\/sportac.cl\/","name":"Sportac Linternas Caza y Pesca Camping","description":"Sportac.cl, tienda dedicada a venta de linternas profesionales y de alta calidad orientadas a deporte, industria y aplicaciones t\u00e1cticas Caza y Pesca","publisher":{"@id":"https:\/\/sportac.cl\/#organization"},"alternateName":"Tienda de Equipos - Linternas - Caza - Pesca - Camping","potentialAction":[{"@type":"SearchAction","target":{"@type":"EntryPoint","urlTemplate":"https:\/\/sportac.cl\/?s={search_term_string}"},"query-input":{"@type":"PropertyValueSpecification","valueRequired":true,"valueName":"search_term_string"}}],"inLanguage":"es"},{"@type":"Organization","@id":"https:\/\/sportac.cl\/#organization","name":"Sportac Tienda de Equipos de Caza y Pesca","alternateName":"Fenixligth, Fenix, linternas tacticas, led, iluminacion, mineria, Sportac, linternas Fenix, linterna C7, linterna HM71R, Linterna TK20R, iluminacion industrial, lantern,\u00a0flashlight Rifle pcp, Beeman, Glock, umarex, pistola traumatica, rifle nitropiston, pistola balines,\u00a0postones,\u00a0co2","url":"https:\/\/sportac.cl\/","logo":{"@type":"ImageObject","inLanguage":"es","@id":"https:\/\/sportac.cl\/#\/schema\/logo\/image\/","url":"https:\/\/sportac.cl\/wp-content\/uploads\/2025\/10\/cropped-Logo-Sportac-_-blanco.png","contentUrl":"https:\/\/sportac.cl\/wp-content\/uploads\/2025\/10\/cropped-Logo-Sportac-_-blanco.png","width":240,"height":259,"caption":"Sportac Tienda de Equipos de Caza y Pesca"},"image":{"@id":"https:\/\/sportac.cl\/#\/schema\/logo\/image\/"},"sameAs":["https:\/\/www.facebook.com\/profile.php?id=100064005011199&locale=bn_IN#","https:\/\/www.instagram.com\/sportac_fenix?igsh=cXBnb25jMzdwYzIw","https:\/\/www.tiktok.com\/@sportac73?_t=ZM-90r8HiYyUNk&_r=1"]}]}},"_links":{"self":[{"href":"https:\/\/sportac.cl\/index.php\/wp-json\/wp\/v2\/product\/545","targetHints":{"allow":["GET"]}}],"collection":[{"href":"https:\/\/sportac.cl\/index.php\/wp-json\/wp\/v2\/product"}],"about":[{"href":"https:\/\/sportac.cl\/index.php\/wp-json\/wp\/v2\/types\/product"}],"replies":[{"embeddable":true,"href":"https:\/\/sportac.cl\/index.php\/wp-json\/wp\/v2\/comments?post=545"}],"version-history":[{"count":1,"href":"https:\/\/sportac.cl\/index.php\/wp-json\/wp\/v2\/product\/545\/revisions"}],"predecessor-version":[{"id":553,"href":"https:\/\/sportac.cl\/index.php\/wp-json\/wp\/v2\/product\/545\/revisions\/553"}],"wp:featuredmedia":[{"embeddable":true,"href":"https:\/\/sportac.cl\/index.php\/wp-json\/wp\/v2\/media\/546"}],"wp:attachment":[{"href":"https:\/\/sportac.cl\/index.php\/wp-json\/wp\/v2\/media?parent=545"}],"wp:term":[{"taxonomy":"product_brand","embeddable":true,"href":"https:\/\/sportac.cl\/index.php\/wp-json\/wp\/v2\/product_brand?post=545"},{"taxonomy":"product_cat","embeddable":true,"href":"https:\/\/sportac.cl\/index.php\/wp-json\/wp\/v2\/product_cat?post=545"},{"taxonomy":"product_tag","embeddable":true,"href":"https:\/\/sportac.cl\/index.php\/wp-json\/wp\/v2\/product_tag?post=545"}],"curies":[{"name":"wp","href":"https:\/\/api.w.org\/{rel}","templated":true}]}}