{"id":531,"date":"2025-11-10T21:05:47","date_gmt":"2025-11-10T21:05:47","guid":{"rendered":"https:\/\/sportac.cl\/?post_type=product&#038;p=531"},"modified":"2025-11-10T21:05:47","modified_gmt":"2025-11-10T21:05:47","slug":"linterna-fenix-para-pistolas-gl07","status":"publish","type":"product","link":"https:\/\/sportac.cl\/index.php\/producto\/linterna-fenix-para-pistolas-gl07\/","title":{"rendered":"Linterna Fenix para pistolas GL07"},"content":{"rendered":"<p>Ilumine su objetivo con la Fenix GL07, la linterna compacta definitiva para armas, dise\u00f1ada para porte oculto. Con una potencia de 700 l\u00famenes, esta linterna t\u00e1ctica para pistola garantiza claridad en cualquier situaci\u00f3n. La Fenix GL07 cuenta con un vers\u00e1til soporte de riel de liberaci\u00f3n r\u00e1pida, compatible con rieles Glock y Picatinny, que garantiza un ajuste perfecto y seguro en su pistola compacta. Su dise\u00f1o modular permite deslizar la linterna para una posici\u00f3n \u00f3ptima, lo que facilita su transferencia entre diferentes armas de fuego.<\/p>\n<p>&nbsp;<\/p>\n<p>Las caracter\u00edsticas principales incluyen:<\/p>\n<ul>\n<li><b>Ajuste universal modular:\u00a0<\/b>\u00a0deslice el riel para adaptarlo a su arma, desde pistolas de tama\u00f1o completo hasta pistolas microcompactas como la Springfield Hellcat\u00ae.<\/li>\n<li><b>Potente haz de 700 l\u00famenes:<\/b>\u00a0funciona con una bater\u00eda recargable 16340 (incluida).<\/li>\n<li><b>Controles ambidiestros:<\/b>\u00a0active f\u00e1cilmente las funciones Encendido, Encendido moment\u00e1neo y Estrobosc\u00f3pico t\u00e1ctico.<\/li>\n<li><b>Dise\u00f1ado para durar:<\/b>\u00a0con una clasificaci\u00f3n de resistencia al agua IPX7, el GL07 est\u00e1 listo para cualquier entorno.<\/li>\n<\/ul>\n<p>&nbsp;<\/p>\n<div class=\"cus-lqd-specs\"><strong>L\u00famenes m\u00e1ximos:<\/strong>\u00a0700<\/div>\n<div class=\"cus-lqd-specs\"><strong>Distancia m\u00e1xima del haz:<\/strong>\u00a0787 pies (240 metros)<\/div>\n<div class=\"cus-lqd-specs\"><strong>Tiempo m\u00e1ximo de ejecuci\u00f3n:<\/strong>\u00a01 hora<\/div>\n<div class=\"cus-lqd-specs\"><strong>Modos de iluminaci\u00f3n:<\/strong>\u00a0Dos modos de iluminaci\u00f3n que incluyen un nivel de brillo y uno estrobosc\u00f3pico.<\/div>\n<div class=\"cus-lqd-specs\"><strong>Tipo de bombilla:<\/strong>\u00a0Luminus SFT12R LED<\/div>\n<div class=\"cus-lqd-specs\"><strong>Material de la lente:<\/strong>\u00a0policarbonato<\/div>\n<div class=\"cus-lqd-specs\"><strong>Temperatura de color:<\/strong>\u00a0alrededor de 6000 K<\/div>\n<div class=\"cus-lqd-specs\"><strong>Tama\u00f1o:<\/strong>\u00a0Largo: 2,61\u201d (66,3 mm) Ancho: 1,11\u201d (28,2 mm) Alto: 1,24\u201d (31,6 mm)<\/div>\n<div class=\"cus-lqd-specs\"><strong>Peso:<\/strong>\u00a02,61 oz (74 g) incluida la bater\u00eda<\/div>\n<div class=\"cus-lqd-specs\"><strong>Bater\u00eda:<\/strong>\u00a0Una bater\u00eda de iones de litio recargable 16340 incluida o una bater\u00eda de litio CR123A como respaldo<\/div>\n<div class=\"cus-lqd-specs\"><strong>Incluye:<\/strong>\u00a0bater\u00eda ARB-L16-800UP, placa de riel GLOCK y 1913, cable de carga USB tipo C, junta t\u00f3rica de repuesto<\/div>\n<div class=\"cus-lqd-specs\"><\/div>\n<div class=\"cus-lqd-specs\"><\/div>\n<div class=\"cus-lqd-specs\">\n<div class=\"features-content\">\n<ul>\n<li>Utiliza un LED Luminus SFT12R con una vida \u00fatil de 50.000 horas.<\/li>\n<li>Funciona con una bater\u00eda recargable ARB-L16-800UP incluida y compatible con una bater\u00eda CR123A.<\/li>\n<li>Estructura de liberaci\u00f3n r\u00e1pida para una instalaci\u00f3n y extracci\u00f3n r\u00e1pida.<\/li>\n<li>El riel deslizante modular de liberaci\u00f3n r\u00e1pida garantiza que la luz pueda deslizarse hacia adelante y hacia atr\u00e1s para bloquear la mejor posici\u00f3n para usted.<\/li>\n<li>Equipado con lente \u00f3ptica ultrafina patentada por Fenix.<\/li>\n<li>Activaci\u00f3n r\u00e1pida del estroboscopio.<\/li>\n<li>Operaci\u00f3n con dos manos con interruptor de cola doble.<\/li>\n<li>Hecho de material de aleaci\u00f3n de aluminio A6061-T6 duradero.<\/li>\n<li>Acabado antiabrasivo anodizado duro tipo HAIII de primera calidad.<\/li>\n<\/ul>\n<\/div>\n<\/div>\n","protected":false},"excerpt":{"rendered":"<p>Ilumine su objetivo con la Fenix GL07, la linterna compacta definitiva para armas, dise\u00f1ada para porte oculto. Con una potencia de 700 l\u00famenes, esta linterna t\u00e1ctica para pistola garantiza claridad en cualquier situaci\u00f3n.<\/p>\n","protected":false},"featured_media":533,"comment_status":"open","ping_status":"closed","template":"","meta":[],"product_brand":[],"product_cat":[169],"product_tag":[133,123,119,170,122,114],"class_list":{"0":"post-531","1":"product","2":"type-product","3":"status-publish","4":"has-post-thumbnail","6":"product_cat-linternasparapistola","7":"product_tag-bateria-de-litio","8":"product_tag-fenix","9":"product_tag-fenixlight","10":"product_tag-linterna-para-pistola","11":"product_tag-linterna-recargable","12":"product_tag-pistola-glock","14":"first","15":"instock","16":"taxable","17":"shipping-taxable","18":"purchasable","19":"product-type-simple"},"yoast_head":"<!-- This site is optimized with the Yoast SEO plugin v26.1.1 - https:\/\/yoast.com\/wordpress\/plugins\/seo\/ -->\n<title>Linterna Fenix para pistolas GL07 - Sportac.cl<\/title>\n<meta name=\"description\" content=\"Linterna Fenix para pistolas GL07 - Linternas Fenix- Linternas Mineria- Rifles Aire Caza- Optica- Armas Traumaticas- Postones- linterna para pistola\" \/>\n<meta name=\"robots\" content=\"index, follow, max-snippet:-1, max-image-preview:large, max-video-preview:-1\" \/>\n<link rel=\"canonical\" href=\"https:\/\/sportac.cl\/index.php\/producto\/linterna-fenix-para-pistolas-gl07\/\" \/>\n<meta property=\"og:locale\" content=\"es_ES\" \/>\n<meta property=\"og:type\" content=\"article\" \/>\n<meta property=\"og:title\" content=\"Linterna Fenix para pistolas GL07 - Sportac.cl\" \/>\n<meta property=\"og:description\" content=\"Linterna Fenix para pistolas GL07 - Linternas Fenix- Linternas Mineria- Rifles Aire Caza- Optica- Armas Traumaticas- Postones- linterna para pistola\" \/>\n<meta property=\"og:url\" content=\"https:\/\/sportac.cl\/index.php\/producto\/linterna-fenix-para-pistolas-gl07\/\" \/>\n<meta property=\"og:site_name\" content=\"Sportac.cl\" \/>\n<meta property=\"article:publisher\" content=\"https:\/\/www.facebook.com\/profile.php?id=100064005011199&amp;locale=bn_IN#\" \/>\n<meta property=\"og:image\" content=\"https:\/\/sportac.cl\/wp-content\/uploads\/2025\/11\/9722-_1_.jpg\" \/>\n\t<meta property=\"og:image:width\" content=\"800\" \/>\n\t<meta property=\"og:image:height\" content=\"414\" \/>\n\t<meta property=\"og:image:type\" content=\"image\/jpeg\" \/>\n<meta name=\"twitter:card\" content=\"summary_large_image\" \/>\n<meta name=\"twitter:label1\" content=\"Tiempo de lectura\" \/>\n\t<meta name=\"twitter:data1\" content=\"2 minutos\" \/>\n<script type=\"application\/ld+json\" class=\"yoast-schema-graph\">{\"@context\":\"https:\/\/schema.org\",\"@graph\":[{\"@type\":\"WebPage\",\"@id\":\"https:\/\/sportac.cl\/index.php\/producto\/linterna-fenix-para-pistolas-gl07\/\",\"url\":\"https:\/\/sportac.cl\/index.php\/producto\/linterna-fenix-para-pistolas-gl07\/\",\"name\":\"Linterna Fenix para pistolas GL07 - Sportac.cl\",\"isPartOf\":{\"@id\":\"https:\/\/sportac.cl\/#website\"},\"primaryImageOfPage\":{\"@id\":\"https:\/\/sportac.cl\/index.php\/producto\/linterna-fenix-para-pistolas-gl07\/#primaryimage\"},\"image\":{\"@id\":\"https:\/\/sportac.cl\/index.php\/producto\/linterna-fenix-para-pistolas-gl07\/#primaryimage\"},\"thumbnailUrl\":\"https:\/\/sportac.cl\/wp-content\/uploads\/2025\/11\/9722-_1_.jpg\",\"datePublished\":\"2025-11-10T21:05:47+00:00\",\"description\":\"Linterna Fenix para pistolas GL07 - Linternas Fenix- Linternas Mineria- Rifles Aire Caza- Optica- Armas Traumaticas- Postones- linterna para pistola\",\"breadcrumb\":{\"@id\":\"https:\/\/sportac.cl\/index.php\/producto\/linterna-fenix-para-pistolas-gl07\/#breadcrumb\"},\"inLanguage\":\"es\",\"potentialAction\":[{\"@type\":\"ReadAction\",\"target\":[\"https:\/\/sportac.cl\/index.php\/producto\/linterna-fenix-para-pistolas-gl07\/\"]}]},{\"@type\":\"ImageObject\",\"inLanguage\":\"es\",\"@id\":\"https:\/\/sportac.cl\/index.php\/producto\/linterna-fenix-para-pistolas-gl07\/#primaryimage\",\"url\":\"https:\/\/sportac.cl\/wp-content\/uploads\/2025\/11\/9722-_1_.jpg\",\"contentUrl\":\"https:\/\/sportac.cl\/wp-content\/uploads\/2025\/11\/9722-_1_.jpg\",\"width\":800,\"height\":414},{\"@type\":\"BreadcrumbList\",\"@id\":\"https:\/\/sportac.cl\/index.php\/producto\/linterna-fenix-para-pistolas-gl07\/#breadcrumb\",\"itemListElement\":[{\"@type\":\"ListItem\",\"position\":1,\"name\":\"Portada\",\"item\":\"https:\/\/sportac.cl\/index.php\/home\/\"},{\"@type\":\"ListItem\",\"position\":2,\"name\":\"Tienda\",\"item\":\"https:\/\/sportac.cl\/index.php\/tienda\/\"},{\"@type\":\"ListItem\",\"position\":3,\"name\":\"Linterna Fenix para pistolas GL07\"}]},{\"@type\":\"WebSite\",\"@id\":\"https:\/\/sportac.cl\/#website\",\"url\":\"https:\/\/sportac.cl\/\",\"name\":\"Sportac Linternas Caza y Pesca Camping\",\"description\":\"Sportac.cl, tienda dedicada a venta de linternas profesionales y de alta calidad orientadas a deporte, industria y aplicaciones t\u00e1cticas Caza y Pesca\",\"publisher\":{\"@id\":\"https:\/\/sportac.cl\/#organization\"},\"alternateName\":\"Tienda de Equipos - Linternas - Caza - Pesca - Camping\",\"potentialAction\":[{\"@type\":\"SearchAction\",\"target\":{\"@type\":\"EntryPoint\",\"urlTemplate\":\"https:\/\/sportac.cl\/?s={search_term_string}\"},\"query-input\":{\"@type\":\"PropertyValueSpecification\",\"valueRequired\":true,\"valueName\":\"search_term_string\"}}],\"inLanguage\":\"es\"},{\"@type\":\"Organization\",\"@id\":\"https:\/\/sportac.cl\/#organization\",\"name\":\"Sportac Tienda de Equipos de Caza y Pesca\",\"alternateName\":\"Fenixligth, Fenix, linternas tacticas, led, iluminacion, mineria, Sportac, linternas Fenix, linterna C7, linterna HM71R, Linterna TK20R, iluminacion industrial, lantern,\u00a0flashlight Rifle pcp, Beeman, Glock, umarex, pistola traumatica, rifle nitropiston, pistola balines,\u00a0postones,\u00a0co2\",\"url\":\"https:\/\/sportac.cl\/\",\"logo\":{\"@type\":\"ImageObject\",\"inLanguage\":\"es\",\"@id\":\"https:\/\/sportac.cl\/#\/schema\/logo\/image\/\",\"url\":\"https:\/\/sportac.cl\/wp-content\/uploads\/2025\/10\/cropped-Logo-Sportac-_-blanco.png\",\"contentUrl\":\"https:\/\/sportac.cl\/wp-content\/uploads\/2025\/10\/cropped-Logo-Sportac-_-blanco.png\",\"width\":240,\"height\":259,\"caption\":\"Sportac Tienda de Equipos de Caza y Pesca\"},\"image\":{\"@id\":\"https:\/\/sportac.cl\/#\/schema\/logo\/image\/\"},\"sameAs\":[\"https:\/\/www.facebook.com\/profile.php?id=100064005011199&locale=bn_IN#\",\"https:\/\/www.instagram.com\/sportac_fenix?igsh=cXBnb25jMzdwYzIw\",\"https:\/\/www.tiktok.com\/@sportac73?_t=ZM-90r8HiYyUNk&_r=1\"]}]}<\/script>\n<!-- \/ Yoast SEO plugin. -->","yoast_head_json":{"title":"Linterna Fenix para pistolas GL07 - Sportac.cl","description":"Linterna Fenix para pistolas GL07 - Linternas Fenix- Linternas Mineria- Rifles Aire Caza- Optica- Armas Traumaticas- Postones- linterna para pistola","robots":{"index":"index","follow":"follow","max-snippet":"max-snippet:-1","max-image-preview":"max-image-preview:large","max-video-preview":"max-video-preview:-1"},"canonical":"https:\/\/sportac.cl\/index.php\/producto\/linterna-fenix-para-pistolas-gl07\/","og_locale":"es_ES","og_type":"article","og_title":"Linterna Fenix para pistolas GL07 - Sportac.cl","og_description":"Linterna Fenix para pistolas GL07 - Linternas Fenix- Linternas Mineria- Rifles Aire Caza- Optica- Armas Traumaticas- Postones- linterna para pistola","og_url":"https:\/\/sportac.cl\/index.php\/producto\/linterna-fenix-para-pistolas-gl07\/","og_site_name":"Sportac.cl","article_publisher":"https:\/\/www.facebook.com\/profile.php?id=100064005011199&locale=bn_IN#","og_image":[{"width":800,"height":414,"url":"https:\/\/sportac.cl\/wp-content\/uploads\/2025\/11\/9722-_1_.jpg","type":"image\/jpeg"}],"twitter_card":"summary_large_image","twitter_misc":{"Tiempo de lectura":"2 minutos"},"schema":{"@context":"https:\/\/schema.org","@graph":[{"@type":"WebPage","@id":"https:\/\/sportac.cl\/index.php\/producto\/linterna-fenix-para-pistolas-gl07\/","url":"https:\/\/sportac.cl\/index.php\/producto\/linterna-fenix-para-pistolas-gl07\/","name":"Linterna Fenix para pistolas GL07 - Sportac.cl","isPartOf":{"@id":"https:\/\/sportac.cl\/#website"},"primaryImageOfPage":{"@id":"https:\/\/sportac.cl\/index.php\/producto\/linterna-fenix-para-pistolas-gl07\/#primaryimage"},"image":{"@id":"https:\/\/sportac.cl\/index.php\/producto\/linterna-fenix-para-pistolas-gl07\/#primaryimage"},"thumbnailUrl":"https:\/\/sportac.cl\/wp-content\/uploads\/2025\/11\/9722-_1_.jpg","datePublished":"2025-11-10T21:05:47+00:00","description":"Linterna Fenix para pistolas GL07 - Linternas Fenix- Linternas Mineria- Rifles Aire Caza- Optica- Armas Traumaticas- Postones- linterna para pistola","breadcrumb":{"@id":"https:\/\/sportac.cl\/index.php\/producto\/linterna-fenix-para-pistolas-gl07\/#breadcrumb"},"inLanguage":"es","potentialAction":[{"@type":"ReadAction","target":["https:\/\/sportac.cl\/index.php\/producto\/linterna-fenix-para-pistolas-gl07\/"]}]},{"@type":"ImageObject","inLanguage":"es","@id":"https:\/\/sportac.cl\/index.php\/producto\/linterna-fenix-para-pistolas-gl07\/#primaryimage","url":"https:\/\/sportac.cl\/wp-content\/uploads\/2025\/11\/9722-_1_.jpg","contentUrl":"https:\/\/sportac.cl\/wp-content\/uploads\/2025\/11\/9722-_1_.jpg","width":800,"height":414},{"@type":"BreadcrumbList","@id":"https:\/\/sportac.cl\/index.php\/producto\/linterna-fenix-para-pistolas-gl07\/#breadcrumb","itemListElement":[{"@type":"ListItem","position":1,"name":"Portada","item":"https:\/\/sportac.cl\/index.php\/home\/"},{"@type":"ListItem","position":2,"name":"Tienda","item":"https:\/\/sportac.cl\/index.php\/tienda\/"},{"@type":"ListItem","position":3,"name":"Linterna Fenix para pistolas GL07"}]},{"@type":"WebSite","@id":"https:\/\/sportac.cl\/#website","url":"https:\/\/sportac.cl\/","name":"Sportac Linternas Caza y Pesca Camping","description":"Sportac.cl, tienda dedicada a venta de linternas profesionales y de alta calidad orientadas a deporte, industria y aplicaciones t\u00e1cticas Caza y Pesca","publisher":{"@id":"https:\/\/sportac.cl\/#organization"},"alternateName":"Tienda de Equipos - Linternas - Caza - Pesca - Camping","potentialAction":[{"@type":"SearchAction","target":{"@type":"EntryPoint","urlTemplate":"https:\/\/sportac.cl\/?s={search_term_string}"},"query-input":{"@type":"PropertyValueSpecification","valueRequired":true,"valueName":"search_term_string"}}],"inLanguage":"es"},{"@type":"Organization","@id":"https:\/\/sportac.cl\/#organization","name":"Sportac Tienda de Equipos de Caza y Pesca","alternateName":"Fenixligth, Fenix, linternas tacticas, led, iluminacion, mineria, Sportac, linternas Fenix, linterna C7, linterna HM71R, Linterna TK20R, iluminacion industrial, lantern,\u00a0flashlight Rifle pcp, Beeman, Glock, umarex, pistola traumatica, rifle nitropiston, pistola balines,\u00a0postones,\u00a0co2","url":"https:\/\/sportac.cl\/","logo":{"@type":"ImageObject","inLanguage":"es","@id":"https:\/\/sportac.cl\/#\/schema\/logo\/image\/","url":"https:\/\/sportac.cl\/wp-content\/uploads\/2025\/10\/cropped-Logo-Sportac-_-blanco.png","contentUrl":"https:\/\/sportac.cl\/wp-content\/uploads\/2025\/10\/cropped-Logo-Sportac-_-blanco.png","width":240,"height":259,"caption":"Sportac Tienda de Equipos de Caza y Pesca"},"image":{"@id":"https:\/\/sportac.cl\/#\/schema\/logo\/image\/"},"sameAs":["https:\/\/www.facebook.com\/profile.php?id=100064005011199&locale=bn_IN#","https:\/\/www.instagram.com\/sportac_fenix?igsh=cXBnb25jMzdwYzIw","https:\/\/www.tiktok.com\/@sportac73?_t=ZM-90r8HiYyUNk&_r=1"]}]}},"_links":{"self":[{"href":"https:\/\/sportac.cl\/index.php\/wp-json\/wp\/v2\/product\/531","targetHints":{"allow":["GET"]}}],"collection":[{"href":"https:\/\/sportac.cl\/index.php\/wp-json\/wp\/v2\/product"}],"about":[{"href":"https:\/\/sportac.cl\/index.php\/wp-json\/wp\/v2\/types\/product"}],"replies":[{"embeddable":true,"href":"https:\/\/sportac.cl\/index.php\/wp-json\/wp\/v2\/comments?post=531"}],"version-history":[{"count":2,"href":"https:\/\/sportac.cl\/index.php\/wp-json\/wp\/v2\/product\/531\/revisions"}],"predecessor-version":[{"id":543,"href":"https:\/\/sportac.cl\/index.php\/wp-json\/wp\/v2\/product\/531\/revisions\/543"}],"wp:featuredmedia":[{"embeddable":true,"href":"https:\/\/sportac.cl\/index.php\/wp-json\/wp\/v2\/media\/533"}],"wp:attachment":[{"href":"https:\/\/sportac.cl\/index.php\/wp-json\/wp\/v2\/media?parent=531"}],"wp:term":[{"taxonomy":"product_brand","embeddable":true,"href":"https:\/\/sportac.cl\/index.php\/wp-json\/wp\/v2\/product_brand?post=531"},{"taxonomy":"product_cat","embeddable":true,"href":"https:\/\/sportac.cl\/index.php\/wp-json\/wp\/v2\/product_cat?post=531"},{"taxonomy":"product_tag","embeddable":true,"href":"https:\/\/sportac.cl\/index.php\/wp-json\/wp\/v2\/product_tag?post=531"}],"curies":[{"name":"wp","href":"https:\/\/api.w.org\/{rel}","templated":true}]}}