{"id":499,"date":"2025-11-04T20:27:39","date_gmt":"2025-11-04T20:27:39","guid":{"rendered":"https:\/\/sportac.cl\/?post_type=product&#038;p=499"},"modified":"2025-11-04T20:50:28","modified_gmt":"2025-11-04T20:50:28","slug":"linterna-fenix-cl28r","status":"publish","type":"product","link":"https:\/\/sportac.cl\/index.php\/producto\/linterna-fenix-cl28r\/","title":{"rendered":"Linterna Fenix CL28R"},"content":{"rendered":"<p>En Sportac tambi\u00e9n tenemos disponible la linterna Fenix CL28R ofrece versatilidad y potencia, con un m\u00e1ximo de 2000 l\u00famenes que iluminan \u00e1reas amplias hasta 58 metros de distancia. Cuenta con dos interruptores giratorios para un ajuste continuo de luz blanca y roja, adapt\u00e1ndose a distintas necesidades. Su bater\u00eda integrada de 5000 mAh se recarga v\u00eda USB-C, y dispone de puertos USB-A y USB-C para cargar otros dispositivos en simult\u00e1neo. El mango giratorio 360\u00b0 facilita la iluminaci\u00f3n general, mientras que su resistencia IP66 asegura protecci\u00f3n contra polvo y agua. Adem\u00e1s, incluye alerta de parpadeo roja y opciones para montaje o colgado, ideal para entornos profesionales.<\/p>\n<p>&nbsp;<\/p>\n<p>CARACTERISTICAS:<\/p>\n<ul>\n<li>Tama\u00f1o: 100 x 97 x 41 mm<\/li>\n<li>Peso: 376 g (incluida la bater\u00eda)<\/li>\n<li>Potencia m\u00e1xima de 2000 l\u00famenes y distancia m\u00e1xima de 58 metros.<\/li>\n<li>Utiliza un LED de calidad con una vida \u00fatil de 50.000 horas.<\/li>\n<li>Incorporado con 2 bater\u00edas de gran capacidad de 5000 mAh.<\/li>\n<li>Los interruptores giratorios duales permiten un ajuste libre del brillo y la temperatura del color.<\/li>\n<li>El mango giratorio de 360\u00b0 hace posible la iluminaci\u00f3n envolvente.<\/li>\n<li>El mango de la linterna se puede unir a superficies met\u00e1licas magn\u00e9ticas.<\/li>\n<li>El puerto de carga USB tipo C cuenta con indicaci\u00f3n de carga y advertencia de bajo voltaje.<\/li>\n<li>Toma de tr\u00edpode inferior para iluminaci\u00f3n direccional.<\/li>\n<li>Puertos de descarga USB-A y USB-C, la linterna se puede utilizar como banco de energ\u00eda.<\/li>\n<\/ul>\n","protected":false},"excerpt":{"rendered":"<p>La linterna Fenix CL28R ofrece versatilidad y potencia, con un m\u00e1ximo de 2000 l\u00famenes que iluminan \u00e1reas amplias hasta 58 metros de distancia. Cuenta con dos interruptores giratorios para un ajuste continuo de luz blanca y roja, adapt\u00e1ndose a distintas necesidades.<\/p>\n","protected":false},"featured_media":512,"comment_status":"open","ping_status":"closed","template":"","meta":[],"product_brand":[],"product_cat":[17,100,18,106],"product_tag":[143,123,119,153,163,155,122,164,168],"class_list":{"0":"post-499","1":"product","2":"type-product","3":"status-publish","4":"has-post-thumbnail","6":"product_cat-linternas-fenix","7":"product_cat-linternasfocos","8":"product_cat-linternas-mineria","9":"product_cat-linternastrabajoindustrial","10":"product_tag-bateria-litio","11":"product_tag-fenix","12":"product_tag-fenixlight","13":"product_tag-iluminacion-industrial","14":"product_tag-linterna-para-mineria","15":"product_tag-linterna-potente","16":"product_tag-linterna-recargable","17":"product_tag-linterna-trabajo","18":"product_tag-linternaindustrial-fenix","20":"first","21":"instock","22":"taxable","23":"shipping-taxable","24":"purchasable","25":"product-type-simple"},"yoast_head":"<!-- This site is optimized with the Yoast SEO plugin v26.1.1 - https:\/\/yoast.com\/wordpress\/plugins\/seo\/ -->\n<title>Linterna Fenix CL28R - Sportac.cl<\/title>\n<meta name=\"description\" content=\"linterna fenix, linterna de trabajo fenix, foco potente, linterna recargable, fenixlight, sportac, led potente, iluminacion industrial\" \/>\n<meta name=\"robots\" content=\"index, follow, max-snippet:-1, max-image-preview:large, max-video-preview:-1\" \/>\n<link rel=\"canonical\" href=\"https:\/\/sportac.cl\/index.php\/producto\/linterna-fenix-cl28r\/\" \/>\n<meta property=\"og:locale\" content=\"es_ES\" \/>\n<meta property=\"og:type\" content=\"article\" \/>\n<meta property=\"og:title\" content=\"Linterna Fenix CL28R - Sportac.cl\" \/>\n<meta property=\"og:description\" content=\"linterna fenix, linterna de trabajo fenix, foco potente, linterna recargable, fenixlight, sportac, led potente, iluminacion industrial\" \/>\n<meta property=\"og:url\" content=\"https:\/\/sportac.cl\/index.php\/producto\/linterna-fenix-cl28r\/\" \/>\n<meta property=\"og:site_name\" content=\"Sportac.cl\" \/>\n<meta property=\"article:publisher\" content=\"https:\/\/www.facebook.com\/profile.php?id=100064005011199&amp;locale=bn_IN#\" \/>\n<meta property=\"article:modified_time\" content=\"2025-11-04T20:50:28+00:00\" \/>\n<meta property=\"og:image\" content=\"https:\/\/sportac.cl\/wp-content\/uploads\/2025\/11\/sportac-cl28r.jpg\" \/>\n\t<meta property=\"og:image:width\" content=\"1834\" \/>\n\t<meta property=\"og:image:height\" content=\"1376\" \/>\n\t<meta property=\"og:image:type\" content=\"image\/jpeg\" \/>\n<meta name=\"twitter:card\" content=\"summary_large_image\" \/>\n<meta name=\"twitter:label1\" content=\"Tiempo de lectura\" \/>\n\t<meta name=\"twitter:data1\" content=\"2 minutos\" \/>\n<script type=\"application\/ld+json\" class=\"yoast-schema-graph\">{\"@context\":\"https:\/\/schema.org\",\"@graph\":[{\"@type\":\"WebPage\",\"@id\":\"https:\/\/sportac.cl\/index.php\/producto\/linterna-fenix-cl28r\/\",\"url\":\"https:\/\/sportac.cl\/index.php\/producto\/linterna-fenix-cl28r\/\",\"name\":\"Linterna Fenix CL28R - Sportac.cl\",\"isPartOf\":{\"@id\":\"https:\/\/sportac.cl\/#website\"},\"primaryImageOfPage\":{\"@id\":\"https:\/\/sportac.cl\/index.php\/producto\/linterna-fenix-cl28r\/#primaryimage\"},\"image\":{\"@id\":\"https:\/\/sportac.cl\/index.php\/producto\/linterna-fenix-cl28r\/#primaryimage\"},\"thumbnailUrl\":\"https:\/\/sportac.cl\/wp-content\/uploads\/2025\/11\/sportac-cl28r.jpg\",\"datePublished\":\"2025-11-04T20:27:39+00:00\",\"dateModified\":\"2025-11-04T20:50:28+00:00\",\"description\":\"linterna fenix, linterna de trabajo fenix, foco potente, linterna recargable, fenixlight, sportac, led potente, iluminacion industrial\",\"breadcrumb\":{\"@id\":\"https:\/\/sportac.cl\/index.php\/producto\/linterna-fenix-cl28r\/#breadcrumb\"},\"inLanguage\":\"es\",\"potentialAction\":[{\"@type\":\"ReadAction\",\"target\":[\"https:\/\/sportac.cl\/index.php\/producto\/linterna-fenix-cl28r\/\"]}]},{\"@type\":\"ImageObject\",\"inLanguage\":\"es\",\"@id\":\"https:\/\/sportac.cl\/index.php\/producto\/linterna-fenix-cl28r\/#primaryimage\",\"url\":\"https:\/\/sportac.cl\/wp-content\/uploads\/2025\/11\/sportac-cl28r.jpg\",\"contentUrl\":\"https:\/\/sportac.cl\/wp-content\/uploads\/2025\/11\/sportac-cl28r.jpg\",\"width\":1834,\"height\":1376},{\"@type\":\"BreadcrumbList\",\"@id\":\"https:\/\/sportac.cl\/index.php\/producto\/linterna-fenix-cl28r\/#breadcrumb\",\"itemListElement\":[{\"@type\":\"ListItem\",\"position\":1,\"name\":\"Portada\",\"item\":\"https:\/\/sportac.cl\/index.php\/home\/\"},{\"@type\":\"ListItem\",\"position\":2,\"name\":\"Tienda\",\"item\":\"https:\/\/sportac.cl\/index.php\/tienda\/\"},{\"@type\":\"ListItem\",\"position\":3,\"name\":\"Linterna Fenix CL28R\"}]},{\"@type\":\"WebSite\",\"@id\":\"https:\/\/sportac.cl\/#website\",\"url\":\"https:\/\/sportac.cl\/\",\"name\":\"Sportac Linternas Caza y Pesca Camping\",\"description\":\"Sportac.cl, tienda dedicada a venta de linternas profesionales y de alta calidad orientadas a deporte, industria y aplicaciones t\u00e1cticas Caza y Pesca\",\"publisher\":{\"@id\":\"https:\/\/sportac.cl\/#organization\"},\"alternateName\":\"Tienda de Equipos - Linternas - Caza - Pesca - Camping\",\"potentialAction\":[{\"@type\":\"SearchAction\",\"target\":{\"@type\":\"EntryPoint\",\"urlTemplate\":\"https:\/\/sportac.cl\/?s={search_term_string}\"},\"query-input\":{\"@type\":\"PropertyValueSpecification\",\"valueRequired\":true,\"valueName\":\"search_term_string\"}}],\"inLanguage\":\"es\"},{\"@type\":\"Organization\",\"@id\":\"https:\/\/sportac.cl\/#organization\",\"name\":\"Sportac Tienda de Equipos de Caza y Pesca\",\"alternateName\":\"Fenixligth, Fenix, linternas tacticas, led, iluminacion, mineria, Sportac, linternas Fenix, linterna C7, linterna HM71R, Linterna TK20R, iluminacion industrial, lantern,\u00a0flashlight Rifle pcp, Beeman, Glock, umarex, pistola traumatica, rifle nitropiston, pistola balines,\u00a0postones,\u00a0co2\",\"url\":\"https:\/\/sportac.cl\/\",\"logo\":{\"@type\":\"ImageObject\",\"inLanguage\":\"es\",\"@id\":\"https:\/\/sportac.cl\/#\/schema\/logo\/image\/\",\"url\":\"https:\/\/sportac.cl\/wp-content\/uploads\/2025\/10\/cropped-Logo-Sportac-_-blanco.png\",\"contentUrl\":\"https:\/\/sportac.cl\/wp-content\/uploads\/2025\/10\/cropped-Logo-Sportac-_-blanco.png\",\"width\":240,\"height\":259,\"caption\":\"Sportac Tienda de Equipos de Caza y Pesca\"},\"image\":{\"@id\":\"https:\/\/sportac.cl\/#\/schema\/logo\/image\/\"},\"sameAs\":[\"https:\/\/www.facebook.com\/profile.php?id=100064005011199&locale=bn_IN#\",\"https:\/\/www.instagram.com\/sportac_fenix?igsh=cXBnb25jMzdwYzIw\",\"https:\/\/www.tiktok.com\/@sportac73?_t=ZM-90r8HiYyUNk&_r=1\"]}]}<\/script>\n<!-- \/ Yoast SEO plugin. -->","yoast_head_json":{"title":"Linterna Fenix CL28R - Sportac.cl","description":"linterna fenix, linterna de trabajo fenix, foco potente, linterna recargable, fenixlight, sportac, led potente, iluminacion industrial","robots":{"index":"index","follow":"follow","max-snippet":"max-snippet:-1","max-image-preview":"max-image-preview:large","max-video-preview":"max-video-preview:-1"},"canonical":"https:\/\/sportac.cl\/index.php\/producto\/linterna-fenix-cl28r\/","og_locale":"es_ES","og_type":"article","og_title":"Linterna Fenix CL28R - Sportac.cl","og_description":"linterna fenix, linterna de trabajo fenix, foco potente, linterna recargable, fenixlight, sportac, led potente, iluminacion industrial","og_url":"https:\/\/sportac.cl\/index.php\/producto\/linterna-fenix-cl28r\/","og_site_name":"Sportac.cl","article_publisher":"https:\/\/www.facebook.com\/profile.php?id=100064005011199&locale=bn_IN#","article_modified_time":"2025-11-04T20:50:28+00:00","og_image":[{"width":1834,"height":1376,"url":"https:\/\/sportac.cl\/wp-content\/uploads\/2025\/11\/sportac-cl28r.jpg","type":"image\/jpeg"}],"twitter_card":"summary_large_image","twitter_misc":{"Tiempo de lectura":"2 minutos"},"schema":{"@context":"https:\/\/schema.org","@graph":[{"@type":"WebPage","@id":"https:\/\/sportac.cl\/index.php\/producto\/linterna-fenix-cl28r\/","url":"https:\/\/sportac.cl\/index.php\/producto\/linterna-fenix-cl28r\/","name":"Linterna Fenix CL28R - Sportac.cl","isPartOf":{"@id":"https:\/\/sportac.cl\/#website"},"primaryImageOfPage":{"@id":"https:\/\/sportac.cl\/index.php\/producto\/linterna-fenix-cl28r\/#primaryimage"},"image":{"@id":"https:\/\/sportac.cl\/index.php\/producto\/linterna-fenix-cl28r\/#primaryimage"},"thumbnailUrl":"https:\/\/sportac.cl\/wp-content\/uploads\/2025\/11\/sportac-cl28r.jpg","datePublished":"2025-11-04T20:27:39+00:00","dateModified":"2025-11-04T20:50:28+00:00","description":"linterna fenix, linterna de trabajo fenix, foco potente, linterna recargable, fenixlight, sportac, led potente, iluminacion industrial","breadcrumb":{"@id":"https:\/\/sportac.cl\/index.php\/producto\/linterna-fenix-cl28r\/#breadcrumb"},"inLanguage":"es","potentialAction":[{"@type":"ReadAction","target":["https:\/\/sportac.cl\/index.php\/producto\/linterna-fenix-cl28r\/"]}]},{"@type":"ImageObject","inLanguage":"es","@id":"https:\/\/sportac.cl\/index.php\/producto\/linterna-fenix-cl28r\/#primaryimage","url":"https:\/\/sportac.cl\/wp-content\/uploads\/2025\/11\/sportac-cl28r.jpg","contentUrl":"https:\/\/sportac.cl\/wp-content\/uploads\/2025\/11\/sportac-cl28r.jpg","width":1834,"height":1376},{"@type":"BreadcrumbList","@id":"https:\/\/sportac.cl\/index.php\/producto\/linterna-fenix-cl28r\/#breadcrumb","itemListElement":[{"@type":"ListItem","position":1,"name":"Portada","item":"https:\/\/sportac.cl\/index.php\/home\/"},{"@type":"ListItem","position":2,"name":"Tienda","item":"https:\/\/sportac.cl\/index.php\/tienda\/"},{"@type":"ListItem","position":3,"name":"Linterna Fenix CL28R"}]},{"@type":"WebSite","@id":"https:\/\/sportac.cl\/#website","url":"https:\/\/sportac.cl\/","name":"Sportac Linternas Caza y Pesca Camping","description":"Sportac.cl, tienda dedicada a venta de linternas profesionales y de alta calidad orientadas a deporte, industria y aplicaciones t\u00e1cticas Caza y Pesca","publisher":{"@id":"https:\/\/sportac.cl\/#organization"},"alternateName":"Tienda de Equipos - Linternas - Caza - Pesca - Camping","potentialAction":[{"@type":"SearchAction","target":{"@type":"EntryPoint","urlTemplate":"https:\/\/sportac.cl\/?s={search_term_string}"},"query-input":{"@type":"PropertyValueSpecification","valueRequired":true,"valueName":"search_term_string"}}],"inLanguage":"es"},{"@type":"Organization","@id":"https:\/\/sportac.cl\/#organization","name":"Sportac Tienda de Equipos de Caza y Pesca","alternateName":"Fenixligth, Fenix, linternas tacticas, led, iluminacion, mineria, Sportac, linternas Fenix, linterna C7, linterna HM71R, Linterna TK20R, iluminacion industrial, lantern,\u00a0flashlight Rifle pcp, Beeman, Glock, umarex, pistola traumatica, rifle nitropiston, pistola balines,\u00a0postones,\u00a0co2","url":"https:\/\/sportac.cl\/","logo":{"@type":"ImageObject","inLanguage":"es","@id":"https:\/\/sportac.cl\/#\/schema\/logo\/image\/","url":"https:\/\/sportac.cl\/wp-content\/uploads\/2025\/10\/cropped-Logo-Sportac-_-blanco.png","contentUrl":"https:\/\/sportac.cl\/wp-content\/uploads\/2025\/10\/cropped-Logo-Sportac-_-blanco.png","width":240,"height":259,"caption":"Sportac Tienda de Equipos de Caza y Pesca"},"image":{"@id":"https:\/\/sportac.cl\/#\/schema\/logo\/image\/"},"sameAs":["https:\/\/www.facebook.com\/profile.php?id=100064005011199&locale=bn_IN#","https:\/\/www.instagram.com\/sportac_fenix?igsh=cXBnb25jMzdwYzIw","https:\/\/www.tiktok.com\/@sportac73?_t=ZM-90r8HiYyUNk&_r=1"]}]}},"_links":{"self":[{"href":"https:\/\/sportac.cl\/index.php\/wp-json\/wp\/v2\/product\/499","targetHints":{"allow":["GET"]}}],"collection":[{"href":"https:\/\/sportac.cl\/index.php\/wp-json\/wp\/v2\/product"}],"about":[{"href":"https:\/\/sportac.cl\/index.php\/wp-json\/wp\/v2\/types\/product"}],"replies":[{"embeddable":true,"href":"https:\/\/sportac.cl\/index.php\/wp-json\/wp\/v2\/comments?post=499"}],"version-history":[{"count":1,"href":"https:\/\/sportac.cl\/index.php\/wp-json\/wp\/v2\/product\/499\/revisions"}],"predecessor-version":[{"id":510,"href":"https:\/\/sportac.cl\/index.php\/wp-json\/wp\/v2\/product\/499\/revisions\/510"}],"wp:featuredmedia":[{"embeddable":true,"href":"https:\/\/sportac.cl\/index.php\/wp-json\/wp\/v2\/media\/512"}],"wp:attachment":[{"href":"https:\/\/sportac.cl\/index.php\/wp-json\/wp\/v2\/media?parent=499"}],"wp:term":[{"taxonomy":"product_brand","embeddable":true,"href":"https:\/\/sportac.cl\/index.php\/wp-json\/wp\/v2\/product_brand?post=499"},{"taxonomy":"product_cat","embeddable":true,"href":"https:\/\/sportac.cl\/index.php\/wp-json\/wp\/v2\/product_cat?post=499"},{"taxonomy":"product_tag","embeddable":true,"href":"https:\/\/sportac.cl\/index.php\/wp-json\/wp\/v2\/product_tag?post=499"}],"curies":[{"name":"wp","href":"https:\/\/api.w.org\/{rel}","templated":true}]}}