{"id":465,"date":"2025-11-04T16:09:39","date_gmt":"2025-11-04T16:09:39","guid":{"rendered":"https:\/\/sportac.cl\/?post_type=product&#038;p=465"},"modified":"2025-11-04T16:09:45","modified_gmt":"2025-11-04T16:09:45","slug":"linterna-fenix-pd36r-pro","status":"publish","type":"product","link":"https:\/\/sportac.cl\/index.php\/producto\/linterna-fenix-pd36r-pro\/","title":{"rendered":"Linterna Fenix PD36R Pro"},"content":{"rendered":"<p>LINTERNA T\u00c1CTICA RECARGABLE DE TRABAJO PESADO<\/p>\n<p>La linterna recargable Fenix PD36R Pro es una linterna recargable de alto rendimiento que seguro que te sorprender\u00e1. Equipada con un LED Luminus SFT70, esta linterna presenta un rendimiento incre\u00edble al brindar un m\u00e1ximo de 2800 l\u00famenes y una distancia impresionante de 380 metros, todo con la bater\u00eda de 5000 mAh incluida. La bater\u00eda de alta capacidad de 5000 mAh se puede cargar c\u00f3modamente a trav\u00e9s del puerto USB-C de la linterna. Operar esta poderosa linterna LED recargable es simple con los interruptores traseros dobles para encendido\/apagado moment\u00e1neo, la capacidad de alternar entre cinco potencias de iluminaci\u00f3n y la activaci\u00f3n de la luz estrobosc\u00f3pica instant\u00e1nea. Adem\u00e1s, siempre podr\u00e1 ver el estado de carga de la bater\u00eda de un vistazo con el indicador de nivel de bater\u00eda externo. La cantidad de energ\u00eda y el tiempo de funcionamiento de esta linterna no tienen comparaci\u00f3n con el tama\u00f1o de su dispositivo port\u00e1til. A prueba de polvo e impermeable con clasificaci\u00f3n IP68, esta linterna es la herramienta de iluminaci\u00f3n multiusos perfecta para aquellos que necesitan el m\u00e1ximo brillo y tiempos de funcionamiento prolongados.<\/p>\n<p>&nbsp;<\/p>\n<p><strong>Caracteristicas del producto<\/strong><\/p>\n<ul>\n<li>Potencia m\u00e1xima de 2800 l\u00famenes y distancia m\u00e1xima de 380 metros.<\/li>\n<li>Utiliza un LED Luminus SFT70 con una vida \u00fatil de 50.000 horas.<\/li>\n<li>Incluye una bater\u00eda recargable de iones de litio 21700 de 5000 mAh.<\/li>\n<li>Activaci\u00f3n instant\u00e1nea y luz estrobosc\u00f3pica instant\u00e1nea con doble interruptor trasero t\u00e1ctico.<\/li>\n<li>Protecci\u00f3n de polaridad inversa, para proteger de la inserci\u00f3n incorrecta de la bater\u00eda<\/li>\n<li>Lente de vidrio ultra transparente endurecido con revestimiento antirreflectante<\/li>\n<li>Indicador de nivel de bater\u00eda de arranque y advertencia de bajo voltaje.<\/li>\n<li>Fabricado en aluminio A6061-T6.<\/li>\n<li>Acabado antiabrasivo anodizado duro tipo HAIII de primera calidad.<\/li>\n<li>Peso: 169 gramos (con bateria)<\/li>\n<li>Dimensiones: 145,8 x 25,7 x 26,5 mm.<\/li>\n<\/ul>\n","protected":false},"excerpt":{"rendered":"<p>La linterna recargable Fenix PD36R Pro es una linterna recargable de alto rendimiento que seguro que te sorprender\u00e1. Equipada con un LED Luminus SFT70, esta linterna presenta un rendimiento incre\u00edble al brindar un m\u00e1ximo de 2800 l\u00famenes y una distancia impresionante de 380 metros, todo con la bater\u00eda de 5000 mAh incluida.<\/p>\n","protected":false},"featured_media":468,"comment_status":"open","ping_status":"closed","template":"","meta":[],"product_brand":[],"product_cat":[17,110],"product_tag":[123,119,111,155,126],"class_list":{"0":"post-465","1":"product","2":"type-product","3":"status-publish","4":"has-post-thumbnail","6":"product_cat-linternas-fenix","7":"product_cat-linternastacticasdemano","8":"product_tag-fenix","9":"product_tag-fenixlight","10":"product_tag-linterna-fenix","11":"product_tag-linterna-potente","12":"product_tag-linterna-tactica","14":"first","15":"instock","16":"taxable","17":"shipping-taxable","18":"purchasable","19":"product-type-simple"},"yoast_head":"<!-- This site is optimized with the Yoast SEO plugin v26.1.1 - https:\/\/yoast.com\/wordpress\/plugins\/seo\/ -->\n<title>Linterna Fenix PD36R Pro - Sportac.cl<\/title>\n<meta name=\"description\" content=\"linterna tactica, linterna fenix, linterna potente, fenix, fenixlight, sportac, led, iluminacion, seguridad, linternas, linterna\" \/>\n<meta name=\"robots\" content=\"index, follow, max-snippet:-1, max-image-preview:large, max-video-preview:-1\" \/>\n<link rel=\"canonical\" href=\"https:\/\/sportac.cl\/index.php\/producto\/linterna-fenix-pd36r-pro\/\" \/>\n<meta property=\"og:locale\" content=\"es_ES\" \/>\n<meta property=\"og:type\" content=\"article\" \/>\n<meta property=\"og:title\" content=\"Linterna Fenix PD36R Pro - Sportac.cl\" \/>\n<meta property=\"og:description\" content=\"linterna tactica, linterna fenix, linterna potente, fenix, fenixlight, sportac, led, iluminacion, seguridad, linternas, linterna\" \/>\n<meta property=\"og:url\" content=\"https:\/\/sportac.cl\/index.php\/producto\/linterna-fenix-pd36r-pro\/\" \/>\n<meta property=\"og:site_name\" content=\"Sportac.cl\" \/>\n<meta property=\"article:publisher\" content=\"https:\/\/www.facebook.com\/profile.php?id=100064005011199&amp;locale=bn_IN#\" \/>\n<meta property=\"article:modified_time\" content=\"2025-11-04T16:09:45+00:00\" \/>\n<meta property=\"og:image\" content=\"https:\/\/sportac.cl\/wp-content\/uploads\/2025\/11\/sportac-pd36rpro.webp\" \/>\n\t<meta property=\"og:image:width\" content=\"800\" \/>\n\t<meta property=\"og:image:height\" content=\"425\" \/>\n\t<meta property=\"og:image:type\" content=\"image\/webp\" \/>\n<meta name=\"twitter:card\" content=\"summary_large_image\" \/>\n<meta name=\"twitter:label1\" content=\"Tiempo de lectura\" \/>\n\t<meta name=\"twitter:data1\" content=\"2 minutos\" \/>\n<script type=\"application\/ld+json\" class=\"yoast-schema-graph\">{\"@context\":\"https:\/\/schema.org\",\"@graph\":[{\"@type\":\"WebPage\",\"@id\":\"https:\/\/sportac.cl\/index.php\/producto\/linterna-fenix-pd36r-pro\/\",\"url\":\"https:\/\/sportac.cl\/index.php\/producto\/linterna-fenix-pd36r-pro\/\",\"name\":\"Linterna Fenix PD36R Pro - Sportac.cl\",\"isPartOf\":{\"@id\":\"https:\/\/sportac.cl\/#website\"},\"primaryImageOfPage\":{\"@id\":\"https:\/\/sportac.cl\/index.php\/producto\/linterna-fenix-pd36r-pro\/#primaryimage\"},\"image\":{\"@id\":\"https:\/\/sportac.cl\/index.php\/producto\/linterna-fenix-pd36r-pro\/#primaryimage\"},\"thumbnailUrl\":\"https:\/\/sportac.cl\/wp-content\/uploads\/2025\/11\/sportac-pd36rpro.webp\",\"datePublished\":\"2025-11-04T16:09:39+00:00\",\"dateModified\":\"2025-11-04T16:09:45+00:00\",\"description\":\"linterna tactica, linterna fenix, linterna potente, fenix, fenixlight, sportac, led, iluminacion, seguridad, linternas, linterna\",\"breadcrumb\":{\"@id\":\"https:\/\/sportac.cl\/index.php\/producto\/linterna-fenix-pd36r-pro\/#breadcrumb\"},\"inLanguage\":\"es\",\"potentialAction\":[{\"@type\":\"ReadAction\",\"target\":[\"https:\/\/sportac.cl\/index.php\/producto\/linterna-fenix-pd36r-pro\/\"]}]},{\"@type\":\"ImageObject\",\"inLanguage\":\"es\",\"@id\":\"https:\/\/sportac.cl\/index.php\/producto\/linterna-fenix-pd36r-pro\/#primaryimage\",\"url\":\"https:\/\/sportac.cl\/wp-content\/uploads\/2025\/11\/sportac-pd36rpro.webp\",\"contentUrl\":\"https:\/\/sportac.cl\/wp-content\/uploads\/2025\/11\/sportac-pd36rpro.webp\",\"width\":800,\"height\":425},{\"@type\":\"BreadcrumbList\",\"@id\":\"https:\/\/sportac.cl\/index.php\/producto\/linterna-fenix-pd36r-pro\/#breadcrumb\",\"itemListElement\":[{\"@type\":\"ListItem\",\"position\":1,\"name\":\"Portada\",\"item\":\"https:\/\/sportac.cl\/index.php\/home\/\"},{\"@type\":\"ListItem\",\"position\":2,\"name\":\"Tienda\",\"item\":\"https:\/\/sportac.cl\/index.php\/tienda\/\"},{\"@type\":\"ListItem\",\"position\":3,\"name\":\"Linterna Fenix PD36R Pro\"}]},{\"@type\":\"WebSite\",\"@id\":\"https:\/\/sportac.cl\/#website\",\"url\":\"https:\/\/sportac.cl\/\",\"name\":\"Sportac Linternas Caza y Pesca Camping\",\"description\":\"Sportac.cl, tienda dedicada a venta de linternas profesionales y de alta calidad orientadas a deporte, industria y aplicaciones t\u00e1cticas Caza y Pesca\",\"publisher\":{\"@id\":\"https:\/\/sportac.cl\/#organization\"},\"alternateName\":\"Tienda de Equipos - Linternas - Caza - Pesca - Camping\",\"potentialAction\":[{\"@type\":\"SearchAction\",\"target\":{\"@type\":\"EntryPoint\",\"urlTemplate\":\"https:\/\/sportac.cl\/?s={search_term_string}\"},\"query-input\":{\"@type\":\"PropertyValueSpecification\",\"valueRequired\":true,\"valueName\":\"search_term_string\"}}],\"inLanguage\":\"es\"},{\"@type\":\"Organization\",\"@id\":\"https:\/\/sportac.cl\/#organization\",\"name\":\"Sportac Tienda de Equipos de Caza y Pesca\",\"alternateName\":\"Fenixligth, Fenix, linternas tacticas, led, iluminacion, mineria, Sportac, linternas Fenix, linterna C7, linterna HM71R, Linterna TK20R, iluminacion industrial, lantern,\u00a0flashlight Rifle pcp, Beeman, Glock, umarex, pistola traumatica, rifle nitropiston, pistola balines,\u00a0postones,\u00a0co2\",\"url\":\"https:\/\/sportac.cl\/\",\"logo\":{\"@type\":\"ImageObject\",\"inLanguage\":\"es\",\"@id\":\"https:\/\/sportac.cl\/#\/schema\/logo\/image\/\",\"url\":\"https:\/\/sportac.cl\/wp-content\/uploads\/2025\/10\/cropped-Logo-Sportac-_-blanco.png\",\"contentUrl\":\"https:\/\/sportac.cl\/wp-content\/uploads\/2025\/10\/cropped-Logo-Sportac-_-blanco.png\",\"width\":240,\"height\":259,\"caption\":\"Sportac Tienda de Equipos de Caza y Pesca\"},\"image\":{\"@id\":\"https:\/\/sportac.cl\/#\/schema\/logo\/image\/\"},\"sameAs\":[\"https:\/\/www.facebook.com\/profile.php?id=100064005011199&locale=bn_IN#\",\"https:\/\/www.instagram.com\/sportac_fenix?igsh=cXBnb25jMzdwYzIw\",\"https:\/\/www.tiktok.com\/@sportac73?_t=ZM-90r8HiYyUNk&_r=1\"]}]}<\/script>\n<!-- \/ Yoast SEO plugin. -->","yoast_head_json":{"title":"Linterna Fenix PD36R Pro - Sportac.cl","description":"linterna tactica, linterna fenix, linterna potente, fenix, fenixlight, sportac, led, iluminacion, seguridad, linternas, linterna","robots":{"index":"index","follow":"follow","max-snippet":"max-snippet:-1","max-image-preview":"max-image-preview:large","max-video-preview":"max-video-preview:-1"},"canonical":"https:\/\/sportac.cl\/index.php\/producto\/linterna-fenix-pd36r-pro\/","og_locale":"es_ES","og_type":"article","og_title":"Linterna Fenix PD36R Pro - Sportac.cl","og_description":"linterna tactica, linterna fenix, linterna potente, fenix, fenixlight, sportac, led, iluminacion, seguridad, linternas, linterna","og_url":"https:\/\/sportac.cl\/index.php\/producto\/linterna-fenix-pd36r-pro\/","og_site_name":"Sportac.cl","article_publisher":"https:\/\/www.facebook.com\/profile.php?id=100064005011199&locale=bn_IN#","article_modified_time":"2025-11-04T16:09:45+00:00","og_image":[{"width":800,"height":425,"url":"https:\/\/sportac.cl\/wp-content\/uploads\/2025\/11\/sportac-pd36rpro.webp","type":"image\/webp"}],"twitter_card":"summary_large_image","twitter_misc":{"Tiempo de lectura":"2 minutos"},"schema":{"@context":"https:\/\/schema.org","@graph":[{"@type":"WebPage","@id":"https:\/\/sportac.cl\/index.php\/producto\/linterna-fenix-pd36r-pro\/","url":"https:\/\/sportac.cl\/index.php\/producto\/linterna-fenix-pd36r-pro\/","name":"Linterna Fenix PD36R Pro - Sportac.cl","isPartOf":{"@id":"https:\/\/sportac.cl\/#website"},"primaryImageOfPage":{"@id":"https:\/\/sportac.cl\/index.php\/producto\/linterna-fenix-pd36r-pro\/#primaryimage"},"image":{"@id":"https:\/\/sportac.cl\/index.php\/producto\/linterna-fenix-pd36r-pro\/#primaryimage"},"thumbnailUrl":"https:\/\/sportac.cl\/wp-content\/uploads\/2025\/11\/sportac-pd36rpro.webp","datePublished":"2025-11-04T16:09:39+00:00","dateModified":"2025-11-04T16:09:45+00:00","description":"linterna tactica, linterna fenix, linterna potente, fenix, fenixlight, sportac, led, iluminacion, seguridad, linternas, linterna","breadcrumb":{"@id":"https:\/\/sportac.cl\/index.php\/producto\/linterna-fenix-pd36r-pro\/#breadcrumb"},"inLanguage":"es","potentialAction":[{"@type":"ReadAction","target":["https:\/\/sportac.cl\/index.php\/producto\/linterna-fenix-pd36r-pro\/"]}]},{"@type":"ImageObject","inLanguage":"es","@id":"https:\/\/sportac.cl\/index.php\/producto\/linterna-fenix-pd36r-pro\/#primaryimage","url":"https:\/\/sportac.cl\/wp-content\/uploads\/2025\/11\/sportac-pd36rpro.webp","contentUrl":"https:\/\/sportac.cl\/wp-content\/uploads\/2025\/11\/sportac-pd36rpro.webp","width":800,"height":425},{"@type":"BreadcrumbList","@id":"https:\/\/sportac.cl\/index.php\/producto\/linterna-fenix-pd36r-pro\/#breadcrumb","itemListElement":[{"@type":"ListItem","position":1,"name":"Portada","item":"https:\/\/sportac.cl\/index.php\/home\/"},{"@type":"ListItem","position":2,"name":"Tienda","item":"https:\/\/sportac.cl\/index.php\/tienda\/"},{"@type":"ListItem","position":3,"name":"Linterna Fenix PD36R Pro"}]},{"@type":"WebSite","@id":"https:\/\/sportac.cl\/#website","url":"https:\/\/sportac.cl\/","name":"Sportac Linternas Caza y Pesca Camping","description":"Sportac.cl, tienda dedicada a venta de linternas profesionales y de alta calidad orientadas a deporte, industria y aplicaciones t\u00e1cticas Caza y Pesca","publisher":{"@id":"https:\/\/sportac.cl\/#organization"},"alternateName":"Tienda de Equipos - Linternas - Caza - Pesca - Camping","potentialAction":[{"@type":"SearchAction","target":{"@type":"EntryPoint","urlTemplate":"https:\/\/sportac.cl\/?s={search_term_string}"},"query-input":{"@type":"PropertyValueSpecification","valueRequired":true,"valueName":"search_term_string"}}],"inLanguage":"es"},{"@type":"Organization","@id":"https:\/\/sportac.cl\/#organization","name":"Sportac Tienda de Equipos de Caza y Pesca","alternateName":"Fenixligth, Fenix, linternas tacticas, led, iluminacion, mineria, Sportac, linternas Fenix, linterna C7, linterna HM71R, Linterna TK20R, iluminacion industrial, lantern,\u00a0flashlight Rifle pcp, Beeman, Glock, umarex, pistola traumatica, rifle nitropiston, pistola balines,\u00a0postones,\u00a0co2","url":"https:\/\/sportac.cl\/","logo":{"@type":"ImageObject","inLanguage":"es","@id":"https:\/\/sportac.cl\/#\/schema\/logo\/image\/","url":"https:\/\/sportac.cl\/wp-content\/uploads\/2025\/10\/cropped-Logo-Sportac-_-blanco.png","contentUrl":"https:\/\/sportac.cl\/wp-content\/uploads\/2025\/10\/cropped-Logo-Sportac-_-blanco.png","width":240,"height":259,"caption":"Sportac Tienda de Equipos de Caza y Pesca"},"image":{"@id":"https:\/\/sportac.cl\/#\/schema\/logo\/image\/"},"sameAs":["https:\/\/www.facebook.com\/profile.php?id=100064005011199&locale=bn_IN#","https:\/\/www.instagram.com\/sportac_fenix?igsh=cXBnb25jMzdwYzIw","https:\/\/www.tiktok.com\/@sportac73?_t=ZM-90r8HiYyUNk&_r=1"]}]}},"_links":{"self":[{"href":"https:\/\/sportac.cl\/index.php\/wp-json\/wp\/v2\/product\/465","targetHints":{"allow":["GET"]}}],"collection":[{"href":"https:\/\/sportac.cl\/index.php\/wp-json\/wp\/v2\/product"}],"about":[{"href":"https:\/\/sportac.cl\/index.php\/wp-json\/wp\/v2\/types\/product"}],"replies":[{"embeddable":true,"href":"https:\/\/sportac.cl\/index.php\/wp-json\/wp\/v2\/comments?post=465"}],"version-history":[{"count":1,"href":"https:\/\/sportac.cl\/index.php\/wp-json\/wp\/v2\/product\/465\/revisions"}],"predecessor-version":[{"id":478,"href":"https:\/\/sportac.cl\/index.php\/wp-json\/wp\/v2\/product\/465\/revisions\/478"}],"wp:featuredmedia":[{"embeddable":true,"href":"https:\/\/sportac.cl\/index.php\/wp-json\/wp\/v2\/media\/468"}],"wp:attachment":[{"href":"https:\/\/sportac.cl\/index.php\/wp-json\/wp\/v2\/media?parent=465"}],"wp:term":[{"taxonomy":"product_brand","embeddable":true,"href":"https:\/\/sportac.cl\/index.php\/wp-json\/wp\/v2\/product_brand?post=465"},{"taxonomy":"product_cat","embeddable":true,"href":"https:\/\/sportac.cl\/index.php\/wp-json\/wp\/v2\/product_cat?post=465"},{"taxonomy":"product_tag","embeddable":true,"href":"https:\/\/sportac.cl\/index.php\/wp-json\/wp\/v2\/product_tag?post=465"}],"curies":[{"name":"wp","href":"https:\/\/api.w.org\/{rel}","templated":true}]}}