{"id":401,"date":"2025-11-03T20:02:04","date_gmt":"2025-11-03T20:02:04","guid":{"rendered":"https:\/\/sportac.cl\/?post_type=product&#038;p=401"},"modified":"2025-11-05T01:50:55","modified_gmt":"2025-11-05T01:50:55","slug":"linterna-frontal-fenix-hl32r-t","status":"publish","type":"product","link":"https:\/\/sportac.cl\/index.php\/producto\/linterna-frontal-fenix-hl32r-t\/","title":{"rendered":"Linterna Frontal Fenix HL32R-T"},"content":{"rendered":"<p>La linterna frontal Fenix HL32R-T est\u00e1 dise\u00f1ada para el trail running de alto nivel. Viene con una bater\u00eda ARB-LP1900 y es compatible con tres pilas AAA. Su m\u00e1xima potencia alcanza 800 l\u00famenes, con una autonom\u00eda de hasta 150 horas. Cuenta con controles independientes para luz concentrada y difusa mediante dos interruptores, un alcance m\u00e1ximo de haz de 132 metros, protecci\u00f3n IP66 y un cuerpo ligero de magnesio, ideal para actividades al aire libre como carreras de monta\u00f1a, monta\u00f1ismo y trekking.<\/p>\n<p>&nbsp;<\/p>\n<ul>\n<li>Tipo de Bater\u00eda: Incluye una bater\u00eda recargable de pol\u00edmero de litio ARB-LP1900 o 3 pilas AAA<\/li>\n<li>Luminus SST20 luz blanca fr\u00eda, LED de luz blanca neutra Redslight; con una vida \u00fatil de 50.000 horas.<\/li>\n<li>Dos fuentes de luz controladas por dos interruptores independientes.<\/li>\n<li>Alimentado por una bater\u00eda recargable de pol\u00edmero de litio ARB-LP190 y compatible con 3 pilas AAA.<\/li>\n<li>Material de magnesio de calidad, ligero y duradero.<\/li>\n<li>Interfaz de carga r\u00e1pida USB tipo C.<\/li>\n<li>Detecci\u00f3n de frecuencia: el brillo cambia junto con la velocidad.<\/li>\n<li>Operaci\u00f3n con una sola mano con el nuevo SPORT Headband Fit System.<\/li>\n<li>Salida regulada digitalmente: mantiene el brillo constante.<\/li>\n<li>La protecci\u00f3n contra polaridad inversa protege contra la instalaci\u00f3n incorrecta de la bater\u00eda.<\/li>\n<li>Tama\u00f1o: 66 \u00d7 45 \u00d7 30 mm.<\/li>\n<li>Peso: 107 gramos (incluida la bater\u00eda).<\/li>\n<\/ul>\n","protected":false},"excerpt":{"rendered":"<p>La linterna frontal Fenix HL32R-T est\u00e1 dise\u00f1ada para el trail running de alto nivel. Viene con una bater\u00eda ARB-LP1900 y es compatible con tres pilas AAA. Su m\u00e1xima potencia alcanza 800 l\u00famenes, con una autonom\u00eda de hasta 150 horas.<\/p>\n","protected":false},"featured_media":520,"comment_status":"open","ping_status":"closed","template":"","meta":[],"product_brand":[],"product_cat":[109,102],"product_tag":[119,160,159,162,121,161],"class_list":{"0":"post-401","1":"product","2":"type-product","3":"status-publish","4":"has-post-thumbnail","6":"product_cat-linternasfrontalesrunning","7":"product_cat-linternasmineriafrontales","8":"product_tag-fenixlight","9":"product_tag-linterna-de-cabeza","10":"product_tag-linterna-frontal-fenix","11":"product_tag-runing","12":"product_tag-sportac","13":"product_tag-trekking","15":"first","16":"instock","17":"taxable","18":"shipping-taxable","19":"purchasable","20":"product-type-simple"},"yoast_head":"<!-- This site is optimized with the Yoast SEO plugin v26.1.1 - https:\/\/yoast.com\/wordpress\/plugins\/seo\/ -->\n<title>Linterna Frontal Fenix HL32R-T - Sportac.cl<\/title>\n<meta name=\"description\" content=\"linterna frontal, linterna fenix, linterna trekking, linterna runing, fenixlight, sportac, luz frontal, linterna de cabeza\" \/>\n<meta name=\"robots\" content=\"index, follow, max-snippet:-1, max-image-preview:large, max-video-preview:-1\" \/>\n<link rel=\"canonical\" href=\"https:\/\/sportac.cl\/index.php\/producto\/linterna-frontal-fenix-hl32r-t\/\" \/>\n<meta property=\"og:locale\" content=\"es_ES\" \/>\n<meta property=\"og:type\" content=\"article\" \/>\n<meta property=\"og:title\" content=\"Linterna Frontal Fenix HL32R-T - Sportac.cl\" \/>\n<meta property=\"og:description\" content=\"linterna frontal, linterna fenix, linterna trekking, linterna runing, fenixlight, sportac, luz frontal, linterna de cabeza\" \/>\n<meta property=\"og:url\" content=\"https:\/\/sportac.cl\/index.php\/producto\/linterna-frontal-fenix-hl32r-t\/\" \/>\n<meta property=\"og:site_name\" content=\"Sportac.cl\" \/>\n<meta property=\"article:publisher\" content=\"https:\/\/www.facebook.com\/profile.php?id=100064005011199&amp;locale=bn_IN#\" \/>\n<meta property=\"article:modified_time\" content=\"2025-11-05T01:50:55+00:00\" \/>\n<meta property=\"og:image\" content=\"https:\/\/sportac.cl\/wp-content\/uploads\/2025\/11\/sportac-hl32rt.jpg\" \/>\n\t<meta property=\"og:image:width\" content=\"2400\" \/>\n\t<meta property=\"og:image:height\" content=\"1800\" \/>\n\t<meta property=\"og:image:type\" content=\"image\/jpeg\" \/>\n<meta name=\"twitter:card\" content=\"summary_large_image\" \/>\n<meta name=\"twitter:label1\" content=\"Tiempo de lectura\" \/>\n\t<meta name=\"twitter:data1\" content=\"2 minutos\" \/>\n<script type=\"application\/ld+json\" class=\"yoast-schema-graph\">{\"@context\":\"https:\/\/schema.org\",\"@graph\":[{\"@type\":\"WebPage\",\"@id\":\"https:\/\/sportac.cl\/index.php\/producto\/linterna-frontal-fenix-hl32r-t\/\",\"url\":\"https:\/\/sportac.cl\/index.php\/producto\/linterna-frontal-fenix-hl32r-t\/\",\"name\":\"Linterna Frontal Fenix HL32R-T - Sportac.cl\",\"isPartOf\":{\"@id\":\"https:\/\/sportac.cl\/#website\"},\"primaryImageOfPage\":{\"@id\":\"https:\/\/sportac.cl\/index.php\/producto\/linterna-frontal-fenix-hl32r-t\/#primaryimage\"},\"image\":{\"@id\":\"https:\/\/sportac.cl\/index.php\/producto\/linterna-frontal-fenix-hl32r-t\/#primaryimage\"},\"thumbnailUrl\":\"https:\/\/sportac.cl\/wp-content\/uploads\/2025\/11\/sportac-hl32rt.jpg\",\"datePublished\":\"2025-11-03T20:02:04+00:00\",\"dateModified\":\"2025-11-05T01:50:55+00:00\",\"description\":\"linterna frontal, linterna fenix, linterna trekking, linterna runing, fenixlight, sportac, luz frontal, linterna de cabeza\",\"breadcrumb\":{\"@id\":\"https:\/\/sportac.cl\/index.php\/producto\/linterna-frontal-fenix-hl32r-t\/#breadcrumb\"},\"inLanguage\":\"es\",\"potentialAction\":[{\"@type\":\"ReadAction\",\"target\":[\"https:\/\/sportac.cl\/index.php\/producto\/linterna-frontal-fenix-hl32r-t\/\"]}]},{\"@type\":\"ImageObject\",\"inLanguage\":\"es\",\"@id\":\"https:\/\/sportac.cl\/index.php\/producto\/linterna-frontal-fenix-hl32r-t\/#primaryimage\",\"url\":\"https:\/\/sportac.cl\/wp-content\/uploads\/2025\/11\/sportac-hl32rt.jpg\",\"contentUrl\":\"https:\/\/sportac.cl\/wp-content\/uploads\/2025\/11\/sportac-hl32rt.jpg\",\"width\":2400,\"height\":1800},{\"@type\":\"BreadcrumbList\",\"@id\":\"https:\/\/sportac.cl\/index.php\/producto\/linterna-frontal-fenix-hl32r-t\/#breadcrumb\",\"itemListElement\":[{\"@type\":\"ListItem\",\"position\":1,\"name\":\"Portada\",\"item\":\"https:\/\/sportac.cl\/index.php\/home\/\"},{\"@type\":\"ListItem\",\"position\":2,\"name\":\"Tienda\",\"item\":\"https:\/\/sportac.cl\/index.php\/tienda\/\"},{\"@type\":\"ListItem\",\"position\":3,\"name\":\"Linterna Frontal Fenix HL32R-T\"}]},{\"@type\":\"WebSite\",\"@id\":\"https:\/\/sportac.cl\/#website\",\"url\":\"https:\/\/sportac.cl\/\",\"name\":\"Sportac Linternas Caza y Pesca Camping\",\"description\":\"Sportac.cl, tienda dedicada a venta de linternas profesionales y de alta calidad orientadas a deporte, industria y aplicaciones t\u00e1cticas Caza y Pesca\",\"publisher\":{\"@id\":\"https:\/\/sportac.cl\/#organization\"},\"alternateName\":\"Tienda de Equipos - Linternas - Caza - Pesca - Camping\",\"potentialAction\":[{\"@type\":\"SearchAction\",\"target\":{\"@type\":\"EntryPoint\",\"urlTemplate\":\"https:\/\/sportac.cl\/?s={search_term_string}\"},\"query-input\":{\"@type\":\"PropertyValueSpecification\",\"valueRequired\":true,\"valueName\":\"search_term_string\"}}],\"inLanguage\":\"es\"},{\"@type\":\"Organization\",\"@id\":\"https:\/\/sportac.cl\/#organization\",\"name\":\"Sportac Tienda de Equipos de Caza y Pesca\",\"alternateName\":\"Fenixligth, Fenix, linternas tacticas, led, iluminacion, mineria, Sportac, linternas Fenix, linterna C7, linterna HM71R, Linterna TK20R, iluminacion industrial, lantern,\u00a0flashlight Rifle pcp, Beeman, Glock, umarex, pistola traumatica, rifle nitropiston, pistola balines,\u00a0postones,\u00a0co2\",\"url\":\"https:\/\/sportac.cl\/\",\"logo\":{\"@type\":\"ImageObject\",\"inLanguage\":\"es\",\"@id\":\"https:\/\/sportac.cl\/#\/schema\/logo\/image\/\",\"url\":\"https:\/\/sportac.cl\/wp-content\/uploads\/2025\/10\/cropped-Logo-Sportac-_-blanco.png\",\"contentUrl\":\"https:\/\/sportac.cl\/wp-content\/uploads\/2025\/10\/cropped-Logo-Sportac-_-blanco.png\",\"width\":240,\"height\":259,\"caption\":\"Sportac Tienda de Equipos de Caza y Pesca\"},\"image\":{\"@id\":\"https:\/\/sportac.cl\/#\/schema\/logo\/image\/\"},\"sameAs\":[\"https:\/\/www.facebook.com\/profile.php?id=100064005011199&locale=bn_IN#\",\"https:\/\/www.instagram.com\/sportac_fenix?igsh=cXBnb25jMzdwYzIw\",\"https:\/\/www.tiktok.com\/@sportac73?_t=ZM-90r8HiYyUNk&_r=1\"]}]}<\/script>\n<!-- \/ Yoast SEO plugin. -->","yoast_head_json":{"title":"Linterna Frontal Fenix HL32R-T - Sportac.cl","description":"linterna frontal, linterna fenix, linterna trekking, linterna runing, fenixlight, sportac, luz frontal, linterna de cabeza","robots":{"index":"index","follow":"follow","max-snippet":"max-snippet:-1","max-image-preview":"max-image-preview:large","max-video-preview":"max-video-preview:-1"},"canonical":"https:\/\/sportac.cl\/index.php\/producto\/linterna-frontal-fenix-hl32r-t\/","og_locale":"es_ES","og_type":"article","og_title":"Linterna Frontal Fenix HL32R-T - Sportac.cl","og_description":"linterna frontal, linterna fenix, linterna trekking, linterna runing, fenixlight, sportac, luz frontal, linterna de cabeza","og_url":"https:\/\/sportac.cl\/index.php\/producto\/linterna-frontal-fenix-hl32r-t\/","og_site_name":"Sportac.cl","article_publisher":"https:\/\/www.facebook.com\/profile.php?id=100064005011199&locale=bn_IN#","article_modified_time":"2025-11-05T01:50:55+00:00","og_image":[{"width":2400,"height":1800,"url":"https:\/\/sportac.cl\/wp-content\/uploads\/2025\/11\/sportac-hl32rt.jpg","type":"image\/jpeg"}],"twitter_card":"summary_large_image","twitter_misc":{"Tiempo de lectura":"2 minutos"},"schema":{"@context":"https:\/\/schema.org","@graph":[{"@type":"WebPage","@id":"https:\/\/sportac.cl\/index.php\/producto\/linterna-frontal-fenix-hl32r-t\/","url":"https:\/\/sportac.cl\/index.php\/producto\/linterna-frontal-fenix-hl32r-t\/","name":"Linterna Frontal Fenix HL32R-T - Sportac.cl","isPartOf":{"@id":"https:\/\/sportac.cl\/#website"},"primaryImageOfPage":{"@id":"https:\/\/sportac.cl\/index.php\/producto\/linterna-frontal-fenix-hl32r-t\/#primaryimage"},"image":{"@id":"https:\/\/sportac.cl\/index.php\/producto\/linterna-frontal-fenix-hl32r-t\/#primaryimage"},"thumbnailUrl":"https:\/\/sportac.cl\/wp-content\/uploads\/2025\/11\/sportac-hl32rt.jpg","datePublished":"2025-11-03T20:02:04+00:00","dateModified":"2025-11-05T01:50:55+00:00","description":"linterna frontal, linterna fenix, linterna trekking, linterna runing, fenixlight, sportac, luz frontal, linterna de cabeza","breadcrumb":{"@id":"https:\/\/sportac.cl\/index.php\/producto\/linterna-frontal-fenix-hl32r-t\/#breadcrumb"},"inLanguage":"es","potentialAction":[{"@type":"ReadAction","target":["https:\/\/sportac.cl\/index.php\/producto\/linterna-frontal-fenix-hl32r-t\/"]}]},{"@type":"ImageObject","inLanguage":"es","@id":"https:\/\/sportac.cl\/index.php\/producto\/linterna-frontal-fenix-hl32r-t\/#primaryimage","url":"https:\/\/sportac.cl\/wp-content\/uploads\/2025\/11\/sportac-hl32rt.jpg","contentUrl":"https:\/\/sportac.cl\/wp-content\/uploads\/2025\/11\/sportac-hl32rt.jpg","width":2400,"height":1800},{"@type":"BreadcrumbList","@id":"https:\/\/sportac.cl\/index.php\/producto\/linterna-frontal-fenix-hl32r-t\/#breadcrumb","itemListElement":[{"@type":"ListItem","position":1,"name":"Portada","item":"https:\/\/sportac.cl\/index.php\/home\/"},{"@type":"ListItem","position":2,"name":"Tienda","item":"https:\/\/sportac.cl\/index.php\/tienda\/"},{"@type":"ListItem","position":3,"name":"Linterna Frontal Fenix HL32R-T"}]},{"@type":"WebSite","@id":"https:\/\/sportac.cl\/#website","url":"https:\/\/sportac.cl\/","name":"Sportac Linternas Caza y Pesca Camping","description":"Sportac.cl, tienda dedicada a venta de linternas profesionales y de alta calidad orientadas a deporte, industria y aplicaciones t\u00e1cticas Caza y Pesca","publisher":{"@id":"https:\/\/sportac.cl\/#organization"},"alternateName":"Tienda de Equipos - Linternas - Caza - Pesca - Camping","potentialAction":[{"@type":"SearchAction","target":{"@type":"EntryPoint","urlTemplate":"https:\/\/sportac.cl\/?s={search_term_string}"},"query-input":{"@type":"PropertyValueSpecification","valueRequired":true,"valueName":"search_term_string"}}],"inLanguage":"es"},{"@type":"Organization","@id":"https:\/\/sportac.cl\/#organization","name":"Sportac Tienda de Equipos de Caza y Pesca","alternateName":"Fenixligth, Fenix, linternas tacticas, led, iluminacion, mineria, Sportac, linternas Fenix, linterna C7, linterna HM71R, Linterna TK20R, iluminacion industrial, lantern,\u00a0flashlight Rifle pcp, Beeman, Glock, umarex, pistola traumatica, rifle nitropiston, pistola balines,\u00a0postones,\u00a0co2","url":"https:\/\/sportac.cl\/","logo":{"@type":"ImageObject","inLanguage":"es","@id":"https:\/\/sportac.cl\/#\/schema\/logo\/image\/","url":"https:\/\/sportac.cl\/wp-content\/uploads\/2025\/10\/cropped-Logo-Sportac-_-blanco.png","contentUrl":"https:\/\/sportac.cl\/wp-content\/uploads\/2025\/10\/cropped-Logo-Sportac-_-blanco.png","width":240,"height":259,"caption":"Sportac Tienda de Equipos de Caza y Pesca"},"image":{"@id":"https:\/\/sportac.cl\/#\/schema\/logo\/image\/"},"sameAs":["https:\/\/www.facebook.com\/profile.php?id=100064005011199&locale=bn_IN#","https:\/\/www.instagram.com\/sportac_fenix?igsh=cXBnb25jMzdwYzIw","https:\/\/www.tiktok.com\/@sportac73?_t=ZM-90r8HiYyUNk&_r=1"]}]}},"_links":{"self":[{"href":"https:\/\/sportac.cl\/index.php\/wp-json\/wp\/v2\/product\/401","targetHints":{"allow":["GET"]}}],"collection":[{"href":"https:\/\/sportac.cl\/index.php\/wp-json\/wp\/v2\/product"}],"about":[{"href":"https:\/\/sportac.cl\/index.php\/wp-json\/wp\/v2\/types\/product"}],"replies":[{"embeddable":true,"href":"https:\/\/sportac.cl\/index.php\/wp-json\/wp\/v2\/comments?post=401"}],"version-history":[{"count":1,"href":"https:\/\/sportac.cl\/index.php\/wp-json\/wp\/v2\/product\/401\/revisions"}],"predecessor-version":[{"id":412,"href":"https:\/\/sportac.cl\/index.php\/wp-json\/wp\/v2\/product\/401\/revisions\/412"}],"wp:featuredmedia":[{"embeddable":true,"href":"https:\/\/sportac.cl\/index.php\/wp-json\/wp\/v2\/media\/520"}],"wp:attachment":[{"href":"https:\/\/sportac.cl\/index.php\/wp-json\/wp\/v2\/media?parent=401"}],"wp:term":[{"taxonomy":"product_brand","embeddable":true,"href":"https:\/\/sportac.cl\/index.php\/wp-json\/wp\/v2\/product_brand?post=401"},{"taxonomy":"product_cat","embeddable":true,"href":"https:\/\/sportac.cl\/index.php\/wp-json\/wp\/v2\/product_cat?post=401"},{"taxonomy":"product_tag","embeddable":true,"href":"https:\/\/sportac.cl\/index.php\/wp-json\/wp\/v2\/product_tag?post=401"}],"curies":[{"name":"wp","href":"https:\/\/api.w.org\/{rel}","templated":true}]}}