{"id":374,"date":"2025-11-03T16:50:49","date_gmt":"2025-11-03T16:50:49","guid":{"rendered":"https:\/\/sportac.cl\/?post_type=product&#038;p=374"},"modified":"2025-11-03T16:50:50","modified_gmt":"2025-11-03T16:50:50","slug":"linterna-fenix-cp50r","status":"publish","type":"product","link":"https:\/\/sportac.cl\/index.php\/producto\/linterna-fenix-cp50r\/","title":{"rendered":"LINTERNA FENIX CP50R"},"content":{"rendered":"<p>L\u00famenes m\u00e1ximos: 5500<br \/>\nDistancia m\u00e1xima del haz: 1476 pies (450 metros)<br \/>\nTiempo m\u00e1ximo de ejecuci\u00f3n: 240 h<br \/>\nModos de iluminaci\u00f3n: Tres modos de luz blanca; niveles de brillo continuos para reflector, foco o ambos, adem\u00e1s de cinco luces de advertencia<br \/>\nTipo de bombilla: Una tira de luz COB de cuatro colores, veinticuatro LED rojos 3014 y un LED Luminus SFT70<br \/>\nTemperatura de color: Color variable entre 2700K y 6500K<br \/>\nTama\u00f1o: Alto: 6,51\u201d (165,3 mm) Ancho: 5,96\u201d (151,5 mm) Profundidad: 2,09\u201d (53,2 mm)<br \/>\nPeso: 26,77 oz (759 g) Incluidas las pilas<br \/>\nBater\u00eda: Dos bater\u00edas recargables de 6000 mAh incluidas<br \/>\nIncluye: 2 bater\u00edas ARB-L21-6000, cable de carga USB tipo C, junta t\u00f3rica de repuesto<\/p>\n<p>&nbsp;<\/p>\n<ul>\n<li>Utiliza una tira de luz COB de cuatro colores, veinticuatro LED rojos 3014 y un LED Luminus SFT70.<\/li>\n<li>Proyector y proyector para iluminaci\u00f3n tanto de cerca como de lejos.<\/li>\n<li>La luz de advertencia de tri\u00e1ngulo rojo, la luz intermitente amarilla y la luz verde constante hacen que la linterna sea llamativa y f\u00e1cil de reconocer para una mayor seguridad.<\/li>\n<li>Alimentado por dos bater\u00edas 21700 de 6000 mAh.<\/li>\n<li>El puerto de carga USB-C est\u00e1ndar cuenta con indicaci\u00f3n de nivel de bater\u00eda y advertencia de bajo voltaje.<\/li>\n<li>Funci\u00f3n de banco de energ\u00eda; los puertos USB-A y USB-C permiten una descarga conveniente.<\/li>\n<li>El interruptor giratorio doble permite el ajuste libre del brillo y la temperatura del color.<\/li>\n<li>El mango giratorio de 360\u00b0 permite una iluminaci\u00f3n panor\u00e1mica.<\/li>\n<li>Mango magn\u00e9tico y toma de tr\u00edpode roscada para m\u00faltiples posibilidades de montaje.<\/li>\n<li>La carcasa frontal est\u00e1 hecha de material de aleaci\u00f3n de aluminio de alta calidad, liviano y duradero.<\/li>\n<li>Protecci\u00f3n IP66.<\/li>\n<\/ul>\n<p>Descubre la linterna m\u00e1s potente que Fenix ha fabricado. La linterna de trabajo CP50R ofrece una impresionante potencia de 5500 l\u00famenes y un alcance de hasta 450 m (1476 pies). Su exclusivo dise\u00f1o triangular se asemeja a una se\u00f1al de advertencia, lo que la convierte en una herramienta imprescindible en lugares de trabajo de alto riesgo y emergencias en carretera. Adem\u00e1s de sus modos de luz ultrabrillante (que se pueden combinar para obtener la m\u00e1xima potencia), tambi\u00e9n incluye cinco modos de iluminaci\u00f3n para se\u00f1alizaci\u00f3n y mayor visibilidad.<\/p>\n<p>Con base magn\u00e9tica, soporte para tr\u00edpode y mango giratorio de 360\u00b0, esta luz de trabajo ilumina justo donde la necesitas, sin ocuparte de nada. La temperatura de color ajustable te permite cambiar de una c\u00e1lida iluminaci\u00f3n de trabajo a una n\u00edtida iluminaci\u00f3n blanca sobre la marcha. Es recargable por USB-C con dos bater\u00edas de 6000 mAh que le permiten funcionar hasta 240 horas; tambi\u00e9n se puede usar como banco de energ\u00eda. Fabricada en resistente aleaci\u00f3n de aluminio con clasificaci\u00f3n IP66, la CP50R es una herramienta de iluminaci\u00f3n eficaz para quienes no pueden permitirse trabajar en la oscuridad.<\/p>\n","protected":false},"excerpt":{"rendered":"<p>Descubre la linterna m\u00e1s potente que Fenix ha fabricado. La linterna de trabajo CP50R ofrece una impresionante potencia de 5500 l\u00famenes y un alcance de hasta 450 m<\/p>\n","protected":false},"featured_media":375,"comment_status":"open","ping_status":"closed","template":"","meta":[],"product_brand":[],"product_cat":[108,100,106],"product_tag":[156,154,153,155],"class_list":{"0":"post-374","1":"product","2":"type-product","3":"status-publish","4":"has-post-thumbnail","6":"product_cat-linternascamping","7":"product_cat-linternasfocos","8":"product_cat-linternastrabajoindustrial","9":"product_tag-cp50r","10":"product_tag-foco-fenix","11":"product_tag-iluminacion-industrial","12":"product_tag-linterna-potente","14":"first","15":"instock","16":"taxable","17":"shipping-taxable","18":"purchasable","19":"product-type-simple"},"yoast_head":"<!-- This site is optimized with the Yoast SEO plugin v26.1.1 - https:\/\/yoast.com\/wordpress\/plugins\/seo\/ -->\n<title>LINTERNA FENIX CP50R - Sportac.cl<\/title>\n<meta name=\"description\" content=\"linterna fenix, foco led, foco potente, iluminacion de trabajo, fenix, fenixlight, cp50r, iluminacion industrial, camping\" \/>\n<meta name=\"robots\" content=\"index, follow, max-snippet:-1, max-image-preview:large, max-video-preview:-1\" \/>\n<link rel=\"canonical\" href=\"https:\/\/sportac.cl\/index.php\/producto\/linterna-fenix-cp50r\/\" \/>\n<meta property=\"og:locale\" content=\"es_ES\" \/>\n<meta property=\"og:type\" content=\"article\" \/>\n<meta property=\"og:title\" content=\"LINTERNA FENIX CP50R - Sportac.cl\" \/>\n<meta property=\"og:description\" content=\"linterna fenix, foco led, foco potente, iluminacion de trabajo, fenix, fenixlight, cp50r, iluminacion industrial, camping\" \/>\n<meta property=\"og:url\" content=\"https:\/\/sportac.cl\/index.php\/producto\/linterna-fenix-cp50r\/\" \/>\n<meta property=\"og:site_name\" content=\"Sportac.cl\" \/>\n<meta property=\"article:publisher\" content=\"https:\/\/www.facebook.com\/profile.php?id=100064005011199&amp;locale=bn_IN#\" \/>\n<meta property=\"article:modified_time\" content=\"2025-11-03T16:50:50+00:00\" \/>\n<meta property=\"og:image\" content=\"https:\/\/sportac.cl\/wp-content\/uploads\/2025\/11\/sportac-cp50r.webp\" \/>\n\t<meta property=\"og:image:width\" content=\"852\" \/>\n\t<meta property=\"og:image:height\" content=\"712\" \/>\n\t<meta property=\"og:image:type\" content=\"image\/webp\" \/>\n<meta name=\"twitter:card\" content=\"summary_large_image\" \/>\n<meta name=\"twitter:label1\" content=\"Tiempo de lectura\" \/>\n\t<meta name=\"twitter:data1\" content=\"3 minutos\" \/>\n<script type=\"application\/ld+json\" class=\"yoast-schema-graph\">{\"@context\":\"https:\/\/schema.org\",\"@graph\":[{\"@type\":\"WebPage\",\"@id\":\"https:\/\/sportac.cl\/index.php\/producto\/linterna-fenix-cp50r\/\",\"url\":\"https:\/\/sportac.cl\/index.php\/producto\/linterna-fenix-cp50r\/\",\"name\":\"LINTERNA FENIX CP50R - Sportac.cl\",\"isPartOf\":{\"@id\":\"https:\/\/sportac.cl\/#website\"},\"primaryImageOfPage\":{\"@id\":\"https:\/\/sportac.cl\/index.php\/producto\/linterna-fenix-cp50r\/#primaryimage\"},\"image\":{\"@id\":\"https:\/\/sportac.cl\/index.php\/producto\/linterna-fenix-cp50r\/#primaryimage\"},\"thumbnailUrl\":\"https:\/\/sportac.cl\/wp-content\/uploads\/2025\/11\/sportac-cp50r.webp\",\"datePublished\":\"2025-11-03T16:50:49+00:00\",\"dateModified\":\"2025-11-03T16:50:50+00:00\",\"description\":\"linterna fenix, foco led, foco potente, iluminacion de trabajo, fenix, fenixlight, cp50r, iluminacion industrial, camping\",\"breadcrumb\":{\"@id\":\"https:\/\/sportac.cl\/index.php\/producto\/linterna-fenix-cp50r\/#breadcrumb\"},\"inLanguage\":\"es\",\"potentialAction\":[{\"@type\":\"ReadAction\",\"target\":[\"https:\/\/sportac.cl\/index.php\/producto\/linterna-fenix-cp50r\/\"]}]},{\"@type\":\"ImageObject\",\"inLanguage\":\"es\",\"@id\":\"https:\/\/sportac.cl\/index.php\/producto\/linterna-fenix-cp50r\/#primaryimage\",\"url\":\"https:\/\/sportac.cl\/wp-content\/uploads\/2025\/11\/sportac-cp50r.webp\",\"contentUrl\":\"https:\/\/sportac.cl\/wp-content\/uploads\/2025\/11\/sportac-cp50r.webp\",\"width\":852,\"height\":712},{\"@type\":\"BreadcrumbList\",\"@id\":\"https:\/\/sportac.cl\/index.php\/producto\/linterna-fenix-cp50r\/#breadcrumb\",\"itemListElement\":[{\"@type\":\"ListItem\",\"position\":1,\"name\":\"Portada\",\"item\":\"https:\/\/sportac.cl\/index.php\/home\/\"},{\"@type\":\"ListItem\",\"position\":2,\"name\":\"Tienda\",\"item\":\"https:\/\/sportac.cl\/index.php\/tienda\/\"},{\"@type\":\"ListItem\",\"position\":3,\"name\":\"LINTERNA FENIX CP50R\"}]},{\"@type\":\"WebSite\",\"@id\":\"https:\/\/sportac.cl\/#website\",\"url\":\"https:\/\/sportac.cl\/\",\"name\":\"Sportac Linternas Caza y Pesca Camping\",\"description\":\"Sportac.cl, tienda dedicada a venta de linternas profesionales y de alta calidad orientadas a deporte, industria y aplicaciones t\u00e1cticas Caza y Pesca\",\"publisher\":{\"@id\":\"https:\/\/sportac.cl\/#organization\"},\"alternateName\":\"Tienda de Equipos - Linternas - Caza - Pesca - Camping\",\"potentialAction\":[{\"@type\":\"SearchAction\",\"target\":{\"@type\":\"EntryPoint\",\"urlTemplate\":\"https:\/\/sportac.cl\/?s={search_term_string}\"},\"query-input\":{\"@type\":\"PropertyValueSpecification\",\"valueRequired\":true,\"valueName\":\"search_term_string\"}}],\"inLanguage\":\"es\"},{\"@type\":\"Organization\",\"@id\":\"https:\/\/sportac.cl\/#organization\",\"name\":\"Sportac Tienda de Equipos de Caza y Pesca\",\"alternateName\":\"Fenixligth, Fenix, linternas tacticas, led, iluminacion, mineria, Sportac, linternas Fenix, linterna C7, linterna HM71R, Linterna TK20R, iluminacion industrial, lantern,\u00a0flashlight Rifle pcp, Beeman, Glock, umarex, pistola traumatica, rifle nitropiston, pistola balines,\u00a0postones,\u00a0co2\",\"url\":\"https:\/\/sportac.cl\/\",\"logo\":{\"@type\":\"ImageObject\",\"inLanguage\":\"es\",\"@id\":\"https:\/\/sportac.cl\/#\/schema\/logo\/image\/\",\"url\":\"https:\/\/sportac.cl\/wp-content\/uploads\/2025\/10\/cropped-Logo-Sportac-_-blanco.png\",\"contentUrl\":\"https:\/\/sportac.cl\/wp-content\/uploads\/2025\/10\/cropped-Logo-Sportac-_-blanco.png\",\"width\":240,\"height\":259,\"caption\":\"Sportac Tienda de Equipos de Caza y Pesca\"},\"image\":{\"@id\":\"https:\/\/sportac.cl\/#\/schema\/logo\/image\/\"},\"sameAs\":[\"https:\/\/www.facebook.com\/profile.php?id=100064005011199&locale=bn_IN#\",\"https:\/\/www.instagram.com\/sportac_fenix?igsh=cXBnb25jMzdwYzIw\",\"https:\/\/www.tiktok.com\/@sportac73?_t=ZM-90r8HiYyUNk&_r=1\"]}]}<\/script>\n<!-- \/ Yoast SEO plugin. -->","yoast_head_json":{"title":"LINTERNA FENIX CP50R - Sportac.cl","description":"linterna fenix, foco led, foco potente, iluminacion de trabajo, fenix, fenixlight, cp50r, iluminacion industrial, camping","robots":{"index":"index","follow":"follow","max-snippet":"max-snippet:-1","max-image-preview":"max-image-preview:large","max-video-preview":"max-video-preview:-1"},"canonical":"https:\/\/sportac.cl\/index.php\/producto\/linterna-fenix-cp50r\/","og_locale":"es_ES","og_type":"article","og_title":"LINTERNA FENIX CP50R - Sportac.cl","og_description":"linterna fenix, foco led, foco potente, iluminacion de trabajo, fenix, fenixlight, cp50r, iluminacion industrial, camping","og_url":"https:\/\/sportac.cl\/index.php\/producto\/linterna-fenix-cp50r\/","og_site_name":"Sportac.cl","article_publisher":"https:\/\/www.facebook.com\/profile.php?id=100064005011199&locale=bn_IN#","article_modified_time":"2025-11-03T16:50:50+00:00","og_image":[{"width":852,"height":712,"url":"https:\/\/sportac.cl\/wp-content\/uploads\/2025\/11\/sportac-cp50r.webp","type":"image\/webp"}],"twitter_card":"summary_large_image","twitter_misc":{"Tiempo de lectura":"3 minutos"},"schema":{"@context":"https:\/\/schema.org","@graph":[{"@type":"WebPage","@id":"https:\/\/sportac.cl\/index.php\/producto\/linterna-fenix-cp50r\/","url":"https:\/\/sportac.cl\/index.php\/producto\/linterna-fenix-cp50r\/","name":"LINTERNA FENIX CP50R - Sportac.cl","isPartOf":{"@id":"https:\/\/sportac.cl\/#website"},"primaryImageOfPage":{"@id":"https:\/\/sportac.cl\/index.php\/producto\/linterna-fenix-cp50r\/#primaryimage"},"image":{"@id":"https:\/\/sportac.cl\/index.php\/producto\/linterna-fenix-cp50r\/#primaryimage"},"thumbnailUrl":"https:\/\/sportac.cl\/wp-content\/uploads\/2025\/11\/sportac-cp50r.webp","datePublished":"2025-11-03T16:50:49+00:00","dateModified":"2025-11-03T16:50:50+00:00","description":"linterna fenix, foco led, foco potente, iluminacion de trabajo, fenix, fenixlight, cp50r, iluminacion industrial, camping","breadcrumb":{"@id":"https:\/\/sportac.cl\/index.php\/producto\/linterna-fenix-cp50r\/#breadcrumb"},"inLanguage":"es","potentialAction":[{"@type":"ReadAction","target":["https:\/\/sportac.cl\/index.php\/producto\/linterna-fenix-cp50r\/"]}]},{"@type":"ImageObject","inLanguage":"es","@id":"https:\/\/sportac.cl\/index.php\/producto\/linterna-fenix-cp50r\/#primaryimage","url":"https:\/\/sportac.cl\/wp-content\/uploads\/2025\/11\/sportac-cp50r.webp","contentUrl":"https:\/\/sportac.cl\/wp-content\/uploads\/2025\/11\/sportac-cp50r.webp","width":852,"height":712},{"@type":"BreadcrumbList","@id":"https:\/\/sportac.cl\/index.php\/producto\/linterna-fenix-cp50r\/#breadcrumb","itemListElement":[{"@type":"ListItem","position":1,"name":"Portada","item":"https:\/\/sportac.cl\/index.php\/home\/"},{"@type":"ListItem","position":2,"name":"Tienda","item":"https:\/\/sportac.cl\/index.php\/tienda\/"},{"@type":"ListItem","position":3,"name":"LINTERNA FENIX CP50R"}]},{"@type":"WebSite","@id":"https:\/\/sportac.cl\/#website","url":"https:\/\/sportac.cl\/","name":"Sportac Linternas Caza y Pesca Camping","description":"Sportac.cl, tienda dedicada a venta de linternas profesionales y de alta calidad orientadas a deporte, industria y aplicaciones t\u00e1cticas Caza y Pesca","publisher":{"@id":"https:\/\/sportac.cl\/#organization"},"alternateName":"Tienda de Equipos - Linternas - Caza - Pesca - Camping","potentialAction":[{"@type":"SearchAction","target":{"@type":"EntryPoint","urlTemplate":"https:\/\/sportac.cl\/?s={search_term_string}"},"query-input":{"@type":"PropertyValueSpecification","valueRequired":true,"valueName":"search_term_string"}}],"inLanguage":"es"},{"@type":"Organization","@id":"https:\/\/sportac.cl\/#organization","name":"Sportac Tienda de Equipos de Caza y Pesca","alternateName":"Fenixligth, Fenix, linternas tacticas, led, iluminacion, mineria, Sportac, linternas Fenix, linterna C7, linterna HM71R, Linterna TK20R, iluminacion industrial, lantern,\u00a0flashlight Rifle pcp, Beeman, Glock, umarex, pistola traumatica, rifle nitropiston, pistola balines,\u00a0postones,\u00a0co2","url":"https:\/\/sportac.cl\/","logo":{"@type":"ImageObject","inLanguage":"es","@id":"https:\/\/sportac.cl\/#\/schema\/logo\/image\/","url":"https:\/\/sportac.cl\/wp-content\/uploads\/2025\/10\/cropped-Logo-Sportac-_-blanco.png","contentUrl":"https:\/\/sportac.cl\/wp-content\/uploads\/2025\/10\/cropped-Logo-Sportac-_-blanco.png","width":240,"height":259,"caption":"Sportac Tienda de Equipos de Caza y Pesca"},"image":{"@id":"https:\/\/sportac.cl\/#\/schema\/logo\/image\/"},"sameAs":["https:\/\/www.facebook.com\/profile.php?id=100064005011199&locale=bn_IN#","https:\/\/www.instagram.com\/sportac_fenix?igsh=cXBnb25jMzdwYzIw","https:\/\/www.tiktok.com\/@sportac73?_t=ZM-90r8HiYyUNk&_r=1"]}]}},"_links":{"self":[{"href":"https:\/\/sportac.cl\/index.php\/wp-json\/wp\/v2\/product\/374","targetHints":{"allow":["GET"]}}],"collection":[{"href":"https:\/\/sportac.cl\/index.php\/wp-json\/wp\/v2\/product"}],"about":[{"href":"https:\/\/sportac.cl\/index.php\/wp-json\/wp\/v2\/types\/product"}],"replies":[{"embeddable":true,"href":"https:\/\/sportac.cl\/index.php\/wp-json\/wp\/v2\/comments?post=374"}],"version-history":[{"count":1,"href":"https:\/\/sportac.cl\/index.php\/wp-json\/wp\/v2\/product\/374\/revisions"}],"predecessor-version":[{"id":385,"href":"https:\/\/sportac.cl\/index.php\/wp-json\/wp\/v2\/product\/374\/revisions\/385"}],"wp:featuredmedia":[{"embeddable":true,"href":"https:\/\/sportac.cl\/index.php\/wp-json\/wp\/v2\/media\/375"}],"wp:attachment":[{"href":"https:\/\/sportac.cl\/index.php\/wp-json\/wp\/v2\/media?parent=374"}],"wp:term":[{"taxonomy":"product_brand","embeddable":true,"href":"https:\/\/sportac.cl\/index.php\/wp-json\/wp\/v2\/product_brand?post=374"},{"taxonomy":"product_cat","embeddable":true,"href":"https:\/\/sportac.cl\/index.php\/wp-json\/wp\/v2\/product_cat?post=374"},{"taxonomy":"product_tag","embeddable":true,"href":"https:\/\/sportac.cl\/index.php\/wp-json\/wp\/v2\/product_tag?post=374"}],"curies":[{"name":"wp","href":"https:\/\/api.w.org\/{rel}","templated":true}]}}