{"id":314,"date":"2025-10-28T16:00:18","date_gmt":"2025-10-28T16:00:18","guid":{"rendered":"https:\/\/sportac.cl\/?post_type=product&#038;p=314"},"modified":"2025-11-04T21:28:05","modified_gmt":"2025-11-04T21:28:05","slug":"bateria-recargable-fenix-arb-l18-3400u","status":"publish","type":"product","link":"https:\/\/sportac.cl\/index.php\/producto\/bateria-recargable-fenix-arb-l18-3400u\/","title":{"rendered":"Bateria recargable FENIX ARB-L18-3400U"},"content":{"rendered":"<ul>\n<li>Tama\u00f1o: Bater\u00eda superior con 18650<\/li>\n<li>Capacidad nominal de 3400 mAh.<\/li>\n<li>Voltaje nominal de 3,6 V.<\/li>\n<li>Corriente de carga: 1amp recomendado, 2 amp maximo<\/li>\n<li>Corriente de carga puerto por USB: 1A<\/li>\n<li>Circuito de protecci\u00f3n en el \u00e1nodo para corto evitarcircuitos.<\/li>\n<li>M\u00faltiples se capanadas de protecci\u00f3n<\/li>\n<li>Se pueden esperar 500 ciclos de carga de una bater\u00eda adecuadamente mantenida<\/li>\n<li>Totalmente cubierto con una carcasa de acero para resistencia al impacto.<\/li>\n<li>Protecci\u00f3n contracarga, descarga, cortocircuito y sobrecalentamiento<\/li>\n<li>Tres conjuntos de protecci\u00f3n superior: protecci\u00f3n de la v\u00e1lvula de alivio de la presi\u00f3n, protecci\u00f3n microporosa y protecci\u00f3n del bloque cat\u00f3dico PTC<\/li>\n<li>Peso: 1,76 onzas (50 g)<\/li>\n<li>Tama\u00f1o: Longitud: 2,76 . (70 mm) Di\u00e1metro: 0,73 (18,6mm) .<\/li>\n<li>12 meses de garant\u00eda gratuita desde la fecha de compra<\/li>\n<li>La luz indicadora de la bater\u00eda es roja mientras se carga y cuando es cargada.<\/li>\n<\/ul>\n","protected":false},"excerpt":{"rendered":"<ul>\n<li>Tama\u00f1o: Bater\u00eda superior con 18650<\/li>\n<li>Capacidad nominal de 3400 mAh.<\/li>\n<li>Voltaje nominal de 3,6 V.<\/li>\n<li>Corriente de carga: 1amp recomendado, 2 amp maximo<\/li>\n<li>Corriente de carga puerto por USB: 1A<\/li>\n<\/ul>\n","protected":false},"featured_media":522,"comment_status":"open","ping_status":"closed","template":"","meta":[],"product_brand":[],"product_cat":[103],"product_tag":[142,133,132,119],"class_list":{"0":"post-314","1":"product","2":"type-product","3":"status-publish","4":"has-post-thumbnail","6":"product_cat-bateriascargadoresyaccesorios","7":"product_tag-3400mha","8":"product_tag-bateria-de-litio","9":"product_tag-bateria-fenix","10":"product_tag-fenixlight","12":"first","13":"instock","14":"taxable","15":"shipping-taxable","16":"purchasable","17":"product-type-simple"},"yoast_head":"<!-- This site is optimized with the Yoast SEO plugin v26.1.1 - https:\/\/yoast.com\/wordpress\/plugins\/seo\/ -->\n<title>Bateria recargable FENIX ARB-L18-3400U - Sportac.cl<\/title>\n<meta name=\"description\" content=\"bateria litio, bateria fenix, fenixlight, sportac, linternas, linterna tactica, linterna fenix, iluminacion, led\" \/>\n<meta name=\"robots\" content=\"index, follow, max-snippet:-1, max-image-preview:large, max-video-preview:-1\" \/>\n<link rel=\"canonical\" href=\"https:\/\/sportac.cl\/index.php\/producto\/bateria-recargable-fenix-arb-l18-3400u\/\" \/>\n<meta property=\"og:locale\" content=\"es_ES\" \/>\n<meta property=\"og:type\" content=\"article\" \/>\n<meta property=\"og:title\" content=\"Bateria recargable FENIX ARB-L18-3400U - Sportac.cl\" \/>\n<meta property=\"og:description\" content=\"bateria litio, bateria fenix, fenixlight, sportac, linternas, linterna tactica, linterna fenix, iluminacion, led\" \/>\n<meta property=\"og:url\" content=\"https:\/\/sportac.cl\/index.php\/producto\/bateria-recargable-fenix-arb-l18-3400u\/\" \/>\n<meta property=\"og:site_name\" content=\"Sportac.cl\" \/>\n<meta property=\"article:publisher\" content=\"https:\/\/www.facebook.com\/profile.php?id=100064005011199&amp;locale=bn_IN#\" \/>\n<meta property=\"article:modified_time\" content=\"2025-11-04T21:28:05+00:00\" \/>\n<meta property=\"og:image\" content=\"https:\/\/sportac.cl\/wp-content\/uploads\/2025\/10\/sportac-3400mha.jpg\" \/>\n\t<meta property=\"og:image:width\" content=\"535\" \/>\n\t<meta property=\"og:image:height\" content=\"341\" \/>\n\t<meta property=\"og:image:type\" content=\"image\/jpeg\" \/>\n<meta name=\"twitter:card\" content=\"summary_large_image\" \/>\n<meta name=\"twitter:label1\" content=\"Tiempo de lectura\" \/>\n\t<meta name=\"twitter:data1\" content=\"1 minuto\" \/>\n<script type=\"application\/ld+json\" class=\"yoast-schema-graph\">{\"@context\":\"https:\/\/schema.org\",\"@graph\":[{\"@type\":\"WebPage\",\"@id\":\"https:\/\/sportac.cl\/index.php\/producto\/bateria-recargable-fenix-arb-l18-3400u\/\",\"url\":\"https:\/\/sportac.cl\/index.php\/producto\/bateria-recargable-fenix-arb-l18-3400u\/\",\"name\":\"Bateria recargable FENIX ARB-L18-3400U - Sportac.cl\",\"isPartOf\":{\"@id\":\"https:\/\/sportac.cl\/#website\"},\"primaryImageOfPage\":{\"@id\":\"https:\/\/sportac.cl\/index.php\/producto\/bateria-recargable-fenix-arb-l18-3400u\/#primaryimage\"},\"image\":{\"@id\":\"https:\/\/sportac.cl\/index.php\/producto\/bateria-recargable-fenix-arb-l18-3400u\/#primaryimage\"},\"thumbnailUrl\":\"https:\/\/sportac.cl\/wp-content\/uploads\/2025\/10\/sportac-3400mha.jpg\",\"datePublished\":\"2025-10-28T16:00:18+00:00\",\"dateModified\":\"2025-11-04T21:28:05+00:00\",\"description\":\"bateria litio, bateria fenix, fenixlight, sportac, linternas, linterna tactica, linterna fenix, iluminacion, led\",\"breadcrumb\":{\"@id\":\"https:\/\/sportac.cl\/index.php\/producto\/bateria-recargable-fenix-arb-l18-3400u\/#breadcrumb\"},\"inLanguage\":\"es\",\"potentialAction\":[{\"@type\":\"ReadAction\",\"target\":[\"https:\/\/sportac.cl\/index.php\/producto\/bateria-recargable-fenix-arb-l18-3400u\/\"]}]},{\"@type\":\"ImageObject\",\"inLanguage\":\"es\",\"@id\":\"https:\/\/sportac.cl\/index.php\/producto\/bateria-recargable-fenix-arb-l18-3400u\/#primaryimage\",\"url\":\"https:\/\/sportac.cl\/wp-content\/uploads\/2025\/10\/sportac-3400mha.jpg\",\"contentUrl\":\"https:\/\/sportac.cl\/wp-content\/uploads\/2025\/10\/sportac-3400mha.jpg\",\"width\":535,\"height\":341},{\"@type\":\"BreadcrumbList\",\"@id\":\"https:\/\/sportac.cl\/index.php\/producto\/bateria-recargable-fenix-arb-l18-3400u\/#breadcrumb\",\"itemListElement\":[{\"@type\":\"ListItem\",\"position\":1,\"name\":\"Portada\",\"item\":\"https:\/\/sportac.cl\/index.php\/home\/\"},{\"@type\":\"ListItem\",\"position\":2,\"name\":\"Tienda\",\"item\":\"https:\/\/sportac.cl\/index.php\/tienda\/\"},{\"@type\":\"ListItem\",\"position\":3,\"name\":\"Bateria recargable FENIX ARB-L18-3400U\"}]},{\"@type\":\"WebSite\",\"@id\":\"https:\/\/sportac.cl\/#website\",\"url\":\"https:\/\/sportac.cl\/\",\"name\":\"Sportac Linternas Caza y Pesca Camping\",\"description\":\"Sportac.cl, tienda dedicada a venta de linternas profesionales y de alta calidad orientadas a deporte, industria y aplicaciones t\u00e1cticas Caza y Pesca\",\"publisher\":{\"@id\":\"https:\/\/sportac.cl\/#organization\"},\"alternateName\":\"Tienda de Equipos - Linternas - Caza - Pesca - Camping\",\"potentialAction\":[{\"@type\":\"SearchAction\",\"target\":{\"@type\":\"EntryPoint\",\"urlTemplate\":\"https:\/\/sportac.cl\/?s={search_term_string}\"},\"query-input\":{\"@type\":\"PropertyValueSpecification\",\"valueRequired\":true,\"valueName\":\"search_term_string\"}}],\"inLanguage\":\"es\"},{\"@type\":\"Organization\",\"@id\":\"https:\/\/sportac.cl\/#organization\",\"name\":\"Sportac Tienda de Equipos de Caza y Pesca\",\"alternateName\":\"Fenixligth, Fenix, linternas tacticas, led, iluminacion, mineria, Sportac, linternas Fenix, linterna C7, linterna HM71R, Linterna TK20R, iluminacion industrial, lantern,\u00a0flashlight Rifle pcp, Beeman, Glock, umarex, pistola traumatica, rifle nitropiston, pistola balines,\u00a0postones,\u00a0co2\",\"url\":\"https:\/\/sportac.cl\/\",\"logo\":{\"@type\":\"ImageObject\",\"inLanguage\":\"es\",\"@id\":\"https:\/\/sportac.cl\/#\/schema\/logo\/image\/\",\"url\":\"https:\/\/sportac.cl\/wp-content\/uploads\/2025\/10\/cropped-Logo-Sportac-_-blanco.png\",\"contentUrl\":\"https:\/\/sportac.cl\/wp-content\/uploads\/2025\/10\/cropped-Logo-Sportac-_-blanco.png\",\"width\":240,\"height\":259,\"caption\":\"Sportac Tienda de Equipos de Caza y Pesca\"},\"image\":{\"@id\":\"https:\/\/sportac.cl\/#\/schema\/logo\/image\/\"},\"sameAs\":[\"https:\/\/www.facebook.com\/profile.php?id=100064005011199&locale=bn_IN#\",\"https:\/\/www.instagram.com\/sportac_fenix?igsh=cXBnb25jMzdwYzIw\",\"https:\/\/www.tiktok.com\/@sportac73?_t=ZM-90r8HiYyUNk&_r=1\"]}]}<\/script>\n<!-- \/ Yoast SEO plugin. -->","yoast_head_json":{"title":"Bateria recargable FENIX ARB-L18-3400U - Sportac.cl","description":"bateria litio, bateria fenix, fenixlight, sportac, linternas, linterna tactica, linterna fenix, iluminacion, led","robots":{"index":"index","follow":"follow","max-snippet":"max-snippet:-1","max-image-preview":"max-image-preview:large","max-video-preview":"max-video-preview:-1"},"canonical":"https:\/\/sportac.cl\/index.php\/producto\/bateria-recargable-fenix-arb-l18-3400u\/","og_locale":"es_ES","og_type":"article","og_title":"Bateria recargable FENIX ARB-L18-3400U - Sportac.cl","og_description":"bateria litio, bateria fenix, fenixlight, sportac, linternas, linterna tactica, linterna fenix, iluminacion, led","og_url":"https:\/\/sportac.cl\/index.php\/producto\/bateria-recargable-fenix-arb-l18-3400u\/","og_site_name":"Sportac.cl","article_publisher":"https:\/\/www.facebook.com\/profile.php?id=100064005011199&locale=bn_IN#","article_modified_time":"2025-11-04T21:28:05+00:00","og_image":[{"width":535,"height":341,"url":"https:\/\/sportac.cl\/wp-content\/uploads\/2025\/10\/sportac-3400mha.jpg","type":"image\/jpeg"}],"twitter_card":"summary_large_image","twitter_misc":{"Tiempo de lectura":"1 minuto"},"schema":{"@context":"https:\/\/schema.org","@graph":[{"@type":"WebPage","@id":"https:\/\/sportac.cl\/index.php\/producto\/bateria-recargable-fenix-arb-l18-3400u\/","url":"https:\/\/sportac.cl\/index.php\/producto\/bateria-recargable-fenix-arb-l18-3400u\/","name":"Bateria recargable FENIX ARB-L18-3400U - Sportac.cl","isPartOf":{"@id":"https:\/\/sportac.cl\/#website"},"primaryImageOfPage":{"@id":"https:\/\/sportac.cl\/index.php\/producto\/bateria-recargable-fenix-arb-l18-3400u\/#primaryimage"},"image":{"@id":"https:\/\/sportac.cl\/index.php\/producto\/bateria-recargable-fenix-arb-l18-3400u\/#primaryimage"},"thumbnailUrl":"https:\/\/sportac.cl\/wp-content\/uploads\/2025\/10\/sportac-3400mha.jpg","datePublished":"2025-10-28T16:00:18+00:00","dateModified":"2025-11-04T21:28:05+00:00","description":"bateria litio, bateria fenix, fenixlight, sportac, linternas, linterna tactica, linterna fenix, iluminacion, led","breadcrumb":{"@id":"https:\/\/sportac.cl\/index.php\/producto\/bateria-recargable-fenix-arb-l18-3400u\/#breadcrumb"},"inLanguage":"es","potentialAction":[{"@type":"ReadAction","target":["https:\/\/sportac.cl\/index.php\/producto\/bateria-recargable-fenix-arb-l18-3400u\/"]}]},{"@type":"ImageObject","inLanguage":"es","@id":"https:\/\/sportac.cl\/index.php\/producto\/bateria-recargable-fenix-arb-l18-3400u\/#primaryimage","url":"https:\/\/sportac.cl\/wp-content\/uploads\/2025\/10\/sportac-3400mha.jpg","contentUrl":"https:\/\/sportac.cl\/wp-content\/uploads\/2025\/10\/sportac-3400mha.jpg","width":535,"height":341},{"@type":"BreadcrumbList","@id":"https:\/\/sportac.cl\/index.php\/producto\/bateria-recargable-fenix-arb-l18-3400u\/#breadcrumb","itemListElement":[{"@type":"ListItem","position":1,"name":"Portada","item":"https:\/\/sportac.cl\/index.php\/home\/"},{"@type":"ListItem","position":2,"name":"Tienda","item":"https:\/\/sportac.cl\/index.php\/tienda\/"},{"@type":"ListItem","position":3,"name":"Bateria recargable FENIX ARB-L18-3400U"}]},{"@type":"WebSite","@id":"https:\/\/sportac.cl\/#website","url":"https:\/\/sportac.cl\/","name":"Sportac Linternas Caza y Pesca Camping","description":"Sportac.cl, tienda dedicada a venta de linternas profesionales y de alta calidad orientadas a deporte, industria y aplicaciones t\u00e1cticas Caza y Pesca","publisher":{"@id":"https:\/\/sportac.cl\/#organization"},"alternateName":"Tienda de Equipos - Linternas - Caza - Pesca - Camping","potentialAction":[{"@type":"SearchAction","target":{"@type":"EntryPoint","urlTemplate":"https:\/\/sportac.cl\/?s={search_term_string}"},"query-input":{"@type":"PropertyValueSpecification","valueRequired":true,"valueName":"search_term_string"}}],"inLanguage":"es"},{"@type":"Organization","@id":"https:\/\/sportac.cl\/#organization","name":"Sportac Tienda de Equipos de Caza y Pesca","alternateName":"Fenixligth, Fenix, linternas tacticas, led, iluminacion, mineria, Sportac, linternas Fenix, linterna C7, linterna HM71R, Linterna TK20R, iluminacion industrial, lantern,\u00a0flashlight Rifle pcp, Beeman, Glock, umarex, pistola traumatica, rifle nitropiston, pistola balines,\u00a0postones,\u00a0co2","url":"https:\/\/sportac.cl\/","logo":{"@type":"ImageObject","inLanguage":"es","@id":"https:\/\/sportac.cl\/#\/schema\/logo\/image\/","url":"https:\/\/sportac.cl\/wp-content\/uploads\/2025\/10\/cropped-Logo-Sportac-_-blanco.png","contentUrl":"https:\/\/sportac.cl\/wp-content\/uploads\/2025\/10\/cropped-Logo-Sportac-_-blanco.png","width":240,"height":259,"caption":"Sportac Tienda de Equipos de Caza y Pesca"},"image":{"@id":"https:\/\/sportac.cl\/#\/schema\/logo\/image\/"},"sameAs":["https:\/\/www.facebook.com\/profile.php?id=100064005011199&locale=bn_IN#","https:\/\/www.instagram.com\/sportac_fenix?igsh=cXBnb25jMzdwYzIw","https:\/\/www.tiktok.com\/@sportac73?_t=ZM-90r8HiYyUNk&_r=1"]}]}},"_links":{"self":[{"href":"https:\/\/sportac.cl\/index.php\/wp-json\/wp\/v2\/product\/314","targetHints":{"allow":["GET"]}}],"collection":[{"href":"https:\/\/sportac.cl\/index.php\/wp-json\/wp\/v2\/product"}],"about":[{"href":"https:\/\/sportac.cl\/index.php\/wp-json\/wp\/v2\/types\/product"}],"replies":[{"embeddable":true,"href":"https:\/\/sportac.cl\/index.php\/wp-json\/wp\/v2\/comments?post=314"}],"version-history":[{"count":1,"href":"https:\/\/sportac.cl\/index.php\/wp-json\/wp\/v2\/product\/314\/revisions"}],"predecessor-version":[{"id":497,"href":"https:\/\/sportac.cl\/index.php\/wp-json\/wp\/v2\/product\/314\/revisions\/497"}],"wp:featuredmedia":[{"embeddable":true,"href":"https:\/\/sportac.cl\/index.php\/wp-json\/wp\/v2\/media\/522"}],"wp:attachment":[{"href":"https:\/\/sportac.cl\/index.php\/wp-json\/wp\/v2\/media?parent=314"}],"wp:term":[{"taxonomy":"product_brand","embeddable":true,"href":"https:\/\/sportac.cl\/index.php\/wp-json\/wp\/v2\/product_brand?post=314"},{"taxonomy":"product_cat","embeddable":true,"href":"https:\/\/sportac.cl\/index.php\/wp-json\/wp\/v2\/product_cat?post=314"},{"taxonomy":"product_tag","embeddable":true,"href":"https:\/\/sportac.cl\/index.php\/wp-json\/wp\/v2\/product_tag?post=314"}],"curies":[{"name":"wp","href":"https:\/\/api.w.org\/{rel}","templated":true}]}}