{"id":290,"date":"2025-10-28T15:25:23","date_gmt":"2025-10-28T15:25:23","guid":{"rendered":"https:\/\/sportac.cl\/?post_type=product&#038;p=290"},"modified":"2025-10-28T15:25:25","modified_gmt":"2025-10-28T15:25:25","slug":"linterna-fenix-ht18r-hunting-kit","status":"publish","type":"product","link":"https:\/\/sportac.cl\/index.php\/producto\/linterna-fenix-ht18r-hunting-kit\/","title":{"rendered":"Linterna Fenix HT18R HUNTING KIT"},"content":{"rendered":"<p>LINTERNA DE CAZA<\/p>\n<p>La Fenix HT18R HUNTING KIT (que incluye la montura ALG-18 y el switch remoto AER-05) est\u00e1 dise\u00f1ado espec\u00edficamente para la iluminaci\u00f3n en actividades de caza. Funciona con una sola bater\u00eda de alta capacidad de 5000 mAh, ofreciendo un haz de luz de hasta 1100 metros y una potencia m\u00e1xima de 2800 l\u00famenes, ideal para visibilidad en grandes distancias. Incorpora adaptadores de filtros rojo y verde para adaptarse a distintos ambientes. Cuenta con cuatro niveles de intensidad, protecci\u00f3n IP68 contra condiciones extremas, interruptor trasero t\u00e1ctico y puerto USB tipo C para carga, garantizando un rendimiento fiable en la caza y b\u00fasqueda.<\/p>\n<p>Caracter\u00edsticas del Producto:<\/p>\n<ul>\n<li>Potencia m\u00e1xima de 2800 l\u00famenes y distancia m\u00e1xima de 1100 metros.<\/li>\n<li>Utiliza un LED Luminus SFT70 con una vida \u00fatil de 50.000 horas.<\/li>\n<li>Incluye una bater\u00eda recargable Fenix ARB-L21-5000 V2.0.<\/li>\n<li>Puerto de carga USB tipo C interior impermeable.<\/li>\n<li>Incluye adaptadores de filtro rojo y verde.<\/li>\n<li>Luz estrobosc\u00f3pica instant\u00e1nea.<\/li>\n<li>Interruptor trasero doble para operaci\u00f3n r\u00e1pida con una sola mano.<\/li>\n<li>Indicaci\u00f3n de nivel de bater\u00eda de arranque y advertencia de bajo voltaje.<\/li>\n<li>Fabricado en aluminio duradero A6061-T6.<\/li>\n<li>Acabado antiabrasivo anodizado duro tipo HAIII premium.<\/li>\n<\/ul>\n","protected":false},"excerpt":{"rendered":"<p>LINTERNA DE CAZA<\/p>\n<p>El Fenix HT18R HUNTING KIT (que incluye la montura ALG-18 y el switch remoto AER-05) est\u00e1 dise\u00f1ado espec\u00edficamente para la iluminaci\u00f3n en actividades de caza. Funciona con una sola bater\u00eda de alta capacidad de 5000 mAh, ofreciendo un haz de luz de hasta 1100 metros y una potencia m\u00e1xima de 2800 l\u00famenes<\/p>\n","protected":false},"featured_media":291,"comment_status":"open","ping_status":"closed","template":"","meta":[],"product_brand":[],"product_cat":[107,110],"product_tag":[123,119,138,121],"class_list":{"0":"post-290","1":"product","2":"type-product","3":"status-publish","4":"has-post-thumbnail","6":"product_cat-linternascaza","7":"product_cat-linternastacticasdemano","8":"product_tag-fenix","9":"product_tag-fenixlight","10":"product_tag-linterna-de-caza-ht18r","11":"product_tag-sportac","13":"first","14":"instock","15":"taxable","16":"shipping-taxable","17":"purchasable","18":"product-type-simple"},"yoast_head":"<!-- This site is optimized with the Yoast SEO plugin v26.1.1 - https:\/\/yoast.com\/wordpress\/plugins\/seo\/ -->\n<title>Linterna Fenix HT18R HUNTING KIT - Sportac.cl<\/title>\n<meta name=\"description\" content=\"hunting kit, linterne de caza, linterna fenix, linterna tactica, caceria, luz roja, luz verde, sportac, fenix, fenixlight\" \/>\n<meta name=\"robots\" content=\"index, follow, max-snippet:-1, max-image-preview:large, max-video-preview:-1\" \/>\n<link rel=\"canonical\" href=\"https:\/\/sportac.cl\/index.php\/producto\/linterna-fenix-ht18r-hunting-kit\/\" \/>\n<meta property=\"og:locale\" content=\"es_ES\" \/>\n<meta property=\"og:type\" content=\"article\" \/>\n<meta property=\"og:title\" content=\"Linterna Fenix HT18R HUNTING KIT - Sportac.cl\" \/>\n<meta property=\"og:description\" content=\"hunting kit, linterne de caza, linterna fenix, linterna tactica, caceria, luz roja, luz verde, sportac, fenix, fenixlight\" \/>\n<meta property=\"og:url\" content=\"https:\/\/sportac.cl\/index.php\/producto\/linterna-fenix-ht18r-hunting-kit\/\" \/>\n<meta property=\"og:site_name\" content=\"Sportac.cl\" \/>\n<meta property=\"article:publisher\" content=\"https:\/\/www.facebook.com\/profile.php?id=100064005011199&amp;locale=bn_IN#\" \/>\n<meta property=\"article:modified_time\" content=\"2025-10-28T15:25:25+00:00\" \/>\n<meta property=\"og:image\" content=\"https:\/\/sportac.cl\/wp-content\/uploads\/2025\/10\/sportac-ht18rhuntingkit.webp\" \/>\n\t<meta property=\"og:image:width\" content=\"1506\" \/>\n\t<meta property=\"og:image:height\" content=\"1078\" \/>\n\t<meta property=\"og:image:type\" content=\"image\/webp\" \/>\n<meta name=\"twitter:card\" content=\"summary_large_image\" \/>\n<meta name=\"twitter:label1\" content=\"Tiempo de lectura\" \/>\n\t<meta name=\"twitter:data1\" content=\"2 minutos\" \/>\n<script type=\"application\/ld+json\" class=\"yoast-schema-graph\">{\"@context\":\"https:\/\/schema.org\",\"@graph\":[{\"@type\":\"WebPage\",\"@id\":\"https:\/\/sportac.cl\/index.php\/producto\/linterna-fenix-ht18r-hunting-kit\/\",\"url\":\"https:\/\/sportac.cl\/index.php\/producto\/linterna-fenix-ht18r-hunting-kit\/\",\"name\":\"Linterna Fenix HT18R HUNTING KIT - Sportac.cl\",\"isPartOf\":{\"@id\":\"https:\/\/sportac.cl\/#website\"},\"primaryImageOfPage\":{\"@id\":\"https:\/\/sportac.cl\/index.php\/producto\/linterna-fenix-ht18r-hunting-kit\/#primaryimage\"},\"image\":{\"@id\":\"https:\/\/sportac.cl\/index.php\/producto\/linterna-fenix-ht18r-hunting-kit\/#primaryimage\"},\"thumbnailUrl\":\"https:\/\/sportac.cl\/wp-content\/uploads\/2025\/10\/sportac-ht18rhuntingkit.webp\",\"datePublished\":\"2025-10-28T15:25:23+00:00\",\"dateModified\":\"2025-10-28T15:25:25+00:00\",\"description\":\"hunting kit, linterne de caza, linterna fenix, linterna tactica, caceria, luz roja, luz verde, sportac, fenix, fenixlight\",\"breadcrumb\":{\"@id\":\"https:\/\/sportac.cl\/index.php\/producto\/linterna-fenix-ht18r-hunting-kit\/#breadcrumb\"},\"inLanguage\":\"es\",\"potentialAction\":[{\"@type\":\"ReadAction\",\"target\":[\"https:\/\/sportac.cl\/index.php\/producto\/linterna-fenix-ht18r-hunting-kit\/\"]}]},{\"@type\":\"ImageObject\",\"inLanguage\":\"es\",\"@id\":\"https:\/\/sportac.cl\/index.php\/producto\/linterna-fenix-ht18r-hunting-kit\/#primaryimage\",\"url\":\"https:\/\/sportac.cl\/wp-content\/uploads\/2025\/10\/sportac-ht18rhuntingkit.webp\",\"contentUrl\":\"https:\/\/sportac.cl\/wp-content\/uploads\/2025\/10\/sportac-ht18rhuntingkit.webp\",\"width\":1506,\"height\":1078},{\"@type\":\"BreadcrumbList\",\"@id\":\"https:\/\/sportac.cl\/index.php\/producto\/linterna-fenix-ht18r-hunting-kit\/#breadcrumb\",\"itemListElement\":[{\"@type\":\"ListItem\",\"position\":1,\"name\":\"Portada\",\"item\":\"https:\/\/sportac.cl\/index.php\/home\/\"},{\"@type\":\"ListItem\",\"position\":2,\"name\":\"Tienda\",\"item\":\"https:\/\/sportac.cl\/index.php\/tienda\/\"},{\"@type\":\"ListItem\",\"position\":3,\"name\":\"Linterna Fenix HT18R HUNTING KIT\"}]},{\"@type\":\"WebSite\",\"@id\":\"https:\/\/sportac.cl\/#website\",\"url\":\"https:\/\/sportac.cl\/\",\"name\":\"Sportac Linternas Caza y Pesca Camping\",\"description\":\"Sportac.cl, tienda dedicada a venta de linternas profesionales y de alta calidad orientadas a deporte, industria y aplicaciones t\u00e1cticas Caza y Pesca\",\"publisher\":{\"@id\":\"https:\/\/sportac.cl\/#organization\"},\"alternateName\":\"Tienda de Equipos - Linternas - Caza - Pesca - Camping\",\"potentialAction\":[{\"@type\":\"SearchAction\",\"target\":{\"@type\":\"EntryPoint\",\"urlTemplate\":\"https:\/\/sportac.cl\/?s={search_term_string}\"},\"query-input\":{\"@type\":\"PropertyValueSpecification\",\"valueRequired\":true,\"valueName\":\"search_term_string\"}}],\"inLanguage\":\"es\"},{\"@type\":\"Organization\",\"@id\":\"https:\/\/sportac.cl\/#organization\",\"name\":\"Sportac Tienda de Equipos de Caza y Pesca\",\"alternateName\":\"Fenixligth, Fenix, linternas tacticas, led, iluminacion, mineria, Sportac, linternas Fenix, linterna C7, linterna HM71R, Linterna TK20R, iluminacion industrial, lantern,\u00a0flashlight Rifle pcp, Beeman, Glock, umarex, pistola traumatica, rifle nitropiston, pistola balines,\u00a0postones,\u00a0co2\",\"url\":\"https:\/\/sportac.cl\/\",\"logo\":{\"@type\":\"ImageObject\",\"inLanguage\":\"es\",\"@id\":\"https:\/\/sportac.cl\/#\/schema\/logo\/image\/\",\"url\":\"https:\/\/sportac.cl\/wp-content\/uploads\/2025\/10\/cropped-Logo-Sportac-_-blanco.png\",\"contentUrl\":\"https:\/\/sportac.cl\/wp-content\/uploads\/2025\/10\/cropped-Logo-Sportac-_-blanco.png\",\"width\":240,\"height\":259,\"caption\":\"Sportac Tienda de Equipos de Caza y Pesca\"},\"image\":{\"@id\":\"https:\/\/sportac.cl\/#\/schema\/logo\/image\/\"},\"sameAs\":[\"https:\/\/www.facebook.com\/profile.php?id=100064005011199&locale=bn_IN#\",\"https:\/\/www.instagram.com\/sportac_fenix?igsh=cXBnb25jMzdwYzIw\",\"https:\/\/www.tiktok.com\/@sportac73?_t=ZM-90r8HiYyUNk&_r=1\"]}]}<\/script>\n<!-- \/ Yoast SEO plugin. -->","yoast_head_json":{"title":"Linterna Fenix HT18R HUNTING KIT - Sportac.cl","description":"hunting kit, linterne de caza, linterna fenix, linterna tactica, caceria, luz roja, luz verde, sportac, fenix, fenixlight","robots":{"index":"index","follow":"follow","max-snippet":"max-snippet:-1","max-image-preview":"max-image-preview:large","max-video-preview":"max-video-preview:-1"},"canonical":"https:\/\/sportac.cl\/index.php\/producto\/linterna-fenix-ht18r-hunting-kit\/","og_locale":"es_ES","og_type":"article","og_title":"Linterna Fenix HT18R HUNTING KIT - Sportac.cl","og_description":"hunting kit, linterne de caza, linterna fenix, linterna tactica, caceria, luz roja, luz verde, sportac, fenix, fenixlight","og_url":"https:\/\/sportac.cl\/index.php\/producto\/linterna-fenix-ht18r-hunting-kit\/","og_site_name":"Sportac.cl","article_publisher":"https:\/\/www.facebook.com\/profile.php?id=100064005011199&locale=bn_IN#","article_modified_time":"2025-10-28T15:25:25+00:00","og_image":[{"width":1506,"height":1078,"url":"https:\/\/sportac.cl\/wp-content\/uploads\/2025\/10\/sportac-ht18rhuntingkit.webp","type":"image\/webp"}],"twitter_card":"summary_large_image","twitter_misc":{"Tiempo de lectura":"2 minutos"},"schema":{"@context":"https:\/\/schema.org","@graph":[{"@type":"WebPage","@id":"https:\/\/sportac.cl\/index.php\/producto\/linterna-fenix-ht18r-hunting-kit\/","url":"https:\/\/sportac.cl\/index.php\/producto\/linterna-fenix-ht18r-hunting-kit\/","name":"Linterna Fenix HT18R HUNTING KIT - Sportac.cl","isPartOf":{"@id":"https:\/\/sportac.cl\/#website"},"primaryImageOfPage":{"@id":"https:\/\/sportac.cl\/index.php\/producto\/linterna-fenix-ht18r-hunting-kit\/#primaryimage"},"image":{"@id":"https:\/\/sportac.cl\/index.php\/producto\/linterna-fenix-ht18r-hunting-kit\/#primaryimage"},"thumbnailUrl":"https:\/\/sportac.cl\/wp-content\/uploads\/2025\/10\/sportac-ht18rhuntingkit.webp","datePublished":"2025-10-28T15:25:23+00:00","dateModified":"2025-10-28T15:25:25+00:00","description":"hunting kit, linterne de caza, linterna fenix, linterna tactica, caceria, luz roja, luz verde, sportac, fenix, fenixlight","breadcrumb":{"@id":"https:\/\/sportac.cl\/index.php\/producto\/linterna-fenix-ht18r-hunting-kit\/#breadcrumb"},"inLanguage":"es","potentialAction":[{"@type":"ReadAction","target":["https:\/\/sportac.cl\/index.php\/producto\/linterna-fenix-ht18r-hunting-kit\/"]}]},{"@type":"ImageObject","inLanguage":"es","@id":"https:\/\/sportac.cl\/index.php\/producto\/linterna-fenix-ht18r-hunting-kit\/#primaryimage","url":"https:\/\/sportac.cl\/wp-content\/uploads\/2025\/10\/sportac-ht18rhuntingkit.webp","contentUrl":"https:\/\/sportac.cl\/wp-content\/uploads\/2025\/10\/sportac-ht18rhuntingkit.webp","width":1506,"height":1078},{"@type":"BreadcrumbList","@id":"https:\/\/sportac.cl\/index.php\/producto\/linterna-fenix-ht18r-hunting-kit\/#breadcrumb","itemListElement":[{"@type":"ListItem","position":1,"name":"Portada","item":"https:\/\/sportac.cl\/index.php\/home\/"},{"@type":"ListItem","position":2,"name":"Tienda","item":"https:\/\/sportac.cl\/index.php\/tienda\/"},{"@type":"ListItem","position":3,"name":"Linterna Fenix HT18R HUNTING KIT"}]},{"@type":"WebSite","@id":"https:\/\/sportac.cl\/#website","url":"https:\/\/sportac.cl\/","name":"Sportac Linternas Caza y Pesca Camping","description":"Sportac.cl, tienda dedicada a venta de linternas profesionales y de alta calidad orientadas a deporte, industria y aplicaciones t\u00e1cticas Caza y Pesca","publisher":{"@id":"https:\/\/sportac.cl\/#organization"},"alternateName":"Tienda de Equipos - Linternas - Caza - Pesca - Camping","potentialAction":[{"@type":"SearchAction","target":{"@type":"EntryPoint","urlTemplate":"https:\/\/sportac.cl\/?s={search_term_string}"},"query-input":{"@type":"PropertyValueSpecification","valueRequired":true,"valueName":"search_term_string"}}],"inLanguage":"es"},{"@type":"Organization","@id":"https:\/\/sportac.cl\/#organization","name":"Sportac Tienda de Equipos de Caza y Pesca","alternateName":"Fenixligth, Fenix, linternas tacticas, led, iluminacion, mineria, Sportac, linternas Fenix, linterna C7, linterna HM71R, Linterna TK20R, iluminacion industrial, lantern,\u00a0flashlight Rifle pcp, Beeman, Glock, umarex, pistola traumatica, rifle nitropiston, pistola balines,\u00a0postones,\u00a0co2","url":"https:\/\/sportac.cl\/","logo":{"@type":"ImageObject","inLanguage":"es","@id":"https:\/\/sportac.cl\/#\/schema\/logo\/image\/","url":"https:\/\/sportac.cl\/wp-content\/uploads\/2025\/10\/cropped-Logo-Sportac-_-blanco.png","contentUrl":"https:\/\/sportac.cl\/wp-content\/uploads\/2025\/10\/cropped-Logo-Sportac-_-blanco.png","width":240,"height":259,"caption":"Sportac Tienda de Equipos de Caza y Pesca"},"image":{"@id":"https:\/\/sportac.cl\/#\/schema\/logo\/image\/"},"sameAs":["https:\/\/www.facebook.com\/profile.php?id=100064005011199&locale=bn_IN#","https:\/\/www.instagram.com\/sportac_fenix?igsh=cXBnb25jMzdwYzIw","https:\/\/www.tiktok.com\/@sportac73?_t=ZM-90r8HiYyUNk&_r=1"]}]}},"_links":{"self":[{"href":"https:\/\/sportac.cl\/index.php\/wp-json\/wp\/v2\/product\/290","targetHints":{"allow":["GET"]}}],"collection":[{"href":"https:\/\/sportac.cl\/index.php\/wp-json\/wp\/v2\/product"}],"about":[{"href":"https:\/\/sportac.cl\/index.php\/wp-json\/wp\/v2\/types\/product"}],"replies":[{"embeddable":true,"href":"https:\/\/sportac.cl\/index.php\/wp-json\/wp\/v2\/comments?post=290"}],"version-history":[{"count":0,"href":"https:\/\/sportac.cl\/index.php\/wp-json\/wp\/v2\/product\/290\/revisions"}],"wp:featuredmedia":[{"embeddable":true,"href":"https:\/\/sportac.cl\/index.php\/wp-json\/wp\/v2\/media\/291"}],"wp:attachment":[{"href":"https:\/\/sportac.cl\/index.php\/wp-json\/wp\/v2\/media?parent=290"}],"wp:term":[{"taxonomy":"product_brand","embeddable":true,"href":"https:\/\/sportac.cl\/index.php\/wp-json\/wp\/v2\/product_brand?post=290"},{"taxonomy":"product_cat","embeddable":true,"href":"https:\/\/sportac.cl\/index.php\/wp-json\/wp\/v2\/product_cat?post=290"},{"taxonomy":"product_tag","embeddable":true,"href":"https:\/\/sportac.cl\/index.php\/wp-json\/wp\/v2\/product_tag?post=290"}],"curies":[{"name":"wp","href":"https:\/\/api.w.org\/{rel}","templated":true}]}}