{"id":269,"date":"2025-10-28T00:06:00","date_gmt":"2025-10-28T00:06:00","guid":{"rendered":"https:\/\/sportac.cl\/?post_type=product&#038;p=269"},"modified":"2025-10-28T00:06:01","modified_gmt":"2025-10-28T00:06:01","slug":"bateria-fenix-21700-de-5000-mah-arb-l21-5000u","status":"publish","type":"product","link":"https:\/\/sportac.cl\/index.php\/producto\/bateria-fenix-21700-de-5000-mah-arb-l21-5000u\/","title":{"rendered":"Bateria Fenix 21700 de 5000 mAh ARB-L21-5000U"},"content":{"rendered":"<p>Bater\u00eda recargable de iones de litio 21700 ARB-L21-5000U con puerto USB, potencia suficiente, rendimiento constante, la capacidad de la bater\u00eda 21700 es dos veces m\u00e1s potente que la bater\u00eda com\u00fan 18650 \/ 2300mAh. Lo que proporciona a las herramientas de iluminaci\u00f3n suficiente potencia y mayor duraci\u00f3n. Protecci\u00f3n m\u00faltiple, garantiza la seguridad de uso y el buen rendimiento de la bater\u00eda; Tecnolog\u00eda de remachado de carcasa de acero, totalmente protegida la bater\u00eda contra da\u00f1os; Ventilaciones de alivio de presi\u00f3n, expulsan r\u00e1pidamente el gas interno.<\/p>\n<p><strong>Caracteristicas<\/strong><\/p>\n<ul>\n<li>5000mAh de gran capacidad<\/li>\n<li>Interfaz de carga USB Typs-C<\/li>\n<li>500 ciclos de carga<\/li>\n<li>Circuitos de protecci\u00f3n dentro del \u00e1nodo<\/li>\n<\/ul>\n","protected":false},"excerpt":{"rendered":"<p>Bater\u00eda recargable de iones de litio 21700 ARB-L21-5000U con puerto USB, potencia suficiente, rendimiento constante, la capacidad de la bater\u00eda 21700 es dos veces m\u00e1s potente que la bater\u00eda com\u00fan 18650 \/ 2300mAh.<\/p>\n","protected":false},"featured_media":270,"comment_status":"open","ping_status":"closed","template":"","meta":[],"product_brand":[],"product_cat":[103],"product_tag":[133,132,119,134],"class_list":{"0":"post-269","1":"product","2":"type-product","3":"status-publish","4":"has-post-thumbnail","6":"product_cat-bateriascargadoresyaccesorios","7":"product_tag-bateria-de-litio","8":"product_tag-bateria-fenix","9":"product_tag-fenixlight","10":"product_tag-linternas","12":"first","13":"instock","14":"taxable","15":"shipping-taxable","16":"purchasable","17":"product-type-simple"},"yoast_head":"<!-- This site is optimized with the Yoast SEO plugin v26.1.1 - https:\/\/yoast.com\/wordpress\/plugins\/seo\/ -->\n<title>Bateria Fenix 21700 de 5000 mAh ARB-L21-5000U - Sportac.cl<\/title>\n<meta name=\"description\" content=\"bateria fenix, bateria litio, bateria linterna, sportac, 21700, 5000mha, fenixlight, pilas\" \/>\n<meta name=\"robots\" content=\"index, follow, max-snippet:-1, max-image-preview:large, max-video-preview:-1\" \/>\n<link rel=\"canonical\" href=\"https:\/\/sportac.cl\/index.php\/producto\/bateria-fenix-21700-de-5000-mah-arb-l21-5000u\/\" \/>\n<meta property=\"og:locale\" content=\"es_ES\" \/>\n<meta property=\"og:type\" content=\"article\" \/>\n<meta property=\"og:title\" content=\"Bateria Fenix 21700 de 5000 mAh ARB-L21-5000U - Sportac.cl\" \/>\n<meta property=\"og:description\" content=\"bateria fenix, bateria litio, bateria linterna, sportac, 21700, 5000mha, fenixlight, pilas\" \/>\n<meta property=\"og:url\" content=\"https:\/\/sportac.cl\/index.php\/producto\/bateria-fenix-21700-de-5000-mah-arb-l21-5000u\/\" \/>\n<meta property=\"og:site_name\" content=\"Sportac.cl\" \/>\n<meta property=\"article:publisher\" content=\"https:\/\/www.facebook.com\/profile.php?id=100064005011199&amp;locale=bn_IN#\" \/>\n<meta property=\"article:modified_time\" content=\"2025-10-28T00:06:01+00:00\" \/>\n<meta property=\"og:image\" content=\"https:\/\/sportac.cl\/wp-content\/uploads\/2025\/10\/sportac-21700.webp\" \/>\n\t<meta property=\"og:image:width\" content=\"469\" \/>\n\t<meta property=\"og:image:height\" content=\"237\" \/>\n\t<meta property=\"og:image:type\" content=\"image\/webp\" \/>\n<meta name=\"twitter:card\" content=\"summary_large_image\" \/>\n<meta name=\"twitter:label1\" content=\"Tiempo de lectura\" \/>\n\t<meta name=\"twitter:data1\" content=\"1 minuto\" \/>\n<script type=\"application\/ld+json\" class=\"yoast-schema-graph\">{\"@context\":\"https:\/\/schema.org\",\"@graph\":[{\"@type\":\"WebPage\",\"@id\":\"https:\/\/sportac.cl\/index.php\/producto\/bateria-fenix-21700-de-5000-mah-arb-l21-5000u\/\",\"url\":\"https:\/\/sportac.cl\/index.php\/producto\/bateria-fenix-21700-de-5000-mah-arb-l21-5000u\/\",\"name\":\"Bateria Fenix 21700 de 5000 mAh ARB-L21-5000U - Sportac.cl\",\"isPartOf\":{\"@id\":\"https:\/\/sportac.cl\/#website\"},\"primaryImageOfPage\":{\"@id\":\"https:\/\/sportac.cl\/index.php\/producto\/bateria-fenix-21700-de-5000-mah-arb-l21-5000u\/#primaryimage\"},\"image\":{\"@id\":\"https:\/\/sportac.cl\/index.php\/producto\/bateria-fenix-21700-de-5000-mah-arb-l21-5000u\/#primaryimage\"},\"thumbnailUrl\":\"https:\/\/sportac.cl\/wp-content\/uploads\/2025\/10\/sportac-21700.webp\",\"datePublished\":\"2025-10-28T00:06:00+00:00\",\"dateModified\":\"2025-10-28T00:06:01+00:00\",\"description\":\"bateria fenix, bateria litio, bateria linterna, sportac, 21700, 5000mha, fenixlight, pilas\",\"breadcrumb\":{\"@id\":\"https:\/\/sportac.cl\/index.php\/producto\/bateria-fenix-21700-de-5000-mah-arb-l21-5000u\/#breadcrumb\"},\"inLanguage\":\"es\",\"potentialAction\":[{\"@type\":\"ReadAction\",\"target\":[\"https:\/\/sportac.cl\/index.php\/producto\/bateria-fenix-21700-de-5000-mah-arb-l21-5000u\/\"]}]},{\"@type\":\"ImageObject\",\"inLanguage\":\"es\",\"@id\":\"https:\/\/sportac.cl\/index.php\/producto\/bateria-fenix-21700-de-5000-mah-arb-l21-5000u\/#primaryimage\",\"url\":\"https:\/\/sportac.cl\/wp-content\/uploads\/2025\/10\/sportac-21700.webp\",\"contentUrl\":\"https:\/\/sportac.cl\/wp-content\/uploads\/2025\/10\/sportac-21700.webp\",\"width\":469,\"height\":237},{\"@type\":\"BreadcrumbList\",\"@id\":\"https:\/\/sportac.cl\/index.php\/producto\/bateria-fenix-21700-de-5000-mah-arb-l21-5000u\/#breadcrumb\",\"itemListElement\":[{\"@type\":\"ListItem\",\"position\":1,\"name\":\"Portada\",\"item\":\"https:\/\/sportac.cl\/index.php\/home\/\"},{\"@type\":\"ListItem\",\"position\":2,\"name\":\"Tienda\",\"item\":\"https:\/\/sportac.cl\/index.php\/tienda\/\"},{\"@type\":\"ListItem\",\"position\":3,\"name\":\"Bateria Fenix 21700 de 5000 mAh ARB-L21-5000U\"}]},{\"@type\":\"WebSite\",\"@id\":\"https:\/\/sportac.cl\/#website\",\"url\":\"https:\/\/sportac.cl\/\",\"name\":\"Sportac Linternas Caza y Pesca Camping\",\"description\":\"Sportac.cl, tienda dedicada a venta de linternas profesionales y de alta calidad orientadas a deporte, industria y aplicaciones t\u00e1cticas Caza y Pesca\",\"publisher\":{\"@id\":\"https:\/\/sportac.cl\/#organization\"},\"alternateName\":\"Tienda de Equipos - Linternas - Caza - Pesca - Camping\",\"potentialAction\":[{\"@type\":\"SearchAction\",\"target\":{\"@type\":\"EntryPoint\",\"urlTemplate\":\"https:\/\/sportac.cl\/?s={search_term_string}\"},\"query-input\":{\"@type\":\"PropertyValueSpecification\",\"valueRequired\":true,\"valueName\":\"search_term_string\"}}],\"inLanguage\":\"es\"},{\"@type\":\"Organization\",\"@id\":\"https:\/\/sportac.cl\/#organization\",\"name\":\"Sportac Tienda de Equipos de Caza y Pesca\",\"alternateName\":\"Fenixligth, Fenix, linternas tacticas, led, iluminacion, mineria, Sportac, linternas Fenix, linterna C7, linterna HM71R, Linterna TK20R, iluminacion industrial, lantern,\u00a0flashlight Rifle pcp, Beeman, Glock, umarex, pistola traumatica, rifle nitropiston, pistola balines,\u00a0postones,\u00a0co2\",\"url\":\"https:\/\/sportac.cl\/\",\"logo\":{\"@type\":\"ImageObject\",\"inLanguage\":\"es\",\"@id\":\"https:\/\/sportac.cl\/#\/schema\/logo\/image\/\",\"url\":\"https:\/\/sportac.cl\/wp-content\/uploads\/2025\/10\/cropped-Logo-Sportac-_-blanco.png\",\"contentUrl\":\"https:\/\/sportac.cl\/wp-content\/uploads\/2025\/10\/cropped-Logo-Sportac-_-blanco.png\",\"width\":240,\"height\":259,\"caption\":\"Sportac Tienda de Equipos de Caza y Pesca\"},\"image\":{\"@id\":\"https:\/\/sportac.cl\/#\/schema\/logo\/image\/\"},\"sameAs\":[\"https:\/\/www.facebook.com\/profile.php?id=100064005011199&locale=bn_IN#\",\"https:\/\/www.instagram.com\/sportac_fenix?igsh=cXBnb25jMzdwYzIw\",\"https:\/\/www.tiktok.com\/@sportac73?_t=ZM-90r8HiYyUNk&_r=1\"]}]}<\/script>\n<!-- \/ Yoast SEO plugin. -->","yoast_head_json":{"title":"Bateria Fenix 21700 de 5000 mAh ARB-L21-5000U - Sportac.cl","description":"bateria fenix, bateria litio, bateria linterna, sportac, 21700, 5000mha, fenixlight, pilas","robots":{"index":"index","follow":"follow","max-snippet":"max-snippet:-1","max-image-preview":"max-image-preview:large","max-video-preview":"max-video-preview:-1"},"canonical":"https:\/\/sportac.cl\/index.php\/producto\/bateria-fenix-21700-de-5000-mah-arb-l21-5000u\/","og_locale":"es_ES","og_type":"article","og_title":"Bateria Fenix 21700 de 5000 mAh ARB-L21-5000U - Sportac.cl","og_description":"bateria fenix, bateria litio, bateria linterna, sportac, 21700, 5000mha, fenixlight, pilas","og_url":"https:\/\/sportac.cl\/index.php\/producto\/bateria-fenix-21700-de-5000-mah-arb-l21-5000u\/","og_site_name":"Sportac.cl","article_publisher":"https:\/\/www.facebook.com\/profile.php?id=100064005011199&locale=bn_IN#","article_modified_time":"2025-10-28T00:06:01+00:00","og_image":[{"width":469,"height":237,"url":"https:\/\/sportac.cl\/wp-content\/uploads\/2025\/10\/sportac-21700.webp","type":"image\/webp"}],"twitter_card":"summary_large_image","twitter_misc":{"Tiempo de lectura":"1 minuto"},"schema":{"@context":"https:\/\/schema.org","@graph":[{"@type":"WebPage","@id":"https:\/\/sportac.cl\/index.php\/producto\/bateria-fenix-21700-de-5000-mah-arb-l21-5000u\/","url":"https:\/\/sportac.cl\/index.php\/producto\/bateria-fenix-21700-de-5000-mah-arb-l21-5000u\/","name":"Bateria Fenix 21700 de 5000 mAh ARB-L21-5000U - Sportac.cl","isPartOf":{"@id":"https:\/\/sportac.cl\/#website"},"primaryImageOfPage":{"@id":"https:\/\/sportac.cl\/index.php\/producto\/bateria-fenix-21700-de-5000-mah-arb-l21-5000u\/#primaryimage"},"image":{"@id":"https:\/\/sportac.cl\/index.php\/producto\/bateria-fenix-21700-de-5000-mah-arb-l21-5000u\/#primaryimage"},"thumbnailUrl":"https:\/\/sportac.cl\/wp-content\/uploads\/2025\/10\/sportac-21700.webp","datePublished":"2025-10-28T00:06:00+00:00","dateModified":"2025-10-28T00:06:01+00:00","description":"bateria fenix, bateria litio, bateria linterna, sportac, 21700, 5000mha, fenixlight, pilas","breadcrumb":{"@id":"https:\/\/sportac.cl\/index.php\/producto\/bateria-fenix-21700-de-5000-mah-arb-l21-5000u\/#breadcrumb"},"inLanguage":"es","potentialAction":[{"@type":"ReadAction","target":["https:\/\/sportac.cl\/index.php\/producto\/bateria-fenix-21700-de-5000-mah-arb-l21-5000u\/"]}]},{"@type":"ImageObject","inLanguage":"es","@id":"https:\/\/sportac.cl\/index.php\/producto\/bateria-fenix-21700-de-5000-mah-arb-l21-5000u\/#primaryimage","url":"https:\/\/sportac.cl\/wp-content\/uploads\/2025\/10\/sportac-21700.webp","contentUrl":"https:\/\/sportac.cl\/wp-content\/uploads\/2025\/10\/sportac-21700.webp","width":469,"height":237},{"@type":"BreadcrumbList","@id":"https:\/\/sportac.cl\/index.php\/producto\/bateria-fenix-21700-de-5000-mah-arb-l21-5000u\/#breadcrumb","itemListElement":[{"@type":"ListItem","position":1,"name":"Portada","item":"https:\/\/sportac.cl\/index.php\/home\/"},{"@type":"ListItem","position":2,"name":"Tienda","item":"https:\/\/sportac.cl\/index.php\/tienda\/"},{"@type":"ListItem","position":3,"name":"Bateria Fenix 21700 de 5000 mAh ARB-L21-5000U"}]},{"@type":"WebSite","@id":"https:\/\/sportac.cl\/#website","url":"https:\/\/sportac.cl\/","name":"Sportac Linternas Caza y Pesca Camping","description":"Sportac.cl, tienda dedicada a venta de linternas profesionales y de alta calidad orientadas a deporte, industria y aplicaciones t\u00e1cticas Caza y Pesca","publisher":{"@id":"https:\/\/sportac.cl\/#organization"},"alternateName":"Tienda de Equipos - Linternas - Caza - Pesca - Camping","potentialAction":[{"@type":"SearchAction","target":{"@type":"EntryPoint","urlTemplate":"https:\/\/sportac.cl\/?s={search_term_string}"},"query-input":{"@type":"PropertyValueSpecification","valueRequired":true,"valueName":"search_term_string"}}],"inLanguage":"es"},{"@type":"Organization","@id":"https:\/\/sportac.cl\/#organization","name":"Sportac Tienda de Equipos de Caza y Pesca","alternateName":"Fenixligth, Fenix, linternas tacticas, led, iluminacion, mineria, Sportac, linternas Fenix, linterna C7, linterna HM71R, Linterna TK20R, iluminacion industrial, lantern,\u00a0flashlight Rifle pcp, Beeman, Glock, umarex, pistola traumatica, rifle nitropiston, pistola balines,\u00a0postones,\u00a0co2","url":"https:\/\/sportac.cl\/","logo":{"@type":"ImageObject","inLanguage":"es","@id":"https:\/\/sportac.cl\/#\/schema\/logo\/image\/","url":"https:\/\/sportac.cl\/wp-content\/uploads\/2025\/10\/cropped-Logo-Sportac-_-blanco.png","contentUrl":"https:\/\/sportac.cl\/wp-content\/uploads\/2025\/10\/cropped-Logo-Sportac-_-blanco.png","width":240,"height":259,"caption":"Sportac Tienda de Equipos de Caza y Pesca"},"image":{"@id":"https:\/\/sportac.cl\/#\/schema\/logo\/image\/"},"sameAs":["https:\/\/www.facebook.com\/profile.php?id=100064005011199&locale=bn_IN#","https:\/\/www.instagram.com\/sportac_fenix?igsh=cXBnb25jMzdwYzIw","https:\/\/www.tiktok.com\/@sportac73?_t=ZM-90r8HiYyUNk&_r=1"]}]}},"_links":{"self":[{"href":"https:\/\/sportac.cl\/index.php\/wp-json\/wp\/v2\/product\/269","targetHints":{"allow":["GET"]}}],"collection":[{"href":"https:\/\/sportac.cl\/index.php\/wp-json\/wp\/v2\/product"}],"about":[{"href":"https:\/\/sportac.cl\/index.php\/wp-json\/wp\/v2\/types\/product"}],"replies":[{"embeddable":true,"href":"https:\/\/sportac.cl\/index.php\/wp-json\/wp\/v2\/comments?post=269"}],"version-history":[{"count":0,"href":"https:\/\/sportac.cl\/index.php\/wp-json\/wp\/v2\/product\/269\/revisions"}],"wp:featuredmedia":[{"embeddable":true,"href":"https:\/\/sportac.cl\/index.php\/wp-json\/wp\/v2\/media\/270"}],"wp:attachment":[{"href":"https:\/\/sportac.cl\/index.php\/wp-json\/wp\/v2\/media?parent=269"}],"wp:term":[{"taxonomy":"product_brand","embeddable":true,"href":"https:\/\/sportac.cl\/index.php\/wp-json\/wp\/v2\/product_brand?post=269"},{"taxonomy":"product_cat","embeddable":true,"href":"https:\/\/sportac.cl\/index.php\/wp-json\/wp\/v2\/product_cat?post=269"},{"taxonomy":"product_tag","embeddable":true,"href":"https:\/\/sportac.cl\/index.php\/wp-json\/wp\/v2\/product_tag?post=269"}],"curies":[{"name":"wp","href":"https:\/\/api.w.org\/{rel}","templated":true}]}}