{"id":253,"date":"2025-10-27T22:04:18","date_gmt":"2025-10-27T22:04:18","guid":{"rendered":"https:\/\/sportac.cl\/?post_type=product&#038;p=253"},"modified":"2025-10-27T22:04:18","modified_gmt":"2025-10-27T22:04:18","slug":"linterna-fenix-e01-v2-0-negro","status":"publish","type":"product","link":"https:\/\/sportac.cl\/index.php\/producto\/linterna-fenix-e01-v2-0-negro\/","title":{"rendered":"Linterna Fenix E01 v2.0 Negro"},"content":{"rendered":"<p>La Fenix E01 V2.0 es una linterna de llavero ultra compacta con dimensiones y peso m\u00ednimos. Funciona con una bater\u00eda AAA incluida y ofrece un brillo notable de hasta 100 l\u00famenes. Su cuerpo ligero, fabricado en metal con mecanizado CNC, presenta un acabado anodizado duro HAIII que resiste el desgaste y garantiza alta impermeabilidad. Con un dise\u00f1o extremadamente peque\u00f1o, un pr\u00e1ctico interruptor giratorio y tres niveles de intensidad ajustables, esta linterna es ideal para el uso diario. La Fenix E01 V2.0 se puede llevar f\u00e1cilmente con las llaves para disponer siempre de una fuente de luz potente y confiable. Est\u00e1 en Sportac<\/p>\n<p>\u25ce Disponible solo en color NEGRO<br \/>\n\u25ce Utiliza LED Cree XP-G2 S3 con una vida \u00fatil de 50.000 horas.<br \/>\n\u25ce Incluye una pila AAA.<br \/>\n\u25ce Tama\u00f1o ultracompacto para el transporte diario.<br \/>\n\u25ce Manejo con una mano con el interruptor giratorio.<br \/>\n\u25ce Cuerpo ligero de mecanizado CNC totalmente met\u00e1lico.<br \/>\n\u25ce Acabado antiabrasivo anodizado duro tipo HAIII de primera calidad.<br \/>\n\u25ce Tama\u00f1o: 66,5 x 15 x 14 mm \/ 2,62 \u00bb x 0,59 \u00bb x 0,55 \u00bb.<br \/>\n\u25ce Peso: 0,46 oz \/ 13 g (sin bater\u00eda)<\/p>\n","protected":false},"excerpt":{"rendered":"<p>La Fenix E01 V2.0 es una linterna de llavero ultra compacta con dimensiones y peso m\u00ednimos. Funciona con una bater\u00eda AAA incluida y ofrece un brillo notable de hasta 100 l\u00famenes.<\/p>\n","protected":false},"featured_media":254,"comment_status":"open","ping_status":"closed","template":"","meta":[],"product_brand":[],"product_cat":[104],"product_tag":[119,128,127,111,125,126],"class_list":{"0":"post-253","1":"product","2":"type-product","3":"status-publish","4":"has-post-thumbnail","6":"product_cat-linternasparallavero","7":"product_tag-fenixlight","8":"product_tag-iluminacionlight","9":"product_tag-led","10":"product_tag-linterna-fenix","11":"product_tag-linterna-fenix-e01","12":"product_tag-linterna-tactica","14":"first","15":"instock","16":"taxable","17":"shipping-taxable","18":"purchasable","19":"product-type-simple"},"yoast_head":"<!-- This site is optimized with the Yoast SEO plugin v26.1.1 - https:\/\/yoast.com\/wordpress\/plugins\/seo\/ -->\n<title>Linterna Fenix E01 v2.0 Negro - Sportac.cl<\/title>\n<meta name=\"description\" content=\"linterna tactica, linterna fenix, e01, sportac, led, iluminacion\" \/>\n<meta name=\"robots\" content=\"index, follow, max-snippet:-1, max-image-preview:large, max-video-preview:-1\" \/>\n<link rel=\"canonical\" href=\"https:\/\/sportac.cl\/index.php\/producto\/linterna-fenix-e01-v2-0-negro\/\" \/>\n<meta property=\"og:locale\" content=\"es_ES\" \/>\n<meta property=\"og:type\" content=\"article\" \/>\n<meta property=\"og:title\" content=\"Linterna Fenix E01 v2.0 Negro - Sportac.cl\" \/>\n<meta property=\"og:description\" content=\"linterna tactica, linterna fenix, e01, sportac, led, iluminacion\" \/>\n<meta property=\"og:url\" content=\"https:\/\/sportac.cl\/index.php\/producto\/linterna-fenix-e01-v2-0-negro\/\" \/>\n<meta property=\"og:site_name\" content=\"Sportac.cl\" \/>\n<meta property=\"article:publisher\" content=\"https:\/\/www.facebook.com\/profile.php?id=100064005011199&amp;locale=bn_IN#\" \/>\n<meta property=\"og:image\" content=\"https:\/\/sportac.cl\/wp-content\/uploads\/2025\/10\/sportac-e01.webp\" \/>\n\t<meta property=\"og:image:width\" content=\"1200\" \/>\n\t<meta property=\"og:image:height\" content=\"900\" \/>\n\t<meta property=\"og:image:type\" content=\"image\/webp\" \/>\n<meta name=\"twitter:card\" content=\"summary_large_image\" \/>\n<meta name=\"twitter:label1\" content=\"Tiempo de lectura\" \/>\n\t<meta name=\"twitter:data1\" content=\"2 minutos\" \/>\n<script type=\"application\/ld+json\" class=\"yoast-schema-graph\">{\"@context\":\"https:\/\/schema.org\",\"@graph\":[{\"@type\":\"WebPage\",\"@id\":\"https:\/\/sportac.cl\/index.php\/producto\/linterna-fenix-e01-v2-0-negro\/\",\"url\":\"https:\/\/sportac.cl\/index.php\/producto\/linterna-fenix-e01-v2-0-negro\/\",\"name\":\"Linterna Fenix E01 v2.0 Negro - Sportac.cl\",\"isPartOf\":{\"@id\":\"https:\/\/sportac.cl\/#website\"},\"primaryImageOfPage\":{\"@id\":\"https:\/\/sportac.cl\/index.php\/producto\/linterna-fenix-e01-v2-0-negro\/#primaryimage\"},\"image\":{\"@id\":\"https:\/\/sportac.cl\/index.php\/producto\/linterna-fenix-e01-v2-0-negro\/#primaryimage\"},\"thumbnailUrl\":\"https:\/\/sportac.cl\/wp-content\/uploads\/2025\/10\/sportac-e01.webp\",\"datePublished\":\"2025-10-27T22:04:18+00:00\",\"description\":\"linterna tactica, linterna fenix, e01, sportac, led, iluminacion\",\"breadcrumb\":{\"@id\":\"https:\/\/sportac.cl\/index.php\/producto\/linterna-fenix-e01-v2-0-negro\/#breadcrumb\"},\"inLanguage\":\"es\",\"potentialAction\":[{\"@type\":\"ReadAction\",\"target\":[\"https:\/\/sportac.cl\/index.php\/producto\/linterna-fenix-e01-v2-0-negro\/\"]}]},{\"@type\":\"ImageObject\",\"inLanguage\":\"es\",\"@id\":\"https:\/\/sportac.cl\/index.php\/producto\/linterna-fenix-e01-v2-0-negro\/#primaryimage\",\"url\":\"https:\/\/sportac.cl\/wp-content\/uploads\/2025\/10\/sportac-e01.webp\",\"contentUrl\":\"https:\/\/sportac.cl\/wp-content\/uploads\/2025\/10\/sportac-e01.webp\",\"width\":1200,\"height\":900},{\"@type\":\"BreadcrumbList\",\"@id\":\"https:\/\/sportac.cl\/index.php\/producto\/linterna-fenix-e01-v2-0-negro\/#breadcrumb\",\"itemListElement\":[{\"@type\":\"ListItem\",\"position\":1,\"name\":\"Portada\",\"item\":\"https:\/\/sportac.cl\/index.php\/home\/\"},{\"@type\":\"ListItem\",\"position\":2,\"name\":\"Tienda\",\"item\":\"https:\/\/sportac.cl\/index.php\/tienda\/\"},{\"@type\":\"ListItem\",\"position\":3,\"name\":\"Linterna Fenix E01 v2.0 Negro\"}]},{\"@type\":\"WebSite\",\"@id\":\"https:\/\/sportac.cl\/#website\",\"url\":\"https:\/\/sportac.cl\/\",\"name\":\"Sportac Linternas Caza y Pesca Camping\",\"description\":\"Sportac.cl, tienda dedicada a venta de linternas profesionales y de alta calidad orientadas a deporte, industria y aplicaciones t\u00e1cticas Caza y Pesca\",\"publisher\":{\"@id\":\"https:\/\/sportac.cl\/#organization\"},\"alternateName\":\"Tienda de Equipos - Linternas - Caza - Pesca - Camping\",\"potentialAction\":[{\"@type\":\"SearchAction\",\"target\":{\"@type\":\"EntryPoint\",\"urlTemplate\":\"https:\/\/sportac.cl\/?s={search_term_string}\"},\"query-input\":{\"@type\":\"PropertyValueSpecification\",\"valueRequired\":true,\"valueName\":\"search_term_string\"}}],\"inLanguage\":\"es\"},{\"@type\":\"Organization\",\"@id\":\"https:\/\/sportac.cl\/#organization\",\"name\":\"Sportac Tienda de Equipos de Caza y Pesca\",\"alternateName\":\"Fenixligth, Fenix, linternas tacticas, led, iluminacion, mineria, Sportac, linternas Fenix, linterna C7, linterna HM71R, Linterna TK20R, iluminacion industrial, lantern,\u00a0flashlight Rifle pcp, Beeman, Glock, umarex, pistola traumatica, rifle nitropiston, pistola balines,\u00a0postones,\u00a0co2\",\"url\":\"https:\/\/sportac.cl\/\",\"logo\":{\"@type\":\"ImageObject\",\"inLanguage\":\"es\",\"@id\":\"https:\/\/sportac.cl\/#\/schema\/logo\/image\/\",\"url\":\"https:\/\/sportac.cl\/wp-content\/uploads\/2025\/10\/cropped-Logo-Sportac-_-blanco.png\",\"contentUrl\":\"https:\/\/sportac.cl\/wp-content\/uploads\/2025\/10\/cropped-Logo-Sportac-_-blanco.png\",\"width\":240,\"height\":259,\"caption\":\"Sportac Tienda de Equipos de Caza y Pesca\"},\"image\":{\"@id\":\"https:\/\/sportac.cl\/#\/schema\/logo\/image\/\"},\"sameAs\":[\"https:\/\/www.facebook.com\/profile.php?id=100064005011199&locale=bn_IN#\",\"https:\/\/www.instagram.com\/sportac_fenix?igsh=cXBnb25jMzdwYzIw\",\"https:\/\/www.tiktok.com\/@sportac73?_t=ZM-90r8HiYyUNk&_r=1\"]}]}<\/script>\n<!-- \/ Yoast SEO plugin. -->","yoast_head_json":{"title":"Linterna Fenix E01 v2.0 Negro - Sportac.cl","description":"linterna tactica, linterna fenix, e01, sportac, led, iluminacion","robots":{"index":"index","follow":"follow","max-snippet":"max-snippet:-1","max-image-preview":"max-image-preview:large","max-video-preview":"max-video-preview:-1"},"canonical":"https:\/\/sportac.cl\/index.php\/producto\/linterna-fenix-e01-v2-0-negro\/","og_locale":"es_ES","og_type":"article","og_title":"Linterna Fenix E01 v2.0 Negro - Sportac.cl","og_description":"linterna tactica, linterna fenix, e01, sportac, led, iluminacion","og_url":"https:\/\/sportac.cl\/index.php\/producto\/linterna-fenix-e01-v2-0-negro\/","og_site_name":"Sportac.cl","article_publisher":"https:\/\/www.facebook.com\/profile.php?id=100064005011199&locale=bn_IN#","og_image":[{"width":1200,"height":900,"url":"https:\/\/sportac.cl\/wp-content\/uploads\/2025\/10\/sportac-e01.webp","type":"image\/webp"}],"twitter_card":"summary_large_image","twitter_misc":{"Tiempo de lectura":"2 minutos"},"schema":{"@context":"https:\/\/schema.org","@graph":[{"@type":"WebPage","@id":"https:\/\/sportac.cl\/index.php\/producto\/linterna-fenix-e01-v2-0-negro\/","url":"https:\/\/sportac.cl\/index.php\/producto\/linterna-fenix-e01-v2-0-negro\/","name":"Linterna Fenix E01 v2.0 Negro - Sportac.cl","isPartOf":{"@id":"https:\/\/sportac.cl\/#website"},"primaryImageOfPage":{"@id":"https:\/\/sportac.cl\/index.php\/producto\/linterna-fenix-e01-v2-0-negro\/#primaryimage"},"image":{"@id":"https:\/\/sportac.cl\/index.php\/producto\/linterna-fenix-e01-v2-0-negro\/#primaryimage"},"thumbnailUrl":"https:\/\/sportac.cl\/wp-content\/uploads\/2025\/10\/sportac-e01.webp","datePublished":"2025-10-27T22:04:18+00:00","description":"linterna tactica, linterna fenix, e01, sportac, led, iluminacion","breadcrumb":{"@id":"https:\/\/sportac.cl\/index.php\/producto\/linterna-fenix-e01-v2-0-negro\/#breadcrumb"},"inLanguage":"es","potentialAction":[{"@type":"ReadAction","target":["https:\/\/sportac.cl\/index.php\/producto\/linterna-fenix-e01-v2-0-negro\/"]}]},{"@type":"ImageObject","inLanguage":"es","@id":"https:\/\/sportac.cl\/index.php\/producto\/linterna-fenix-e01-v2-0-negro\/#primaryimage","url":"https:\/\/sportac.cl\/wp-content\/uploads\/2025\/10\/sportac-e01.webp","contentUrl":"https:\/\/sportac.cl\/wp-content\/uploads\/2025\/10\/sportac-e01.webp","width":1200,"height":900},{"@type":"BreadcrumbList","@id":"https:\/\/sportac.cl\/index.php\/producto\/linterna-fenix-e01-v2-0-negro\/#breadcrumb","itemListElement":[{"@type":"ListItem","position":1,"name":"Portada","item":"https:\/\/sportac.cl\/index.php\/home\/"},{"@type":"ListItem","position":2,"name":"Tienda","item":"https:\/\/sportac.cl\/index.php\/tienda\/"},{"@type":"ListItem","position":3,"name":"Linterna Fenix E01 v2.0 Negro"}]},{"@type":"WebSite","@id":"https:\/\/sportac.cl\/#website","url":"https:\/\/sportac.cl\/","name":"Sportac Linternas Caza y Pesca Camping","description":"Sportac.cl, tienda dedicada a venta de linternas profesionales y de alta calidad orientadas a deporte, industria y aplicaciones t\u00e1cticas Caza y Pesca","publisher":{"@id":"https:\/\/sportac.cl\/#organization"},"alternateName":"Tienda de Equipos - Linternas - Caza - Pesca - Camping","potentialAction":[{"@type":"SearchAction","target":{"@type":"EntryPoint","urlTemplate":"https:\/\/sportac.cl\/?s={search_term_string}"},"query-input":{"@type":"PropertyValueSpecification","valueRequired":true,"valueName":"search_term_string"}}],"inLanguage":"es"},{"@type":"Organization","@id":"https:\/\/sportac.cl\/#organization","name":"Sportac Tienda de Equipos de Caza y Pesca","alternateName":"Fenixligth, Fenix, linternas tacticas, led, iluminacion, mineria, Sportac, linternas Fenix, linterna C7, linterna HM71R, Linterna TK20R, iluminacion industrial, lantern,\u00a0flashlight Rifle pcp, Beeman, Glock, umarex, pistola traumatica, rifle nitropiston, pistola balines,\u00a0postones,\u00a0co2","url":"https:\/\/sportac.cl\/","logo":{"@type":"ImageObject","inLanguage":"es","@id":"https:\/\/sportac.cl\/#\/schema\/logo\/image\/","url":"https:\/\/sportac.cl\/wp-content\/uploads\/2025\/10\/cropped-Logo-Sportac-_-blanco.png","contentUrl":"https:\/\/sportac.cl\/wp-content\/uploads\/2025\/10\/cropped-Logo-Sportac-_-blanco.png","width":240,"height":259,"caption":"Sportac Tienda de Equipos de Caza y Pesca"},"image":{"@id":"https:\/\/sportac.cl\/#\/schema\/logo\/image\/"},"sameAs":["https:\/\/www.facebook.com\/profile.php?id=100064005011199&locale=bn_IN#","https:\/\/www.instagram.com\/sportac_fenix?igsh=cXBnb25jMzdwYzIw","https:\/\/www.tiktok.com\/@sportac73?_t=ZM-90r8HiYyUNk&_r=1"]}]}},"_links":{"self":[{"href":"https:\/\/sportac.cl\/index.php\/wp-json\/wp\/v2\/product\/253","targetHints":{"allow":["GET"]}}],"collection":[{"href":"https:\/\/sportac.cl\/index.php\/wp-json\/wp\/v2\/product"}],"about":[{"href":"https:\/\/sportac.cl\/index.php\/wp-json\/wp\/v2\/types\/product"}],"replies":[{"embeddable":true,"href":"https:\/\/sportac.cl\/index.php\/wp-json\/wp\/v2\/comments?post=253"}],"version-history":[{"count":1,"href":"https:\/\/sportac.cl\/index.php\/wp-json\/wp\/v2\/product\/253\/revisions"}],"predecessor-version":[{"id":262,"href":"https:\/\/sportac.cl\/index.php\/wp-json\/wp\/v2\/product\/253\/revisions\/262"}],"wp:featuredmedia":[{"embeddable":true,"href":"https:\/\/sportac.cl\/index.php\/wp-json\/wp\/v2\/media\/254"}],"wp:attachment":[{"href":"https:\/\/sportac.cl\/index.php\/wp-json\/wp\/v2\/media?parent=253"}],"wp:term":[{"taxonomy":"product_brand","embeddable":true,"href":"https:\/\/sportac.cl\/index.php\/wp-json\/wp\/v2\/product_brand?post=253"},{"taxonomy":"product_cat","embeddable":true,"href":"https:\/\/sportac.cl\/index.php\/wp-json\/wp\/v2\/product_cat?post=253"},{"taxonomy":"product_tag","embeddable":true,"href":"https:\/\/sportac.cl\/index.php\/wp-json\/wp\/v2\/product_tag?post=253"}],"curies":[{"name":"wp","href":"https:\/\/api.w.org\/{rel}","templated":true}]}}