{"id":244,"date":"2025-10-27T20:38:55","date_gmt":"2025-10-27T20:38:55","guid":{"rendered":"https:\/\/sportac.cl\/?post_type=product&#038;p=244"},"modified":"2025-10-27T20:38:55","modified_gmt":"2025-10-27T20:38:55","slug":"linterna-recargable-fenix-e03r-gris","status":"publish","type":"product","link":"https:\/\/sportac.cl\/index.php\/producto\/linterna-recargable-fenix-e03r-gris\/","title":{"rendered":"Linterna recargable Fenix E03R Gris"},"content":{"rendered":"<p>En Sportac tambi\u00e9n tenemos la linterna de llavero Fenix E03R V2.0 ofrece una potencia m\u00e1xima de 500 l\u00famenes y alcanza un alcance de iluminaci\u00f3n de hasta 90 metros. Fabricada con metal CNC y con un tama\u00f1o compacto de aproximadamente 2\u00bb, es ideal para uso cotidiano. Su recarga r\u00e1pida se realiza mediante un puerto USB tipo C. Destaca por una luz de respiraci\u00f3n distintiva alrededor del interruptor y cuenta con resistencia IP66 contra polvo y salpicaduras. Gracias a su rendimiento compacto y robustez, esta linterna es un obsequio pr\u00e1ctico y confiable para cualquier persona.<\/p>\n<ul>\n<li>Potencia m\u00e1xima de 500 l\u00famenes y distancia m\u00e1xima de haz de 90 metros.<\/li>\n<li>Dos LED de luz blanca y un LED de luz roja, con una vida \u00fatil de 50.000 horas.<\/li>\n<li>Fuentes de luz blanca\/roja.<\/li>\n<li>Cambia la luz de respiraci\u00f3n verde\/roja incorporada.<\/li>\n<li>Puerto de carga USB tipo C.<\/li>\n<li>Interruptor empotrado y funci\u00f3n de bloqueo.<\/li>\n<li>Indicaci\u00f3n de nivel de bater\u00eda y advertencia de bajo voltaje.<\/li>\n<li>Protecci\u00f3n inteligente contra sobrecalentamiento contra altas temperaturas superficiales.<\/li>\n<li>Cuerpo ligero de mecanizado CNC totalmente met\u00e1lico.<\/li>\n<li>Acabado antiabrasivo anodizado duro tipo HAIII de primera calidad.<\/li>\n<li>Peso: 30gramos<\/li>\n<li>Tama\u00f1o:52.5 x 26 x 13mm<\/li>\n<\/ul>\n","protected":false},"excerpt":{"rendered":"<p>La linterna de llavero Fenix E03R V2.0 ofrece una potencia m\u00e1xima de 500 l\u00famenes y alcanza un alcance de iluminaci\u00f3n de hasta 90 metros.<\/p>\n","protected":false},"featured_media":245,"comment_status":"open","ping_status":"closed","template":"","meta":[],"product_brand":[],"product_cat":[104],"product_tag":[124,123,122],"class_list":{"0":"post-244","1":"product","2":"type-product","3":"status-publish","4":"has-post-thumbnail","6":"product_cat-linternasparallavero","7":"product_tag-e03r","8":"product_tag-fenix","9":"product_tag-linterna-recargable","11":"first","12":"instock","13":"taxable","14":"shipping-taxable","15":"purchasable","16":"product-type-simple"},"yoast_head":"<!-- This site is optimized with the Yoast SEO plugin v26.1.1 - https:\/\/yoast.com\/wordpress\/plugins\/seo\/ -->\n<title>Linterna recargable Fenix E03R Gris - Sportac.cl<\/title>\n<meta name=\"description\" content=\"linterna recargable, llavero, sportac, fenix, fenixlight, usb\" \/>\n<meta name=\"robots\" content=\"index, follow, max-snippet:-1, max-image-preview:large, max-video-preview:-1\" \/>\n<link rel=\"canonical\" href=\"https:\/\/sportac.cl\/index.php\/producto\/linterna-recargable-fenix-e03r-gris\/\" \/>\n<meta property=\"og:locale\" content=\"es_ES\" \/>\n<meta property=\"og:type\" content=\"article\" \/>\n<meta property=\"og:title\" content=\"Linterna recargable Fenix E03R Gris - Sportac.cl\" \/>\n<meta property=\"og:description\" content=\"linterna recargable, llavero, sportac, fenix, fenixlight, usb\" \/>\n<meta property=\"og:url\" content=\"https:\/\/sportac.cl\/index.php\/producto\/linterna-recargable-fenix-e03r-gris\/\" \/>\n<meta property=\"og:site_name\" content=\"Sportac.cl\" \/>\n<meta property=\"article:publisher\" content=\"https:\/\/www.facebook.com\/profile.php?id=100064005011199&amp;locale=bn_IN#\" \/>\n<meta property=\"og:image\" content=\"https:\/\/sportac.cl\/wp-content\/uploads\/2025\/10\/sportac-e03r.webp\" \/>\n\t<meta property=\"og:image:width\" content=\"1369\" \/>\n\t<meta property=\"og:image:height\" content=\"1001\" \/>\n\t<meta property=\"og:image:type\" content=\"image\/webp\" \/>\n<meta name=\"twitter:card\" content=\"summary_large_image\" \/>\n<meta name=\"twitter:label1\" content=\"Tiempo de lectura\" \/>\n\t<meta name=\"twitter:data1\" content=\"2 minutos\" \/>\n<script type=\"application\/ld+json\" class=\"yoast-schema-graph\">{\"@context\":\"https:\/\/schema.org\",\"@graph\":[{\"@type\":\"WebPage\",\"@id\":\"https:\/\/sportac.cl\/index.php\/producto\/linterna-recargable-fenix-e03r-gris\/\",\"url\":\"https:\/\/sportac.cl\/index.php\/producto\/linterna-recargable-fenix-e03r-gris\/\",\"name\":\"Linterna recargable Fenix E03R Gris - Sportac.cl\",\"isPartOf\":{\"@id\":\"https:\/\/sportac.cl\/#website\"},\"primaryImageOfPage\":{\"@id\":\"https:\/\/sportac.cl\/index.php\/producto\/linterna-recargable-fenix-e03r-gris\/#primaryimage\"},\"image\":{\"@id\":\"https:\/\/sportac.cl\/index.php\/producto\/linterna-recargable-fenix-e03r-gris\/#primaryimage\"},\"thumbnailUrl\":\"https:\/\/sportac.cl\/wp-content\/uploads\/2025\/10\/sportac-e03r.webp\",\"datePublished\":\"2025-10-27T20:38:55+00:00\",\"description\":\"linterna recargable, llavero, sportac, fenix, fenixlight, usb\",\"breadcrumb\":{\"@id\":\"https:\/\/sportac.cl\/index.php\/producto\/linterna-recargable-fenix-e03r-gris\/#breadcrumb\"},\"inLanguage\":\"es\",\"potentialAction\":[{\"@type\":\"ReadAction\",\"target\":[\"https:\/\/sportac.cl\/index.php\/producto\/linterna-recargable-fenix-e03r-gris\/\"]}]},{\"@type\":\"ImageObject\",\"inLanguage\":\"es\",\"@id\":\"https:\/\/sportac.cl\/index.php\/producto\/linterna-recargable-fenix-e03r-gris\/#primaryimage\",\"url\":\"https:\/\/sportac.cl\/wp-content\/uploads\/2025\/10\/sportac-e03r.webp\",\"contentUrl\":\"https:\/\/sportac.cl\/wp-content\/uploads\/2025\/10\/sportac-e03r.webp\",\"width\":1369,\"height\":1001},{\"@type\":\"BreadcrumbList\",\"@id\":\"https:\/\/sportac.cl\/index.php\/producto\/linterna-recargable-fenix-e03r-gris\/#breadcrumb\",\"itemListElement\":[{\"@type\":\"ListItem\",\"position\":1,\"name\":\"Portada\",\"item\":\"https:\/\/sportac.cl\/index.php\/home\/\"},{\"@type\":\"ListItem\",\"position\":2,\"name\":\"Tienda\",\"item\":\"https:\/\/sportac.cl\/index.php\/tienda\/\"},{\"@type\":\"ListItem\",\"position\":3,\"name\":\"Linterna recargable Fenix E03R Gris\"}]},{\"@type\":\"WebSite\",\"@id\":\"https:\/\/sportac.cl\/#website\",\"url\":\"https:\/\/sportac.cl\/\",\"name\":\"Sportac Linternas Caza y Pesca Camping\",\"description\":\"Sportac.cl, tienda dedicada a venta de linternas profesionales y de alta calidad orientadas a deporte, industria y aplicaciones t\u00e1cticas Caza y Pesca\",\"publisher\":{\"@id\":\"https:\/\/sportac.cl\/#organization\"},\"alternateName\":\"Tienda de Equipos - Linternas - Caza - Pesca - Camping\",\"potentialAction\":[{\"@type\":\"SearchAction\",\"target\":{\"@type\":\"EntryPoint\",\"urlTemplate\":\"https:\/\/sportac.cl\/?s={search_term_string}\"},\"query-input\":{\"@type\":\"PropertyValueSpecification\",\"valueRequired\":true,\"valueName\":\"search_term_string\"}}],\"inLanguage\":\"es\"},{\"@type\":\"Organization\",\"@id\":\"https:\/\/sportac.cl\/#organization\",\"name\":\"Sportac Tienda de Equipos de Caza y Pesca\",\"alternateName\":\"Fenixligth, Fenix, linternas tacticas, led, iluminacion, mineria, Sportac, linternas Fenix, linterna C7, linterna HM71R, Linterna TK20R, iluminacion industrial, lantern,\u00a0flashlight Rifle pcp, Beeman, Glock, umarex, pistola traumatica, rifle nitropiston, pistola balines,\u00a0postones,\u00a0co2\",\"url\":\"https:\/\/sportac.cl\/\",\"logo\":{\"@type\":\"ImageObject\",\"inLanguage\":\"es\",\"@id\":\"https:\/\/sportac.cl\/#\/schema\/logo\/image\/\",\"url\":\"https:\/\/sportac.cl\/wp-content\/uploads\/2025\/10\/cropped-Logo-Sportac-_-blanco.png\",\"contentUrl\":\"https:\/\/sportac.cl\/wp-content\/uploads\/2025\/10\/cropped-Logo-Sportac-_-blanco.png\",\"width\":240,\"height\":259,\"caption\":\"Sportac Tienda de Equipos de Caza y Pesca\"},\"image\":{\"@id\":\"https:\/\/sportac.cl\/#\/schema\/logo\/image\/\"},\"sameAs\":[\"https:\/\/www.facebook.com\/profile.php?id=100064005011199&locale=bn_IN#\",\"https:\/\/www.instagram.com\/sportac_fenix?igsh=cXBnb25jMzdwYzIw\",\"https:\/\/www.tiktok.com\/@sportac73?_t=ZM-90r8HiYyUNk&_r=1\"]}]}<\/script>\n<!-- \/ Yoast SEO plugin. -->","yoast_head_json":{"title":"Linterna recargable Fenix E03R Gris - Sportac.cl","description":"linterna recargable, llavero, sportac, fenix, fenixlight, usb","robots":{"index":"index","follow":"follow","max-snippet":"max-snippet:-1","max-image-preview":"max-image-preview:large","max-video-preview":"max-video-preview:-1"},"canonical":"https:\/\/sportac.cl\/index.php\/producto\/linterna-recargable-fenix-e03r-gris\/","og_locale":"es_ES","og_type":"article","og_title":"Linterna recargable Fenix E03R Gris - Sportac.cl","og_description":"linterna recargable, llavero, sportac, fenix, fenixlight, usb","og_url":"https:\/\/sportac.cl\/index.php\/producto\/linterna-recargable-fenix-e03r-gris\/","og_site_name":"Sportac.cl","article_publisher":"https:\/\/www.facebook.com\/profile.php?id=100064005011199&locale=bn_IN#","og_image":[{"width":1369,"height":1001,"url":"https:\/\/sportac.cl\/wp-content\/uploads\/2025\/10\/sportac-e03r.webp","type":"image\/webp"}],"twitter_card":"summary_large_image","twitter_misc":{"Tiempo de lectura":"2 minutos"},"schema":{"@context":"https:\/\/schema.org","@graph":[{"@type":"WebPage","@id":"https:\/\/sportac.cl\/index.php\/producto\/linterna-recargable-fenix-e03r-gris\/","url":"https:\/\/sportac.cl\/index.php\/producto\/linterna-recargable-fenix-e03r-gris\/","name":"Linterna recargable Fenix E03R Gris - Sportac.cl","isPartOf":{"@id":"https:\/\/sportac.cl\/#website"},"primaryImageOfPage":{"@id":"https:\/\/sportac.cl\/index.php\/producto\/linterna-recargable-fenix-e03r-gris\/#primaryimage"},"image":{"@id":"https:\/\/sportac.cl\/index.php\/producto\/linterna-recargable-fenix-e03r-gris\/#primaryimage"},"thumbnailUrl":"https:\/\/sportac.cl\/wp-content\/uploads\/2025\/10\/sportac-e03r.webp","datePublished":"2025-10-27T20:38:55+00:00","description":"linterna recargable, llavero, sportac, fenix, fenixlight, usb","breadcrumb":{"@id":"https:\/\/sportac.cl\/index.php\/producto\/linterna-recargable-fenix-e03r-gris\/#breadcrumb"},"inLanguage":"es","potentialAction":[{"@type":"ReadAction","target":["https:\/\/sportac.cl\/index.php\/producto\/linterna-recargable-fenix-e03r-gris\/"]}]},{"@type":"ImageObject","inLanguage":"es","@id":"https:\/\/sportac.cl\/index.php\/producto\/linterna-recargable-fenix-e03r-gris\/#primaryimage","url":"https:\/\/sportac.cl\/wp-content\/uploads\/2025\/10\/sportac-e03r.webp","contentUrl":"https:\/\/sportac.cl\/wp-content\/uploads\/2025\/10\/sportac-e03r.webp","width":1369,"height":1001},{"@type":"BreadcrumbList","@id":"https:\/\/sportac.cl\/index.php\/producto\/linterna-recargable-fenix-e03r-gris\/#breadcrumb","itemListElement":[{"@type":"ListItem","position":1,"name":"Portada","item":"https:\/\/sportac.cl\/index.php\/home\/"},{"@type":"ListItem","position":2,"name":"Tienda","item":"https:\/\/sportac.cl\/index.php\/tienda\/"},{"@type":"ListItem","position":3,"name":"Linterna recargable Fenix E03R Gris"}]},{"@type":"WebSite","@id":"https:\/\/sportac.cl\/#website","url":"https:\/\/sportac.cl\/","name":"Sportac Linternas Caza y Pesca Camping","description":"Sportac.cl, tienda dedicada a venta de linternas profesionales y de alta calidad orientadas a deporte, industria y aplicaciones t\u00e1cticas Caza y Pesca","publisher":{"@id":"https:\/\/sportac.cl\/#organization"},"alternateName":"Tienda de Equipos - Linternas - Caza - Pesca - Camping","potentialAction":[{"@type":"SearchAction","target":{"@type":"EntryPoint","urlTemplate":"https:\/\/sportac.cl\/?s={search_term_string}"},"query-input":{"@type":"PropertyValueSpecification","valueRequired":true,"valueName":"search_term_string"}}],"inLanguage":"es"},{"@type":"Organization","@id":"https:\/\/sportac.cl\/#organization","name":"Sportac Tienda de Equipos de Caza y Pesca","alternateName":"Fenixligth, Fenix, linternas tacticas, led, iluminacion, mineria, Sportac, linternas Fenix, linterna C7, linterna HM71R, Linterna TK20R, iluminacion industrial, lantern,\u00a0flashlight Rifle pcp, Beeman, Glock, umarex, pistola traumatica, rifle nitropiston, pistola balines,\u00a0postones,\u00a0co2","url":"https:\/\/sportac.cl\/","logo":{"@type":"ImageObject","inLanguage":"es","@id":"https:\/\/sportac.cl\/#\/schema\/logo\/image\/","url":"https:\/\/sportac.cl\/wp-content\/uploads\/2025\/10\/cropped-Logo-Sportac-_-blanco.png","contentUrl":"https:\/\/sportac.cl\/wp-content\/uploads\/2025\/10\/cropped-Logo-Sportac-_-blanco.png","width":240,"height":259,"caption":"Sportac Tienda de Equipos de Caza y Pesca"},"image":{"@id":"https:\/\/sportac.cl\/#\/schema\/logo\/image\/"},"sameAs":["https:\/\/www.facebook.com\/profile.php?id=100064005011199&locale=bn_IN#","https:\/\/www.instagram.com\/sportac_fenix?igsh=cXBnb25jMzdwYzIw","https:\/\/www.tiktok.com\/@sportac73?_t=ZM-90r8HiYyUNk&_r=1"]}]}},"_links":{"self":[{"href":"https:\/\/sportac.cl\/index.php\/wp-json\/wp\/v2\/product\/244","targetHints":{"allow":["GET"]}}],"collection":[{"href":"https:\/\/sportac.cl\/index.php\/wp-json\/wp\/v2\/product"}],"about":[{"href":"https:\/\/sportac.cl\/index.php\/wp-json\/wp\/v2\/types\/product"}],"replies":[{"embeddable":true,"href":"https:\/\/sportac.cl\/index.php\/wp-json\/wp\/v2\/comments?post=244"}],"version-history":[{"count":0,"href":"https:\/\/sportac.cl\/index.php\/wp-json\/wp\/v2\/product\/244\/revisions"}],"wp:featuredmedia":[{"embeddable":true,"href":"https:\/\/sportac.cl\/index.php\/wp-json\/wp\/v2\/media\/245"}],"wp:attachment":[{"href":"https:\/\/sportac.cl\/index.php\/wp-json\/wp\/v2\/media?parent=244"}],"wp:term":[{"taxonomy":"product_brand","embeddable":true,"href":"https:\/\/sportac.cl\/index.php\/wp-json\/wp\/v2\/product_brand?post=244"},{"taxonomy":"product_cat","embeddable":true,"href":"https:\/\/sportac.cl\/index.php\/wp-json\/wp\/v2\/product_cat?post=244"},{"taxonomy":"product_tag","embeddable":true,"href":"https:\/\/sportac.cl\/index.php\/wp-json\/wp\/v2\/product_tag?post=244"}],"curies":[{"name":"wp","href":"https:\/\/api.w.org\/{rel}","templated":true}]}}