{"id":235,"date":"2025-10-27T14:42:23","date_gmt":"2025-10-27T14:42:23","guid":{"rendered":"https:\/\/sportac.cl\/?post_type=product&#038;p=235"},"modified":"2025-10-27T14:45:33","modified_gmt":"2025-10-27T14:45:33","slug":"linterna-fenix-c6-version-3-0","status":"publish","type":"product","link":"https:\/\/sportac.cl\/index.php\/producto\/linterna-fenix-c6-version-3-0\/","title":{"rendered":"Linterna Fenix C6 Version 3.0"},"content":{"rendered":"<p>Fenix C6 V3.0 es una luz de trabajo recargable de alto rendimiento, dise\u00f1ada espec\u00edficamente para el mantenimiento y la operaci\u00f3n industrial com\u00fan, como reparaci\u00f3n de autom\u00f3viles, patrulla nocturna, reparaci\u00f3n de circuitos el\u00e9ctricos, etc. El im\u00e1n en la cola es f\u00e1cil de colocar en superficies met\u00e1licas, lo que permite un uso sin manos y sin enganches. Ofrece una iluminaci\u00f3n \u00f3ptima en cada lugar de trabajo. Alimentado por una bater\u00eda de iones de litio recargable de 3400 mAh, C6 V3.0 cuenta con un orificio para cord\u00f3n m\u00e1s grande y un clip de bolsillo seguro, lo que lo ayuda a realizar el trabajo en cualquier circunstancia. La tenemos disponible en Sportac<\/p>\n<p>Caracteristicas:<\/p>\n<ul>\n<li>Potencia m\u00e1xima de 1500 l\u00famenes, distancia m\u00e1xima de haz de 300 metros.<\/li>\n<li>Utiliza un LED Luminus SST40 con una vida \u00fatil de 50.000 horas.<\/li>\n<li>Incluye una bater\u00eda de iones de litio recargable de 3400 mAh 18650.<\/li>\n<li>Lente de vidrio templado ultra claro con revestimiento antirreflectante<\/li>\n<li>Carga USB Type-C directa 2A; 2 horas para carga completa.<\/li>\n<li>Circuito regulado digitalmente para mantener una salida estable.<\/li>\n<li>Base magn\u00e9tica para uso con manos libres.<\/li>\n<li>Indicaci\u00f3n de nivel de bater\u00eda y advertencia de bajo voltaje.<\/li>\n<li>Hecho de aluminio duradero A6061-T6.<\/li>\n<li>Acabado antiabrasivo anodizado duro tipo HAIII de primera calidad.<\/li>\n<li>Tama\u00f1o: 5.24 \u00bb x 1.26 \u00bb x 0.91 \u00bb \/ 133 x 32 x 23 mm.<\/li>\n<li>Peso: 3.63 oz \/ 103 g (sin bater\u00eda)<\/li>\n<\/ul>\n","protected":false},"excerpt":{"rendered":"<p>Fenix C6 V3.0 es una luz de trabajo recargable de alto rendimiento, dise\u00f1ada espec\u00edficamente para el mantenimiento y la operaci\u00f3n industrial com\u00fan, como reparaci\u00f3n de autom\u00f3viles, patrulla nocturna, reparaci\u00f3n de circuitos el\u00e9ctricos, etc.<\/p>\n","protected":false},"featured_media":236,"comment_status":"open","ping_status":"closed","template":"","meta":[],"product_brand":[],"product_cat":[101,106],"product_tag":[118,119,120,111,121],"class_list":{"0":"post-235","1":"product","2":"type-product","3":"status-publish","4":"has-post-thumbnail","6":"product_cat-linternasmineriademano","7":"product_cat-linternastrabajoindustrial","8":"product_tag-fenix-c6","9":"product_tag-fenixlight","10":"product_tag-iluminacion","11":"product_tag-linterna-fenix","12":"product_tag-sportac","14":"first","15":"instock","16":"taxable","17":"shipping-taxable","18":"purchasable","19":"product-type-simple"},"yoast_head":"<!-- This site is optimized with the Yoast SEO plugin v26.1.1 - https:\/\/yoast.com\/wordpress\/plugins\/seo\/ -->\n<title>Linterna Fenix C6 Version 3.0 - Sportac.cl<\/title>\n<meta name=\"description\" content=\"fenixlight, fenix, linterna industrial, mineria, linterna tactica, linterna potente, sportac, led, iluminacion, linterna potente\" \/>\n<meta name=\"robots\" content=\"index, follow, max-snippet:-1, max-image-preview:large, max-video-preview:-1\" \/>\n<link rel=\"canonical\" href=\"https:\/\/sportac.cl\/index.php\/producto\/linterna-fenix-c6-version-3-0\/\" \/>\n<meta property=\"og:locale\" content=\"es_ES\" \/>\n<meta property=\"og:type\" content=\"article\" \/>\n<meta property=\"og:title\" content=\"Linterna Fenix C6 Version 3.0 - Sportac.cl\" \/>\n<meta property=\"og:description\" content=\"fenixlight, fenix, linterna industrial, mineria, linterna tactica, linterna potente, sportac, led, iluminacion, linterna potente\" \/>\n<meta property=\"og:url\" content=\"https:\/\/sportac.cl\/index.php\/producto\/linterna-fenix-c6-version-3-0\/\" \/>\n<meta property=\"og:site_name\" content=\"Sportac.cl\" \/>\n<meta property=\"article:publisher\" content=\"https:\/\/www.facebook.com\/profile.php?id=100064005011199&amp;locale=bn_IN#\" \/>\n<meta property=\"article:modified_time\" content=\"2025-10-27T14:45:33+00:00\" \/>\n<meta property=\"og:image\" content=\"https:\/\/sportac.cl\/wp-content\/uploads\/2025\/10\/sportac-c6.webp\" \/>\n\t<meta property=\"og:image:width\" content=\"800\" \/>\n\t<meta property=\"og:image:height\" content=\"565\" \/>\n\t<meta property=\"og:image:type\" content=\"image\/webp\" \/>\n<meta name=\"twitter:card\" content=\"summary_large_image\" \/>\n<meta name=\"twitter:label1\" content=\"Tiempo de lectura\" \/>\n\t<meta name=\"twitter:data1\" content=\"2 minutos\" \/>\n<script type=\"application\/ld+json\" class=\"yoast-schema-graph\">{\"@context\":\"https:\/\/schema.org\",\"@graph\":[{\"@type\":\"WebPage\",\"@id\":\"https:\/\/sportac.cl\/index.php\/producto\/linterna-fenix-c6-version-3-0\/\",\"url\":\"https:\/\/sportac.cl\/index.php\/producto\/linterna-fenix-c6-version-3-0\/\",\"name\":\"Linterna Fenix C6 Version 3.0 - Sportac.cl\",\"isPartOf\":{\"@id\":\"https:\/\/sportac.cl\/#website\"},\"primaryImageOfPage\":{\"@id\":\"https:\/\/sportac.cl\/index.php\/producto\/linterna-fenix-c6-version-3-0\/#primaryimage\"},\"image\":{\"@id\":\"https:\/\/sportac.cl\/index.php\/producto\/linterna-fenix-c6-version-3-0\/#primaryimage\"},\"thumbnailUrl\":\"https:\/\/sportac.cl\/wp-content\/uploads\/2025\/10\/sportac-c6.webp\",\"datePublished\":\"2025-10-27T14:42:23+00:00\",\"dateModified\":\"2025-10-27T14:45:33+00:00\",\"description\":\"fenixlight, fenix, linterna industrial, mineria, linterna tactica, linterna potente, sportac, led, iluminacion, linterna potente\",\"breadcrumb\":{\"@id\":\"https:\/\/sportac.cl\/index.php\/producto\/linterna-fenix-c6-version-3-0\/#breadcrumb\"},\"inLanguage\":\"es\",\"potentialAction\":[{\"@type\":\"ReadAction\",\"target\":[\"https:\/\/sportac.cl\/index.php\/producto\/linterna-fenix-c6-version-3-0\/\"]}]},{\"@type\":\"ImageObject\",\"inLanguage\":\"es\",\"@id\":\"https:\/\/sportac.cl\/index.php\/producto\/linterna-fenix-c6-version-3-0\/#primaryimage\",\"url\":\"https:\/\/sportac.cl\/wp-content\/uploads\/2025\/10\/sportac-c6.webp\",\"contentUrl\":\"https:\/\/sportac.cl\/wp-content\/uploads\/2025\/10\/sportac-c6.webp\",\"width\":800,\"height\":565},{\"@type\":\"BreadcrumbList\",\"@id\":\"https:\/\/sportac.cl\/index.php\/producto\/linterna-fenix-c6-version-3-0\/#breadcrumb\",\"itemListElement\":[{\"@type\":\"ListItem\",\"position\":1,\"name\":\"Portada\",\"item\":\"https:\/\/sportac.cl\/index.php\/home\/\"},{\"@type\":\"ListItem\",\"position\":2,\"name\":\"Tienda\",\"item\":\"https:\/\/sportac.cl\/index.php\/tienda\/\"},{\"@type\":\"ListItem\",\"position\":3,\"name\":\"Linterna Fenix C6 Version 3.0\"}]},{\"@type\":\"WebSite\",\"@id\":\"https:\/\/sportac.cl\/#website\",\"url\":\"https:\/\/sportac.cl\/\",\"name\":\"Sportac Linternas Caza y Pesca Camping\",\"description\":\"Sportac.cl, tienda dedicada a venta de linternas profesionales y de alta calidad orientadas a deporte, industria y aplicaciones t\u00e1cticas Caza y Pesca\",\"publisher\":{\"@id\":\"https:\/\/sportac.cl\/#organization\"},\"alternateName\":\"Tienda de Equipos - Linternas - Caza - Pesca - Camping\",\"potentialAction\":[{\"@type\":\"SearchAction\",\"target\":{\"@type\":\"EntryPoint\",\"urlTemplate\":\"https:\/\/sportac.cl\/?s={search_term_string}\"},\"query-input\":{\"@type\":\"PropertyValueSpecification\",\"valueRequired\":true,\"valueName\":\"search_term_string\"}}],\"inLanguage\":\"es\"},{\"@type\":\"Organization\",\"@id\":\"https:\/\/sportac.cl\/#organization\",\"name\":\"Sportac Tienda de Equipos de Caza y Pesca\",\"alternateName\":\"Fenixligth, Fenix, linternas tacticas, led, iluminacion, mineria, Sportac, linternas Fenix, linterna C7, linterna HM71R, Linterna TK20R, iluminacion industrial, lantern,\u00a0flashlight Rifle pcp, Beeman, Glock, umarex, pistola traumatica, rifle nitropiston, pistola balines,\u00a0postones,\u00a0co2\",\"url\":\"https:\/\/sportac.cl\/\",\"logo\":{\"@type\":\"ImageObject\",\"inLanguage\":\"es\",\"@id\":\"https:\/\/sportac.cl\/#\/schema\/logo\/image\/\",\"url\":\"https:\/\/sportac.cl\/wp-content\/uploads\/2025\/10\/cropped-Logo-Sportac-_-blanco.png\",\"contentUrl\":\"https:\/\/sportac.cl\/wp-content\/uploads\/2025\/10\/cropped-Logo-Sportac-_-blanco.png\",\"width\":240,\"height\":259,\"caption\":\"Sportac Tienda de Equipos de Caza y Pesca\"},\"image\":{\"@id\":\"https:\/\/sportac.cl\/#\/schema\/logo\/image\/\"},\"sameAs\":[\"https:\/\/www.facebook.com\/profile.php?id=100064005011199&locale=bn_IN#\",\"https:\/\/www.instagram.com\/sportac_fenix?igsh=cXBnb25jMzdwYzIw\",\"https:\/\/www.tiktok.com\/@sportac73?_t=ZM-90r8HiYyUNk&_r=1\"]}]}<\/script>\n<!-- \/ Yoast SEO plugin. -->","yoast_head_json":{"title":"Linterna Fenix C6 Version 3.0 - Sportac.cl","description":"fenixlight, fenix, linterna industrial, mineria, linterna tactica, linterna potente, sportac, led, iluminacion, linterna potente","robots":{"index":"index","follow":"follow","max-snippet":"max-snippet:-1","max-image-preview":"max-image-preview:large","max-video-preview":"max-video-preview:-1"},"canonical":"https:\/\/sportac.cl\/index.php\/producto\/linterna-fenix-c6-version-3-0\/","og_locale":"es_ES","og_type":"article","og_title":"Linterna Fenix C6 Version 3.0 - Sportac.cl","og_description":"fenixlight, fenix, linterna industrial, mineria, linterna tactica, linterna potente, sportac, led, iluminacion, linterna potente","og_url":"https:\/\/sportac.cl\/index.php\/producto\/linterna-fenix-c6-version-3-0\/","og_site_name":"Sportac.cl","article_publisher":"https:\/\/www.facebook.com\/profile.php?id=100064005011199&locale=bn_IN#","article_modified_time":"2025-10-27T14:45:33+00:00","og_image":[{"width":800,"height":565,"url":"https:\/\/sportac.cl\/wp-content\/uploads\/2025\/10\/sportac-c6.webp","type":"image\/webp"}],"twitter_card":"summary_large_image","twitter_misc":{"Tiempo de lectura":"2 minutos"},"schema":{"@context":"https:\/\/schema.org","@graph":[{"@type":"WebPage","@id":"https:\/\/sportac.cl\/index.php\/producto\/linterna-fenix-c6-version-3-0\/","url":"https:\/\/sportac.cl\/index.php\/producto\/linterna-fenix-c6-version-3-0\/","name":"Linterna Fenix C6 Version 3.0 - Sportac.cl","isPartOf":{"@id":"https:\/\/sportac.cl\/#website"},"primaryImageOfPage":{"@id":"https:\/\/sportac.cl\/index.php\/producto\/linterna-fenix-c6-version-3-0\/#primaryimage"},"image":{"@id":"https:\/\/sportac.cl\/index.php\/producto\/linterna-fenix-c6-version-3-0\/#primaryimage"},"thumbnailUrl":"https:\/\/sportac.cl\/wp-content\/uploads\/2025\/10\/sportac-c6.webp","datePublished":"2025-10-27T14:42:23+00:00","dateModified":"2025-10-27T14:45:33+00:00","description":"fenixlight, fenix, linterna industrial, mineria, linterna tactica, linterna potente, sportac, led, iluminacion, linterna potente","breadcrumb":{"@id":"https:\/\/sportac.cl\/index.php\/producto\/linterna-fenix-c6-version-3-0\/#breadcrumb"},"inLanguage":"es","potentialAction":[{"@type":"ReadAction","target":["https:\/\/sportac.cl\/index.php\/producto\/linterna-fenix-c6-version-3-0\/"]}]},{"@type":"ImageObject","inLanguage":"es","@id":"https:\/\/sportac.cl\/index.php\/producto\/linterna-fenix-c6-version-3-0\/#primaryimage","url":"https:\/\/sportac.cl\/wp-content\/uploads\/2025\/10\/sportac-c6.webp","contentUrl":"https:\/\/sportac.cl\/wp-content\/uploads\/2025\/10\/sportac-c6.webp","width":800,"height":565},{"@type":"BreadcrumbList","@id":"https:\/\/sportac.cl\/index.php\/producto\/linterna-fenix-c6-version-3-0\/#breadcrumb","itemListElement":[{"@type":"ListItem","position":1,"name":"Portada","item":"https:\/\/sportac.cl\/index.php\/home\/"},{"@type":"ListItem","position":2,"name":"Tienda","item":"https:\/\/sportac.cl\/index.php\/tienda\/"},{"@type":"ListItem","position":3,"name":"Linterna Fenix C6 Version 3.0"}]},{"@type":"WebSite","@id":"https:\/\/sportac.cl\/#website","url":"https:\/\/sportac.cl\/","name":"Sportac Linternas Caza y Pesca Camping","description":"Sportac.cl, tienda dedicada a venta de linternas profesionales y de alta calidad orientadas a deporte, industria y aplicaciones t\u00e1cticas Caza y Pesca","publisher":{"@id":"https:\/\/sportac.cl\/#organization"},"alternateName":"Tienda de Equipos - Linternas - Caza - Pesca - Camping","potentialAction":[{"@type":"SearchAction","target":{"@type":"EntryPoint","urlTemplate":"https:\/\/sportac.cl\/?s={search_term_string}"},"query-input":{"@type":"PropertyValueSpecification","valueRequired":true,"valueName":"search_term_string"}}],"inLanguage":"es"},{"@type":"Organization","@id":"https:\/\/sportac.cl\/#organization","name":"Sportac Tienda de Equipos de Caza y Pesca","alternateName":"Fenixligth, Fenix, linternas tacticas, led, iluminacion, mineria, Sportac, linternas Fenix, linterna C7, linterna HM71R, Linterna TK20R, iluminacion industrial, lantern,\u00a0flashlight Rifle pcp, Beeman, Glock, umarex, pistola traumatica, rifle nitropiston, pistola balines,\u00a0postones,\u00a0co2","url":"https:\/\/sportac.cl\/","logo":{"@type":"ImageObject","inLanguage":"es","@id":"https:\/\/sportac.cl\/#\/schema\/logo\/image\/","url":"https:\/\/sportac.cl\/wp-content\/uploads\/2025\/10\/cropped-Logo-Sportac-_-blanco.png","contentUrl":"https:\/\/sportac.cl\/wp-content\/uploads\/2025\/10\/cropped-Logo-Sportac-_-blanco.png","width":240,"height":259,"caption":"Sportac Tienda de Equipos de Caza y Pesca"},"image":{"@id":"https:\/\/sportac.cl\/#\/schema\/logo\/image\/"},"sameAs":["https:\/\/www.facebook.com\/profile.php?id=100064005011199&locale=bn_IN#","https:\/\/www.instagram.com\/sportac_fenix?igsh=cXBnb25jMzdwYzIw","https:\/\/www.tiktok.com\/@sportac73?_t=ZM-90r8HiYyUNk&_r=1"]}]}},"_links":{"self":[{"href":"https:\/\/sportac.cl\/index.php\/wp-json\/wp\/v2\/product\/235","targetHints":{"allow":["GET"]}}],"collection":[{"href":"https:\/\/sportac.cl\/index.php\/wp-json\/wp\/v2\/product"}],"about":[{"href":"https:\/\/sportac.cl\/index.php\/wp-json\/wp\/v2\/types\/product"}],"replies":[{"embeddable":true,"href":"https:\/\/sportac.cl\/index.php\/wp-json\/wp\/v2\/comments?post=235"}],"version-history":[{"count":0,"href":"https:\/\/sportac.cl\/index.php\/wp-json\/wp\/v2\/product\/235\/revisions"}],"wp:featuredmedia":[{"embeddable":true,"href":"https:\/\/sportac.cl\/index.php\/wp-json\/wp\/v2\/media\/236"}],"wp:attachment":[{"href":"https:\/\/sportac.cl\/index.php\/wp-json\/wp\/v2\/media?parent=235"}],"wp:term":[{"taxonomy":"product_brand","embeddable":true,"href":"https:\/\/sportac.cl\/index.php\/wp-json\/wp\/v2\/product_brand?post=235"},{"taxonomy":"product_cat","embeddable":true,"href":"https:\/\/sportac.cl\/index.php\/wp-json\/wp\/v2\/product_cat?post=235"},{"taxonomy":"product_tag","embeddable":true,"href":"https:\/\/sportac.cl\/index.php\/wp-json\/wp\/v2\/product_tag?post=235"}],"curies":[{"name":"wp","href":"https:\/\/api.w.org\/{rel}","templated":true}]}}