{"id":230,"date":"2025-10-27T14:18:08","date_gmt":"2025-10-27T14:18:08","guid":{"rendered":"https:\/\/sportac.cl\/?post_type=product&#038;p=230"},"modified":"2025-10-27T14:47:38","modified_gmt":"2025-10-27T14:47:38","slug":"pistola-traumatica-umarex-t4e-tp50-gen-2-cal-50","status":"publish","type":"product","link":"https:\/\/sportac.cl\/index.php\/producto\/pistola-traumatica-umarex-t4e-tp50-gen-2-cal-50\/","title":{"rendered":"Pistola traumatica Umarex T4E TP50 Gen 2 Cal .50"},"content":{"rendered":"<p>La potente pistola t\u00e1ctica (TP) 50 Gen2 es una potente marcadora para defensa, deportes o entrenamiento civil que se destaca por su confiabilidad y alta energ\u00eda inicial. La versi\u00f3n de segunda generaci\u00f3n ha sido optimizada en dise\u00f1o y funci\u00f3n para un rendimiento superior y una disponibilidad operativa.<\/p>\n<p>Las caracter\u00edsticas m\u00e1s importantes de esta actualizaci\u00f3n incluyen una textura de agarre optimizada, una mira de fibra \u00f3ptica de alto contraste y un innovador sistema de perforaci\u00f3n r\u00e1pida sin herramientas con liberaci\u00f3n de presi\u00f3n integrada.<\/p>\n<p>El seguro del gatillo evita disparos accidentales y el riel Picatinny debajo del ca\u00f1\u00f3n puede albergar accesorios adicionales. El T4E TP 50 Gen2 tambi\u00e9n es totalmente compatible con los numerosos accesorios T4E existentes.<\/p>\n<p><strong>Especificaciones:<\/strong><\/p>\n<table dir=\"ltr\" border=\"1\" cellspacing=\"0\" cellpadding=\"0\" data-sheets-root=\"1\">\n<tbody>\n<tr>\n<td data-sheets-value=\"{&quot;1&quot;:2,&quot;2&quot;:&quot;Potencia:&quot;}\">Calibre:<\/td>\n<td data-sheets-value=\"{&quot;1&quot;:2,&quot;2&quot;:&quot;&lt; 3,0 J&quot;}\">\u00a0.50<\/td>\n<\/tr>\n<tr>\n<td data-sheets-value=\"{&quot;1&quot;:2,&quot;2&quot;:&quot;Alcance:&quot;}\">Energia:<\/td>\n<td data-sheets-value=\"{&quot;1&quot;:2,&quot;2&quot;:&quot;120 M\/S (394 FPS)&quot;}\">\u00a013 J<\/td>\n<\/tr>\n<tr>\n<td data-sheets-value=\"{&quot;1&quot;:2,&quot;2&quot;:&quot;Calibre:&quot;}\">Capacidad:<\/td>\n<td data-sheets-value=\"{&quot;1&quot;:2,&quot;2&quot;:&quot;Post\u00f3n 4,5 mm&quot;}\">\u00a06 Rondas<\/td>\n<\/tr>\n<tr>\n<td data-sheets-value=\"{&quot;1&quot;:2,&quot;2&quot;:&quot;C\u00e1psula:&quot;}\">Disparos:<\/td>\n<td data-sheets-value=\"{&quot;1&quot;:2,&quot;2&quot;:&quot;CO2 de 12 Grs&quot;}\">\u00a012 Rondas<\/td>\n<\/tr>\n<tr>\n<td data-sheets-value=\"{&quot;1&quot;:2,&quot;2&quot;:&quot;Capacidad RDS:&quot;}\">Capsula:<\/td>\n<td data-sheets-value=\"{&quot;1&quot;:2,&quot;2&quot;:&quot;21 Rondas&quot;}\">CO2 de 12grs<\/td>\n<\/tr>\n<tr>\n<td data-sheets-value=\"{&quot;1&quot;:2,&quot;2&quot;:&quot;Capacidad de Tiros:&quot;}\">Desencadenar:<\/td>\n<td data-sheets-value=\"{&quot;1&quot;:2,&quot;2&quot;:&quot;60 Rondas&quot;}\">Solo doble acci\u00f3n<\/td>\n<\/tr>\n<tr>\n<td data-sheets-value=\"{&quot;1&quot;:2,&quot;2&quot;:&quot;Seguridad:&quot;}\">Seguridad:<\/td>\n<td data-sheets-value=\"{&quot;1&quot;:2,&quot;2&quot;:&quot;Seguridad de Gatillo Automatico&quot;}\">Seguridad de Gatillo Automatico<\/td>\n<\/tr>\n<tr>\n<td data-sheets-value=\"{&quot;1&quot;:2,&quot;2&quot;:&quot;Longitud:&quot;}\">Longitud:<\/td>\n<td data-sheets-value=\"{&quot;1&quot;:2,&quot;2&quot;:&quot;202 mm&quot;}\">213 mm<\/td>\n<\/tr>\n<tr>\n<td data-sheets-value=\"{&quot;1&quot;:2,&quot;2&quot;:&quot;Peso:&quot;}\">Peso:<\/td>\n<td data-sheets-value=\"{&quot;1&quot;:2,&quot;2&quot;:&quot;830 Grs&quot;}\">682 Grs<\/td>\n<\/tr>\n<\/tbody>\n<\/table>\n","protected":false},"excerpt":{"rendered":"<p>La pistola t\u00e1ctica (TP) 50 Gen2 es una potente marcadora para defensa, deportes o entrenamiento civil que se destaca por su confiabilidad y alta energ\u00eda inicial. La versi\u00f3n de segunda generaci\u00f3n ha sido optimizada en dise\u00f1o y funci\u00f3n para un rendimiento superior y una disponibilidad operativa. La encuentras en Sportac<\/p>\n","protected":false},"featured_media":234,"comment_status":"open","ping_status":"closed","template":"","meta":[],"product_brand":[],"product_cat":[91],"product_tag":[117,116,115],"class_list":{"0":"post-230","1":"product","2":"type-product","3":"status-publish","4":"has-post-thumbnail","6":"product_cat-armas","7":"product_tag-defensa-personal","8":"product_tag-pistola-co2","9":"product_tag-pistola-traumatica","11":"first","12":"instock","13":"taxable","14":"shipping-taxable","15":"purchasable","16":"product-type-simple"},"yoast_head":"<!-- This site is optimized with the Yoast SEO plugin v26.1.1 - https:\/\/yoast.com\/wordpress\/plugins\/seo\/ -->\n<title>Pistola traumatica Umarex T4E TP50 Gen 2 Cal .50 - Sportac.cl<\/title>\n<meta name=\"description\" content=\"pistola traumatica, pistola umarex, sportac, umarex, defensa personal, armas co2, municiones, aire comprimido, pistolas, armas\" \/>\n<meta name=\"robots\" content=\"index, follow, max-snippet:-1, max-image-preview:large, max-video-preview:-1\" \/>\n<link rel=\"canonical\" href=\"https:\/\/sportac.cl\/index.php\/producto\/pistola-traumatica-umarex-t4e-tp50-gen-2-cal-50\/\" \/>\n<meta property=\"og:locale\" content=\"es_ES\" \/>\n<meta property=\"og:type\" content=\"article\" \/>\n<meta property=\"og:title\" content=\"Pistola traumatica Umarex T4E TP50 Gen 2 Cal .50 - Sportac.cl\" \/>\n<meta property=\"og:description\" content=\"pistola traumatica, pistola umarex, sportac, umarex, defensa personal, armas co2, municiones, aire comprimido, pistolas, armas\" \/>\n<meta property=\"og:url\" content=\"https:\/\/sportac.cl\/index.php\/producto\/pistola-traumatica-umarex-t4e-tp50-gen-2-cal-50\/\" \/>\n<meta property=\"og:site_name\" content=\"Sportac.cl\" \/>\n<meta property=\"article:publisher\" content=\"https:\/\/www.facebook.com\/profile.php?id=100064005011199&amp;locale=bn_IN#\" \/>\n<meta property=\"article:modified_time\" content=\"2025-10-27T14:47:38+00:00\" \/>\n<meta property=\"og:image\" content=\"https:\/\/sportac.cl\/wp-content\/uploads\/2025\/10\/sportac-pistolatp50.jpg\" \/>\n\t<meta property=\"og:image:width\" content=\"1200\" \/>\n\t<meta property=\"og:image:height\" content=\"900\" \/>\n\t<meta property=\"og:image:type\" content=\"image\/jpeg\" \/>\n<meta name=\"twitter:card\" content=\"summary_large_image\" \/>\n<meta name=\"twitter:label1\" content=\"Tiempo de lectura\" \/>\n\t<meta name=\"twitter:data1\" content=\"1 minuto\" \/>\n<script type=\"application\/ld+json\" class=\"yoast-schema-graph\">{\"@context\":\"https:\/\/schema.org\",\"@graph\":[{\"@type\":\"WebPage\",\"@id\":\"https:\/\/sportac.cl\/index.php\/producto\/pistola-traumatica-umarex-t4e-tp50-gen-2-cal-50\/\",\"url\":\"https:\/\/sportac.cl\/index.php\/producto\/pistola-traumatica-umarex-t4e-tp50-gen-2-cal-50\/\",\"name\":\"Pistola traumatica Umarex T4E TP50 Gen 2 Cal .50 - Sportac.cl\",\"isPartOf\":{\"@id\":\"https:\/\/sportac.cl\/#website\"},\"primaryImageOfPage\":{\"@id\":\"https:\/\/sportac.cl\/index.php\/producto\/pistola-traumatica-umarex-t4e-tp50-gen-2-cal-50\/#primaryimage\"},\"image\":{\"@id\":\"https:\/\/sportac.cl\/index.php\/producto\/pistola-traumatica-umarex-t4e-tp50-gen-2-cal-50\/#primaryimage\"},\"thumbnailUrl\":\"https:\/\/sportac.cl\/wp-content\/uploads\/2025\/10\/sportac-pistolatp50.jpg\",\"datePublished\":\"2025-10-27T14:18:08+00:00\",\"dateModified\":\"2025-10-27T14:47:38+00:00\",\"description\":\"pistola traumatica, pistola umarex, sportac, umarex, defensa personal, armas co2, municiones, aire comprimido, pistolas, armas\",\"breadcrumb\":{\"@id\":\"https:\/\/sportac.cl\/index.php\/producto\/pistola-traumatica-umarex-t4e-tp50-gen-2-cal-50\/#breadcrumb\"},\"inLanguage\":\"es\",\"potentialAction\":[{\"@type\":\"ReadAction\",\"target\":[\"https:\/\/sportac.cl\/index.php\/producto\/pistola-traumatica-umarex-t4e-tp50-gen-2-cal-50\/\"]}]},{\"@type\":\"ImageObject\",\"inLanguage\":\"es\",\"@id\":\"https:\/\/sportac.cl\/index.php\/producto\/pistola-traumatica-umarex-t4e-tp50-gen-2-cal-50\/#primaryimage\",\"url\":\"https:\/\/sportac.cl\/wp-content\/uploads\/2025\/10\/sportac-pistolatp50.jpg\",\"contentUrl\":\"https:\/\/sportac.cl\/wp-content\/uploads\/2025\/10\/sportac-pistolatp50.jpg\",\"width\":1200,\"height\":900},{\"@type\":\"BreadcrumbList\",\"@id\":\"https:\/\/sportac.cl\/index.php\/producto\/pistola-traumatica-umarex-t4e-tp50-gen-2-cal-50\/#breadcrumb\",\"itemListElement\":[{\"@type\":\"ListItem\",\"position\":1,\"name\":\"Portada\",\"item\":\"https:\/\/sportac.cl\/index.php\/home\/\"},{\"@type\":\"ListItem\",\"position\":2,\"name\":\"Tienda\",\"item\":\"https:\/\/sportac.cl\/index.php\/tienda\/\"},{\"@type\":\"ListItem\",\"position\":3,\"name\":\"Pistola traumatica Umarex T4E TP50 Gen 2 Cal .50\"}]},{\"@type\":\"WebSite\",\"@id\":\"https:\/\/sportac.cl\/#website\",\"url\":\"https:\/\/sportac.cl\/\",\"name\":\"Sportac Linternas Caza y Pesca Camping\",\"description\":\"Sportac.cl, tienda dedicada a venta de linternas profesionales y de alta calidad orientadas a deporte, industria y aplicaciones t\u00e1cticas Caza y Pesca\",\"publisher\":{\"@id\":\"https:\/\/sportac.cl\/#organization\"},\"alternateName\":\"Tienda de Equipos - Linternas - Caza - Pesca - Camping\",\"potentialAction\":[{\"@type\":\"SearchAction\",\"target\":{\"@type\":\"EntryPoint\",\"urlTemplate\":\"https:\/\/sportac.cl\/?s={search_term_string}\"},\"query-input\":{\"@type\":\"PropertyValueSpecification\",\"valueRequired\":true,\"valueName\":\"search_term_string\"}}],\"inLanguage\":\"es\"},{\"@type\":\"Organization\",\"@id\":\"https:\/\/sportac.cl\/#organization\",\"name\":\"Sportac Tienda de Equipos de Caza y Pesca\",\"alternateName\":\"Fenixligth, Fenix, linternas tacticas, led, iluminacion, mineria, Sportac, linternas Fenix, linterna C7, linterna HM71R, Linterna TK20R, iluminacion industrial, lantern,\u00a0flashlight Rifle pcp, Beeman, Glock, umarex, pistola traumatica, rifle nitropiston, pistola balines,\u00a0postones,\u00a0co2\",\"url\":\"https:\/\/sportac.cl\/\",\"logo\":{\"@type\":\"ImageObject\",\"inLanguage\":\"es\",\"@id\":\"https:\/\/sportac.cl\/#\/schema\/logo\/image\/\",\"url\":\"https:\/\/sportac.cl\/wp-content\/uploads\/2025\/10\/cropped-Logo-Sportac-_-blanco.png\",\"contentUrl\":\"https:\/\/sportac.cl\/wp-content\/uploads\/2025\/10\/cropped-Logo-Sportac-_-blanco.png\",\"width\":240,\"height\":259,\"caption\":\"Sportac Tienda de Equipos de Caza y Pesca\"},\"image\":{\"@id\":\"https:\/\/sportac.cl\/#\/schema\/logo\/image\/\"},\"sameAs\":[\"https:\/\/www.facebook.com\/profile.php?id=100064005011199&locale=bn_IN#\",\"https:\/\/www.instagram.com\/sportac_fenix?igsh=cXBnb25jMzdwYzIw\",\"https:\/\/www.tiktok.com\/@sportac73?_t=ZM-90r8HiYyUNk&_r=1\"]}]}<\/script>\n<!-- \/ Yoast SEO plugin. -->","yoast_head_json":{"title":"Pistola traumatica Umarex T4E TP50 Gen 2 Cal .50 - Sportac.cl","description":"pistola traumatica, pistola umarex, sportac, umarex, defensa personal, armas co2, municiones, aire comprimido, pistolas, armas","robots":{"index":"index","follow":"follow","max-snippet":"max-snippet:-1","max-image-preview":"max-image-preview:large","max-video-preview":"max-video-preview:-1"},"canonical":"https:\/\/sportac.cl\/index.php\/producto\/pistola-traumatica-umarex-t4e-tp50-gen-2-cal-50\/","og_locale":"es_ES","og_type":"article","og_title":"Pistola traumatica Umarex T4E TP50 Gen 2 Cal .50 - Sportac.cl","og_description":"pistola traumatica, pistola umarex, sportac, umarex, defensa personal, armas co2, municiones, aire comprimido, pistolas, armas","og_url":"https:\/\/sportac.cl\/index.php\/producto\/pistola-traumatica-umarex-t4e-tp50-gen-2-cal-50\/","og_site_name":"Sportac.cl","article_publisher":"https:\/\/www.facebook.com\/profile.php?id=100064005011199&locale=bn_IN#","article_modified_time":"2025-10-27T14:47:38+00:00","og_image":[{"width":1200,"height":900,"url":"https:\/\/sportac.cl\/wp-content\/uploads\/2025\/10\/sportac-pistolatp50.jpg","type":"image\/jpeg"}],"twitter_card":"summary_large_image","twitter_misc":{"Tiempo de lectura":"1 minuto"},"schema":{"@context":"https:\/\/schema.org","@graph":[{"@type":"WebPage","@id":"https:\/\/sportac.cl\/index.php\/producto\/pistola-traumatica-umarex-t4e-tp50-gen-2-cal-50\/","url":"https:\/\/sportac.cl\/index.php\/producto\/pistola-traumatica-umarex-t4e-tp50-gen-2-cal-50\/","name":"Pistola traumatica Umarex T4E TP50 Gen 2 Cal .50 - Sportac.cl","isPartOf":{"@id":"https:\/\/sportac.cl\/#website"},"primaryImageOfPage":{"@id":"https:\/\/sportac.cl\/index.php\/producto\/pistola-traumatica-umarex-t4e-tp50-gen-2-cal-50\/#primaryimage"},"image":{"@id":"https:\/\/sportac.cl\/index.php\/producto\/pistola-traumatica-umarex-t4e-tp50-gen-2-cal-50\/#primaryimage"},"thumbnailUrl":"https:\/\/sportac.cl\/wp-content\/uploads\/2025\/10\/sportac-pistolatp50.jpg","datePublished":"2025-10-27T14:18:08+00:00","dateModified":"2025-10-27T14:47:38+00:00","description":"pistola traumatica, pistola umarex, sportac, umarex, defensa personal, armas co2, municiones, aire comprimido, pistolas, armas","breadcrumb":{"@id":"https:\/\/sportac.cl\/index.php\/producto\/pistola-traumatica-umarex-t4e-tp50-gen-2-cal-50\/#breadcrumb"},"inLanguage":"es","potentialAction":[{"@type":"ReadAction","target":["https:\/\/sportac.cl\/index.php\/producto\/pistola-traumatica-umarex-t4e-tp50-gen-2-cal-50\/"]}]},{"@type":"ImageObject","inLanguage":"es","@id":"https:\/\/sportac.cl\/index.php\/producto\/pistola-traumatica-umarex-t4e-tp50-gen-2-cal-50\/#primaryimage","url":"https:\/\/sportac.cl\/wp-content\/uploads\/2025\/10\/sportac-pistolatp50.jpg","contentUrl":"https:\/\/sportac.cl\/wp-content\/uploads\/2025\/10\/sportac-pistolatp50.jpg","width":1200,"height":900},{"@type":"BreadcrumbList","@id":"https:\/\/sportac.cl\/index.php\/producto\/pistola-traumatica-umarex-t4e-tp50-gen-2-cal-50\/#breadcrumb","itemListElement":[{"@type":"ListItem","position":1,"name":"Portada","item":"https:\/\/sportac.cl\/index.php\/home\/"},{"@type":"ListItem","position":2,"name":"Tienda","item":"https:\/\/sportac.cl\/index.php\/tienda\/"},{"@type":"ListItem","position":3,"name":"Pistola traumatica Umarex T4E TP50 Gen 2 Cal .50"}]},{"@type":"WebSite","@id":"https:\/\/sportac.cl\/#website","url":"https:\/\/sportac.cl\/","name":"Sportac Linternas Caza y Pesca Camping","description":"Sportac.cl, tienda dedicada a venta de linternas profesionales y de alta calidad orientadas a deporte, industria y aplicaciones t\u00e1cticas Caza y Pesca","publisher":{"@id":"https:\/\/sportac.cl\/#organization"},"alternateName":"Tienda de Equipos - Linternas - Caza - Pesca - Camping","potentialAction":[{"@type":"SearchAction","target":{"@type":"EntryPoint","urlTemplate":"https:\/\/sportac.cl\/?s={search_term_string}"},"query-input":{"@type":"PropertyValueSpecification","valueRequired":true,"valueName":"search_term_string"}}],"inLanguage":"es"},{"@type":"Organization","@id":"https:\/\/sportac.cl\/#organization","name":"Sportac Tienda de Equipos de Caza y Pesca","alternateName":"Fenixligth, Fenix, linternas tacticas, led, iluminacion, mineria, Sportac, linternas Fenix, linterna C7, linterna HM71R, Linterna TK20R, iluminacion industrial, lantern,\u00a0flashlight Rifle pcp, Beeman, Glock, umarex, pistola traumatica, rifle nitropiston, pistola balines,\u00a0postones,\u00a0co2","url":"https:\/\/sportac.cl\/","logo":{"@type":"ImageObject","inLanguage":"es","@id":"https:\/\/sportac.cl\/#\/schema\/logo\/image\/","url":"https:\/\/sportac.cl\/wp-content\/uploads\/2025\/10\/cropped-Logo-Sportac-_-blanco.png","contentUrl":"https:\/\/sportac.cl\/wp-content\/uploads\/2025\/10\/cropped-Logo-Sportac-_-blanco.png","width":240,"height":259,"caption":"Sportac Tienda de Equipos de Caza y Pesca"},"image":{"@id":"https:\/\/sportac.cl\/#\/schema\/logo\/image\/"},"sameAs":["https:\/\/www.facebook.com\/profile.php?id=100064005011199&locale=bn_IN#","https:\/\/www.instagram.com\/sportac_fenix?igsh=cXBnb25jMzdwYzIw","https:\/\/www.tiktok.com\/@sportac73?_t=ZM-90r8HiYyUNk&_r=1"]}]}},"_links":{"self":[{"href":"https:\/\/sportac.cl\/index.php\/wp-json\/wp\/v2\/product\/230","targetHints":{"allow":["GET"]}}],"collection":[{"href":"https:\/\/sportac.cl\/index.php\/wp-json\/wp\/v2\/product"}],"about":[{"href":"https:\/\/sportac.cl\/index.php\/wp-json\/wp\/v2\/types\/product"}],"replies":[{"embeddable":true,"href":"https:\/\/sportac.cl\/index.php\/wp-json\/wp\/v2\/comments?post=230"}],"version-history":[{"count":0,"href":"https:\/\/sportac.cl\/index.php\/wp-json\/wp\/v2\/product\/230\/revisions"}],"wp:featuredmedia":[{"embeddable":true,"href":"https:\/\/sportac.cl\/index.php\/wp-json\/wp\/v2\/media\/234"}],"wp:attachment":[{"href":"https:\/\/sportac.cl\/index.php\/wp-json\/wp\/v2\/media?parent=230"}],"wp:term":[{"taxonomy":"product_brand","embeddable":true,"href":"https:\/\/sportac.cl\/index.php\/wp-json\/wp\/v2\/product_brand?post=230"},{"taxonomy":"product_cat","embeddable":true,"href":"https:\/\/sportac.cl\/index.php\/wp-json\/wp\/v2\/product_cat?post=230"},{"taxonomy":"product_tag","embeddable":true,"href":"https:\/\/sportac.cl\/index.php\/wp-json\/wp\/v2\/product_tag?post=230"}],"curies":[{"name":"wp","href":"https:\/\/api.w.org\/{rel}","templated":true}]}}