{"id":202,"date":"2025-10-26T00:18:57","date_gmt":"2025-10-26T00:18:57","guid":{"rendered":"https:\/\/sportac.cl\/?post_type=product&#038;p=202"},"modified":"2025-10-26T00:21:18","modified_gmt":"2025-10-26T00:21:18","slug":"linterna-frontal-fenix-hp30r-version-2-0","status":"publish","type":"product","link":"https:\/\/sportac.cl\/index.php\/producto\/linterna-frontal-fenix-hp30r-version-2-0\/","title":{"rendered":"Linterna Frontal Fenix HP30R Version 2.0"},"content":{"rendered":"<p>En Sportac tenemosdisponible la Fenix HP30R V2.0 es una linterna frontal recargable de alto rendimiento dise\u00f1ada para uso independiente. Funciona con dos bater\u00edas recargables 21700 incluidas, que ofrecen una duraci\u00f3n prolongada y un estuche que facilita la recarga, adem\u00e1s de la capacidad exclusiva de cargar otros dispositivos digitales como un banco de energ\u00eda. Sus tres LED pueden combinarse para producir hasta 3000 l\u00famenes y un alcance superior a 270 metros. La bater\u00eda se lleva c\u00f3modamente en el cintur\u00f3n, manteniendo la cabeza ligera, y la linterna ofrece modos de luz tanto de inundaci\u00f3n como de proyecci\u00f3n puntual simult\u00e1neamente, haci\u00e9ndola ideal para profesionales de b\u00fasqueda y rescate.<\/p>\n<p>&nbsp;<\/p>\n<ul>\n<li>Tama\u00f1o del foco: 92 x 56 x 44 mm<\/li>\n<li>Tama\u00f1o de la caja de la bater\u00eda: 107 x 50 x 41 mm<\/li>\n<li>Peso: 437 g (incluyendo bater\u00eda y cintillo)<\/li>\n<li>Incluye dos bater\u00edas recargables de iones de litio 21700<\/li>\n<li>Potencia m\u00e1xima de 3000 l\u00famenes;<\/li>\n<li>120 horas de autonom\u00eda m\u00e1xima.<\/li>\n<li>Un LED de luz blanca XHP50,<\/li>\n<li>2 LED de luz blanca neutra XP-G3 S4; con una vida \u00fatil de 50000 horas.<\/li>\n<li>Incluye 2 bater\u00edas de iones de litio de 5000 mAh.<\/li>\n<li>Seguridad de fundici\u00f3n a presi\u00f3n integrada y mejor disipaci\u00f3n del calor.<\/li>\n<li>El interruptor giratorio activa simult\u00e1neamente los modos de foco y reflector.<\/li>\n<li>Interfaz dual para capacidad de carga y descarga.<\/li>\n<li>Forma de uso dual de la caja de la bater\u00eda: se puede enganchar en la banda para la cabeza o se puede usar con el cintur\u00f3n.<\/li>\n<\/ul>\n","protected":false},"excerpt":{"rendered":"<p>La Fenix HP30R V2.0 es una linterna frontal recargable Potente de alto rendimiento dise\u00f1ada para uso independiente. Funciona con dos bater\u00edas recargables 21700 incluidas<\/p>\n","protected":false},"featured_media":203,"comment_status":"open","ping_status":"closed","template":"","meta":[],"product_brand":[],"product_cat":[18,102,106],"product_tag":[111,112],"class_list":{"0":"post-202","1":"product","2":"type-product","3":"status-publish","4":"has-post-thumbnail","6":"product_cat-linternas-mineria","7":"product_cat-linternasmineriafrontales","8":"product_cat-linternastrabajoindustrial","9":"product_tag-linterna-fenix","10":"product_tag-linterna-frontal","12":"first","13":"instock","14":"taxable","15":"shipping-taxable","16":"purchasable","17":"product-type-simple"},"yoast_head":"<!-- This site is optimized with the Yoast SEO plugin v26.1.1 - https:\/\/yoast.com\/wordpress\/plugins\/seo\/ -->\n<title>Linterna Frontal Fenix HP30R Version 2.0 - Sportac.cl<\/title>\n<meta name=\"description\" content=\"linterna fenix, hp30r, linterna mineria, tactica, linterna frontal, iluminacion industrial, sportac.cl, sportac, led, linterna potente, rescate\" \/>\n<meta name=\"robots\" content=\"index, follow, max-snippet:-1, max-image-preview:large, max-video-preview:-1\" \/>\n<link rel=\"canonical\" href=\"https:\/\/sportac.cl\/index.php\/producto\/linterna-frontal-fenix-hp30r-version-2-0\/\" \/>\n<meta property=\"og:locale\" content=\"es_ES\" \/>\n<meta property=\"og:type\" content=\"article\" \/>\n<meta property=\"og:title\" content=\"Linterna Frontal Fenix HP30R Version 2.0 - Sportac.cl\" \/>\n<meta property=\"og:description\" content=\"linterna fenix, hp30r, linterna mineria, tactica, linterna frontal, iluminacion industrial, sportac.cl, sportac, led, linterna potente, rescate\" \/>\n<meta property=\"og:url\" content=\"https:\/\/sportac.cl\/index.php\/producto\/linterna-frontal-fenix-hp30r-version-2-0\/\" \/>\n<meta property=\"og:site_name\" content=\"Sportac.cl\" \/>\n<meta property=\"article:publisher\" content=\"https:\/\/www.facebook.com\/profile.php?id=100064005011199&amp;locale=bn_IN#\" \/>\n<meta property=\"article:modified_time\" content=\"2025-10-26T00:21:18+00:00\" \/>\n<meta property=\"og:image\" content=\"https:\/\/sportac.cl\/wp-content\/uploads\/2025\/10\/sportac-hp30r1-1024x774.png\" \/>\n\t<meta property=\"og:image:width\" content=\"1024\" \/>\n\t<meta property=\"og:image:height\" content=\"774\" \/>\n\t<meta property=\"og:image:type\" content=\"image\/png\" \/>\n<meta name=\"twitter:card\" content=\"summary_large_image\" \/>\n<meta name=\"twitter:label1\" content=\"Tiempo de lectura\" \/>\n\t<meta name=\"twitter:data1\" content=\"2 minutos\" \/>\n<script type=\"application\/ld+json\" class=\"yoast-schema-graph\">{\"@context\":\"https:\/\/schema.org\",\"@graph\":[{\"@type\":\"WebPage\",\"@id\":\"https:\/\/sportac.cl\/index.php\/producto\/linterna-frontal-fenix-hp30r-version-2-0\/\",\"url\":\"https:\/\/sportac.cl\/index.php\/producto\/linterna-frontal-fenix-hp30r-version-2-0\/\",\"name\":\"Linterna Frontal Fenix HP30R Version 2.0 - Sportac.cl\",\"isPartOf\":{\"@id\":\"https:\/\/sportac.cl\/#website\"},\"primaryImageOfPage\":{\"@id\":\"https:\/\/sportac.cl\/index.php\/producto\/linterna-frontal-fenix-hp30r-version-2-0\/#primaryimage\"},\"image\":{\"@id\":\"https:\/\/sportac.cl\/index.php\/producto\/linterna-frontal-fenix-hp30r-version-2-0\/#primaryimage\"},\"thumbnailUrl\":\"https:\/\/sportac.cl\/wp-content\/uploads\/2025\/10\/sportac-hp30r1.png\",\"datePublished\":\"2025-10-26T00:18:57+00:00\",\"dateModified\":\"2025-10-26T00:21:18+00:00\",\"description\":\"linterna fenix, hp30r, linterna mineria, tactica, linterna frontal, iluminacion industrial, sportac.cl, sportac, led, linterna potente, rescate\",\"breadcrumb\":{\"@id\":\"https:\/\/sportac.cl\/index.php\/producto\/linterna-frontal-fenix-hp30r-version-2-0\/#breadcrumb\"},\"inLanguage\":\"es\",\"potentialAction\":[{\"@type\":\"ReadAction\",\"target\":[\"https:\/\/sportac.cl\/index.php\/producto\/linterna-frontal-fenix-hp30r-version-2-0\/\"]}]},{\"@type\":\"ImageObject\",\"inLanguage\":\"es\",\"@id\":\"https:\/\/sportac.cl\/index.php\/producto\/linterna-frontal-fenix-hp30r-version-2-0\/#primaryimage\",\"url\":\"https:\/\/sportac.cl\/wp-content\/uploads\/2025\/10\/sportac-hp30r1.png\",\"contentUrl\":\"https:\/\/sportac.cl\/wp-content\/uploads\/2025\/10\/sportac-hp30r1.png\",\"width\":1875,\"height\":1418},{\"@type\":\"BreadcrumbList\",\"@id\":\"https:\/\/sportac.cl\/index.php\/producto\/linterna-frontal-fenix-hp30r-version-2-0\/#breadcrumb\",\"itemListElement\":[{\"@type\":\"ListItem\",\"position\":1,\"name\":\"Portada\",\"item\":\"https:\/\/sportac.cl\/index.php\/home\/\"},{\"@type\":\"ListItem\",\"position\":2,\"name\":\"Tienda\",\"item\":\"https:\/\/sportac.cl\/index.php\/tienda\/\"},{\"@type\":\"ListItem\",\"position\":3,\"name\":\"Linterna Frontal Fenix HP30R Version 2.0\"}]},{\"@type\":\"WebSite\",\"@id\":\"https:\/\/sportac.cl\/#website\",\"url\":\"https:\/\/sportac.cl\/\",\"name\":\"Sportac Linternas Caza y Pesca Camping\",\"description\":\"Sportac.cl, tienda dedicada a venta de linternas profesionales y de alta calidad orientadas a deporte, industria y aplicaciones t\u00e1cticas Caza y Pesca\",\"publisher\":{\"@id\":\"https:\/\/sportac.cl\/#organization\"},\"alternateName\":\"Tienda de Equipos - Linternas - Caza - Pesca - Camping\",\"potentialAction\":[{\"@type\":\"SearchAction\",\"target\":{\"@type\":\"EntryPoint\",\"urlTemplate\":\"https:\/\/sportac.cl\/?s={search_term_string}\"},\"query-input\":{\"@type\":\"PropertyValueSpecification\",\"valueRequired\":true,\"valueName\":\"search_term_string\"}}],\"inLanguage\":\"es\"},{\"@type\":\"Organization\",\"@id\":\"https:\/\/sportac.cl\/#organization\",\"name\":\"Sportac Tienda de Equipos de Caza y Pesca\",\"alternateName\":\"Fenixligth, Fenix, linternas tacticas, led, iluminacion, mineria, Sportac, linternas Fenix, linterna C7, linterna HM71R, Linterna TK20R, iluminacion industrial, lantern,\u00a0flashlight Rifle pcp, Beeman, Glock, umarex, pistola traumatica, rifle nitropiston, pistola balines,\u00a0postones,\u00a0co2\",\"url\":\"https:\/\/sportac.cl\/\",\"logo\":{\"@type\":\"ImageObject\",\"inLanguage\":\"es\",\"@id\":\"https:\/\/sportac.cl\/#\/schema\/logo\/image\/\",\"url\":\"https:\/\/sportac.cl\/wp-content\/uploads\/2025\/10\/cropped-Logo-Sportac-_-blanco.png\",\"contentUrl\":\"https:\/\/sportac.cl\/wp-content\/uploads\/2025\/10\/cropped-Logo-Sportac-_-blanco.png\",\"width\":240,\"height\":259,\"caption\":\"Sportac Tienda de Equipos de Caza y Pesca\"},\"image\":{\"@id\":\"https:\/\/sportac.cl\/#\/schema\/logo\/image\/\"},\"sameAs\":[\"https:\/\/www.facebook.com\/profile.php?id=100064005011199&locale=bn_IN#\",\"https:\/\/www.instagram.com\/sportac_fenix?igsh=cXBnb25jMzdwYzIw\",\"https:\/\/www.tiktok.com\/@sportac73?_t=ZM-90r8HiYyUNk&_r=1\"]}]}<\/script>\n<!-- \/ Yoast SEO plugin. -->","yoast_head_json":{"title":"Linterna Frontal Fenix HP30R Version 2.0 - Sportac.cl","description":"linterna fenix, hp30r, linterna mineria, tactica, linterna frontal, iluminacion industrial, sportac.cl, sportac, led, linterna potente, rescate","robots":{"index":"index","follow":"follow","max-snippet":"max-snippet:-1","max-image-preview":"max-image-preview:large","max-video-preview":"max-video-preview:-1"},"canonical":"https:\/\/sportac.cl\/index.php\/producto\/linterna-frontal-fenix-hp30r-version-2-0\/","og_locale":"es_ES","og_type":"article","og_title":"Linterna Frontal Fenix HP30R Version 2.0 - Sportac.cl","og_description":"linterna fenix, hp30r, linterna mineria, tactica, linterna frontal, iluminacion industrial, sportac.cl, sportac, led, linterna potente, rescate","og_url":"https:\/\/sportac.cl\/index.php\/producto\/linterna-frontal-fenix-hp30r-version-2-0\/","og_site_name":"Sportac.cl","article_publisher":"https:\/\/www.facebook.com\/profile.php?id=100064005011199&locale=bn_IN#","article_modified_time":"2025-10-26T00:21:18+00:00","og_image":[{"width":1024,"height":774,"url":"https:\/\/sportac.cl\/wp-content\/uploads\/2025\/10\/sportac-hp30r1-1024x774.png","type":"image\/png"}],"twitter_card":"summary_large_image","twitter_misc":{"Tiempo de lectura":"2 minutos"},"schema":{"@context":"https:\/\/schema.org","@graph":[{"@type":"WebPage","@id":"https:\/\/sportac.cl\/index.php\/producto\/linterna-frontal-fenix-hp30r-version-2-0\/","url":"https:\/\/sportac.cl\/index.php\/producto\/linterna-frontal-fenix-hp30r-version-2-0\/","name":"Linterna Frontal Fenix HP30R Version 2.0 - Sportac.cl","isPartOf":{"@id":"https:\/\/sportac.cl\/#website"},"primaryImageOfPage":{"@id":"https:\/\/sportac.cl\/index.php\/producto\/linterna-frontal-fenix-hp30r-version-2-0\/#primaryimage"},"image":{"@id":"https:\/\/sportac.cl\/index.php\/producto\/linterna-frontal-fenix-hp30r-version-2-0\/#primaryimage"},"thumbnailUrl":"https:\/\/sportac.cl\/wp-content\/uploads\/2025\/10\/sportac-hp30r1.png","datePublished":"2025-10-26T00:18:57+00:00","dateModified":"2025-10-26T00:21:18+00:00","description":"linterna fenix, hp30r, linterna mineria, tactica, linterna frontal, iluminacion industrial, sportac.cl, sportac, led, linterna potente, rescate","breadcrumb":{"@id":"https:\/\/sportac.cl\/index.php\/producto\/linterna-frontal-fenix-hp30r-version-2-0\/#breadcrumb"},"inLanguage":"es","potentialAction":[{"@type":"ReadAction","target":["https:\/\/sportac.cl\/index.php\/producto\/linterna-frontal-fenix-hp30r-version-2-0\/"]}]},{"@type":"ImageObject","inLanguage":"es","@id":"https:\/\/sportac.cl\/index.php\/producto\/linterna-frontal-fenix-hp30r-version-2-0\/#primaryimage","url":"https:\/\/sportac.cl\/wp-content\/uploads\/2025\/10\/sportac-hp30r1.png","contentUrl":"https:\/\/sportac.cl\/wp-content\/uploads\/2025\/10\/sportac-hp30r1.png","width":1875,"height":1418},{"@type":"BreadcrumbList","@id":"https:\/\/sportac.cl\/index.php\/producto\/linterna-frontal-fenix-hp30r-version-2-0\/#breadcrumb","itemListElement":[{"@type":"ListItem","position":1,"name":"Portada","item":"https:\/\/sportac.cl\/index.php\/home\/"},{"@type":"ListItem","position":2,"name":"Tienda","item":"https:\/\/sportac.cl\/index.php\/tienda\/"},{"@type":"ListItem","position":3,"name":"Linterna Frontal Fenix HP30R Version 2.0"}]},{"@type":"WebSite","@id":"https:\/\/sportac.cl\/#website","url":"https:\/\/sportac.cl\/","name":"Sportac Linternas Caza y Pesca Camping","description":"Sportac.cl, tienda dedicada a venta de linternas profesionales y de alta calidad orientadas a deporte, industria y aplicaciones t\u00e1cticas Caza y Pesca","publisher":{"@id":"https:\/\/sportac.cl\/#organization"},"alternateName":"Tienda de Equipos - Linternas - Caza - Pesca - Camping","potentialAction":[{"@type":"SearchAction","target":{"@type":"EntryPoint","urlTemplate":"https:\/\/sportac.cl\/?s={search_term_string}"},"query-input":{"@type":"PropertyValueSpecification","valueRequired":true,"valueName":"search_term_string"}}],"inLanguage":"es"},{"@type":"Organization","@id":"https:\/\/sportac.cl\/#organization","name":"Sportac Tienda de Equipos de Caza y Pesca","alternateName":"Fenixligth, Fenix, linternas tacticas, led, iluminacion, mineria, Sportac, linternas Fenix, linterna C7, linterna HM71R, Linterna TK20R, iluminacion industrial, lantern,\u00a0flashlight Rifle pcp, Beeman, Glock, umarex, pistola traumatica, rifle nitropiston, pistola balines,\u00a0postones,\u00a0co2","url":"https:\/\/sportac.cl\/","logo":{"@type":"ImageObject","inLanguage":"es","@id":"https:\/\/sportac.cl\/#\/schema\/logo\/image\/","url":"https:\/\/sportac.cl\/wp-content\/uploads\/2025\/10\/cropped-Logo-Sportac-_-blanco.png","contentUrl":"https:\/\/sportac.cl\/wp-content\/uploads\/2025\/10\/cropped-Logo-Sportac-_-blanco.png","width":240,"height":259,"caption":"Sportac Tienda de Equipos de Caza y Pesca"},"image":{"@id":"https:\/\/sportac.cl\/#\/schema\/logo\/image\/"},"sameAs":["https:\/\/www.facebook.com\/profile.php?id=100064005011199&locale=bn_IN#","https:\/\/www.instagram.com\/sportac_fenix?igsh=cXBnb25jMzdwYzIw","https:\/\/www.tiktok.com\/@sportac73?_t=ZM-90r8HiYyUNk&_r=1"]}]}},"_links":{"self":[{"href":"https:\/\/sportac.cl\/index.php\/wp-json\/wp\/v2\/product\/202","targetHints":{"allow":["GET"]}}],"collection":[{"href":"https:\/\/sportac.cl\/index.php\/wp-json\/wp\/v2\/product"}],"about":[{"href":"https:\/\/sportac.cl\/index.php\/wp-json\/wp\/v2\/types\/product"}],"replies":[{"embeddable":true,"href":"https:\/\/sportac.cl\/index.php\/wp-json\/wp\/v2\/comments?post=202"}],"version-history":[{"count":0,"href":"https:\/\/sportac.cl\/index.php\/wp-json\/wp\/v2\/product\/202\/revisions"}],"wp:featuredmedia":[{"embeddable":true,"href":"https:\/\/sportac.cl\/index.php\/wp-json\/wp\/v2\/media\/203"}],"wp:attachment":[{"href":"https:\/\/sportac.cl\/index.php\/wp-json\/wp\/v2\/media?parent=202"}],"wp:term":[{"taxonomy":"product_brand","embeddable":true,"href":"https:\/\/sportac.cl\/index.php\/wp-json\/wp\/v2\/product_brand?post=202"},{"taxonomy":"product_cat","embeddable":true,"href":"https:\/\/sportac.cl\/index.php\/wp-json\/wp\/v2\/product_cat?post=202"},{"taxonomy":"product_tag","embeddable":true,"href":"https:\/\/sportac.cl\/index.php\/wp-json\/wp\/v2\/product_tag?post=202"}],"curies":[{"name":"wp","href":"https:\/\/api.w.org\/{rel}","templated":true}]}}