{"id":106,"date":"2025-10-20T21:41:25","date_gmt":"2025-10-20T21:41:25","guid":{"rendered":"https:\/\/sportac.cl\/?post_type=product&#038;p=106"},"modified":"2025-10-20T21:47:58","modified_gmt":"2025-10-20T21:47:58","slug":"linterna-frontal-fenix-hm71r","status":"publish","type":"product","link":"https:\/\/sportac.cl\/index.php\/producto\/linterna-frontal-fenix-hm71r\/","title":{"rendered":"Linterna Frontal Fenix HM71R"},"content":{"rendered":"<p>En Sportac tenemos la linterna frontal recargable Fenix HM71R est\u00e1 dise\u00f1ada para aplicaciones industriales exigentes, ofreciendo una base magn\u00e9tica y clip para cintur\u00f3n que permiten un uso prolongado con las manos libres. Combina luz focalizada y difusa en ocho modos diferentes, alcanzando una potencia m\u00e1xima de 2700 l\u00famenes. Su bater\u00eda de 5000 mAh proporciona hasta 400 horas de iluminaci\u00f3n continua. Cuenta con indicador de carga, resistencia IP68 contra agua y polvo, y soporta impactos de hasta 2 metros, garantizando desempe\u00f1o confiable en entornos dif\u00edciles. Una soluci\u00f3n avanzada para iluminaci\u00f3n profesional y de larga duraci\u00f3n.<\/p>\n<ul>\n<li>Potencia m\u00e1xima de 2700 l\u00famenes y distancia m\u00e1xima de haz de 230 metros.<\/li>\n<li>Un LED de luz blanca Luminus SFT70 y un LED blanco neutro Luminus SST20 CRI90, con una vida \u00fatil de 50.000 horas.<\/li>\n<li>Incluye una bater\u00eda ARB-L21-5000 V2.0.<\/li>\n<li>Circuito regulado digitalmente para mantener una salida estable.<\/li>\n<li>El puerto de carga USB tipo C admite corriente de carga 2A.<\/li>\n<li>Se puede utilizar como faro y linterna.<\/li>\n<li>Interruptor grande del tama\u00f1o de un pulgar para una operaci\u00f3n f\u00e1cil y r\u00e1pida.<\/li>\n<li>Tama\u00f1o: 106 x 46 x 45 mm<\/li>\n<li>Peso: 207,5 g<\/li>\n<\/ul>\n<p>&nbsp;<\/p>\n","protected":false},"excerpt":{"rendered":"<p>La linterna frontal recargable Fenix HM71R est\u00e1 dise\u00f1ada para aplicaciones industriales exigentes, ofreciendo una base magn\u00e9tica y clip para cintur\u00f3n que permiten un uso prolongado con las manos libres. Combina luz focalizada y difusa en ocho modos diferentes, alcanzando una potencia m\u00e1xima de 2700 l\u00famenes.<\/p>\n","protected":false},"featured_media":118,"comment_status":"open","ping_status":"closed","template":"","meta":[],"product_brand":[],"product_cat":[18],"product_tag":[],"class_list":{"0":"post-106","1":"product","2":"type-product","3":"status-publish","4":"has-post-thumbnail","6":"product_cat-linternas-mineria","8":"first","9":"instock","10":"taxable","11":"shipping-taxable","12":"purchasable","13":"product-type-simple"},"yoast_head":"<!-- This site is optimized with the Yoast SEO plugin v26.1.1 - https:\/\/yoast.com\/wordpress\/plugins\/seo\/ -->\n<title>Linterna Frontal Fenix HM71R - Sportac.cl<\/title>\n<meta name=\"description\" content=\"miner\u00eda sportac linternas tacticas focos luz led fenix hm71r industrial\" \/>\n<meta name=\"robots\" content=\"index, follow, max-snippet:-1, max-image-preview:large, max-video-preview:-1\" \/>\n<link rel=\"canonical\" href=\"https:\/\/sportac.cl\/index.php\/producto\/linterna-frontal-fenix-hm71r\/\" \/>\n<meta property=\"og:locale\" content=\"es_ES\" \/>\n<meta property=\"og:type\" content=\"article\" \/>\n<meta property=\"og:title\" content=\"Linterna Frontal Fenix HM71R - Sportac.cl\" \/>\n<meta property=\"og:description\" content=\"miner\u00eda sportac linternas tacticas focos luz led fenix hm71r industrial\" \/>\n<meta property=\"og:url\" content=\"https:\/\/sportac.cl\/index.php\/producto\/linterna-frontal-fenix-hm71r\/\" \/>\n<meta property=\"og:site_name\" content=\"Sportac.cl\" \/>\n<meta property=\"article:publisher\" content=\"https:\/\/www.facebook.com\/profile.php?id=100064005011199&amp;locale=bn_IN#\" \/>\n<meta property=\"article:modified_time\" content=\"2025-10-20T21:47:58+00:00\" \/>\n<meta property=\"og:image\" content=\"https:\/\/sportac.cl\/wp-content\/uploads\/2025\/10\/hm71r-sportac-1-1024x799.png\" \/>\n\t<meta property=\"og:image:width\" content=\"1024\" \/>\n\t<meta property=\"og:image:height\" content=\"799\" \/>\n\t<meta property=\"og:image:type\" content=\"image\/png\" \/>\n<meta name=\"twitter:card\" content=\"summary_large_image\" \/>\n<meta name=\"twitter:label1\" content=\"Tiempo de lectura\" \/>\n\t<meta name=\"twitter:data1\" content=\"2 minutos\" \/>\n<script type=\"application\/ld+json\" class=\"yoast-schema-graph\">{\"@context\":\"https:\/\/schema.org\",\"@graph\":[{\"@type\":\"WebPage\",\"@id\":\"https:\/\/sportac.cl\/index.php\/producto\/linterna-frontal-fenix-hm71r\/\",\"url\":\"https:\/\/sportac.cl\/index.php\/producto\/linterna-frontal-fenix-hm71r\/\",\"name\":\"Linterna Frontal Fenix HM71R - Sportac.cl\",\"isPartOf\":{\"@id\":\"https:\/\/sportac.cl\/#website\"},\"primaryImageOfPage\":{\"@id\":\"https:\/\/sportac.cl\/index.php\/producto\/linterna-frontal-fenix-hm71r\/#primaryimage\"},\"image\":{\"@id\":\"https:\/\/sportac.cl\/index.php\/producto\/linterna-frontal-fenix-hm71r\/#primaryimage\"},\"thumbnailUrl\":\"https:\/\/sportac.cl\/wp-content\/uploads\/2025\/10\/hm71r-sportac-1.png\",\"datePublished\":\"2025-10-20T21:41:25+00:00\",\"dateModified\":\"2025-10-20T21:47:58+00:00\",\"description\":\"miner\u00eda sportac linternas tacticas focos luz led fenix hm71r industrial\",\"breadcrumb\":{\"@id\":\"https:\/\/sportac.cl\/index.php\/producto\/linterna-frontal-fenix-hm71r\/#breadcrumb\"},\"inLanguage\":\"es\",\"potentialAction\":[{\"@type\":\"ReadAction\",\"target\":[\"https:\/\/sportac.cl\/index.php\/producto\/linterna-frontal-fenix-hm71r\/\"]}]},{\"@type\":\"ImageObject\",\"inLanguage\":\"es\",\"@id\":\"https:\/\/sportac.cl\/index.php\/producto\/linterna-frontal-fenix-hm71r\/#primaryimage\",\"url\":\"https:\/\/sportac.cl\/wp-content\/uploads\/2025\/10\/hm71r-sportac-1.png\",\"contentUrl\":\"https:\/\/sportac.cl\/wp-content\/uploads\/2025\/10\/hm71r-sportac-1.png\",\"width\":1684,\"height\":1314},{\"@type\":\"BreadcrumbList\",\"@id\":\"https:\/\/sportac.cl\/index.php\/producto\/linterna-frontal-fenix-hm71r\/#breadcrumb\",\"itemListElement\":[{\"@type\":\"ListItem\",\"position\":1,\"name\":\"Portada\",\"item\":\"https:\/\/sportac.cl\/index.php\/home\/\"},{\"@type\":\"ListItem\",\"position\":2,\"name\":\"Tienda\",\"item\":\"https:\/\/sportac.cl\/index.php\/tienda\/\"},{\"@type\":\"ListItem\",\"position\":3,\"name\":\"Linterna Frontal Fenix HM71R\"}]},{\"@type\":\"WebSite\",\"@id\":\"https:\/\/sportac.cl\/#website\",\"url\":\"https:\/\/sportac.cl\/\",\"name\":\"Sportac Linternas Caza y Pesca Camping\",\"description\":\"Sportac.cl, tienda dedicada a venta de linternas profesionales y de alta calidad orientadas a deporte, industria y aplicaciones t\u00e1cticas Caza y Pesca\",\"publisher\":{\"@id\":\"https:\/\/sportac.cl\/#organization\"},\"alternateName\":\"Tienda de Equipos - Linternas - Caza - Pesca - Camping\",\"potentialAction\":[{\"@type\":\"SearchAction\",\"target\":{\"@type\":\"EntryPoint\",\"urlTemplate\":\"https:\/\/sportac.cl\/?s={search_term_string}\"},\"query-input\":{\"@type\":\"PropertyValueSpecification\",\"valueRequired\":true,\"valueName\":\"search_term_string\"}}],\"inLanguage\":\"es\"},{\"@type\":\"Organization\",\"@id\":\"https:\/\/sportac.cl\/#organization\",\"name\":\"Sportac Tienda de Equipos de Caza y Pesca\",\"alternateName\":\"Fenixligth, Fenix, linternas tacticas, led, iluminacion, mineria, Sportac, linternas Fenix, linterna C7, linterna HM71R, Linterna TK20R, iluminacion industrial, lantern,\u00a0flashlight Rifle pcp, Beeman, Glock, umarex, pistola traumatica, rifle nitropiston, pistola balines,\u00a0postones,\u00a0co2\",\"url\":\"https:\/\/sportac.cl\/\",\"logo\":{\"@type\":\"ImageObject\",\"inLanguage\":\"es\",\"@id\":\"https:\/\/sportac.cl\/#\/schema\/logo\/image\/\",\"url\":\"https:\/\/sportac.cl\/wp-content\/uploads\/2025\/10\/cropped-Logo-Sportac-_-blanco.png\",\"contentUrl\":\"https:\/\/sportac.cl\/wp-content\/uploads\/2025\/10\/cropped-Logo-Sportac-_-blanco.png\",\"width\":240,\"height\":259,\"caption\":\"Sportac Tienda de Equipos de Caza y Pesca\"},\"image\":{\"@id\":\"https:\/\/sportac.cl\/#\/schema\/logo\/image\/\"},\"sameAs\":[\"https:\/\/www.facebook.com\/profile.php?id=100064005011199&locale=bn_IN#\",\"https:\/\/www.instagram.com\/sportac_fenix?igsh=cXBnb25jMzdwYzIw\",\"https:\/\/www.tiktok.com\/@sportac73?_t=ZM-90r8HiYyUNk&_r=1\"]}]}<\/script>\n<!-- \/ Yoast SEO plugin. -->","yoast_head_json":{"title":"Linterna Frontal Fenix HM71R - Sportac.cl","description":"miner\u00eda sportac linternas tacticas focos luz led fenix hm71r industrial","robots":{"index":"index","follow":"follow","max-snippet":"max-snippet:-1","max-image-preview":"max-image-preview:large","max-video-preview":"max-video-preview:-1"},"canonical":"https:\/\/sportac.cl\/index.php\/producto\/linterna-frontal-fenix-hm71r\/","og_locale":"es_ES","og_type":"article","og_title":"Linterna Frontal Fenix HM71R - Sportac.cl","og_description":"miner\u00eda sportac linternas tacticas focos luz led fenix hm71r industrial","og_url":"https:\/\/sportac.cl\/index.php\/producto\/linterna-frontal-fenix-hm71r\/","og_site_name":"Sportac.cl","article_publisher":"https:\/\/www.facebook.com\/profile.php?id=100064005011199&locale=bn_IN#","article_modified_time":"2025-10-20T21:47:58+00:00","og_image":[{"width":1024,"height":799,"url":"https:\/\/sportac.cl\/wp-content\/uploads\/2025\/10\/hm71r-sportac-1-1024x799.png","type":"image\/png"}],"twitter_card":"summary_large_image","twitter_misc":{"Tiempo de lectura":"2 minutos"},"schema":{"@context":"https:\/\/schema.org","@graph":[{"@type":"WebPage","@id":"https:\/\/sportac.cl\/index.php\/producto\/linterna-frontal-fenix-hm71r\/","url":"https:\/\/sportac.cl\/index.php\/producto\/linterna-frontal-fenix-hm71r\/","name":"Linterna Frontal Fenix HM71R - Sportac.cl","isPartOf":{"@id":"https:\/\/sportac.cl\/#website"},"primaryImageOfPage":{"@id":"https:\/\/sportac.cl\/index.php\/producto\/linterna-frontal-fenix-hm71r\/#primaryimage"},"image":{"@id":"https:\/\/sportac.cl\/index.php\/producto\/linterna-frontal-fenix-hm71r\/#primaryimage"},"thumbnailUrl":"https:\/\/sportac.cl\/wp-content\/uploads\/2025\/10\/hm71r-sportac-1.png","datePublished":"2025-10-20T21:41:25+00:00","dateModified":"2025-10-20T21:47:58+00:00","description":"miner\u00eda sportac linternas tacticas focos luz led fenix hm71r industrial","breadcrumb":{"@id":"https:\/\/sportac.cl\/index.php\/producto\/linterna-frontal-fenix-hm71r\/#breadcrumb"},"inLanguage":"es","potentialAction":[{"@type":"ReadAction","target":["https:\/\/sportac.cl\/index.php\/producto\/linterna-frontal-fenix-hm71r\/"]}]},{"@type":"ImageObject","inLanguage":"es","@id":"https:\/\/sportac.cl\/index.php\/producto\/linterna-frontal-fenix-hm71r\/#primaryimage","url":"https:\/\/sportac.cl\/wp-content\/uploads\/2025\/10\/hm71r-sportac-1.png","contentUrl":"https:\/\/sportac.cl\/wp-content\/uploads\/2025\/10\/hm71r-sportac-1.png","width":1684,"height":1314},{"@type":"BreadcrumbList","@id":"https:\/\/sportac.cl\/index.php\/producto\/linterna-frontal-fenix-hm71r\/#breadcrumb","itemListElement":[{"@type":"ListItem","position":1,"name":"Portada","item":"https:\/\/sportac.cl\/index.php\/home\/"},{"@type":"ListItem","position":2,"name":"Tienda","item":"https:\/\/sportac.cl\/index.php\/tienda\/"},{"@type":"ListItem","position":3,"name":"Linterna Frontal Fenix HM71R"}]},{"@type":"WebSite","@id":"https:\/\/sportac.cl\/#website","url":"https:\/\/sportac.cl\/","name":"Sportac Linternas Caza y Pesca Camping","description":"Sportac.cl, tienda dedicada a venta de linternas profesionales y de alta calidad orientadas a deporte, industria y aplicaciones t\u00e1cticas Caza y Pesca","publisher":{"@id":"https:\/\/sportac.cl\/#organization"},"alternateName":"Tienda de Equipos - Linternas - Caza - Pesca - Camping","potentialAction":[{"@type":"SearchAction","target":{"@type":"EntryPoint","urlTemplate":"https:\/\/sportac.cl\/?s={search_term_string}"},"query-input":{"@type":"PropertyValueSpecification","valueRequired":true,"valueName":"search_term_string"}}],"inLanguage":"es"},{"@type":"Organization","@id":"https:\/\/sportac.cl\/#organization","name":"Sportac Tienda de Equipos de Caza y Pesca","alternateName":"Fenixligth, Fenix, linternas tacticas, led, iluminacion, mineria, Sportac, linternas Fenix, linterna C7, linterna HM71R, Linterna TK20R, iluminacion industrial, lantern,\u00a0flashlight Rifle pcp, Beeman, Glock, umarex, pistola traumatica, rifle nitropiston, pistola balines,\u00a0postones,\u00a0co2","url":"https:\/\/sportac.cl\/","logo":{"@type":"ImageObject","inLanguage":"es","@id":"https:\/\/sportac.cl\/#\/schema\/logo\/image\/","url":"https:\/\/sportac.cl\/wp-content\/uploads\/2025\/10\/cropped-Logo-Sportac-_-blanco.png","contentUrl":"https:\/\/sportac.cl\/wp-content\/uploads\/2025\/10\/cropped-Logo-Sportac-_-blanco.png","width":240,"height":259,"caption":"Sportac Tienda de Equipos de Caza y Pesca"},"image":{"@id":"https:\/\/sportac.cl\/#\/schema\/logo\/image\/"},"sameAs":["https:\/\/www.facebook.com\/profile.php?id=100064005011199&locale=bn_IN#","https:\/\/www.instagram.com\/sportac_fenix?igsh=cXBnb25jMzdwYzIw","https:\/\/www.tiktok.com\/@sportac73?_t=ZM-90r8HiYyUNk&_r=1"]}]}},"_links":{"self":[{"href":"https:\/\/sportac.cl\/index.php\/wp-json\/wp\/v2\/product\/106","targetHints":{"allow":["GET"]}}],"collection":[{"href":"https:\/\/sportac.cl\/index.php\/wp-json\/wp\/v2\/product"}],"about":[{"href":"https:\/\/sportac.cl\/index.php\/wp-json\/wp\/v2\/types\/product"}],"replies":[{"embeddable":true,"href":"https:\/\/sportac.cl\/index.php\/wp-json\/wp\/v2\/comments?post=106"}],"version-history":[{"count":0,"href":"https:\/\/sportac.cl\/index.php\/wp-json\/wp\/v2\/product\/106\/revisions"}],"wp:featuredmedia":[{"embeddable":true,"href":"https:\/\/sportac.cl\/index.php\/wp-json\/wp\/v2\/media\/118"}],"wp:attachment":[{"href":"https:\/\/sportac.cl\/index.php\/wp-json\/wp\/v2\/media?parent=106"}],"wp:term":[{"taxonomy":"product_brand","embeddable":true,"href":"https:\/\/sportac.cl\/index.php\/wp-json\/wp\/v2\/product_brand?post=106"},{"taxonomy":"product_cat","embeddable":true,"href":"https:\/\/sportac.cl\/index.php\/wp-json\/wp\/v2\/product_cat?post=106"},{"taxonomy":"product_tag","embeddable":true,"href":"https:\/\/sportac.cl\/index.php\/wp-json\/wp\/v2\/product_tag?post=106"}],"curies":[{"name":"wp","href":"https:\/\/api.w.org\/{rel}","templated":true}]}}