{"id":362,"date":"2025-10-29T19:54:37","date_gmt":"2025-10-29T19:54:37","guid":{"rendered":"https:\/\/sportac.cl\/?page_id=362"},"modified":"2025-11-04T14:36:54","modified_gmt":"2025-11-04T14:36:54","slug":"contactenos","status":"publish","type":"page","link":"https:\/\/sportac.cl\/index.php\/contactenos\/","title":{"rendered":"Cont\u00e1ctenos"},"content":{"rendered":"<style id=\"wpforms-css-vars-439-block-dcf41440-0111-43a0-84e5-c2009e2e88c7\">\n\t\t\t\t#wpforms-439.wpforms-block-dcf41440-0111-43a0-84e5-c2009e2e88c7 {\n\t\t\t\t--wpforms-field-size-input-height: 43px;\n--wpforms-field-size-input-spacing: 15px;\n--wpforms-field-size-font-size: 16px;\n--wpforms-field-size-line-height: 19px;\n--wpforms-field-size-padding-h: 14px;\n--wpforms-field-size-checkbox-size: 16px;\n--wpforms-field-size-sublabel-spacing: 5px;\n--wpforms-field-size-icon-size: 1;\n--wpforms-label-size-font-size: 16px;\n--wpforms-label-size-line-height: 19px;\n--wpforms-label-size-sublabel-font-size: 14px;\n--wpforms-label-size-sublabel-line-height: 17px;\n--wpforms-button-size-font-size: 17px;\n--wpforms-button-size-height: 41px;\n--wpforms-button-size-padding-h: 15px;\n--wpforms-button-size-margin-top: 10px;\n\t\t\t}\n\t\t\t<\/style><div class=\"wpforms-container wpforms-container-full wpforms-block wpforms-block-dcf41440-0111-43a0-84e5-c2009e2e88c7 wpforms-render-modern\" id=\"wpforms-439\"><form id=\"wpforms-form-439\" class=\"wpforms-validate wpforms-form wpforms-ajax-form\" data-formid=\"439\" method=\"post\" enctype=\"multipart\/form-data\" action=\"\/index.php\/wp-json\/wp\/v2\/pages\/362\" data-token=\"86c8d22deb0d6e9703111efe01bac084\" data-token-time=\"1775547726\"><noscript class=\"wpforms-error-noscript\">Por favor, activa JavaScript en tu navegador para completar este formulario.<\/noscript><div id=\"wpforms-error-noscript\" style=\"display: none;\">Por favor, activa JavaScript en tu navegador para completar este formulario.<\/div><div class=\"wpforms-field-container\">\t\t<div id=\"wpforms-439-field_7-container\"\n\t\t\tclass=\"wpforms-field wpforms-field-text\"\n\t\t\tdata-field-type=\"text\"\n\t\t\tdata-field-id=\"7\"\n\t\t\t>\n\t\t\t<label class=\"wpforms-field-label\" for=\"wpforms-439-field_7\" >corresponde) Nombre Apellidos<\/label>\n\t\t\t<input type=\"text\" id=\"wpforms-439-field_7\" class=\"wpforms-field-medium\" name=\"wpforms[fields][7]\" >\n\t\t<\/div>\n\t\t<div id=\"wpforms-439-field_1-container\" class=\"wpforms-field wpforms-field-name\" data-field-id=\"1\"><fieldset><legend class=\"wpforms-field-label\">Nombre y Apellidos <span class=\"wpforms-required-label\" aria-hidden=\"true\">*<\/span><\/legend><div class=\"wpforms-field-row wpforms-field-medium\"><div class=\"wpforms-field-row-block wpforms-first wpforms-one-half\"><input type=\"text\" id=\"wpforms-439-field_1\" class=\"wpforms-field-name-first wpforms-field-required\" name=\"wpforms[fields][1][first]\" aria-errormessage=\"wpforms-439-field_1-error\" required><label for=\"wpforms-439-field_1\" class=\"wpforms-field-sublabel after\">Nombre<\/label><\/div><div class=\"wpforms-field-row-block wpforms-one-half\"><input type=\"text\" id=\"wpforms-439-field_1-last\" class=\"wpforms-field-name-last wpforms-field-required\" name=\"wpforms[fields][1][last]\" aria-errormessage=\"wpforms-439-field_1-last-error\" required><label for=\"wpforms-439-field_1-last\" class=\"wpforms-field-sublabel after\">Apellidos<\/label><\/div><\/div><\/fieldset><\/div><div id=\"wpforms-439-field_2-container\" class=\"wpforms-field wpforms-field-text\" data-field-id=\"2\"><label class=\"wpforms-field-label\" for=\"wpforms-439-field_2\">Telefono <span class=\"wpforms-required-label\" aria-hidden=\"true\">*<\/span><\/label><input type=\"text\" id=\"wpforms-439-field_2\" class=\"wpforms-field-medium wpforms-field-required\" name=\"wpforms[fields][2]\" aria-errormessage=\"wpforms-439-field_2-error\" required><\/div><div id=\"wpforms-439-field_3-container\" class=\"wpforms-field wpforms-field-email\" data-field-id=\"3\"><label class=\"wpforms-field-label\" for=\"wpforms-439-field_3\">Correo electr\u00f3nico <span class=\"wpforms-required-label\" aria-hidden=\"true\">*<\/span><\/label><input type=\"email\" id=\"wpforms-439-field_3\" class=\"wpforms-field-medium wpforms-field-required\" name=\"wpforms[fields][3]\" spellcheck=\"false\" aria-errormessage=\"wpforms-439-field_3-error\" required><\/div><div id=\"wpforms-439-field_4-container\" class=\"wpforms-field wpforms-field-text\" data-field-id=\"4\"><label class=\"wpforms-field-label\" for=\"wpforms-439-field_4\">Boleta o Factura (si corresponde)<\/label><input type=\"text\" id=\"wpforms-439-field_4\" class=\"wpforms-field-medium\" name=\"wpforms[fields][4]\" aria-errormessage=\"wpforms-439-field_4-error\" ><\/div><div id=\"wpforms-439-field_5-container\" class=\"wpforms-field wpforms-field-text\" data-field-id=\"5\"><label class=\"wpforms-field-label\" for=\"wpforms-439-field_5\">Numero de Env\u00edo (si corresponde)<\/label><input type=\"text\" id=\"wpforms-439-field_5\" class=\"wpforms-field-medium\" name=\"wpforms[fields][5]\" aria-errormessage=\"wpforms-439-field_5-error\" ><\/div><div id=\"wpforms-439-field_6-container\" class=\"wpforms-field wpforms-field-textarea\" data-field-id=\"6\"><label class=\"wpforms-field-label\" for=\"wpforms-439-field_6\">Mensaje <\/label><textarea id=\"wpforms-439-field_6\" class=\"wpforms-field-medium\" name=\"wpforms[fields][6]\" aria-errormessage=\"wpforms-439-field_6-error\" ><\/textarea><\/div><script>\n\t\t\t\t( function() {\n\t\t\t\t\tconst style = document.createElement( 'style' );\n\t\t\t\t\tstyle.appendChild( document.createTextNode( '#wpforms-439-field_7-container { position: absolute !important; overflow: hidden !important; display: inline !important; height: 1px !important; width: 1px !important; z-index: -1000 !important; padding: 0 !important; } #wpforms-439-field_7-container input { visibility: hidden; } #wpforms-conversational-form-page #wpforms-439-field_7-container label { counter-increment: none; }' ) );\n\t\t\t\t\tdocument.head.appendChild( style );\n\t\t\t\t\tdocument.currentScript?.remove();\n\t\t\t\t} )();\n\t\t\t<\/script><\/div><!-- .wpforms-field-container --><div class=\"wpforms-submit-container\" ><input type=\"hidden\" name=\"wpforms[id]\" value=\"439\"><input type=\"hidden\" name=\"page_title\" value=\"\"><input type=\"hidden\" name=\"page_url\" value=\"https:\/\/sportac.cl\/index.php\/wp-json\/wp\/v2\/pages\/362\"><input type=\"hidden\" name=\"url_referer\" value=\"\"><button type=\"submit\" name=\"wpforms[submit]\" id=\"wpforms-submit-439\" class=\"wpforms-submit\" data-alt-text=\"Enviando Mensaje a ventas Sportac.cl   ....\" data-submit-text=\"Enviar\" aria-live=\"assertive\" value=\"wpforms-submit\">Enviar<\/button><img decoding=\"async\" src=\"https:\/\/sportac.cl\/wp-content\/plugins\/wpforms-lite\/assets\/images\/submit-spin.svg\" class=\"wpforms-submit-spinner\" style=\"display: none;\" width=\"26\" height=\"26\" alt=\"Cargando\"><\/div><\/form><\/div>  <!-- .wpforms-container -->\n\n\n<p>Formulario de Contacto Web Sportac.cl \/ Atencion Telefonica al  Celular (+56)\u00a0 9 8690 4067<br>Whatsapp (+56)\u00a0 9 8690 4067 &#8211; Horarios de Atenci\u00f3n<br>Lunes a S\u00e1bado 08:30 \u2013 19:00 hrs. Email: ventas@sportac.cl <br>RECUERDA NUESTROS MEDIOS DE PAGO  <br>\u2013\u00a0 Transferencias Electr\u00f3nica<br>\u2013\u00a0 Todos los Banco en Chile<br>\u2013\u00a0 Previa Confirmaci\u00f3n.<\/p>\n\n\n\n<figure class=\"wp-block-image size-full\"><img decoding=\"async\" width=\"220\" height=\"116\" src=\"https:\/\/sportac.cl\/wp-content\/uploads\/2025\/10\/mercadopago.png\" alt=\"\" class=\"wp-image-331\"\/><\/figure>\n\n\n\n<figure class=\"wp-block-image size-full\"><img fetchpriority=\"high\" decoding=\"async\" width=\"735\" height=\"84\" src=\"https:\/\/sportac.cl\/wp-content\/uploads\/2025\/11\/img_bancos.jpg\" alt=\"\" class=\"wp-image-450\" srcset=\"https:\/\/sportac.cl\/wp-content\/uploads\/2025\/11\/img_bancos.jpg 735w, https:\/\/sportac.cl\/wp-content\/uploads\/2025\/11\/img_bancos-300x34.jpg 300w, https:\/\/sportac.cl\/wp-content\/uploads\/2025\/11\/img_bancos-600x69.jpg 600w\" sizes=\"(max-width: 735px) 100vw, 735px\" \/><\/figure>\n\n\n\n<p><\/p>\n","protected":false},"excerpt":{"rendered":"<p>Formulario de Contacto Web Sportac.cl \/ Atencion Telefonica al Celular (+56)\u00a0 9 8690 4067Whatsapp (+56)\u00a0 9 8690 4067 &#8211; Horarios de Atenci\u00f3nLunes a S\u00e1bado 08:30 \u2013 19:00 hrs. Email: ventas@sportac.cl RECUERDA NUESTROS MEDIOS DE PAGO \u2013\u00a0 Transferencias Electr\u00f3nica\u2013\u00a0 Todos los Banco en Chile\u2013\u00a0 Previa Confirmaci\u00f3n.<\/p>\n","protected":false},"author":1,"featured_media":0,"parent":0,"menu_order":0,"comment_status":"closed","ping_status":"closed","template":"","meta":{"footnotes":""},"class_list":["post-362","page","type-page","status-publish","hentry"],"yoast_head":"<!-- This site is optimized with the Yoast SEO plugin v26.1.1 - https:\/\/yoast.com\/wordpress\/plugins\/seo\/ -->\n<title>Cont\u00e1ctenos - Sportac.cl<\/title>\n<meta name=\"description\" content=\"Cont\u00e1ctenos Sportac.cl Sportac.cl Equipos de Caza y Peza Esparcimiento Aire LibreSportac.cl Sportac.cl - Tienda t\u00e1ctica Chile, art\u00edculos outdoor y caza y pesca equipamiento Trabajos de Mineria y esparcimiento aire Libre, Rifles miras telescopica, productos Fenix Chile tienda de Armas y pesca en Chile Telefono Celular (+56) 9 8690 4067\" \/>\n<meta name=\"robots\" content=\"index, follow, max-snippet:-1, max-image-preview:large, max-video-preview:-1\" \/>\n<link rel=\"canonical\" href=\"https:\/\/sportac.cl\/index.php\/contactenos\/\" \/>\n<meta property=\"og:locale\" content=\"es_ES\" \/>\n<meta property=\"og:type\" content=\"article\" \/>\n<meta property=\"og:title\" content=\"Cont\u00e1ctenos - Sportac.cl\" \/>\n<meta property=\"og:description\" content=\"Cont\u00e1ctenos Sportac.cl Sportac.cl Equipos de Caza y Peza Esparcimiento Aire LibreSportac.cl Sportac.cl - Tienda t\u00e1ctica Chile, art\u00edculos outdoor y caza y pesca equipamiento Trabajos de Mineria y esparcimiento aire Libre, Rifles miras telescopica, productos Fenix Chile tienda de Armas y pesca en Chile Telefono Celular (+56) 9 8690 4067\" \/>\n<meta property=\"og:url\" content=\"https:\/\/sportac.cl\/index.php\/contactenos\/\" \/>\n<meta property=\"og:site_name\" content=\"Sportac.cl\" \/>\n<meta property=\"article:publisher\" content=\"https:\/\/www.facebook.com\/profile.php?id=100064005011199&amp;locale=bn_IN#\" \/>\n<meta property=\"article:modified_time\" content=\"2025-11-04T14:36:54+00:00\" \/>\n<meta property=\"og:image\" content=\"https:\/\/sportac.cl\/wp-content\/uploads\/2025\/10\/mercadopago.png\" \/>\n<meta name=\"twitter:card\" content=\"summary_large_image\" \/>\n<meta name=\"twitter:label1\" content=\"Tiempo de lectura\" \/>\n\t<meta name=\"twitter:data1\" content=\"1 minuto\" \/>\n<script type=\"application\/ld+json\" class=\"yoast-schema-graph\">{\"@context\":\"https:\/\/schema.org\",\"@graph\":[{\"@type\":\"WebPage\",\"@id\":\"https:\/\/sportac.cl\/index.php\/contactenos\/\",\"url\":\"https:\/\/sportac.cl\/index.php\/contactenos\/\",\"name\":\"Cont\u00e1ctenos - Sportac.cl\",\"isPartOf\":{\"@id\":\"https:\/\/sportac.cl\/#website\"},\"primaryImageOfPage\":{\"@id\":\"https:\/\/sportac.cl\/index.php\/contactenos\/#primaryimage\"},\"image\":{\"@id\":\"https:\/\/sportac.cl\/index.php\/contactenos\/#primaryimage\"},\"thumbnailUrl\":\"https:\/\/sportac.cl\/wp-content\/uploads\/2025\/10\/mercadopago.png\",\"datePublished\":\"2025-10-29T19:54:37+00:00\",\"dateModified\":\"2025-11-04T14:36:54+00:00\",\"description\":\"Cont\u00e1ctenos Sportac.cl Sportac.cl Equipos de Caza y Peza Esparcimiento Aire LibreSportac.cl Sportac.cl - Tienda t\u00e1ctica Chile, art\u00edculos outdoor y caza y pesca equipamiento Trabajos de Mineria y esparcimiento aire Libre, Rifles miras telescopica, productos Fenix Chile tienda de Armas y pesca en Chile Telefono Celular (+56) 9 8690 4067\",\"breadcrumb\":{\"@id\":\"https:\/\/sportac.cl\/index.php\/contactenos\/#breadcrumb\"},\"inLanguage\":\"es\",\"potentialAction\":[{\"@type\":\"ReadAction\",\"target\":[\"https:\/\/sportac.cl\/index.php\/contactenos\/\"]}]},{\"@type\":\"ImageObject\",\"inLanguage\":\"es\",\"@id\":\"https:\/\/sportac.cl\/index.php\/contactenos\/#primaryimage\",\"url\":\"https:\/\/sportac.cl\/wp-content\/uploads\/2025\/10\/mercadopago.png\",\"contentUrl\":\"https:\/\/sportac.cl\/wp-content\/uploads\/2025\/10\/mercadopago.png\",\"width\":220,\"height\":116},{\"@type\":\"BreadcrumbList\",\"@id\":\"https:\/\/sportac.cl\/index.php\/contactenos\/#breadcrumb\",\"itemListElement\":[{\"@type\":\"ListItem\",\"position\":1,\"name\":\"Portada\",\"item\":\"https:\/\/sportac.cl\/index.php\/home\/\"},{\"@type\":\"ListItem\",\"position\":2,\"name\":\"Cont\u00e1ctenos\"}]},{\"@type\":\"WebSite\",\"@id\":\"https:\/\/sportac.cl\/#website\",\"url\":\"https:\/\/sportac.cl\/\",\"name\":\"Sportac Linternas Caza y Pesca Camping\",\"description\":\"Sportac.cl, tienda dedicada a venta de linternas profesionales y de alta calidad orientadas a deporte, industria y aplicaciones t\u00e1cticas Caza y Pesca\",\"publisher\":{\"@id\":\"https:\/\/sportac.cl\/#organization\"},\"alternateName\":\"Tienda de Equipos - Linternas - Caza - Pesca - Camping\",\"potentialAction\":[{\"@type\":\"SearchAction\",\"target\":{\"@type\":\"EntryPoint\",\"urlTemplate\":\"https:\/\/sportac.cl\/?s={search_term_string}\"},\"query-input\":{\"@type\":\"PropertyValueSpecification\",\"valueRequired\":true,\"valueName\":\"search_term_string\"}}],\"inLanguage\":\"es\"},{\"@type\":\"Organization\",\"@id\":\"https:\/\/sportac.cl\/#organization\",\"name\":\"Sportac Tienda de Equipos de Caza y Pesca\",\"alternateName\":\"Fenixligth, Fenix, linternas tacticas, led, iluminacion, mineria, Sportac, linternas Fenix, linterna C7, linterna HM71R, Linterna TK20R, iluminacion industrial, lantern,\u00a0flashlight Rifle pcp, Beeman, Glock, umarex, pistola traumatica, rifle nitropiston, pistola balines,\u00a0postones,\u00a0co2\",\"url\":\"https:\/\/sportac.cl\/\",\"logo\":{\"@type\":\"ImageObject\",\"inLanguage\":\"es\",\"@id\":\"https:\/\/sportac.cl\/#\/schema\/logo\/image\/\",\"url\":\"https:\/\/sportac.cl\/wp-content\/uploads\/2025\/10\/cropped-Logo-Sportac-_-blanco.png\",\"contentUrl\":\"https:\/\/sportac.cl\/wp-content\/uploads\/2025\/10\/cropped-Logo-Sportac-_-blanco.png\",\"width\":240,\"height\":259,\"caption\":\"Sportac Tienda de Equipos de Caza y Pesca\"},\"image\":{\"@id\":\"https:\/\/sportac.cl\/#\/schema\/logo\/image\/\"},\"sameAs\":[\"https:\/\/www.facebook.com\/profile.php?id=100064005011199&locale=bn_IN#\",\"https:\/\/www.instagram.com\/sportac_fenix?igsh=cXBnb25jMzdwYzIw\",\"https:\/\/www.tiktok.com\/@sportac73?_t=ZM-90r8HiYyUNk&_r=1\"]}]}<\/script>\n<!-- \/ Yoast SEO plugin. -->","yoast_head_json":{"title":"Cont\u00e1ctenos - Sportac.cl","description":"Cont\u00e1ctenos Sportac.cl Sportac.cl Equipos de Caza y Peza Esparcimiento Aire LibreSportac.cl Sportac.cl - Tienda t\u00e1ctica Chile, art\u00edculos outdoor y caza y pesca equipamiento Trabajos de Mineria y esparcimiento aire Libre, Rifles miras telescopica, productos Fenix Chile tienda de Armas y pesca en Chile Telefono Celular (+56) 9 8690 4067","robots":{"index":"index","follow":"follow","max-snippet":"max-snippet:-1","max-image-preview":"max-image-preview:large","max-video-preview":"max-video-preview:-1"},"canonical":"https:\/\/sportac.cl\/index.php\/contactenos\/","og_locale":"es_ES","og_type":"article","og_title":"Cont\u00e1ctenos - Sportac.cl","og_description":"Cont\u00e1ctenos Sportac.cl Sportac.cl Equipos de Caza y Peza Esparcimiento Aire LibreSportac.cl Sportac.cl - Tienda t\u00e1ctica Chile, art\u00edculos outdoor y caza y pesca equipamiento Trabajos de Mineria y esparcimiento aire Libre, Rifles miras telescopica, productos Fenix Chile tienda de Armas y pesca en Chile Telefono Celular (+56) 9 8690 4067","og_url":"https:\/\/sportac.cl\/index.php\/contactenos\/","og_site_name":"Sportac.cl","article_publisher":"https:\/\/www.facebook.com\/profile.php?id=100064005011199&locale=bn_IN#","article_modified_time":"2025-11-04T14:36:54+00:00","og_image":[{"url":"https:\/\/sportac.cl\/wp-content\/uploads\/2025\/10\/mercadopago.png","type":"","width":"","height":""}],"twitter_card":"summary_large_image","twitter_misc":{"Tiempo de lectura":"1 minuto"},"schema":{"@context":"https:\/\/schema.org","@graph":[{"@type":"WebPage","@id":"https:\/\/sportac.cl\/index.php\/contactenos\/","url":"https:\/\/sportac.cl\/index.php\/contactenos\/","name":"Cont\u00e1ctenos - Sportac.cl","isPartOf":{"@id":"https:\/\/sportac.cl\/#website"},"primaryImageOfPage":{"@id":"https:\/\/sportac.cl\/index.php\/contactenos\/#primaryimage"},"image":{"@id":"https:\/\/sportac.cl\/index.php\/contactenos\/#primaryimage"},"thumbnailUrl":"https:\/\/sportac.cl\/wp-content\/uploads\/2025\/10\/mercadopago.png","datePublished":"2025-10-29T19:54:37+00:00","dateModified":"2025-11-04T14:36:54+00:00","description":"Cont\u00e1ctenos Sportac.cl Sportac.cl Equipos de Caza y Peza Esparcimiento Aire LibreSportac.cl Sportac.cl - Tienda t\u00e1ctica Chile, art\u00edculos outdoor y caza y pesca equipamiento Trabajos de Mineria y esparcimiento aire Libre, Rifles miras telescopica, productos Fenix Chile tienda de Armas y pesca en Chile Telefono Celular (+56) 9 8690 4067","breadcrumb":{"@id":"https:\/\/sportac.cl\/index.php\/contactenos\/#breadcrumb"},"inLanguage":"es","potentialAction":[{"@type":"ReadAction","target":["https:\/\/sportac.cl\/index.php\/contactenos\/"]}]},{"@type":"ImageObject","inLanguage":"es","@id":"https:\/\/sportac.cl\/index.php\/contactenos\/#primaryimage","url":"https:\/\/sportac.cl\/wp-content\/uploads\/2025\/10\/mercadopago.png","contentUrl":"https:\/\/sportac.cl\/wp-content\/uploads\/2025\/10\/mercadopago.png","width":220,"height":116},{"@type":"BreadcrumbList","@id":"https:\/\/sportac.cl\/index.php\/contactenos\/#breadcrumb","itemListElement":[{"@type":"ListItem","position":1,"name":"Portada","item":"https:\/\/sportac.cl\/index.php\/home\/"},{"@type":"ListItem","position":2,"name":"Cont\u00e1ctenos"}]},{"@type":"WebSite","@id":"https:\/\/sportac.cl\/#website","url":"https:\/\/sportac.cl\/","name":"Sportac Linternas Caza y Pesca Camping","description":"Sportac.cl, tienda dedicada a venta de linternas profesionales y de alta calidad orientadas a deporte, industria y aplicaciones t\u00e1cticas Caza y Pesca","publisher":{"@id":"https:\/\/sportac.cl\/#organization"},"alternateName":"Tienda de Equipos - Linternas - Caza - Pesca - Camping","potentialAction":[{"@type":"SearchAction","target":{"@type":"EntryPoint","urlTemplate":"https:\/\/sportac.cl\/?s={search_term_string}"},"query-input":{"@type":"PropertyValueSpecification","valueRequired":true,"valueName":"search_term_string"}}],"inLanguage":"es"},{"@type":"Organization","@id":"https:\/\/sportac.cl\/#organization","name":"Sportac Tienda de Equipos de Caza y Pesca","alternateName":"Fenixligth, Fenix, linternas tacticas, led, iluminacion, mineria, Sportac, linternas Fenix, linterna C7, linterna HM71R, Linterna TK20R, iluminacion industrial, lantern,\u00a0flashlight Rifle pcp, Beeman, Glock, umarex, pistola traumatica, rifle nitropiston, pistola balines,\u00a0postones,\u00a0co2","url":"https:\/\/sportac.cl\/","logo":{"@type":"ImageObject","inLanguage":"es","@id":"https:\/\/sportac.cl\/#\/schema\/logo\/image\/","url":"https:\/\/sportac.cl\/wp-content\/uploads\/2025\/10\/cropped-Logo-Sportac-_-blanco.png","contentUrl":"https:\/\/sportac.cl\/wp-content\/uploads\/2025\/10\/cropped-Logo-Sportac-_-blanco.png","width":240,"height":259,"caption":"Sportac Tienda de Equipos de Caza y Pesca"},"image":{"@id":"https:\/\/sportac.cl\/#\/schema\/logo\/image\/"},"sameAs":["https:\/\/www.facebook.com\/profile.php?id=100064005011199&locale=bn_IN#","https:\/\/www.instagram.com\/sportac_fenix?igsh=cXBnb25jMzdwYzIw","https:\/\/www.tiktok.com\/@sportac73?_t=ZM-90r8HiYyUNk&_r=1"]}]}},"_links":{"self":[{"href":"https:\/\/sportac.cl\/index.php\/wp-json\/wp\/v2\/pages\/362","targetHints":{"allow":["GET"]}}],"collection":[{"href":"https:\/\/sportac.cl\/index.php\/wp-json\/wp\/v2\/pages"}],"about":[{"href":"https:\/\/sportac.cl\/index.php\/wp-json\/wp\/v2\/types\/page"}],"author":[{"embeddable":true,"href":"https:\/\/sportac.cl\/index.php\/wp-json\/wp\/v2\/users\/1"}],"replies":[{"embeddable":true,"href":"https:\/\/sportac.cl\/index.php\/wp-json\/wp\/v2\/comments?post=362"}],"version-history":[{"count":4,"href":"https:\/\/sportac.cl\/index.php\/wp-json\/wp\/v2\/pages\/362\/revisions"}],"predecessor-version":[{"id":451,"href":"https:\/\/sportac.cl\/index.php\/wp-json\/wp\/v2\/pages\/362\/revisions\/451"}],"wp:attachment":[{"href":"https:\/\/sportac.cl\/index.php\/wp-json\/wp\/v2\/media?parent=362"}],"curies":[{"name":"wp","href":"https:\/\/api.w.org\/{rel}","templated":true}]}}